{"id":1198,"date":"2014-10-22T09:16:35","date_gmt":"2014-10-22T07:16:35","guid":{"rendered":"https:\/\/vasontode.hu\/?page_id=1198"},"modified":"2017-05-31T13:20:41","modified_gmt":"2017-05-31T11:20:41","slug":"umweltschutz","status":"publish","type":"page","link":"https:\/\/vasontode.hu\/de\/umweltschutz\/","title":{"rendered":"Umweltschutz"},"content":{"rendered":"<p>Die Moh\u00e1cser Eisengie\u00dferei hat in der Vergangenheit und auch in der Gegenwart viel f\u00fcr den Umweltschutz getan. Dank der laufenden Investierungen verbesserte sich neben den Arbeitsbedingungen auch die Umweltschutzsituation der Firma.<br \/>\nDer Umweltschutz nahm im Leben der Firma immer einen wichtigen Platz ein, aber methodisch, gezielt besch\u00e4ftigte man sich erst seit Anfang der 1980-er Jahre damit.<\/p>\n<p>Seit Mitte der 1970-er Jahre gewannen die Luftverschmutzung und die L\u00e4rmbelastung in erster Linie wegen der Lage der Fabrik Bedeutung. Die umweltsch\u00e4digenden Wirkungen der 1894 gegr\u00fcndeten Fabrik nahmen mit der Produktionssteigerung zu, und parallel dazu wurde die Umgebung der Firma besiedelt, die Fabrik wurde vollst\u00e4ndig durch H\u00e4user umgeben. Hauptziel der Investitionen war \u2013 entsprechend der inzwischen erschienenen Umweltvorschriften \u2013 die sich aus der T\u00e4tigkeit der Fabrik ergebenden nachteiligen Auswirkungen auf die Umwelt zu mindern.<\/p>\n<p>Hier einige Beispiele f\u00fcr Investitionen, die den vorher beschriebenen Vorstellungen entsprechend die Emission von Schadstoffen in die Umwelt verringerten, den L\u00e4rm reduzierten, und au\u00dferdem auch die Arbeitsbedingungen wesentlich verbesserten.<br \/>\n1974 wurde die Sandvorbereitung mechanisiert. Modernisierung des Kompressors, Installation des nassen Staubabscheider-Systems GISAC, wodurch die Emissionen deutlich reduziert wurden. Installation von Schalld\u00e4mpfw\u00e4nden an der n\u00f6rdlichen Grundst\u00fccksgrenze. 1988 wurde die Chargierungsvorbereitung der Kupol\u00f6fen mechanisiert, was den L\u00e4rm infolge der Materialbef\u00f6rderung verminderte.<\/p>\n<p>Der Ger\u00e4uschpegel der Sandaufbereitungsanlage, der Kompressoranlage und der nassen Staubabscheider wurde reduziert.<br \/>\nDiese sind nur einige Beispiele von den Umweltschutzbem\u00fchungen der Firma, spiegeln aber gut die hohe Priorit\u00e4t wieder, die die Firmenleitung und die Mitarbeiter der Firma dem Umweltschutz verleihen.<\/p>\n<p>Auch in Zukunft werden bedeutende Investitionen auf dem Gebiet Umweltschutz erfolgen, um den immer strenger werdenden Umweltschutzvorschriften und Normen zu entsprechen, da der Schutz der Gesundheit der Arbeitnehmer und der Anwohner, die Sicherstellung ihrer Ruhe, sowie die Verminderung der sch\u00e4dlichen Auswirkungen auf die Umwelt unser gemeinsames Interesse ist.<\/p>\n","protected":false},"excerpt":{"rendered":"<p>Die Moh\u00e1cser Eisengie\u00dferei hat in der Vergangenheit und auch in der Gegenwart viel f\u00fcr den Umweltschutz getan. Dank der laufenden Investierungen verbesserte sich neben den Arbeitsbedingungen auch die Umweltschutzsituation der Firma. Der Umweltschutz nahm im Leben der Firma immer einen wichtigen Platz ein, aber methodisch, gezielt besch\u00e4ftigte man sich erst seit Anfang der 1980-er Jahre &hellip; <a href=\"https:\/\/vasontode.hu\/de\/umweltschutz\/\">Continued<\/a><\/p>\n","protected":false},"author":6,"featured_media":331,"parent":0,"menu_order":55,"comment_status":"open","ping_status":"open","template":"","meta":{"_monsterinsights_skip_tracking":false,"_monsterinsights_sitenote_active":false,"_monsterinsights_sitenote_note":"","_monsterinsights_sitenote_category":0},"acf":[],"yoast_head":"<!-- This site is optimized with the Yoast SEO plugin v18.9 - https:\/\/yoast.com\/wordpress\/plugins\/seo\/ -->\n<title>Umweltschutz | Moh\u00e1csi Vas\u00f6nt\u00f6de<\/title>\n<meta name=\"description\" content=\"Die Moh\u00e1cser Eisengie\u00dferei hat in der Vergangenheit und auch in der Gegenwart viel f\u00fcr den Umweltschutz getan. Dank der laufenden Investierungen\" \/>\n<meta name=\"robots\" content=\"index, follow, max-snippet:-1, max-image-preview:large, max-video-preview:-1\" \/>\n<link rel=\"canonical\" href=\"https:\/\/vasontode.hu\/de\/umweltschutz\/\" \/>\n<meta property=\"og:locale\" content=\"de_DE\" \/>\n<meta property=\"og:type\" content=\"article\" \/>\n<meta property=\"og:title\" content=\"Umweltschutz | Moh\u00e1csi Vas\u00f6nt\u00f6de\" \/>\n<meta property=\"og:description\" content=\"Die Moh\u00e1cser Eisengie\u00dferei hat in der Vergangenheit und auch in der Gegenwart viel f\u00fcr den Umweltschutz getan. Dank der laufenden Investierungen\" \/>\n<meta property=\"og:url\" content=\"https:\/\/vasontode.hu\/de\/umweltschutz\/\" \/>\n<meta property=\"og:site_name\" content=\"Moh\u00e1csi Vas\u00f6nt\u00f6de\" \/>\n<meta property=\"article:modified_time\" content=\"2017-05-31T11:20:41+00:00\" \/>\n<meta property=\"og:image\" content=\"https:\/\/vasontode.hu\/app\/uploads\/golyak.jpg\" \/>\n\t<meta property=\"og:image:width\" content=\"1600\" \/>\n\t<meta property=\"og:image:height\" content=\"1200\" \/>\n\t<meta property=\"og:image:type\" content=\"image\/jpeg\" \/>\n<meta name=\"twitter:label1\" content=\"Est. reading time\" \/>\n\t<meta name=\"twitter:data1\" content=\"2 minutes\" \/>\n<script type=\"application\/ld+json\" class=\"yoast-schema-graph\">{\"@context\":\"https:\/\/schema.org\",\"@graph\":[{\"@type\":\"WebSite\",\"@id\":\"https:\/\/vasontode.hu\/#website\",\"url\":\"https:\/\/vasontode.hu\/\",\"name\":\"Moh\u00e1csi Vas\u00f6nt\u00f6de\",\"description\":\"Egyedi \u00f6ntv\u00e9ny, kettlebell, szerelv\u00e9nyek, t\u0171zcsapok\",\"potentialAction\":[{\"@type\":\"SearchAction\",\"target\":{\"@type\":\"EntryPoint\",\"urlTemplate\":\"https:\/\/vasontode.hu\/?s={search_term_string}\"},\"query-input\":\"required name=search_term_string\"}],\"inLanguage\":\"de-DE\"},{\"@type\":\"ImageObject\",\"inLanguage\":\"de-DE\",\"@id\":\"https:\/\/vasontode.hu\/de\/umweltschutz\/#primaryimage\",\"url\":\"https:\/\/vasontode.hu\/app\/uploads\/golyak.jpg\",\"contentUrl\":\"https:\/\/vasontode.hu\/app\/uploads\/golyak.jpg\",\"width\":1600,\"height\":1200,\"caption\":\"k\u00f6rnyezetv\u00e9delem\"},{\"@type\":\"WebPage\",\"@id\":\"https:\/\/vasontode.hu\/de\/umweltschutz\/#webpage\",\"url\":\"https:\/\/vasontode.hu\/de\/umweltschutz\/\",\"name\":\"Umweltschutz | Moh\u00e1csi Vas\u00f6nt\u00f6de\",\"isPartOf\":{\"@id\":\"https:\/\/vasontode.hu\/#website\"},\"primaryImageOfPage\":{\"@id\":\"https:\/\/vasontode.hu\/de\/umweltschutz\/#primaryimage\"},\"datePublished\":\"2014-10-22T07:16:35+00:00\",\"dateModified\":\"2017-05-31T11:20:41+00:00\",\"description\":\"Die Moh\u00e1cser Eisengie\u00dferei hat in der Vergangenheit und auch in der Gegenwart viel f\u00fcr den Umweltschutz getan. Dank der laufenden Investierungen\",\"breadcrumb\":{\"@id\":\"https:\/\/vasontode.hu\/de\/umweltschutz\/#breadcrumb\"},\"inLanguage\":\"de-DE\",\"potentialAction\":[{\"@type\":\"ReadAction\",\"target\":[\"https:\/\/vasontode.hu\/de\/umweltschutz\/\"]}]},{\"@type\":\"BreadcrumbList\",\"@id\":\"https:\/\/vasontode.hu\/de\/umweltschutz\/#breadcrumb\",\"itemListElement\":[{\"@type\":\"ListItem\",\"position\":1,\"name\":\"Kezd\u0151lap\",\"item\":\"https:\/\/vasontode.hu\/de\/\"},{\"@type\":\"ListItem\",\"position\":2,\"name\":\"Umweltschutz\"}]}]}<\/script>\n<!-- \/ Yoast SEO plugin. -->","yoast_head_json":{"title":"Umweltschutz | Moh\u00e1csi Vas\u00f6nt\u00f6de","description":"Die Moh\u00e1cser Eisengie\u00dferei hat in der Vergangenheit und auch in der Gegenwart viel f\u00fcr den Umweltschutz getan. Dank der laufenden Investierungen","robots":{"index":"index","follow":"follow","max-snippet":"max-snippet:-1","max-image-preview":"max-image-preview:large","max-video-preview":"max-video-preview:-1"},"canonical":"https:\/\/vasontode.hu\/de\/umweltschutz\/","og_locale":"de_DE","og_type":"article","og_title":"Umweltschutz | Moh\u00e1csi Vas\u00f6nt\u00f6de","og_description":"Die Moh\u00e1cser Eisengie\u00dferei hat in der Vergangenheit und auch in der Gegenwart viel f\u00fcr den Umweltschutz getan. Dank der laufenden Investierungen","og_url":"https:\/\/vasontode.hu\/de\/umweltschutz\/","og_site_name":"Moh\u00e1csi Vas\u00f6nt\u00f6de","article_modified_time":"2017-05-31T11:20:41+00:00","og_image":[{"width":1600,"height":1200,"url":"https:\/\/vasontode.hu\/app\/uploads\/golyak.jpg","type":"image\/jpeg"}],"twitter_misc":{"Est. reading time":"2 minutes"},"schema":{"@context":"https:\/\/schema.org","@graph":[{"@type":"WebSite","@id":"https:\/\/vasontode.hu\/#website","url":"https:\/\/vasontode.hu\/","name":"Moh\u00e1csi Vas\u00f6nt\u00f6de","description":"Egyedi \u00f6ntv\u00e9ny, kettlebell, szerelv\u00e9nyek, t\u0171zcsapok","potentialAction":[{"@type":"SearchAction","target":{"@type":"EntryPoint","urlTemplate":"https:\/\/vasontode.hu\/?s={search_term_string}"},"query-input":"required name=search_term_string"}],"inLanguage":"de-DE"},{"@type":"ImageObject","inLanguage":"de-DE","@id":"https:\/\/vasontode.hu\/de\/umweltschutz\/#primaryimage","url":"https:\/\/vasontode.hu\/app\/uploads\/golyak.jpg","contentUrl":"https:\/\/vasontode.hu\/app\/uploads\/golyak.jpg","width":1600,"height":1200,"caption":"k\u00f6rnyezetv\u00e9delem"},{"@type":"WebPage","@id":"https:\/\/vasontode.hu\/de\/umweltschutz\/#webpage","url":"https:\/\/vasontode.hu\/de\/umweltschutz\/","name":"Umweltschutz | Moh\u00e1csi Vas\u00f6nt\u00f6de","isPartOf":{"@id":"https:\/\/vasontode.hu\/#website"},"primaryImageOfPage":{"@id":"https:\/\/vasontode.hu\/de\/umweltschutz\/#primaryimage"},"datePublished":"2014-10-22T07:16:35+00:00","dateModified":"2017-05-31T11:20:41+00:00","description":"Die Moh\u00e1cser Eisengie\u00dferei hat in der Vergangenheit und auch in der Gegenwart viel f\u00fcr den Umweltschutz getan. Dank der laufenden Investierungen","breadcrumb":{"@id":"https:\/\/vasontode.hu\/de\/umweltschutz\/#breadcrumb"},"inLanguage":"de-DE","potentialAction":[{"@type":"ReadAction","target":["https:\/\/vasontode.hu\/de\/umweltschutz\/"]}]},{"@type":"BreadcrumbList","@id":"https:\/\/vasontode.hu\/de\/umweltschutz\/#breadcrumb","itemListElement":[{"@type":"ListItem","position":1,"name":"Kezd\u0151lap","item":"https:\/\/vasontode.hu\/de\/"},{"@type":"ListItem","position":2,"name":"Umweltschutz"}]}]}},"_links":{"self":[{"href":"https:\/\/vasontode.hu\/de\/wp-json\/wp\/v2\/pages\/1198"}],"collection":[{"href":"https:\/\/vasontode.hu\/de\/wp-json\/wp\/v2\/pages"}],"about":[{"href":"https:\/\/vasontode.hu\/de\/wp-json\/wp\/v2\/types\/page"}],"author":[{"embeddable":true,"href":"https:\/\/vasontode.hu\/de\/wp-json\/wp\/v2\/users\/6"}],"replies":[{"embeddable":true,"href":"https:\/\/vasontode.hu\/de\/wp-json\/wp\/v2\/comments?post=1198"}],"version-history":[{"count":1,"href":"https:\/\/vasontode.hu\/de\/wp-json\/wp\/v2\/pages\/1198\/revisions"}],"predecessor-version":[{"id":1199,"href":"https:\/\/vasontode.hu\/de\/wp-json\/wp\/v2\/pages\/1198\/revisions\/1199"}],"wp:featuredmedia":[{"embeddable":true,"href":"https:\/\/vasontode.hu\/de\/wp-json\/wp\/v2\/media\/331"}],"wp:attachment":[{"href":"https:\/\/vasontode.hu\/de\/wp-json\/wp\/v2\/media?parent=1198"}],"curies":[{"name":"wp","href":"https:\/\/api.w.org\/{rel}","templated":true}]}}