{"id":1217,"date":"2014-10-22T00:35:05","date_gmt":"2014-10-21T22:35:05","guid":{"rendered":"https:\/\/vasontode.hu\/?page_id=1217"},"modified":"2015-06-03T14:17:55","modified_gmt":"2015-06-03T12:17:55","slug":"dienstleistungen","status":"publish","type":"page","link":"https:\/\/vasontode.hu\/de\/dienstleistungen\/","title":{"rendered":"Dienstleistungen"},"content":{"rendered":"<p>Wir bieten f\u00fcr s\u00e4mtliche Gebiete der Maschinenindustrie die Herstellung von Gussst\u00fccken mit Lamellen- und mit Kugelgraphit in kleinen und mittelgro\u00dfen Serien, bis zu einem Einheitsgewicht von max. 700 kg, ggf. auch mit Gussformfertigung.<\/p>\n<p>Durch unsere gro\u00dfe Kapazit\u00e4t in der Handgie\u00dferei k\u00f6nnen wir auch Bestellungen f\u00fcr kleine Serien und f\u00fcr Sondergussst\u00fccke befriedigen.<\/p>\n<p>Bei Bedarf erhalten Sie unsere Gussst\u00fccke bearbeitet, oberfl\u00e4chenbehandelt und auch montiert.<\/p>\n","protected":false},"excerpt":{"rendered":"<p>Wir bieten f\u00fcr s\u00e4mtliche Gebiete der Maschinenindustrie die Herstellung von Gussst\u00fccken mit Lamellen- und mit Kugelgraphit in kleinen und mittelgro\u00dfen Serien, bis zu einem Einheitsgewicht von max. 700 kg, ggf. auch mit Gussformfertigung. Durch unsere gro\u00dfe Kapazit\u00e4t in der Handgie\u00dferei k\u00f6nnen wir auch Bestellungen f\u00fcr kleine Serien und f\u00fcr Sondergussst\u00fccke befriedigen. Bei Bedarf erhalten Sie &hellip; <a href=\"https:\/\/vasontode.hu\/de\/dienstleistungen\/\">Continued<\/a><\/p>\n","protected":false},"author":6,"featured_media":0,"parent":0,"menu_order":58,"comment_status":"open","ping_status":"open","template":"services.php","meta":{"_monsterinsights_skip_tracking":false,"_monsterinsights_sitenote_active":false,"_monsterinsights_sitenote_note":"","_monsterinsights_sitenote_category":0},"acf":[],"yoast_head":"<!-- This site is optimized with the Yoast SEO plugin v18.9 - https:\/\/yoast.com\/wordpress\/plugins\/seo\/ -->\n<title>Dienstleistungen | Moh\u00e1csi Vas\u00f6nt\u00f6de<\/title>\n<meta name=\"description\" content=\"Wir bieten f\u00fcr s\u00e4mtliche Gebiete der Maschinenindustrie die Herstellung von Gussst\u00fccken mit Lamellen- und mit Kugelgraphit in kleinen und mittelgro\u00dfen\" \/>\n<meta name=\"robots\" content=\"index, follow, max-snippet:-1, max-image-preview:large, max-video-preview:-1\" \/>\n<link rel=\"canonical\" href=\"https:\/\/vasontode.hu\/de\/dienstleistungen\/\" \/>\n<meta property=\"og:locale\" content=\"de_DE\" \/>\n<meta property=\"og:type\" content=\"article\" \/>\n<meta property=\"og:title\" content=\"Dienstleistungen | Moh\u00e1csi Vas\u00f6nt\u00f6de\" \/>\n<meta property=\"og:description\" content=\"Wir bieten f\u00fcr s\u00e4mtliche Gebiete der Maschinenindustrie die Herstellung von Gussst\u00fccken mit Lamellen- und mit Kugelgraphit in kleinen und mittelgro\u00dfen\" \/>\n<meta property=\"og:url\" content=\"https:\/\/vasontode.hu\/de\/dienstleistungen\/\" \/>\n<meta property=\"og:site_name\" content=\"Moh\u00e1csi Vas\u00f6nt\u00f6de\" \/>\n<meta property=\"article:modified_time\" content=\"2015-06-03T12:17:55+00:00\" \/>\n<script type=\"application\/ld+json\" class=\"yoast-schema-graph\">{\"@context\":\"https:\/\/schema.org\",\"@graph\":[{\"@type\":\"WebSite\",\"@id\":\"https:\/\/vasontode.hu\/#website\",\"url\":\"https:\/\/vasontode.hu\/\",\"name\":\"Moh\u00e1csi Vas\u00f6nt\u00f6de\",\"description\":\"Egyedi \u00f6ntv\u00e9ny, kettlebell, szerelv\u00e9nyek, t\u0171zcsapok\",\"potentialAction\":[{\"@type\":\"SearchAction\",\"target\":{\"@type\":\"EntryPoint\",\"urlTemplate\":\"https:\/\/vasontode.hu\/?s={search_term_string}\"},\"query-input\":\"required name=search_term_string\"}],\"inLanguage\":\"de-DE\"},{\"@type\":\"WebPage\",\"@id\":\"https:\/\/vasontode.hu\/de\/dienstleistungen\/#webpage\",\"url\":\"https:\/\/vasontode.hu\/de\/dienstleistungen\/\",\"name\":\"Dienstleistungen | Moh\u00e1csi Vas\u00f6nt\u00f6de\",\"isPartOf\":{\"@id\":\"https:\/\/vasontode.hu\/#website\"},\"datePublished\":\"2014-10-21T22:35:05+00:00\",\"dateModified\":\"2015-06-03T12:17:55+00:00\",\"description\":\"Wir bieten f\u00fcr s\u00e4mtliche Gebiete der Maschinenindustrie die Herstellung von Gussst\u00fccken mit Lamellen- und mit Kugelgraphit in kleinen und mittelgro\u00dfen\",\"breadcrumb\":{\"@id\":\"https:\/\/vasontode.hu\/de\/dienstleistungen\/#breadcrumb\"},\"inLanguage\":\"de-DE\",\"potentialAction\":[{\"@type\":\"ReadAction\",\"target\":[\"https:\/\/vasontode.hu\/de\/dienstleistungen\/\"]}]},{\"@type\":\"BreadcrumbList\",\"@id\":\"https:\/\/vasontode.hu\/de\/dienstleistungen\/#breadcrumb\",\"itemListElement\":[{\"@type\":\"ListItem\",\"position\":1,\"name\":\"Kezd\u0151lap\",\"item\":\"https:\/\/vasontode.hu\/de\/\"},{\"@type\":\"ListItem\",\"position\":2,\"name\":\"Dienstleistungen\"}]}]}<\/script>\n<!-- \/ Yoast SEO plugin. -->","yoast_head_json":{"title":"Dienstleistungen | Moh\u00e1csi Vas\u00f6nt\u00f6de","description":"Wir bieten f\u00fcr s\u00e4mtliche Gebiete der Maschinenindustrie die Herstellung von Gussst\u00fccken mit Lamellen- und mit Kugelgraphit in kleinen und mittelgro\u00dfen","robots":{"index":"index","follow":"follow","max-snippet":"max-snippet:-1","max-image-preview":"max-image-preview:large","max-video-preview":"max-video-preview:-1"},"canonical":"https:\/\/vasontode.hu\/de\/dienstleistungen\/","og_locale":"de_DE","og_type":"article","og_title":"Dienstleistungen | Moh\u00e1csi Vas\u00f6nt\u00f6de","og_description":"Wir bieten f\u00fcr s\u00e4mtliche Gebiete der Maschinenindustrie die Herstellung von Gussst\u00fccken mit Lamellen- und mit Kugelgraphit in kleinen und mittelgro\u00dfen","og_url":"https:\/\/vasontode.hu\/de\/dienstleistungen\/","og_site_name":"Moh\u00e1csi Vas\u00f6nt\u00f6de","article_modified_time":"2015-06-03T12:17:55+00:00","schema":{"@context":"https:\/\/schema.org","@graph":[{"@type":"WebSite","@id":"https:\/\/vasontode.hu\/#website","url":"https:\/\/vasontode.hu\/","name":"Moh\u00e1csi Vas\u00f6nt\u00f6de","description":"Egyedi \u00f6ntv\u00e9ny, kettlebell, szerelv\u00e9nyek, t\u0171zcsapok","potentialAction":[{"@type":"SearchAction","target":{"@type":"EntryPoint","urlTemplate":"https:\/\/vasontode.hu\/?s={search_term_string}"},"query-input":"required name=search_term_string"}],"inLanguage":"de-DE"},{"@type":"WebPage","@id":"https:\/\/vasontode.hu\/de\/dienstleistungen\/#webpage","url":"https:\/\/vasontode.hu\/de\/dienstleistungen\/","name":"Dienstleistungen | Moh\u00e1csi Vas\u00f6nt\u00f6de","isPartOf":{"@id":"https:\/\/vasontode.hu\/#website"},"datePublished":"2014-10-21T22:35:05+00:00","dateModified":"2015-06-03T12:17:55+00:00","description":"Wir bieten f\u00fcr s\u00e4mtliche Gebiete der Maschinenindustrie die Herstellung von Gussst\u00fccken mit Lamellen- und mit Kugelgraphit in kleinen und mittelgro\u00dfen","breadcrumb":{"@id":"https:\/\/vasontode.hu\/de\/dienstleistungen\/#breadcrumb"},"inLanguage":"de-DE","potentialAction":[{"@type":"ReadAction","target":["https:\/\/vasontode.hu\/de\/dienstleistungen\/"]}]},{"@type":"BreadcrumbList","@id":"https:\/\/vasontode.hu\/de\/dienstleistungen\/#breadcrumb","itemListElement":[{"@type":"ListItem","position":1,"name":"Kezd\u0151lap","item":"https:\/\/vasontode.hu\/de\/"},{"@type":"ListItem","position":2,"name":"Dienstleistungen"}]}]}},"_links":{"self":[{"href":"https:\/\/vasontode.hu\/de\/wp-json\/wp\/v2\/pages\/1217"}],"collection":[{"href":"https:\/\/vasontode.hu\/de\/wp-json\/wp\/v2\/pages"}],"about":[{"href":"https:\/\/vasontode.hu\/de\/wp-json\/wp\/v2\/types\/page"}],"author":[{"embeddable":true,"href":"https:\/\/vasontode.hu\/de\/wp-json\/wp\/v2\/users\/6"}],"replies":[{"embeddable":true,"href":"https:\/\/vasontode.hu\/de\/wp-json\/wp\/v2\/comments?post=1217"}],"version-history":[{"count":2,"href":"https:\/\/vasontode.hu\/de\/wp-json\/wp\/v2\/pages\/1217\/revisions"}],"predecessor-version":[{"id":1219,"href":"https:\/\/vasontode.hu\/de\/wp-json\/wp\/v2\/pages\/1217\/revisions\/1219"}],"wp:attachment":[{"href":"https:\/\/vasontode.hu\/de\/wp-json\/wp\/v2\/media?parent=1217"}],"curies":[{"name":"wp","href":"https:\/\/api.w.org\/{rel}","templated":true}]}}