{"id":1225,"date":"2014-10-22T00:31:54","date_gmt":"2014-10-21T22:31:54","guid":{"rendered":"https:\/\/vasontode.hu\/?page_id=1225"},"modified":"2017-06-02T14:25:36","modified_gmt":"2017-06-02T12:25:36","slug":"kontakt","status":"publish","type":"page","link":"https:\/\/vasontode.hu\/de\/kontakt\/","title":{"rendered":"Kontakt"},"content":{"rendered":"<p><strong>Moh\u00e1csi Vas\u00f6nt\u00f6de Ipari \u00e9s Kereskedelmi Kft.<\/strong><\/p>\n","protected":false},"excerpt":{"rendered":"<p>Moh\u00e1csi Vas\u00f6nt\u00f6de Ipari \u00e9s Kereskedelmi Kft.<\/p>\n","protected":false},"author":6,"featured_media":0,"parent":0,"menu_order":66,"comment_status":"open","ping_status":"open","template":"contact.php","meta":{"_monsterinsights_skip_tracking":false,"_monsterinsights_sitenote_active":false,"_monsterinsights_sitenote_note":"","_monsterinsights_sitenote_category":0},"acf":[],"yoast_head":"<!-- This site is optimized with the Yoast SEO plugin v18.9 - https:\/\/yoast.com\/wordpress\/plugins\/seo\/ -->\n<title>Kontakt | Moh\u00e1csi Vas\u00f6nt\u00f6de<\/title>\n<meta name=\"description\" content=\"Moh\u00e1csi Vas\u00f6nt\u00f6de Ipari \u00e9s Kereskedelmi Kft.\" \/>\n<meta name=\"robots\" content=\"index, follow, max-snippet:-1, max-image-preview:large, max-video-preview:-1\" \/>\n<link rel=\"canonical\" href=\"https:\/\/vasontode.hu\/de\/kontakt\/\" \/>\n<meta property=\"og:locale\" content=\"de_DE\" \/>\n<meta property=\"og:type\" content=\"article\" \/>\n<meta property=\"og:title\" content=\"Kontakt | Moh\u00e1csi Vas\u00f6nt\u00f6de\" \/>\n<meta property=\"og:description\" content=\"Moh\u00e1csi Vas\u00f6nt\u00f6de Ipari \u00e9s Kereskedelmi Kft.\" \/>\n<meta property=\"og:url\" content=\"https:\/\/vasontode.hu\/de\/kontakt\/\" \/>\n<meta property=\"og:site_name\" content=\"Moh\u00e1csi Vas\u00f6nt\u00f6de\" \/>\n<meta property=\"article:modified_time\" content=\"2017-06-02T12:25:36+00:00\" \/>\n<script type=\"application\/ld+json\" class=\"yoast-schema-graph\">{\"@context\":\"https:\/\/schema.org\",\"@graph\":[{\"@type\":\"WebSite\",\"@id\":\"https:\/\/vasontode.hu\/#website\",\"url\":\"https:\/\/vasontode.hu\/\",\"name\":\"Moh\u00e1csi Vas\u00f6nt\u00f6de\",\"description\":\"Egyedi \u00f6ntv\u00e9ny, kettlebell, szerelv\u00e9nyek, t\u0171zcsapok\",\"potentialAction\":[{\"@type\":\"SearchAction\",\"target\":{\"@type\":\"EntryPoint\",\"urlTemplate\":\"https:\/\/vasontode.hu\/?s={search_term_string}\"},\"query-input\":\"required name=search_term_string\"}],\"inLanguage\":\"de-DE\"},{\"@type\":\"WebPage\",\"@id\":\"https:\/\/vasontode.hu\/de\/kontakt\/#webpage\",\"url\":\"https:\/\/vasontode.hu\/de\/kontakt\/\",\"name\":\"Kontakt | Moh\u00e1csi Vas\u00f6nt\u00f6de\",\"isPartOf\":{\"@id\":\"https:\/\/vasontode.hu\/#website\"},\"datePublished\":\"2014-10-21T22:31:54+00:00\",\"dateModified\":\"2017-06-02T12:25:36+00:00\",\"description\":\"Moh\u00e1csi Vas\u00f6nt\u00f6de Ipari \u00e9s Kereskedelmi Kft.\",\"breadcrumb\":{\"@id\":\"https:\/\/vasontode.hu\/de\/kontakt\/#breadcrumb\"},\"inLanguage\":\"de-DE\",\"potentialAction\":[{\"@type\":\"ReadAction\",\"target\":[\"https:\/\/vasontode.hu\/de\/kontakt\/\"]}]},{\"@type\":\"BreadcrumbList\",\"@id\":\"https:\/\/vasontode.hu\/de\/kontakt\/#breadcrumb\",\"itemListElement\":[{\"@type\":\"ListItem\",\"position\":1,\"name\":\"Kezd\u0151lap\",\"item\":\"https:\/\/vasontode.hu\/de\/\"},{\"@type\":\"ListItem\",\"position\":2,\"name\":\"Kontakt\"}]}]}<\/script>\n<!-- \/ Yoast SEO plugin. -->","yoast_head_json":{"title":"Kontakt | Moh\u00e1csi Vas\u00f6nt\u00f6de","description":"Moh\u00e1csi Vas\u00f6nt\u00f6de Ipari \u00e9s Kereskedelmi Kft.","robots":{"index":"index","follow":"follow","max-snippet":"max-snippet:-1","max-image-preview":"max-image-preview:large","max-video-preview":"max-video-preview:-1"},"canonical":"https:\/\/vasontode.hu\/de\/kontakt\/","og_locale":"de_DE","og_type":"article","og_title":"Kontakt | Moh\u00e1csi Vas\u00f6nt\u00f6de","og_description":"Moh\u00e1csi Vas\u00f6nt\u00f6de Ipari \u00e9s Kereskedelmi Kft.","og_url":"https:\/\/vasontode.hu\/de\/kontakt\/","og_site_name":"Moh\u00e1csi Vas\u00f6nt\u00f6de","article_modified_time":"2017-06-02T12:25:36+00:00","schema":{"@context":"https:\/\/schema.org","@graph":[{"@type":"WebSite","@id":"https:\/\/vasontode.hu\/#website","url":"https:\/\/vasontode.hu\/","name":"Moh\u00e1csi Vas\u00f6nt\u00f6de","description":"Egyedi \u00f6ntv\u00e9ny, kettlebell, szerelv\u00e9nyek, t\u0171zcsapok","potentialAction":[{"@type":"SearchAction","target":{"@type":"EntryPoint","urlTemplate":"https:\/\/vasontode.hu\/?s={search_term_string}"},"query-input":"required name=search_term_string"}],"inLanguage":"de-DE"},{"@type":"WebPage","@id":"https:\/\/vasontode.hu\/de\/kontakt\/#webpage","url":"https:\/\/vasontode.hu\/de\/kontakt\/","name":"Kontakt | Moh\u00e1csi Vas\u00f6nt\u00f6de","isPartOf":{"@id":"https:\/\/vasontode.hu\/#website"},"datePublished":"2014-10-21T22:31:54+00:00","dateModified":"2017-06-02T12:25:36+00:00","description":"Moh\u00e1csi Vas\u00f6nt\u00f6de Ipari \u00e9s Kereskedelmi Kft.","breadcrumb":{"@id":"https:\/\/vasontode.hu\/de\/kontakt\/#breadcrumb"},"inLanguage":"de-DE","potentialAction":[{"@type":"ReadAction","target":["https:\/\/vasontode.hu\/de\/kontakt\/"]}]},{"@type":"BreadcrumbList","@id":"https:\/\/vasontode.hu\/de\/kontakt\/#breadcrumb","itemListElement":[{"@type":"ListItem","position":1,"name":"Kezd\u0151lap","item":"https:\/\/vasontode.hu\/de\/"},{"@type":"ListItem","position":2,"name":"Kontakt"}]}]}},"_links":{"self":[{"href":"https:\/\/vasontode.hu\/de\/wp-json\/wp\/v2\/pages\/1225"}],"collection":[{"href":"https:\/\/vasontode.hu\/de\/wp-json\/wp\/v2\/pages"}],"about":[{"href":"https:\/\/vasontode.hu\/de\/wp-json\/wp\/v2\/types\/page"}],"author":[{"embeddable":true,"href":"https:\/\/vasontode.hu\/de\/wp-json\/wp\/v2\/users\/6"}],"replies":[{"embeddable":true,"href":"https:\/\/vasontode.hu\/de\/wp-json\/wp\/v2\/comments?post=1225"}],"version-history":[{"count":8,"href":"https:\/\/vasontode.hu\/de\/wp-json\/wp\/v2\/pages\/1225\/revisions"}],"predecessor-version":[{"id":5082,"href":"https:\/\/vasontode.hu\/de\/wp-json\/wp\/v2\/pages\/1225\/revisions\/5082"}],"wp:attachment":[{"href":"https:\/\/vasontode.hu\/de\/wp-json\/wp\/v2\/media?parent=1225"}],"curies":[{"name":"wp","href":"https:\/\/api.w.org\/{rel}","templated":true}]}}