{"id":1230,"date":"2014-10-22T00:30:45","date_gmt":"2014-10-21T22:30:45","guid":{"rendered":"https:\/\/vasontode.hu\/?page_id=1230"},"modified":"2015-10-29T10:10:52","modified_gmt":"2015-10-29T09:10:52","slug":"firmenvorstellung","status":"publish","type":"page","link":"https:\/\/vasontode.hu\/de\/firmenvorstellung\/","title":{"rendered":"Firmenvorstellung"},"content":{"rendered":"<h4>Gie\u00dferei Moh\u00e1cs<\/h4>\n<p>Der Betrieb wurde 1894 gegr\u00fcndet, in der Anfangszeit hat er sich mit der Herstellung und Reparatur von Landmaschinen besch\u00e4ftigt. Im sp\u00e4teren wurde es mit der Herstellung des Graugusses angefangen. Vom w\u00f6chentlich einmaligen Guss hat es sich im Jahre 1970 auf die permanente Jahresproduktion von 4000 Tonnen entwickelt.<br \/>\nSeit 1999 wird unser Qualit\u00e4tssicherungssystem nach DIN ISO 9001:2009 aufrechterhalten.<\/p>\n<h4>Unser Produktionsangebot<\/h4>\n<ul>\n<li>Gusseisen mit Lamellengraphit in den Qualit\u00e4ten\n<ul>\n<li>EN-GJL 150\u00a0(\u00d6v 150; GG 15)<\/li>\n<li>EN-GJL-200 (\u00d6v 200; GG 20)<\/li>\n<li>EN-GJL-250 (\u00d6v 250; GG 25)<\/li>\n<li>EN-GJL-300 (\u00d6v 300; GG 30)\u00a0laut EN 1560: 2000.<\/li>\n<\/ul>\n<\/li>\n<li>Gusseisen mit Kugelgraphit in den Qualit\u00e4ten\n<ul>\n<li>EN-GJS-400-15<\/li>\n<li>EN-GJS-450-10<\/li>\n<li>EN-GJS-500-7<\/li>\n<li>EN-GJS-600-3<\/li>\n<li>EN-GJS-700-2\u00a0laut EN 1563: 2000.<\/li>\n<\/ul>\n<\/li>\n<li>Unsere Produktionskapazit\u00e4t betr\u00e4gt 4000 Tonnen pro Jahr (im Handformguss und im halbautomatischen Maschinenformguss)<\/li>\n<li>Herstellbare Abmessungen: min. 50x50x50mm, max. 2500x1500x800mm<\/li>\n<li>Gewichtsgrenze der Gussst\u00fccke: min. 0,5kg, max.700kg<\/li>\n<li>Minimale Wandst\u00e4rke: 6-8mm<\/li>\n<\/ul>\n<h4>Die von uns hergestellten Gussst\u00fccke verf\u00fcgen \u00fcber die folgenden Eigenschaften<\/h4>\n<ul>\n<li>gute Bearbeitungsf\u00e4higkeit<\/li>\n<li>gute Druckfestigkeit<\/li>\n<li>gute Verschlei\u00dffestigkeit<\/li>\n<li>gleichm\u00e4\u00dfige Oberfl\u00e4chenh\u00e4rte<\/li>\n<li>gute Polierbarkeit<\/li>\n<\/ul>\n<h4>Was wir anbieten<\/h4>\n<ul>\n<li>Wasserleitungsarmaturen aus Gusseisen, vorwiegend \u00dcberflurhydrant, Unterflurhydrant, Ejektor Brunnen, sowie von den Abwasserarmaturen zahlreiche Rahmen und Deckel f\u00fcr Schachtabdeckungen, weiterhin Stra\u00dfenkappen.<\/li>\n<li>Wir bestreben uns, alle anfallenden Gussanspr\u00fcche im Bereich der Maschinenindustrie zu befriedigen.<\/li>\n<li>In unserer Produktionst\u00e4tigkeit im Bereich Maschinenindustrie nimmt die Bearbeitung und Montage von Gussst\u00fccken einen bedeutenden Platz ein, aber zu unserem T\u00e4tigkeitsbereich geh\u00f6ren auch die Zerspanung, die Herstellung und Montage von diversen Maschinenteilen und Anlagen. F\u00fcr unsere Horizontal- und Karrusselldrehmaschinen \u00fcbernehmen wir alle Arten von Zerspanungsarbeiten bis 1200mm Durchmesser. Wir verf\u00fcgen \u00fcber bedeutende Kapazit\u00e4t in der Durchf\u00fchrung von Zerspanungsaufgaben auf Klein- und Mittelmaschinen. Durch unsere Subunternehmer k\u00f6nnen wir auch solche Gussteile zerspanen lassen, die eine besondere Bearbeitungsgenauigkeit beanspruchen.<\/li>\n<li>In unserer Montageabteilung kann sogar die Fertigmontage der bearbeiteten Gussteile durchgef\u00fchrt werden.<\/li>\n<li>Je nach Anspruch versehen wir die Oberfl\u00e4che unserer Gussst\u00fccke mit Grundierung oder mehrschichtigen Lackierung, sogar mit Verzinken oder Sintern (Plastik\u00fcberzug).<\/li>\n<li>Wichtiger Bereich der T\u00e4tigkeit des Unternehmens ist das Fertigen von Produktionswerkzeugen. Wir \u00fcbernehmen das Fertigen von Gussmodellen aus diversen Materialien (Gussmodelle und Kernk\u00e4sten aus Holz, Metall und Kunststoff), mit traditionellen oder mit 3D-Technologie, mit Softwareunterst\u00fctzung. Unsere Produktionswerkzeuge werden aufgrund unserer Gusstechnologien gefertigt und richten sich danach, somit wird die gute Gussqualit\u00e4t durch lange Lebensdauer garantiert.<\/li>\n<\/ul>\n","protected":false},"excerpt":{"rendered":"<p>Gie\u00dferei Moh\u00e1cs Der Betrieb wurde 1894 gegr\u00fcndet, in der Anfangszeit hat er sich mit der Herstellung und Reparatur von Landmaschinen besch\u00e4ftigt. Im sp\u00e4teren wurde es mit der Herstellung des Graugusses angefangen. Vom w\u00f6chentlich einmaligen Guss hat es sich im Jahre 1970 auf die permanente Jahresproduktion von 4000 Tonnen entwickelt. Seit 1999 wird unser Qualit\u00e4tssicherungssystem nach &hellip; <a href=\"https:\/\/vasontode.hu\/de\/firmenvorstellung\/\">Continued<\/a><\/p>\n","protected":false},"author":6,"featured_media":0,"parent":0,"menu_order":62,"comment_status":"open","ping_status":"open","template":"cegbemutato.php","meta":{"_monsterinsights_skip_tracking":false,"_monsterinsights_sitenote_active":false,"_monsterinsights_sitenote_note":"","_monsterinsights_sitenote_category":0},"acf":[],"yoast_head":"<!-- This site is optimized with the Yoast SEO plugin v18.9 - https:\/\/yoast.com\/wordpress\/plugins\/seo\/ -->\n<title>Firmenvorstellung | Moh\u00e1csi Vas\u00f6nt\u00f6de<\/title>\n<meta name=\"description\" content=\"Gie\u00dferei Moh\u00e1cs Der Betrieb wurde 1894 gegr\u00fcndet, in der Anfangszeit hat er sich mit der Herstellung und Reparatur von Landmaschinen besch\u00e4ftigt. Im\" \/>\n<meta name=\"robots\" content=\"index, follow, max-snippet:-1, max-image-preview:large, max-video-preview:-1\" \/>\n<link rel=\"canonical\" href=\"https:\/\/vasontode.hu\/de\/firmenvorstellung\/\" \/>\n<meta property=\"og:locale\" content=\"de_DE\" \/>\n<meta property=\"og:type\" content=\"article\" \/>\n<meta property=\"og:title\" content=\"Firmenvorstellung | Moh\u00e1csi Vas\u00f6nt\u00f6de\" \/>\n<meta property=\"og:description\" content=\"Gie\u00dferei Moh\u00e1cs Der Betrieb wurde 1894 gegr\u00fcndet, in der Anfangszeit hat er sich mit der Herstellung und Reparatur von Landmaschinen besch\u00e4ftigt. Im\" \/>\n<meta property=\"og:url\" content=\"https:\/\/vasontode.hu\/de\/firmenvorstellung\/\" \/>\n<meta property=\"og:site_name\" content=\"Moh\u00e1csi Vas\u00f6nt\u00f6de\" \/>\n<meta property=\"article:modified_time\" content=\"2015-10-29T09:10:52+00:00\" \/>\n<meta name=\"twitter:label1\" content=\"Est. reading time\" \/>\n\t<meta name=\"twitter:data1\" content=\"2 minutes\" \/>\n<script type=\"application\/ld+json\" class=\"yoast-schema-graph\">{\"@context\":\"https:\/\/schema.org\",\"@graph\":[{\"@type\":\"WebSite\",\"@id\":\"https:\/\/vasontode.hu\/#website\",\"url\":\"https:\/\/vasontode.hu\/\",\"name\":\"Moh\u00e1csi Vas\u00f6nt\u00f6de\",\"description\":\"Egyedi \u00f6ntv\u00e9ny, kettlebell, szerelv\u00e9nyek, t\u0171zcsapok\",\"potentialAction\":[{\"@type\":\"SearchAction\",\"target\":{\"@type\":\"EntryPoint\",\"urlTemplate\":\"https:\/\/vasontode.hu\/?s={search_term_string}\"},\"query-input\":\"required name=search_term_string\"}],\"inLanguage\":\"de-DE\"},{\"@type\":\"WebPage\",\"@id\":\"https:\/\/vasontode.hu\/de\/firmenvorstellung\/#webpage\",\"url\":\"https:\/\/vasontode.hu\/de\/firmenvorstellung\/\",\"name\":\"Firmenvorstellung | Moh\u00e1csi Vas\u00f6nt\u00f6de\",\"isPartOf\":{\"@id\":\"https:\/\/vasontode.hu\/#website\"},\"datePublished\":\"2014-10-21T22:30:45+00:00\",\"dateModified\":\"2015-10-29T09:10:52+00:00\",\"description\":\"Gie\u00dferei Moh\u00e1cs Der Betrieb wurde 1894 gegr\u00fcndet, in der Anfangszeit hat er sich mit der Herstellung und Reparatur von Landmaschinen besch\u00e4ftigt. Im\",\"breadcrumb\":{\"@id\":\"https:\/\/vasontode.hu\/de\/firmenvorstellung\/#breadcrumb\"},\"inLanguage\":\"de-DE\",\"potentialAction\":[{\"@type\":\"ReadAction\",\"target\":[\"https:\/\/vasontode.hu\/de\/firmenvorstellung\/\"]}]},{\"@type\":\"BreadcrumbList\",\"@id\":\"https:\/\/vasontode.hu\/de\/firmenvorstellung\/#breadcrumb\",\"itemListElement\":[{\"@type\":\"ListItem\",\"position\":1,\"name\":\"Kezd\u0151lap\",\"item\":\"https:\/\/vasontode.hu\/de\/\"},{\"@type\":\"ListItem\",\"position\":2,\"name\":\"Firmenvorstellung\"}]}]}<\/script>\n<!-- \/ Yoast SEO plugin. -->","yoast_head_json":{"title":"Firmenvorstellung | Moh\u00e1csi Vas\u00f6nt\u00f6de","description":"Gie\u00dferei Moh\u00e1cs Der Betrieb wurde 1894 gegr\u00fcndet, in der Anfangszeit hat er sich mit der Herstellung und Reparatur von Landmaschinen besch\u00e4ftigt. Im","robots":{"index":"index","follow":"follow","max-snippet":"max-snippet:-1","max-image-preview":"max-image-preview:large","max-video-preview":"max-video-preview:-1"},"canonical":"https:\/\/vasontode.hu\/de\/firmenvorstellung\/","og_locale":"de_DE","og_type":"article","og_title":"Firmenvorstellung | Moh\u00e1csi Vas\u00f6nt\u00f6de","og_description":"Gie\u00dferei Moh\u00e1cs Der Betrieb wurde 1894 gegr\u00fcndet, in der Anfangszeit hat er sich mit der Herstellung und Reparatur von Landmaschinen besch\u00e4ftigt. Im","og_url":"https:\/\/vasontode.hu\/de\/firmenvorstellung\/","og_site_name":"Moh\u00e1csi Vas\u00f6nt\u00f6de","article_modified_time":"2015-10-29T09:10:52+00:00","twitter_misc":{"Est. reading time":"2 minutes"},"schema":{"@context":"https:\/\/schema.org","@graph":[{"@type":"WebSite","@id":"https:\/\/vasontode.hu\/#website","url":"https:\/\/vasontode.hu\/","name":"Moh\u00e1csi Vas\u00f6nt\u00f6de","description":"Egyedi \u00f6ntv\u00e9ny, kettlebell, szerelv\u00e9nyek, t\u0171zcsapok","potentialAction":[{"@type":"SearchAction","target":{"@type":"EntryPoint","urlTemplate":"https:\/\/vasontode.hu\/?s={search_term_string}"},"query-input":"required name=search_term_string"}],"inLanguage":"de-DE"},{"@type":"WebPage","@id":"https:\/\/vasontode.hu\/de\/firmenvorstellung\/#webpage","url":"https:\/\/vasontode.hu\/de\/firmenvorstellung\/","name":"Firmenvorstellung | Moh\u00e1csi Vas\u00f6nt\u00f6de","isPartOf":{"@id":"https:\/\/vasontode.hu\/#website"},"datePublished":"2014-10-21T22:30:45+00:00","dateModified":"2015-10-29T09:10:52+00:00","description":"Gie\u00dferei Moh\u00e1cs Der Betrieb wurde 1894 gegr\u00fcndet, in der Anfangszeit hat er sich mit der Herstellung und Reparatur von Landmaschinen besch\u00e4ftigt. Im","breadcrumb":{"@id":"https:\/\/vasontode.hu\/de\/firmenvorstellung\/#breadcrumb"},"inLanguage":"de-DE","potentialAction":[{"@type":"ReadAction","target":["https:\/\/vasontode.hu\/de\/firmenvorstellung\/"]}]},{"@type":"BreadcrumbList","@id":"https:\/\/vasontode.hu\/de\/firmenvorstellung\/#breadcrumb","itemListElement":[{"@type":"ListItem","position":1,"name":"Kezd\u0151lap","item":"https:\/\/vasontode.hu\/de\/"},{"@type":"ListItem","position":2,"name":"Firmenvorstellung"}]}]}},"_links":{"self":[{"href":"https:\/\/vasontode.hu\/de\/wp-json\/wp\/v2\/pages\/1230"}],"collection":[{"href":"https:\/\/vasontode.hu\/de\/wp-json\/wp\/v2\/pages"}],"about":[{"href":"https:\/\/vasontode.hu\/de\/wp-json\/wp\/v2\/types\/page"}],"author":[{"embeddable":true,"href":"https:\/\/vasontode.hu\/de\/wp-json\/wp\/v2\/users\/6"}],"replies":[{"embeddable":true,"href":"https:\/\/vasontode.hu\/de\/wp-json\/wp\/v2\/comments?post=1230"}],"version-history":[{"count":2,"href":"https:\/\/vasontode.hu\/de\/wp-json\/wp\/v2\/pages\/1230\/revisions"}],"predecessor-version":[{"id":1711,"href":"https:\/\/vasontode.hu\/de\/wp-json\/wp\/v2\/pages\/1230\/revisions\/1711"}],"wp:attachment":[{"href":"https:\/\/vasontode.hu\/de\/wp-json\/wp\/v2\/media?parent=1230"}],"curies":[{"name":"wp","href":"https:\/\/api.w.org\/{rel}","templated":true}]}}