{"id":1234,"date":"2014-10-21T22:25:37","date_gmt":"2014-10-21T20:25:37","guid":{"rendered":"https:\/\/vasontode.hu\/?page_id=1234"},"modified":"2021-07-21T09:16:06","modified_gmt":"2021-07-21T07:16:06","slug":"erste-seite","status":"publish","type":"page","link":"https:\/\/vasontode.hu\/de\/","title":{"rendered":"Erste seite"},"content":{"rendered":"<p>Wir bieten f\u00fcr s\u00e4mtliche Gebiete der Maschinenindustrie die Herstellung von Gussst\u00fccken mit Lamellen- und mit Kugelgraphit in kleinen und mittelgro\u00dfen Serien, bis zu einem Einheitsgewicht von max. 700 kg, ggf. auch mit Gussformfertigung.<\/p>\n<p>Durch unsere gro\u00dfe Kapazit\u00e4t in der Handgie\u00dferei k\u00f6nnen wir auch Bestellungen f\u00fcr kleine Serien und f\u00fcr Sondergussst\u00fccke befriedigen.<\/p>\n<p>Bei Bedarf erhalten Sie unsere Gussst\u00fccke bearbeitet, oberfl\u00e4chenbehandelt und auch montiert.<\/p>\n<p><a class=\"-button\" href=\"https:\/\/vasontode.hu\/de\/firmenvorstellung\/\">Weitere Informationen \u00fcber unsere Firme<\/a><\/p>\n\n","protected":false},"excerpt":{"rendered":"<p>Wir bieten f\u00fcr s\u00e4mtliche Gebiete der Maschinenindustrie die Herstellung von Gussst\u00fccken mit Lamellen- und mit Kugelgraphit in kleinen und mittelgro\u00dfen Serien, bis zu einem Einheitsgewicht von max. 700 kg, ggf. auch mit Gussformfertigung. Durch unsere gro\u00dfe Kapazit\u00e4t in der Handgie\u00dferei k\u00f6nnen wir auch Bestellungen f\u00fcr kleine Serien und f\u00fcr Sondergussst\u00fccke befriedigen. Bei Bedarf erhalten Sie &hellip; <a href=\"https:\/\/vasontode.hu\/de\/\">Continued<\/a><\/p>\n","protected":false},"author":6,"featured_media":0,"parent":0,"menu_order":65,"comment_status":"open","ping_status":"open","template":"","meta":{"_monsterinsights_skip_tracking":false,"_monsterinsights_sitenote_active":false,"_monsterinsights_sitenote_note":"","_monsterinsights_sitenote_category":0},"acf":[],"yoast_head":"<!-- This site is optimized with the Yoast SEO plugin v18.9 - https:\/\/yoast.com\/wordpress\/plugins\/seo\/ -->\n<title>Egyedi \u00f6ntv\u00e9ny, kettlebell, szerelv\u00e9nyek, t\u0171zcsapok | Moh\u00e1csi Vas\u00f6nt\u00f6de<\/title>\n<meta name=\"description\" content=\"Wir bieten f\u00fcr s\u00e4mtliche Gebiete der Maschinenindustrie die Herstellung von Gussst\u00fccken mit Lamellen- und mit Kugelgraphit in kleinen und mittelgro\u00dfen\" \/>\n<meta name=\"robots\" content=\"index, follow, max-snippet:-1, max-image-preview:large, max-video-preview:-1\" \/>\n<link rel=\"canonical\" href=\"https:\/\/vasontode.hu\/de\/\" \/>\n<meta property=\"og:locale\" content=\"de_DE\" \/>\n<meta property=\"og:type\" content=\"article\" \/>\n<meta property=\"og:title\" content=\"Egyedi \u00f6ntv\u00e9ny, kettlebell, szerelv\u00e9nyek, t\u0171zcsapok | Moh\u00e1csi Vas\u00f6nt\u00f6de\" \/>\n<meta property=\"og:description\" content=\"Wir bieten f\u00fcr s\u00e4mtliche Gebiete der Maschinenindustrie die Herstellung von Gussst\u00fccken mit Lamellen- und mit Kugelgraphit in kleinen und mittelgro\u00dfen\" \/>\n<meta property=\"og:url\" content=\"https:\/\/vasontode.hu\/de\/\" \/>\n<meta property=\"og:site_name\" content=\"Moh\u00e1csi Vas\u00f6nt\u00f6de\" \/>\n<meta property=\"article:modified_time\" content=\"2021-07-21T07:16:06+00:00\" \/>\n<meta name=\"twitter:label1\" content=\"Est. reading time\" \/>\n\t<meta name=\"twitter:data1\" content=\"1 minute\" \/>\n<script type=\"application\/ld+json\" class=\"yoast-schema-graph\">{\"@context\":\"https:\/\/schema.org\",\"@graph\":[{\"@type\":\"WebSite\",\"@id\":\"https:\/\/vasontode.hu\/#website\",\"url\":\"https:\/\/vasontode.hu\/\",\"name\":\"Moh\u00e1csi Vas\u00f6nt\u00f6de\",\"description\":\"Egyedi \u00f6ntv\u00e9ny, kettlebell, szerelv\u00e9nyek, t\u0171zcsapok\",\"potentialAction\":[{\"@type\":\"SearchAction\",\"target\":{\"@type\":\"EntryPoint\",\"urlTemplate\":\"https:\/\/vasontode.hu\/?s={search_term_string}\"},\"query-input\":\"required name=search_term_string\"}],\"inLanguage\":\"de-DE\"},{\"@type\":\"WebPage\",\"@id\":\"https:\/\/vasontode.hu\/de\/#webpage\",\"url\":\"https:\/\/vasontode.hu\/de\/\",\"name\":\"Egyedi \u00f6ntv\u00e9ny, kettlebell, szerelv\u00e9nyek, t\u0171zcsapok | Moh\u00e1csi Vas\u00f6nt\u00f6de\",\"isPartOf\":{\"@id\":\"https:\/\/vasontode.hu\/#website\"},\"datePublished\":\"2014-10-21T20:25:37+00:00\",\"dateModified\":\"2021-07-21T07:16:06+00:00\",\"description\":\"Wir bieten f\u00fcr s\u00e4mtliche Gebiete der Maschinenindustrie die Herstellung von Gussst\u00fccken mit Lamellen- und mit Kugelgraphit in kleinen und mittelgro\u00dfen\",\"breadcrumb\":{\"@id\":\"https:\/\/vasontode.hu\/de\/#breadcrumb\"},\"inLanguage\":\"de-DE\",\"potentialAction\":[{\"@type\":\"ReadAction\",\"target\":[\"https:\/\/vasontode.hu\/de\/\"]}]},{\"@type\":\"BreadcrumbList\",\"@id\":\"https:\/\/vasontode.hu\/de\/#breadcrumb\",\"itemListElement\":[{\"@type\":\"ListItem\",\"position\":1,\"name\":\"Kezd\u0151lap\",\"item\":\"https:\/\/vasontode.hu\/de\/\"},{\"@type\":\"ListItem\",\"position\":2,\"name\":\"Erste seite\"}]}]}<\/script>\n<!-- \/ Yoast SEO plugin. -->","yoast_head_json":{"title":"Egyedi \u00f6ntv\u00e9ny, kettlebell, szerelv\u00e9nyek, t\u0171zcsapok | Moh\u00e1csi Vas\u00f6nt\u00f6de","description":"Wir bieten f\u00fcr s\u00e4mtliche Gebiete der Maschinenindustrie die Herstellung von Gussst\u00fccken mit Lamellen- und mit Kugelgraphit in kleinen und mittelgro\u00dfen","robots":{"index":"index","follow":"follow","max-snippet":"max-snippet:-1","max-image-preview":"max-image-preview:large","max-video-preview":"max-video-preview:-1"},"canonical":"https:\/\/vasontode.hu\/de\/","og_locale":"de_DE","og_type":"article","og_title":"Egyedi \u00f6ntv\u00e9ny, kettlebell, szerelv\u00e9nyek, t\u0171zcsapok | Moh\u00e1csi Vas\u00f6nt\u00f6de","og_description":"Wir bieten f\u00fcr s\u00e4mtliche Gebiete der Maschinenindustrie die Herstellung von Gussst\u00fccken mit Lamellen- und mit Kugelgraphit in kleinen und mittelgro\u00dfen","og_url":"https:\/\/vasontode.hu\/de\/","og_site_name":"Moh\u00e1csi Vas\u00f6nt\u00f6de","article_modified_time":"2021-07-21T07:16:06+00:00","twitter_misc":{"Est. reading time":"1 minute"},"schema":{"@context":"https:\/\/schema.org","@graph":[{"@type":"WebSite","@id":"https:\/\/vasontode.hu\/#website","url":"https:\/\/vasontode.hu\/","name":"Moh\u00e1csi Vas\u00f6nt\u00f6de","description":"Egyedi \u00f6ntv\u00e9ny, kettlebell, szerelv\u00e9nyek, t\u0171zcsapok","potentialAction":[{"@type":"SearchAction","target":{"@type":"EntryPoint","urlTemplate":"https:\/\/vasontode.hu\/?s={search_term_string}"},"query-input":"required name=search_term_string"}],"inLanguage":"de-DE"},{"@type":"WebPage","@id":"https:\/\/vasontode.hu\/de\/#webpage","url":"https:\/\/vasontode.hu\/de\/","name":"Egyedi \u00f6ntv\u00e9ny, kettlebell, szerelv\u00e9nyek, t\u0171zcsapok | Moh\u00e1csi Vas\u00f6nt\u00f6de","isPartOf":{"@id":"https:\/\/vasontode.hu\/#website"},"datePublished":"2014-10-21T20:25:37+00:00","dateModified":"2021-07-21T07:16:06+00:00","description":"Wir bieten f\u00fcr s\u00e4mtliche Gebiete der Maschinenindustrie die Herstellung von Gussst\u00fccken mit Lamellen- und mit Kugelgraphit in kleinen und mittelgro\u00dfen","breadcrumb":{"@id":"https:\/\/vasontode.hu\/de\/#breadcrumb"},"inLanguage":"de-DE","potentialAction":[{"@type":"ReadAction","target":["https:\/\/vasontode.hu\/de\/"]}]},{"@type":"BreadcrumbList","@id":"https:\/\/vasontode.hu\/de\/#breadcrumb","itemListElement":[{"@type":"ListItem","position":1,"name":"Kezd\u0151lap","item":"https:\/\/vasontode.hu\/de\/"},{"@type":"ListItem","position":2,"name":"Erste seite"}]}]}},"_links":{"self":[{"href":"https:\/\/vasontode.hu\/de\/wp-json\/wp\/v2\/pages\/1234"}],"collection":[{"href":"https:\/\/vasontode.hu\/de\/wp-json\/wp\/v2\/pages"}],"about":[{"href":"https:\/\/vasontode.hu\/de\/wp-json\/wp\/v2\/types\/page"}],"author":[{"embeddable":true,"href":"https:\/\/vasontode.hu\/de\/wp-json\/wp\/v2\/users\/6"}],"replies":[{"embeddable":true,"href":"https:\/\/vasontode.hu\/de\/wp-json\/wp\/v2\/comments?post=1234"}],"version-history":[{"count":17,"href":"https:\/\/vasontode.hu\/de\/wp-json\/wp\/v2\/pages\/1234\/revisions"}],"predecessor-version":[{"id":6238,"href":"https:\/\/vasontode.hu\/de\/wp-json\/wp\/v2\/pages\/1234\/revisions\/6238"}],"wp:attachment":[{"href":"https:\/\/vasontode.hu\/de\/wp-json\/wp\/v2\/media?parent=1234"}],"curies":[{"name":"wp","href":"https:\/\/api.w.org\/{rel}","templated":true}]}}