{"id":1322,"date":"2015-03-10T11:44:34","date_gmt":"2015-03-10T10:44:34","guid":{"rendered":"https:\/\/vasontode.hu\/?page_id=1322"},"modified":"2017-05-30T09:24:59","modified_gmt":"2017-05-30T07:24:59","slug":"galerie","status":"publish","type":"page","link":"https:\/\/vasontode.hu\/de\/galerie\/","title":{"rendered":"Galerie"},"content":{"rendered":"<div id=\"envira-gallery-wrap-3462\" class=\"envira-album-wrap envira-gallery-wrap envira-gallery-theme-base envira-lightbox-theme-base\"><div id=\"envira-gallery-3462\" class=\"envira-gallery-public  envira-gallery-3-columns envira-clear enviratope envira-gallery-css-animations\" data-envira-columns=\"3\"><div id=\"envira-gallery-item-3458\" class=\"envira-gallery-item enviratope-item envira-gallery-item-1\" style=\"padding-left: 15px; padding-bottom: 10px; padding-right: 15px;\" ><div class=\"envira-gallery-item-inner\"><a href=\"https:\/\/vasontode.hu\/galeria\/termekeink\/\" class=\"envira-album-gallery-3458 envira-gallery-link\" title=\"Produkte\" ><img id=\"envira-gallery-image-3458\" class=\"envira-gallery-image envira-gallery-image-1\" src=\"\/app\/themes\/mohvas\/assets\/img\/gallery-placeholder.jpg\" data-envira-src=\"\/app\/themes\/mohvas\/assets\/img\/gallery-placeholder.jpg\" alt=\"\" data-envira-caption=\"\" alt=\"\" title=\"Produkte\"  \/><\/a><\/div><div class=\"envira-album-title\">Produkte<\/div><\/div><div id=\"envira-gallery-item-3459\" class=\"envira-gallery-item enviratope-item envira-gallery-item-2\" style=\"padding-left: 15px; padding-bottom: 10px; padding-right: 15px;\" ><div class=\"envira-gallery-item-inner\"><a href=\"https:\/\/vasontode.hu\/galeria\/munkafolyamatok\/\" class=\"envira-album-gallery-3459 envira-gallery-link\" title=\"Arbeitsprozesse\" ><img id=\"envira-gallery-image-3459\" class=\"envira-gallery-image envira-gallery-image-2\" src=\"\/app\/themes\/mohvas\/assets\/img\/gallery-placeholder.jpg\" data-envira-src=\"\/app\/themes\/mohvas\/assets\/img\/gallery-placeholder.jpg\" alt=\"\" data-envira-caption=\"\" alt=\"\" title=\"Arbeitsprozesse\"  \/><\/a><\/div><div class=\"envira-album-title\">Arbeitsprozesse<\/div><\/div><div id=\"envira-gallery-item-3460\" class=\"envira-gallery-item enviratope-item envira-gallery-item-3\" style=\"padding-left: 15px; padding-bottom: 10px; padding-right: 15px;\" ><div class=\"envira-gallery-item-inner\"><a href=\"https:\/\/vasontode.hu\/galeria\/uzemen-kivul-belul\/\" class=\"envira-album-gallery-3460 envira-gallery-link\" title=\"Betrieb\" ><img id=\"envira-gallery-image-3460\" class=\"envira-gallery-image envira-gallery-image-3\" src=\"\/app\/themes\/mohvas\/assets\/img\/gallery-placeholder.jpg\" data-envira-src=\"\/app\/themes\/mohvas\/assets\/img\/gallery-placeholder.jpg\" alt=\"\" data-envira-caption=\"\" alt=\"\" title=\"Betrieb\"  \/><\/a><\/div><div class=\"envira-album-title\">Betrieb<\/div><\/div><div id=\"envira-gallery-item-3461\" class=\"envira-gallery-item enviratope-item envira-gallery-item-4\" style=\"padding-left: 15px; padding-bottom: 10px; padding-right: 15px;\" ><div class=\"envira-gallery-item-inner\"><a href=\"https:\/\/vasontode.hu\/galeria\/referenciak\/\" class=\"envira-album-gallery-3461 envira-gallery-link\" title=\"Referenzen\" ><img id=\"envira-gallery-image-3461\" class=\"envira-gallery-image envira-gallery-image-4\" src=\"\/app\/themes\/mohvas\/assets\/img\/gallery-placeholder.jpg\" data-envira-src=\"\/app\/themes\/mohvas\/assets\/img\/gallery-placeholder.jpg\" alt=\"\" data-envira-caption=\"\" alt=\"\" title=\"Referenzen\"  \/><\/a><\/div><div class=\"envira-album-title\">Referenzen<\/div><\/div><\/div><\/div><noscript><\/noscript>\n","protected":false},"excerpt":{"rendered":"","protected":false},"author":1,"featured_media":0,"parent":0,"menu_order":52,"comment_status":"open","ping_status":"open","template":"","meta":{"_monsterinsights_skip_tracking":false,"_monsterinsights_sitenote_active":false,"_monsterinsights_sitenote_note":"","_monsterinsights_sitenote_category":0},"acf":[],"yoast_head":"<!-- This site is optimized with the Yoast SEO plugin v18.9 - https:\/\/yoast.com\/wordpress\/plugins\/seo\/ -->\n<title>Galerie | Moh\u00e1csi Vas\u00f6nt\u00f6de<\/title>\n<meta name=\"robots\" content=\"index, follow, max-snippet:-1, max-image-preview:large, max-video-preview:-1\" \/>\n<link rel=\"canonical\" href=\"https:\/\/vasontode.hu\/de\/galerie\/\" \/>\n<meta property=\"og:locale\" content=\"de_DE\" \/>\n<meta property=\"og:type\" content=\"article\" \/>\n<meta property=\"og:title\" content=\"Galerie | Moh\u00e1csi Vas\u00f6nt\u00f6de\" \/>\n<meta property=\"og:url\" content=\"https:\/\/vasontode.hu\/de\/galerie\/\" \/>\n<meta property=\"og:site_name\" content=\"Moh\u00e1csi Vas\u00f6nt\u00f6de\" \/>\n<meta property=\"article:modified_time\" content=\"2017-05-30T07:24:59+00:00\" \/>\n<script type=\"application\/ld+json\" class=\"yoast-schema-graph\">{\"@context\":\"https:\/\/schema.org\",\"@graph\":[{\"@type\":\"WebSite\",\"@id\":\"https:\/\/vasontode.hu\/#website\",\"url\":\"https:\/\/vasontode.hu\/\",\"name\":\"Moh\u00e1csi Vas\u00f6nt\u00f6de\",\"description\":\"Egyedi \u00f6ntv\u00e9ny, kettlebell, szerelv\u00e9nyek, t\u0171zcsapok\",\"potentialAction\":[{\"@type\":\"SearchAction\",\"target\":{\"@type\":\"EntryPoint\",\"urlTemplate\":\"https:\/\/vasontode.hu\/?s={search_term_string}\"},\"query-input\":\"required name=search_term_string\"}],\"inLanguage\":\"de-DE\"},{\"@type\":\"WebPage\",\"@id\":\"https:\/\/vasontode.hu\/de\/galerie\/#webpage\",\"url\":\"https:\/\/vasontode.hu\/de\/galerie\/\",\"name\":\"Galerie | Moh\u00e1csi Vas\u00f6nt\u00f6de\",\"isPartOf\":{\"@id\":\"https:\/\/vasontode.hu\/#website\"},\"datePublished\":\"2015-03-10T10:44:34+00:00\",\"dateModified\":\"2017-05-30T07:24:59+00:00\",\"breadcrumb\":{\"@id\":\"https:\/\/vasontode.hu\/de\/galerie\/#breadcrumb\"},\"inLanguage\":\"de-DE\",\"potentialAction\":[{\"@type\":\"ReadAction\",\"target\":[\"https:\/\/vasontode.hu\/de\/galerie\/\"]}]},{\"@type\":\"BreadcrumbList\",\"@id\":\"https:\/\/vasontode.hu\/de\/galerie\/#breadcrumb\",\"itemListElement\":[{\"@type\":\"ListItem\",\"position\":1,\"name\":\"Kezd\u0151lap\",\"item\":\"https:\/\/vasontode.hu\/de\/\"},{\"@type\":\"ListItem\",\"position\":2,\"name\":\"Galerie\"}]}]}<\/script>\n<!-- \/ Yoast SEO plugin. -->","yoast_head_json":{"title":"Galerie | Moh\u00e1csi Vas\u00f6nt\u00f6de","robots":{"index":"index","follow":"follow","max-snippet":"max-snippet:-1","max-image-preview":"max-image-preview:large","max-video-preview":"max-video-preview:-1"},"canonical":"https:\/\/vasontode.hu\/de\/galerie\/","og_locale":"de_DE","og_type":"article","og_title":"Galerie | Moh\u00e1csi Vas\u00f6nt\u00f6de","og_url":"https:\/\/vasontode.hu\/de\/galerie\/","og_site_name":"Moh\u00e1csi Vas\u00f6nt\u00f6de","article_modified_time":"2017-05-30T07:24:59+00:00","schema":{"@context":"https:\/\/schema.org","@graph":[{"@type":"WebSite","@id":"https:\/\/vasontode.hu\/#website","url":"https:\/\/vasontode.hu\/","name":"Moh\u00e1csi Vas\u00f6nt\u00f6de","description":"Egyedi \u00f6ntv\u00e9ny, kettlebell, szerelv\u00e9nyek, t\u0171zcsapok","potentialAction":[{"@type":"SearchAction","target":{"@type":"EntryPoint","urlTemplate":"https:\/\/vasontode.hu\/?s={search_term_string}"},"query-input":"required name=search_term_string"}],"inLanguage":"de-DE"},{"@type":"WebPage","@id":"https:\/\/vasontode.hu\/de\/galerie\/#webpage","url":"https:\/\/vasontode.hu\/de\/galerie\/","name":"Galerie | Moh\u00e1csi Vas\u00f6nt\u00f6de","isPartOf":{"@id":"https:\/\/vasontode.hu\/#website"},"datePublished":"2015-03-10T10:44:34+00:00","dateModified":"2017-05-30T07:24:59+00:00","breadcrumb":{"@id":"https:\/\/vasontode.hu\/de\/galerie\/#breadcrumb"},"inLanguage":"de-DE","potentialAction":[{"@type":"ReadAction","target":["https:\/\/vasontode.hu\/de\/galerie\/"]}]},{"@type":"BreadcrumbList","@id":"https:\/\/vasontode.hu\/de\/galerie\/#breadcrumb","itemListElement":[{"@type":"ListItem","position":1,"name":"Kezd\u0151lap","item":"https:\/\/vasontode.hu\/de\/"},{"@type":"ListItem","position":2,"name":"Galerie"}]}]}},"_links":{"self":[{"href":"https:\/\/vasontode.hu\/de\/wp-json\/wp\/v2\/pages\/1322"}],"collection":[{"href":"https:\/\/vasontode.hu\/de\/wp-json\/wp\/v2\/pages"}],"about":[{"href":"https:\/\/vasontode.hu\/de\/wp-json\/wp\/v2\/types\/page"}],"author":[{"embeddable":true,"href":"https:\/\/vasontode.hu\/de\/wp-json\/wp\/v2\/users\/1"}],"replies":[{"embeddable":true,"href":"https:\/\/vasontode.hu\/de\/wp-json\/wp\/v2\/comments?post=1322"}],"version-history":[{"count":3,"href":"https:\/\/vasontode.hu\/de\/wp-json\/wp\/v2\/pages\/1322\/revisions"}],"predecessor-version":[{"id":5062,"href":"https:\/\/vasontode.hu\/de\/wp-json\/wp\/v2\/pages\/1322\/revisions\/5062"}],"wp:attachment":[{"href":"https:\/\/vasontode.hu\/de\/wp-json\/wp\/v2\/media?parent=1322"}],"curies":[{"name":"wp","href":"https:\/\/api.w.org\/{rel}","templated":true}]}}