{"id":1326,"date":"2014-12-01T10:09:32","date_gmt":"2014-12-01T09:09:32","guid":{"rendered":"https:\/\/vasontode.hu\/?page_id=1326"},"modified":"2015-06-22T17:40:25","modified_gmt":"2015-06-22T15:40:25","slug":"unsere-geschichte","status":"publish","type":"page","link":"https:\/\/vasontode.hu\/de\/unsere-geschichte\/","title":{"rendered":"Unsere Geschichte"},"content":{"rendered":"","protected":false},"excerpt":{"rendered":"","protected":false},"author":1,"featured_media":0,"parent":0,"menu_order":49,"comment_status":"open","ping_status":"open","template":"history.php","meta":{"_monsterinsights_skip_tracking":false,"_monsterinsights_sitenote_active":false,"_monsterinsights_sitenote_note":"","_monsterinsights_sitenote_category":0},"acf":[],"yoast_head":"<!-- This site is optimized with the Yoast SEO plugin v18.9 - https:\/\/yoast.com\/wordpress\/plugins\/seo\/ -->\n<title>Unsere Geschichte | Moh\u00e1csi Vas\u00f6nt\u00f6de<\/title>\n<meta name=\"robots\" content=\"index, follow, max-snippet:-1, max-image-preview:large, max-video-preview:-1\" \/>\n<link rel=\"canonical\" href=\"https:\/\/vasontode.hu\/de\/unsere-geschichte\/\" \/>\n<meta property=\"og:locale\" content=\"de_DE\" \/>\n<meta property=\"og:type\" content=\"article\" \/>\n<meta property=\"og:title\" content=\"Unsere Geschichte | Moh\u00e1csi Vas\u00f6nt\u00f6de\" \/>\n<meta property=\"og:url\" content=\"https:\/\/vasontode.hu\/de\/unsere-geschichte\/\" \/>\n<meta property=\"og:site_name\" content=\"Moh\u00e1csi Vas\u00f6nt\u00f6de\" \/>\n<meta property=\"article:modified_time\" content=\"2015-06-22T15:40:25+00:00\" \/>\n<script type=\"application\/ld+json\" class=\"yoast-schema-graph\">{\"@context\":\"https:\/\/schema.org\",\"@graph\":[{\"@type\":\"WebSite\",\"@id\":\"https:\/\/vasontode.hu\/#website\",\"url\":\"https:\/\/vasontode.hu\/\",\"name\":\"Moh\u00e1csi Vas\u00f6nt\u00f6de\",\"description\":\"Egyedi \u00f6ntv\u00e9ny, kettlebell, szerelv\u00e9nyek, t\u0171zcsapok\",\"potentialAction\":[{\"@type\":\"SearchAction\",\"target\":{\"@type\":\"EntryPoint\",\"urlTemplate\":\"https:\/\/vasontode.hu\/?s={search_term_string}\"},\"query-input\":\"required name=search_term_string\"}],\"inLanguage\":\"de-DE\"},{\"@type\":\"WebPage\",\"@id\":\"https:\/\/vasontode.hu\/de\/unsere-geschichte\/#webpage\",\"url\":\"https:\/\/vasontode.hu\/de\/unsere-geschichte\/\",\"name\":\"Unsere Geschichte | Moh\u00e1csi Vas\u00f6nt\u00f6de\",\"isPartOf\":{\"@id\":\"https:\/\/vasontode.hu\/#website\"},\"datePublished\":\"2014-12-01T09:09:32+00:00\",\"dateModified\":\"2015-06-22T15:40:25+00:00\",\"breadcrumb\":{\"@id\":\"https:\/\/vasontode.hu\/de\/unsere-geschichte\/#breadcrumb\"},\"inLanguage\":\"de-DE\",\"potentialAction\":[{\"@type\":\"ReadAction\",\"target\":[\"https:\/\/vasontode.hu\/de\/unsere-geschichte\/\"]}]},{\"@type\":\"BreadcrumbList\",\"@id\":\"https:\/\/vasontode.hu\/de\/unsere-geschichte\/#breadcrumb\",\"itemListElement\":[{\"@type\":\"ListItem\",\"position\":1,\"name\":\"Kezd\u0151lap\",\"item\":\"https:\/\/vasontode.hu\/de\/\"},{\"@type\":\"ListItem\",\"position\":2,\"name\":\"Unsere Geschichte\"}]}]}<\/script>\n<!-- \/ Yoast SEO plugin. -->","yoast_head_json":{"title":"Unsere Geschichte | Moh\u00e1csi Vas\u00f6nt\u00f6de","robots":{"index":"index","follow":"follow","max-snippet":"max-snippet:-1","max-image-preview":"max-image-preview:large","max-video-preview":"max-video-preview:-1"},"canonical":"https:\/\/vasontode.hu\/de\/unsere-geschichte\/","og_locale":"de_DE","og_type":"article","og_title":"Unsere Geschichte | Moh\u00e1csi Vas\u00f6nt\u00f6de","og_url":"https:\/\/vasontode.hu\/de\/unsere-geschichte\/","og_site_name":"Moh\u00e1csi Vas\u00f6nt\u00f6de","article_modified_time":"2015-06-22T15:40:25+00:00","schema":{"@context":"https:\/\/schema.org","@graph":[{"@type":"WebSite","@id":"https:\/\/vasontode.hu\/#website","url":"https:\/\/vasontode.hu\/","name":"Moh\u00e1csi Vas\u00f6nt\u00f6de","description":"Egyedi \u00f6ntv\u00e9ny, kettlebell, szerelv\u00e9nyek, t\u0171zcsapok","potentialAction":[{"@type":"SearchAction","target":{"@type":"EntryPoint","urlTemplate":"https:\/\/vasontode.hu\/?s={search_term_string}"},"query-input":"required name=search_term_string"}],"inLanguage":"de-DE"},{"@type":"WebPage","@id":"https:\/\/vasontode.hu\/de\/unsere-geschichte\/#webpage","url":"https:\/\/vasontode.hu\/de\/unsere-geschichte\/","name":"Unsere Geschichte | Moh\u00e1csi Vas\u00f6nt\u00f6de","isPartOf":{"@id":"https:\/\/vasontode.hu\/#website"},"datePublished":"2014-12-01T09:09:32+00:00","dateModified":"2015-06-22T15:40:25+00:00","breadcrumb":{"@id":"https:\/\/vasontode.hu\/de\/unsere-geschichte\/#breadcrumb"},"inLanguage":"de-DE","potentialAction":[{"@type":"ReadAction","target":["https:\/\/vasontode.hu\/de\/unsere-geschichte\/"]}]},{"@type":"BreadcrumbList","@id":"https:\/\/vasontode.hu\/de\/unsere-geschichte\/#breadcrumb","itemListElement":[{"@type":"ListItem","position":1,"name":"Kezd\u0151lap","item":"https:\/\/vasontode.hu\/de\/"},{"@type":"ListItem","position":2,"name":"Unsere Geschichte"}]}]}},"_links":{"self":[{"href":"https:\/\/vasontode.hu\/de\/wp-json\/wp\/v2\/pages\/1326"}],"collection":[{"href":"https:\/\/vasontode.hu\/de\/wp-json\/wp\/v2\/pages"}],"about":[{"href":"https:\/\/vasontode.hu\/de\/wp-json\/wp\/v2\/types\/page"}],"author":[{"embeddable":true,"href":"https:\/\/vasontode.hu\/de\/wp-json\/wp\/v2\/users\/1"}],"replies":[{"embeddable":true,"href":"https:\/\/vasontode.hu\/de\/wp-json\/wp\/v2\/comments?post=1326"}],"version-history":[{"count":1,"href":"https:\/\/vasontode.hu\/de\/wp-json\/wp\/v2\/pages\/1326\/revisions"}],"predecessor-version":[{"id":1327,"href":"https:\/\/vasontode.hu\/de\/wp-json\/wp\/v2\/pages\/1326\/revisions\/1327"}],"wp:attachment":[{"href":"https:\/\/vasontode.hu\/de\/wp-json\/wp\/v2\/media?parent=1326"}],"curies":[{"name":"wp","href":"https:\/\/api.w.org\/{rel}","templated":true}]}}