{"id":1610,"date":"2015-07-13T09:53:09","date_gmt":"2015-07-13T07:53:09","guid":{"rendered":"https:\/\/vasontode.hu\/?page_id=1610"},"modified":"2016-07-20T16:07:06","modified_gmt":"2016-07-20T14:07:06","slug":"herunterladungen","status":"publish","type":"page","link":"https:\/\/vasontode.hu\/de\/herunterladungen\/","title":{"rendered":"Herunterladung"},"content":{"rendered":"<h4>Unsere Kataloge:<span class=\" size-medium wp-image-2176 alignright wp-image-wrapper\"><a href=\"https:\/\/vasontode.hu\/app\/uploads\/C%C3%A9gbemutat%C3%B3hoz-jobb-oldalra.jpg\" rel=\"lightbox-0\" data-rel=\"lightbox-image-0\" data-rl_title=\"\" data-rl_caption=\"\" title=\"\"><img loading=\"lazy\" class=\" size-medium wp-image-2176 alignright\" src=\"http:\/\/vasontode.hu\/app\/uploads\/\/C\u00e9gbemutat\u00f3hoz-jobb-oldalra-370x278.jpg\" alt=\"C\u00e9gbemutat\u00f3hoz jobb oldalra\" width=\"370\" height=\"277\" srcset=\"https:\/\/vasontode.hu\/app\/uploads\/C\u00e9gbemutat\u00f3hoz-jobb-oldalra-370x278.jpg 370w, https:\/\/vasontode.hu\/app\/uploads\/C\u00e9gbemutat\u00f3hoz-jobb-oldalra-600x450.jpg 600w, https:\/\/vasontode.hu\/app\/uploads\/C\u00e9gbemutat\u00f3hoz-jobb-oldalra-870x653.jpg 870w, https:\/\/vasontode.hu\/app\/uploads\/C\u00e9gbemutat\u00f3hoz-jobb-oldalra.jpg 1024w\" sizes=\"(max-width: 370px) 100vw, 370px\" \/><\/a><\/span><\/h4>\n<ul>\n<li>Vorstellung Kataloge 2015<\/li>\n<\/ul>\n<p style=\"padding-left: 60px;\"><a href=\"https:\/\/vasontode.hu\/app\/uploads\/Moh%C3%A1csi-Vas%C3%B6nt%C3%B6de-Ltd.-catalogue.pdf\" target=\"_blank\">HERUNTERLADEN<\/a><\/p>\n<ul>\n<li>Wassernetzarmaturen Kataloge 2015<\/li>\n<\/ul>\n<p style=\"padding-left: 60px;\"><a href=\"https:\/\/vasontode.hu\/app\/uploads\/Moh%C3%A1csi-Vas%C3%B6nt%C3%B6de-Kft.-v%C3%ADzh%C3%A1l%C3%B3zati-szerelv%C3%A9nyek.pdf\" target=\"_blank\">HERUNTERLADEN<\/a><\/p>\n<ul>\n<li>Maschinengussst\u00fcck Kataloge 2015<\/li>\n<\/ul>\n<p style=\"padding-left: 60px;\"><a href=\"https:\/\/vasontode.hu\/app\/uploads\/Moh%C3%A1csi-Vas%C3%B6nt%C3%B6de-Kft.-g%C3%A9p%C3%B6ntv%C3%A9ny-katal%C3%B3gus.pdf\" target=\"_blank\">HERUNTERLADEN<\/a><\/p>\n<ul>\n<li>Stra\u00dfenm\u00f6bel, Dekorationselemente aus Gusseisen Kataloge 2015<\/li>\n<\/ul>\n<p style=\"padding-left: 60px;\"><a href=\"https:\/\/vasontode.hu\/app\/uploads\/Moh%C3%A1csi-Vas%C3%B6nt%C3%B6de-Kft.-utcab%C3%BAtor-d%C3%ADsz%C3%B6ntv%C3%A9ny-katal%C3%B3gus.pdf\" target=\"_blank\">HERUNTERLADEN<\/a><\/p>\n","protected":false},"excerpt":{"rendered":"<p>Unsere Kataloge: Vorstellung Kataloge 2015 HERUNTERLADEN Wassernetzarmaturen Kataloge 2015 HERUNTERLADEN Maschinengussst\u00fcck Kataloge 2015 HERUNTERLADEN Stra\u00dfenm\u00f6bel, Dekorationselemente aus Gusseisen Kataloge 2015 HERUNTERLADEN<\/p>\n","protected":false},"author":6,"featured_media":0,"parent":0,"menu_order":40,"comment_status":"open","ping_status":"open","template":"","meta":{"_monsterinsights_skip_tracking":false,"_monsterinsights_sitenote_active":false,"_monsterinsights_sitenote_note":"","_monsterinsights_sitenote_category":0},"acf":[],"yoast_head":"<!-- This site is optimized with the Yoast SEO plugin v18.9 - https:\/\/yoast.com\/wordpress\/plugins\/seo\/ -->\n<title>Herunterladung | Moh\u00e1csi Vas\u00f6nt\u00f6de<\/title>\n<meta name=\"description\" content=\"Unsere Kataloge: Vorstellung Kataloge 2015 HERUNTERLADEN Wassernetzarmaturen Kataloge 2015 HERUNTERLADEN Maschinengussst\u00fcck Kataloge 2015 HERUNTERLADEN\" \/>\n<meta name=\"robots\" content=\"index, follow, max-snippet:-1, max-image-preview:large, max-video-preview:-1\" \/>\n<link rel=\"canonical\" href=\"https:\/\/vasontode.hu\/de\/herunterladungen\/\" \/>\n<meta property=\"og:locale\" content=\"de_DE\" \/>\n<meta property=\"og:type\" content=\"article\" \/>\n<meta property=\"og:title\" content=\"Herunterladung | Moh\u00e1csi Vas\u00f6nt\u00f6de\" \/>\n<meta property=\"og:description\" content=\"Unsere Kataloge: Vorstellung Kataloge 2015 HERUNTERLADEN Wassernetzarmaturen Kataloge 2015 HERUNTERLADEN Maschinengussst\u00fcck Kataloge 2015 HERUNTERLADEN\" \/>\n<meta property=\"og:url\" content=\"https:\/\/vasontode.hu\/de\/herunterladungen\/\" \/>\n<meta property=\"og:site_name\" content=\"Moh\u00e1csi Vas\u00f6nt\u00f6de\" \/>\n<meta property=\"article:modified_time\" content=\"2016-07-20T14:07:06+00:00\" \/>\n<script type=\"application\/ld+json\" class=\"yoast-schema-graph\">{\"@context\":\"https:\/\/schema.org\",\"@graph\":[{\"@type\":\"WebSite\",\"@id\":\"https:\/\/vasontode.hu\/#website\",\"url\":\"https:\/\/vasontode.hu\/\",\"name\":\"Moh\u00e1csi Vas\u00f6nt\u00f6de\",\"description\":\"Egyedi \u00f6ntv\u00e9ny, kettlebell, szerelv\u00e9nyek, t\u0171zcsapok\",\"potentialAction\":[{\"@type\":\"SearchAction\",\"target\":{\"@type\":\"EntryPoint\",\"urlTemplate\":\"https:\/\/vasontode.hu\/?s={search_term_string}\"},\"query-input\":\"required name=search_term_string\"}],\"inLanguage\":\"de-DE\"},{\"@type\":\"WebPage\",\"@id\":\"https:\/\/vasontode.hu\/de\/herunterladungen\/#webpage\",\"url\":\"https:\/\/vasontode.hu\/de\/herunterladungen\/\",\"name\":\"Herunterladung | Moh\u00e1csi Vas\u00f6nt\u00f6de\",\"isPartOf\":{\"@id\":\"https:\/\/vasontode.hu\/#website\"},\"datePublished\":\"2015-07-13T07:53:09+00:00\",\"dateModified\":\"2016-07-20T14:07:06+00:00\",\"description\":\"Unsere Kataloge: Vorstellung Kataloge 2015 HERUNTERLADEN Wassernetzarmaturen Kataloge 2015 HERUNTERLADEN Maschinengussst\u00fcck Kataloge 2015 HERUNTERLADEN\",\"breadcrumb\":{\"@id\":\"https:\/\/vasontode.hu\/de\/herunterladungen\/#breadcrumb\"},\"inLanguage\":\"de-DE\",\"potentialAction\":[{\"@type\":\"ReadAction\",\"target\":[\"https:\/\/vasontode.hu\/de\/herunterladungen\/\"]}]},{\"@type\":\"BreadcrumbList\",\"@id\":\"https:\/\/vasontode.hu\/de\/herunterladungen\/#breadcrumb\",\"itemListElement\":[{\"@type\":\"ListItem\",\"position\":1,\"name\":\"Kezd\u0151lap\",\"item\":\"https:\/\/vasontode.hu\/de\/\"},{\"@type\":\"ListItem\",\"position\":2,\"name\":\"Herunterladung\"}]}]}<\/script>\n<!-- \/ Yoast SEO plugin. -->","yoast_head_json":{"title":"Herunterladung | Moh\u00e1csi Vas\u00f6nt\u00f6de","description":"Unsere Kataloge: Vorstellung Kataloge 2015 HERUNTERLADEN Wassernetzarmaturen Kataloge 2015 HERUNTERLADEN Maschinengussst\u00fcck Kataloge 2015 HERUNTERLADEN","robots":{"index":"index","follow":"follow","max-snippet":"max-snippet:-1","max-image-preview":"max-image-preview:large","max-video-preview":"max-video-preview:-1"},"canonical":"https:\/\/vasontode.hu\/de\/herunterladungen\/","og_locale":"de_DE","og_type":"article","og_title":"Herunterladung | Moh\u00e1csi Vas\u00f6nt\u00f6de","og_description":"Unsere Kataloge: Vorstellung Kataloge 2015 HERUNTERLADEN Wassernetzarmaturen Kataloge 2015 HERUNTERLADEN Maschinengussst\u00fcck Kataloge 2015 HERUNTERLADEN","og_url":"https:\/\/vasontode.hu\/de\/herunterladungen\/","og_site_name":"Moh\u00e1csi Vas\u00f6nt\u00f6de","article_modified_time":"2016-07-20T14:07:06+00:00","schema":{"@context":"https:\/\/schema.org","@graph":[{"@type":"WebSite","@id":"https:\/\/vasontode.hu\/#website","url":"https:\/\/vasontode.hu\/","name":"Moh\u00e1csi Vas\u00f6nt\u00f6de","description":"Egyedi \u00f6ntv\u00e9ny, kettlebell, szerelv\u00e9nyek, t\u0171zcsapok","potentialAction":[{"@type":"SearchAction","target":{"@type":"EntryPoint","urlTemplate":"https:\/\/vasontode.hu\/?s={search_term_string}"},"query-input":"required name=search_term_string"}],"inLanguage":"de-DE"},{"@type":"WebPage","@id":"https:\/\/vasontode.hu\/de\/herunterladungen\/#webpage","url":"https:\/\/vasontode.hu\/de\/herunterladungen\/","name":"Herunterladung | Moh\u00e1csi Vas\u00f6nt\u00f6de","isPartOf":{"@id":"https:\/\/vasontode.hu\/#website"},"datePublished":"2015-07-13T07:53:09+00:00","dateModified":"2016-07-20T14:07:06+00:00","description":"Unsere Kataloge: Vorstellung Kataloge 2015 HERUNTERLADEN Wassernetzarmaturen Kataloge 2015 HERUNTERLADEN Maschinengussst\u00fcck Kataloge 2015 HERUNTERLADEN","breadcrumb":{"@id":"https:\/\/vasontode.hu\/de\/herunterladungen\/#breadcrumb"},"inLanguage":"de-DE","potentialAction":[{"@type":"ReadAction","target":["https:\/\/vasontode.hu\/de\/herunterladungen\/"]}]},{"@type":"BreadcrumbList","@id":"https:\/\/vasontode.hu\/de\/herunterladungen\/#breadcrumb","itemListElement":[{"@type":"ListItem","position":1,"name":"Kezd\u0151lap","item":"https:\/\/vasontode.hu\/de\/"},{"@type":"ListItem","position":2,"name":"Herunterladung"}]}]}},"_links":{"self":[{"href":"https:\/\/vasontode.hu\/de\/wp-json\/wp\/v2\/pages\/1610"}],"collection":[{"href":"https:\/\/vasontode.hu\/de\/wp-json\/wp\/v2\/pages"}],"about":[{"href":"https:\/\/vasontode.hu\/de\/wp-json\/wp\/v2\/types\/page"}],"author":[{"embeddable":true,"href":"https:\/\/vasontode.hu\/de\/wp-json\/wp\/v2\/users\/6"}],"replies":[{"embeddable":true,"href":"https:\/\/vasontode.hu\/de\/wp-json\/wp\/v2\/comments?post=1610"}],"version-history":[{"count":9,"href":"https:\/\/vasontode.hu\/de\/wp-json\/wp\/v2\/pages\/1610\/revisions"}],"predecessor-version":[{"id":3944,"href":"https:\/\/vasontode.hu\/de\/wp-json\/wp\/v2\/pages\/1610\/revisions\/3944"}],"wp:attachment":[{"href":"https:\/\/vasontode.hu\/de\/wp-json\/wp\/v2\/media?parent=1610"}],"curies":[{"name":"wp","href":"https:\/\/api.w.org\/{rel}","templated":true}]}}