{"id":4727,"date":"2016-07-18T14:13:37","date_gmt":"2016-07-18T12:13:37","guid":{"rendered":"https:\/\/vasontode.hu\/de\/?page_id=4727"},"modified":"2016-12-07T12:17:09","modified_gmt":"2016-12-07T11:17:09","slug":"staatlicher-dienst-fuer-volksgesundheit-und-amtsaerzte","status":"publish","type":"page","link":"https:\/\/vasontode.hu\/de\/staatlicher-dienst-fuer-volksgesundheit-und-amtsaerzte\/","title":{"rendered":"Staatlicher Dienst f\u00fcr Volksgesundheit und Amts\u00e4rzte"},"content":{"rendered":"<p><a href=\"https:\/\/vasontode.hu\/app\/uploads\/EK-enged\u00e9ly-iv\u00f3v\u00edz.pdf\" target=\"_blank\" rel=\"\">Moh\u00e1cser Ventilbrunnen<\/a><\/p>\n<p><a href=\"https:\/\/vasontode.hu\/app\/uploads\/Iv\u00f3v\u00edz-nyilvantartasba-vetel-TUZCSAPOK-v2.pdf\" target=\"_blank\" rel=\"\">Hydranten<\/a><\/p>\n","protected":false},"excerpt":{"rendered":"<p>Moh\u00e1cser Ventilbrunnen Hydranten<\/p>\n","protected":false},"author":3,"featured_media":0,"parent":0,"menu_order":27,"comment_status":"closed","ping_status":"closed","template":"","meta":{"_monsterinsights_skip_tracking":false,"_monsterinsights_sitenote_active":false,"_monsterinsights_sitenote_note":"","_monsterinsights_sitenote_category":0},"acf":[],"yoast_head":"<!-- This site is optimized with the Yoast SEO plugin v18.9 - https:\/\/yoast.com\/wordpress\/plugins\/seo\/ -->\n<title>Staatlicher Dienst f\u00fcr Volksgesundheit und Amts\u00e4rzte | Moh\u00e1csi Vas\u00f6nt\u00f6de<\/title>\n<meta name=\"description\" content=\"Moh\u00e1cser Ventilbrunnen  Hydranten\" \/>\n<meta name=\"robots\" content=\"index, follow, max-snippet:-1, max-image-preview:large, max-video-preview:-1\" \/>\n<link rel=\"canonical\" href=\"https:\/\/vasontode.hu\/de\/staatlicher-dienst-fuer-volksgesundheit-und-amtsaerzte\/\" \/>\n<meta property=\"og:locale\" content=\"de_DE\" \/>\n<meta property=\"og:type\" content=\"article\" \/>\n<meta property=\"og:title\" content=\"Staatlicher Dienst f\u00fcr Volksgesundheit und Amts\u00e4rzte | Moh\u00e1csi Vas\u00f6nt\u00f6de\" \/>\n<meta property=\"og:description\" content=\"Moh\u00e1cser Ventilbrunnen  Hydranten\" \/>\n<meta property=\"og:url\" content=\"https:\/\/vasontode.hu\/de\/staatlicher-dienst-fuer-volksgesundheit-und-amtsaerzte\/\" \/>\n<meta property=\"og:site_name\" content=\"Moh\u00e1csi Vas\u00f6nt\u00f6de\" \/>\n<meta property=\"article:modified_time\" content=\"2016-12-07T11:17:09+00:00\" \/>\n<script type=\"application\/ld+json\" class=\"yoast-schema-graph\">{\"@context\":\"https:\/\/schema.org\",\"@graph\":[{\"@type\":\"WebSite\",\"@id\":\"https:\/\/vasontode.hu\/#website\",\"url\":\"https:\/\/vasontode.hu\/\",\"name\":\"Moh\u00e1csi Vas\u00f6nt\u00f6de\",\"description\":\"Egyedi \u00f6ntv\u00e9ny, kettlebell, szerelv\u00e9nyek, t\u0171zcsapok\",\"potentialAction\":[{\"@type\":\"SearchAction\",\"target\":{\"@type\":\"EntryPoint\",\"urlTemplate\":\"https:\/\/vasontode.hu\/?s={search_term_string}\"},\"query-input\":\"required name=search_term_string\"}],\"inLanguage\":\"de-DE\"},{\"@type\":\"WebPage\",\"@id\":\"https:\/\/vasontode.hu\/de\/staatlicher-dienst-fuer-volksgesundheit-und-amtsaerzte\/#webpage\",\"url\":\"https:\/\/vasontode.hu\/de\/staatlicher-dienst-fuer-volksgesundheit-und-amtsaerzte\/\",\"name\":\"Staatlicher Dienst f\u00fcr Volksgesundheit und Amts\u00e4rzte | Moh\u00e1csi Vas\u00f6nt\u00f6de\",\"isPartOf\":{\"@id\":\"https:\/\/vasontode.hu\/#website\"},\"datePublished\":\"2016-07-18T12:13:37+00:00\",\"dateModified\":\"2016-12-07T11:17:09+00:00\",\"description\":\"Moh\u00e1cser Ventilbrunnen Hydranten\",\"breadcrumb\":{\"@id\":\"https:\/\/vasontode.hu\/de\/staatlicher-dienst-fuer-volksgesundheit-und-amtsaerzte\/#breadcrumb\"},\"inLanguage\":\"de-DE\",\"potentialAction\":[{\"@type\":\"ReadAction\",\"target\":[\"https:\/\/vasontode.hu\/de\/staatlicher-dienst-fuer-volksgesundheit-und-amtsaerzte\/\"]}]},{\"@type\":\"BreadcrumbList\",\"@id\":\"https:\/\/vasontode.hu\/de\/staatlicher-dienst-fuer-volksgesundheit-und-amtsaerzte\/#breadcrumb\",\"itemListElement\":[{\"@type\":\"ListItem\",\"position\":1,\"name\":\"Kezd\u0151lap\",\"item\":\"https:\/\/vasontode.hu\/de\/\"},{\"@type\":\"ListItem\",\"position\":2,\"name\":\"Staatlicher Dienst f\u00fcr Volksgesundheit und Amts\u00e4rzte\"}]}]}<\/script>\n<!-- \/ Yoast SEO plugin. -->","yoast_head_json":{"title":"Staatlicher Dienst f\u00fcr Volksgesundheit und Amts\u00e4rzte | Moh\u00e1csi Vas\u00f6nt\u00f6de","description":"Moh\u00e1cser Ventilbrunnen  Hydranten","robots":{"index":"index","follow":"follow","max-snippet":"max-snippet:-1","max-image-preview":"max-image-preview:large","max-video-preview":"max-video-preview:-1"},"canonical":"https:\/\/vasontode.hu\/de\/staatlicher-dienst-fuer-volksgesundheit-und-amtsaerzte\/","og_locale":"de_DE","og_type":"article","og_title":"Staatlicher Dienst f\u00fcr Volksgesundheit und Amts\u00e4rzte | Moh\u00e1csi Vas\u00f6nt\u00f6de","og_description":"Moh\u00e1cser Ventilbrunnen  Hydranten","og_url":"https:\/\/vasontode.hu\/de\/staatlicher-dienst-fuer-volksgesundheit-und-amtsaerzte\/","og_site_name":"Moh\u00e1csi Vas\u00f6nt\u00f6de","article_modified_time":"2016-12-07T11:17:09+00:00","schema":{"@context":"https:\/\/schema.org","@graph":[{"@type":"WebSite","@id":"https:\/\/vasontode.hu\/#website","url":"https:\/\/vasontode.hu\/","name":"Moh\u00e1csi Vas\u00f6nt\u00f6de","description":"Egyedi \u00f6ntv\u00e9ny, kettlebell, szerelv\u00e9nyek, t\u0171zcsapok","potentialAction":[{"@type":"SearchAction","target":{"@type":"EntryPoint","urlTemplate":"https:\/\/vasontode.hu\/?s={search_term_string}"},"query-input":"required name=search_term_string"}],"inLanguage":"de-DE"},{"@type":"WebPage","@id":"https:\/\/vasontode.hu\/de\/staatlicher-dienst-fuer-volksgesundheit-und-amtsaerzte\/#webpage","url":"https:\/\/vasontode.hu\/de\/staatlicher-dienst-fuer-volksgesundheit-und-amtsaerzte\/","name":"Staatlicher Dienst f\u00fcr Volksgesundheit und Amts\u00e4rzte | Moh\u00e1csi Vas\u00f6nt\u00f6de","isPartOf":{"@id":"https:\/\/vasontode.hu\/#website"},"datePublished":"2016-07-18T12:13:37+00:00","dateModified":"2016-12-07T11:17:09+00:00","description":"Moh\u00e1cser Ventilbrunnen Hydranten","breadcrumb":{"@id":"https:\/\/vasontode.hu\/de\/staatlicher-dienst-fuer-volksgesundheit-und-amtsaerzte\/#breadcrumb"},"inLanguage":"de-DE","potentialAction":[{"@type":"ReadAction","target":["https:\/\/vasontode.hu\/de\/staatlicher-dienst-fuer-volksgesundheit-und-amtsaerzte\/"]}]},{"@type":"BreadcrumbList","@id":"https:\/\/vasontode.hu\/de\/staatlicher-dienst-fuer-volksgesundheit-und-amtsaerzte\/#breadcrumb","itemListElement":[{"@type":"ListItem","position":1,"name":"Kezd\u0151lap","item":"https:\/\/vasontode.hu\/de\/"},{"@type":"ListItem","position":2,"name":"Staatlicher Dienst f\u00fcr Volksgesundheit und Amts\u00e4rzte"}]}]}},"_links":{"self":[{"href":"https:\/\/vasontode.hu\/de\/wp-json\/wp\/v2\/pages\/4727"}],"collection":[{"href":"https:\/\/vasontode.hu\/de\/wp-json\/wp\/v2\/pages"}],"about":[{"href":"https:\/\/vasontode.hu\/de\/wp-json\/wp\/v2\/types\/page"}],"author":[{"embeddable":true,"href":"https:\/\/vasontode.hu\/de\/wp-json\/wp\/v2\/users\/3"}],"replies":[{"embeddable":true,"href":"https:\/\/vasontode.hu\/de\/wp-json\/wp\/v2\/comments?post=4727"}],"version-history":[{"count":2,"href":"https:\/\/vasontode.hu\/de\/wp-json\/wp\/v2\/pages\/4727\/revisions"}],"predecessor-version":[{"id":4729,"href":"https:\/\/vasontode.hu\/de\/wp-json\/wp\/v2\/pages\/4727\/revisions\/4729"}],"wp:attachment":[{"href":"https:\/\/vasontode.hu\/de\/wp-json\/wp\/v2\/media?parent=4727"}],"curies":[{"name":"wp","href":"https:\/\/api.w.org\/{rel}","templated":true}]}}