{"id":3328,"date":"2016-04-11T15:12:01","date_gmt":"2016-04-11T13:12:01","guid":{"rendered":"https:\/\/vasontode.hu\/de\/product\/korlat-es-keriteselemek\/"},"modified":"2016-06-27T08:27:04","modified_gmt":"2016-06-27T06:27:04","slug":"korlat-es-keriteselemek","status":"publish","type":"product","link":"https:\/\/vasontode.hu\/de\/produkt\/korlat-es-keriteselemek\/","title":{"rendered":"Gel\u00e4nder und Zaun Elemente"},"content":{"rendered":"","protected":false},"excerpt":{"rendered":"<h5>Qualitative, anspruchsvolle Gel\u00e4nder und Zaun Elemente\u00a0aus Gusseisen.\u00a0Im \u00f6ffentlichen Bereich, im Garten, zur Versch\u00f6nerung der Umgebung.<\/h5>\n<h5><strong>Kaufen Sie direkt vom Hersteller!<\/strong><\/h5>\n","protected":false},"featured_media":3186,"comment_status":"open","ping_status":"closed","template":"","meta":{"_monsterinsights_skip_tracking":false,"_monsterinsights_sitenote_active":false,"_monsterinsights_sitenote_note":"","_monsterinsights_sitenote_category":0},"product_cat":[175],"product_tag":[],"acf":[],"yoast_head":"<!-- This site is optimized with the Yoast SEO plugin v18.9 - https:\/\/yoast.com\/wordpress\/plugins\/seo\/ -->\n<title>Gel\u00e4nder und Zaun Elemente | Moh\u00e1csi Vas\u00f6nt\u00f6de<\/title>\n<meta name=\"description\" content=\"Qualitative, anspruchsvolle Gel\u00e4nder und Zaun Elemente aus Gusseisen. Im \u00f6ffentlichen Bereich, zur Versch\u00f6nerung der Umgebung. Direkt vom Hersteller!\" \/>\n<meta name=\"robots\" content=\"index, follow, max-snippet:-1, max-image-preview:large, max-video-preview:-1\" \/>\n<link rel=\"canonical\" href=\"https:\/\/vasontode.hu\/de\/produkt\/korlat-es-keriteselemek\/\" \/>\n<meta property=\"og:locale\" content=\"de_DE\" \/>\n<meta property=\"og:type\" content=\"article\" \/>\n<meta property=\"og:title\" content=\"Gel\u00e4nder und Zaun Elemente | Moh\u00e1csi Vas\u00f6nt\u00f6de\" \/>\n<meta property=\"og:description\" content=\"Qualitative, anspruchsvolle Gel\u00e4nder und Zaun Elemente aus Gusseisen. Im \u00f6ffentlichen Bereich, zur Versch\u00f6nerung der Umgebung. Direkt vom Hersteller!\" \/>\n<meta property=\"og:url\" content=\"https:\/\/vasontode.hu\/de\/produkt\/korlat-es-keriteselemek\/\" \/>\n<meta property=\"og:site_name\" content=\"Moh\u00e1csi Vas\u00f6nt\u00f6de\" \/>\n<meta property=\"article:modified_time\" content=\"2016-06-27T06:27:04+00:00\" \/>\n<meta property=\"og:image\" content=\"https:\/\/vasontode.hu\/app\/uploads\/IMG_1010.jpg\" \/>\n\t<meta property=\"og:image:width\" content=\"800\" \/>\n\t<meta property=\"og:image:height\" content=\"533\" \/>\n\t<meta property=\"og:image:type\" content=\"image\/jpeg\" \/>\n<script type=\"application\/ld+json\" class=\"yoast-schema-graph\">{\"@context\":\"https:\/\/schema.org\",\"@graph\":[{\"@type\":\"WebSite\",\"@id\":\"https:\/\/vasontode.hu\/#website\",\"url\":\"https:\/\/vasontode.hu\/\",\"name\":\"Moh\u00e1csi Vas\u00f6nt\u00f6de\",\"description\":\"Egyedi \u00f6ntv\u00e9ny, kettlebell, szerelv\u00e9nyek, t\u0171zcsapok\",\"potentialAction\":[{\"@type\":\"SearchAction\",\"target\":{\"@type\":\"EntryPoint\",\"urlTemplate\":\"https:\/\/vasontode.hu\/?s={search_term_string}\"},\"query-input\":\"required name=search_term_string\"}],\"inLanguage\":\"de-DE\"},{\"@type\":\"ImageObject\",\"inLanguage\":\"de-DE\",\"@id\":\"https:\/\/vasontode.hu\/de\/produkt\/korlat-es-keriteselemek\/#primaryimage\",\"url\":\"https:\/\/vasontode.hu\/app\/uploads\/IMG_1010.jpg\",\"contentUrl\":\"https:\/\/vasontode.hu\/app\/uploads\/IMG_1010.jpg\",\"width\":800,\"height\":533},{\"@type\":\"WebPage\",\"@id\":\"https:\/\/vasontode.hu\/de\/produkt\/korlat-es-keriteselemek\/#webpage\",\"url\":\"https:\/\/vasontode.hu\/de\/produkt\/korlat-es-keriteselemek\/\",\"name\":\"Gel\u00e4nder und Zaun Elemente | Moh\u00e1csi Vas\u00f6nt\u00f6de\",\"isPartOf\":{\"@id\":\"https:\/\/vasontode.hu\/#website\"},\"primaryImageOfPage\":{\"@id\":\"https:\/\/vasontode.hu\/de\/produkt\/korlat-es-keriteselemek\/#primaryimage\"},\"datePublished\":\"2016-04-11T13:12:01+00:00\",\"dateModified\":\"2016-06-27T06:27:04+00:00\",\"description\":\"Qualitative, anspruchsvolle Gel\u00e4nder und Zaun Elemente aus Gusseisen. Im \u00f6ffentlichen Bereich, zur Versch\u00f6nerung der Umgebung. Direkt vom Hersteller!\",\"breadcrumb\":{\"@id\":\"https:\/\/vasontode.hu\/de\/produkt\/korlat-es-keriteselemek\/#breadcrumb\"},\"inLanguage\":\"de-DE\",\"potentialAction\":[{\"@type\":\"ReadAction\",\"target\":[\"https:\/\/vasontode.hu\/de\/produkt\/korlat-es-keriteselemek\/\"]}]},{\"@type\":\"BreadcrumbList\",\"@id\":\"https:\/\/vasontode.hu\/de\/produkt\/korlat-es-keriteselemek\/#breadcrumb\",\"itemListElement\":[{\"@type\":\"ListItem\",\"position\":1,\"name\":\"Kezd\u0151lap\",\"item\":\"https:\/\/vasontode.hu\/de\/\"},{\"@type\":\"ListItem\",\"position\":2,\"name\":\"Term\u00e9kek\",\"item\":\"https:\/\/vasontode.hu\/termekek\/\"},{\"@type\":\"ListItem\",\"position\":3,\"name\":\"Gel\u00e4nder und Zaun Elemente\"}]}]}<\/script>\n<!-- \/ Yoast SEO plugin. -->","yoast_head_json":{"title":"Gel\u00e4nder und Zaun Elemente | Moh\u00e1csi Vas\u00f6nt\u00f6de","description":"Qualitative, anspruchsvolle Gel\u00e4nder und Zaun Elemente aus Gusseisen. Im \u00f6ffentlichen Bereich, zur Versch\u00f6nerung der Umgebung. Direkt vom Hersteller!","robots":{"index":"index","follow":"follow","max-snippet":"max-snippet:-1","max-image-preview":"max-image-preview:large","max-video-preview":"max-video-preview:-1"},"canonical":"https:\/\/vasontode.hu\/de\/produkt\/korlat-es-keriteselemek\/","og_locale":"de_DE","og_type":"article","og_title":"Gel\u00e4nder und Zaun Elemente | Moh\u00e1csi Vas\u00f6nt\u00f6de","og_description":"Qualitative, anspruchsvolle Gel\u00e4nder und Zaun Elemente aus Gusseisen. Im \u00f6ffentlichen Bereich, zur Versch\u00f6nerung der Umgebung. Direkt vom Hersteller!","og_url":"https:\/\/vasontode.hu\/de\/produkt\/korlat-es-keriteselemek\/","og_site_name":"Moh\u00e1csi Vas\u00f6nt\u00f6de","article_modified_time":"2016-06-27T06:27:04+00:00","og_image":[{"width":800,"height":533,"url":"https:\/\/vasontode.hu\/app\/uploads\/IMG_1010.jpg","type":"image\/jpeg"}],"schema":{"@context":"https:\/\/schema.org","@graph":[{"@type":"WebSite","@id":"https:\/\/vasontode.hu\/#website","url":"https:\/\/vasontode.hu\/","name":"Moh\u00e1csi Vas\u00f6nt\u00f6de","description":"Egyedi \u00f6ntv\u00e9ny, kettlebell, szerelv\u00e9nyek, t\u0171zcsapok","potentialAction":[{"@type":"SearchAction","target":{"@type":"EntryPoint","urlTemplate":"https:\/\/vasontode.hu\/?s={search_term_string}"},"query-input":"required name=search_term_string"}],"inLanguage":"de-DE"},{"@type":"ImageObject","inLanguage":"de-DE","@id":"https:\/\/vasontode.hu\/de\/produkt\/korlat-es-keriteselemek\/#primaryimage","url":"https:\/\/vasontode.hu\/app\/uploads\/IMG_1010.jpg","contentUrl":"https:\/\/vasontode.hu\/app\/uploads\/IMG_1010.jpg","width":800,"height":533},{"@type":"WebPage","@id":"https:\/\/vasontode.hu\/de\/produkt\/korlat-es-keriteselemek\/#webpage","url":"https:\/\/vasontode.hu\/de\/produkt\/korlat-es-keriteselemek\/","name":"Gel\u00e4nder und Zaun Elemente | Moh\u00e1csi Vas\u00f6nt\u00f6de","isPartOf":{"@id":"https:\/\/vasontode.hu\/#website"},"primaryImageOfPage":{"@id":"https:\/\/vasontode.hu\/de\/produkt\/korlat-es-keriteselemek\/#primaryimage"},"datePublished":"2016-04-11T13:12:01+00:00","dateModified":"2016-06-27T06:27:04+00:00","description":"Qualitative, anspruchsvolle Gel\u00e4nder und Zaun Elemente aus Gusseisen. Im \u00f6ffentlichen Bereich, zur Versch\u00f6nerung der Umgebung. Direkt vom Hersteller!","breadcrumb":{"@id":"https:\/\/vasontode.hu\/de\/produkt\/korlat-es-keriteselemek\/#breadcrumb"},"inLanguage":"de-DE","potentialAction":[{"@type":"ReadAction","target":["https:\/\/vasontode.hu\/de\/produkt\/korlat-es-keriteselemek\/"]}]},{"@type":"BreadcrumbList","@id":"https:\/\/vasontode.hu\/de\/produkt\/korlat-es-keriteselemek\/#breadcrumb","itemListElement":[{"@type":"ListItem","position":1,"name":"Kezd\u0151lap","item":"https:\/\/vasontode.hu\/de\/"},{"@type":"ListItem","position":2,"name":"Term\u00e9kek","item":"https:\/\/vasontode.hu\/termekek\/"},{"@type":"ListItem","position":3,"name":"Gel\u00e4nder und Zaun Elemente"}]}]}},"_links":{"self":[{"href":"https:\/\/vasontode.hu\/de\/wp-json\/wp\/v2\/product\/3328"}],"collection":[{"href":"https:\/\/vasontode.hu\/de\/wp-json\/wp\/v2\/product"}],"about":[{"href":"https:\/\/vasontode.hu\/de\/wp-json\/wp\/v2\/types\/product"}],"replies":[{"embeddable":true,"href":"https:\/\/vasontode.hu\/de\/wp-json\/wp\/v2\/comments?post=3328"}],"wp:featuredmedia":[{"embeddable":true,"href":"https:\/\/vasontode.hu\/de\/wp-json\/wp\/v2\/media\/3186"}],"wp:attachment":[{"href":"https:\/\/vasontode.hu\/de\/wp-json\/wp\/v2\/media?parent=3328"}],"wp:term":[{"taxonomy":"product_cat","embeddable":true,"href":"https:\/\/vasontode.hu\/de\/wp-json\/wp\/v2\/product_cat?post=3328"},{"taxonomy":"product_tag","embeddable":true,"href":"https:\/\/vasontode.hu\/de\/wp-json\/wp\/v2\/product_tag?post=3328"}],"curies":[{"name":"wp","href":"https:\/\/api.w.org\/{rel}","templated":true}]}}