{"id":3329,"date":"2016-04-11T15:11:06","date_gmt":"2016-04-11T13:11:06","guid":{"rendered":"https:\/\/vasontode.hu\/de\/product\/asztallab\/"},"modified":"2016-06-27T09:39:33","modified_gmt":"2016-06-27T07:39:33","slug":"asztallab","status":"publish","type":"product","link":"https:\/\/vasontode.hu\/de\/produkt\/asztallab\/","title":{"rendered":"Eisengussgestell f\u00fcr Tisch"},"content":{"rendered":"<h3><strong><em>Eisengussgestell f\u00fcr\u00a0Tisch<\/em><\/strong><\/h3>\n<h4><\/h4>\n<h4><strong>Anwendungsgebiet:<\/strong><\/h4>\n<h5>Im \u00f6ffentlichen Bereich, f\u00fcr Haus und Garten, zur Versch\u00f6nerung der Umgebung.<\/h5>\n<h4><strong>Technische Daten:<\/strong><\/h4>\n<ul>\n<li>\n<h5>Materialqualit\u00e4t: EN-GJL-200 (Gusseisen mit Lamellengraphit)<\/h5>\n<\/li>\n<li>\n<h5>Einheitsgewicht (kg): 25\/Eisengussgestell<\/h5>\n<\/li>\n<li>\n<h5>Gr\u00f6sse:\u00a0\u00d8560 x 700 mm<\/h5>\n<\/li>\n<\/ul>\n<h4><strong>Bemerkung:<\/strong><\/h4>\n<ul>\n<li>\n<h5>Auf Anfrage montiert, mit Leisten, gestrichen (mit Grundierung und Deckanstrich individuell, auf Basis der RAL-Codenummern).<\/h5>\n<\/li>\n<li>\n<h5>Durch unsere gro\u00dfe Kapazit\u00e4t in der Handgie\u00dferei k\u00f6nnen wir auch Bestellungen f\u00fcr kleine Serien und f\u00fcr Sondergussst\u00fccke befriedigen.<\/h5>\n<\/li>\n<\/ul>\n","protected":false},"excerpt":{"rendered":"<h5>Qualitative Eisengussgestell f\u00fcr Tisch.\u00a0Im \u00f6ffentlichen Bereich, f\u00fcr Haus und Garten, zur Versch\u00f6nerung der Umgebung.<\/h5>\n<h5><strong>Kaufen Sie direkt vom Hersteller!<\/strong><\/h5>\n","protected":false},"featured_media":3196,"comment_status":"open","ping_status":"closed","template":"","meta":{"_monsterinsights_skip_tracking":false,"_monsterinsights_sitenote_active":false,"_monsterinsights_sitenote_note":"","_monsterinsights_sitenote_category":0},"product_cat":[175],"product_tag":[],"acf":[],"yoast_head":"<!-- This site is optimized with the Yoast SEO plugin v18.9 - https:\/\/yoast.com\/wordpress\/plugins\/seo\/ -->\n<title>Eisengussgestell f\u00fcr Tisch | Moh\u00e1csi Vas\u00f6nt\u00f6de<\/title>\n<meta name=\"description\" content=\"Qualitative Eisengussgestell f\u00fcr Tisch. Im \u00f6ffentlichen Bereich, f\u00fcr Haus und Garten, zur Versch\u00f6nerung der Umgebung. Kaufen Sie direkt vom Hersteller!\" \/>\n<meta name=\"robots\" content=\"index, follow, max-snippet:-1, max-image-preview:large, max-video-preview:-1\" \/>\n<link rel=\"canonical\" href=\"https:\/\/vasontode.hu\/de\/produkt\/asztallab\/\" \/>\n<meta property=\"og:locale\" content=\"de_DE\" \/>\n<meta property=\"og:type\" content=\"article\" \/>\n<meta property=\"og:title\" content=\"Eisengussgestell f\u00fcr Tisch | Moh\u00e1csi Vas\u00f6nt\u00f6de\" \/>\n<meta property=\"og:description\" content=\"Qualitative Eisengussgestell f\u00fcr Tisch. Im \u00f6ffentlichen Bereich, f\u00fcr Haus und Garten, zur Versch\u00f6nerung der Umgebung. Kaufen Sie direkt vom Hersteller!\" \/>\n<meta property=\"og:url\" content=\"https:\/\/vasontode.hu\/de\/produkt\/asztallab\/\" \/>\n<meta property=\"og:site_name\" content=\"Moh\u00e1csi Vas\u00f6nt\u00f6de\" \/>\n<meta property=\"article:modified_time\" content=\"2016-06-27T07:39:33+00:00\" \/>\n<meta property=\"og:image\" content=\"https:\/\/vasontode.hu\/app\/uploads\/Asztall\u00e1b.jpg\" \/>\n\t<meta property=\"og:image:width\" content=\"800\" \/>\n\t<meta property=\"og:image:height\" content=\"1200\" \/>\n\t<meta property=\"og:image:type\" content=\"image\/jpeg\" \/>\n<script type=\"application\/ld+json\" class=\"yoast-schema-graph\">{\"@context\":\"https:\/\/schema.org\",\"@graph\":[{\"@type\":\"WebSite\",\"@id\":\"https:\/\/vasontode.hu\/#website\",\"url\":\"https:\/\/vasontode.hu\/\",\"name\":\"Moh\u00e1csi Vas\u00f6nt\u00f6de\",\"description\":\"Egyedi \u00f6ntv\u00e9ny, kettlebell, szerelv\u00e9nyek, t\u0171zcsapok\",\"potentialAction\":[{\"@type\":\"SearchAction\",\"target\":{\"@type\":\"EntryPoint\",\"urlTemplate\":\"https:\/\/vasontode.hu\/?s={search_term_string}\"},\"query-input\":\"required name=search_term_string\"}],\"inLanguage\":\"de-DE\"},{\"@type\":\"ImageObject\",\"inLanguage\":\"de-DE\",\"@id\":\"https:\/\/vasontode.hu\/de\/produkt\/asztallab\/#primaryimage\",\"url\":\"https:\/\/vasontode.hu\/app\/uploads\/Asztall\u00e1b.jpg\",\"contentUrl\":\"https:\/\/vasontode.hu\/app\/uploads\/Asztall\u00e1b.jpg\",\"width\":800,\"height\":1200},{\"@type\":\"WebPage\",\"@id\":\"https:\/\/vasontode.hu\/de\/produkt\/asztallab\/#webpage\",\"url\":\"https:\/\/vasontode.hu\/de\/produkt\/asztallab\/\",\"name\":\"Eisengussgestell f\u00fcr Tisch | Moh\u00e1csi Vas\u00f6nt\u00f6de\",\"isPartOf\":{\"@id\":\"https:\/\/vasontode.hu\/#website\"},\"primaryImageOfPage\":{\"@id\":\"https:\/\/vasontode.hu\/de\/produkt\/asztallab\/#primaryimage\"},\"datePublished\":\"2016-04-11T13:11:06+00:00\",\"dateModified\":\"2016-06-27T07:39:33+00:00\",\"description\":\"Qualitative Eisengussgestell f\u00fcr Tisch. Im \u00f6ffentlichen Bereich, f\u00fcr Haus und Garten, zur Versch\u00f6nerung der Umgebung. Kaufen Sie direkt vom Hersteller!\",\"breadcrumb\":{\"@id\":\"https:\/\/vasontode.hu\/de\/produkt\/asztallab\/#breadcrumb\"},\"inLanguage\":\"de-DE\",\"potentialAction\":[{\"@type\":\"ReadAction\",\"target\":[\"https:\/\/vasontode.hu\/de\/produkt\/asztallab\/\"]}]},{\"@type\":\"BreadcrumbList\",\"@id\":\"https:\/\/vasontode.hu\/de\/produkt\/asztallab\/#breadcrumb\",\"itemListElement\":[{\"@type\":\"ListItem\",\"position\":1,\"name\":\"Kezd\u0151lap\",\"item\":\"https:\/\/vasontode.hu\/de\/\"},{\"@type\":\"ListItem\",\"position\":2,\"name\":\"Term\u00e9kek\",\"item\":\"https:\/\/vasontode.hu\/termekek\/\"},{\"@type\":\"ListItem\",\"position\":3,\"name\":\"Eisengussgestell f\u00fcr Tisch\"}]}]}<\/script>\n<!-- \/ Yoast SEO plugin. -->","yoast_head_json":{"title":"Eisengussgestell f\u00fcr Tisch | Moh\u00e1csi Vas\u00f6nt\u00f6de","description":"Qualitative Eisengussgestell f\u00fcr Tisch. Im \u00f6ffentlichen Bereich, f\u00fcr Haus und Garten, zur Versch\u00f6nerung der Umgebung. Kaufen Sie direkt vom Hersteller!","robots":{"index":"index","follow":"follow","max-snippet":"max-snippet:-1","max-image-preview":"max-image-preview:large","max-video-preview":"max-video-preview:-1"},"canonical":"https:\/\/vasontode.hu\/de\/produkt\/asztallab\/","og_locale":"de_DE","og_type":"article","og_title":"Eisengussgestell f\u00fcr Tisch | Moh\u00e1csi Vas\u00f6nt\u00f6de","og_description":"Qualitative Eisengussgestell f\u00fcr Tisch. Im \u00f6ffentlichen Bereich, f\u00fcr Haus und Garten, zur Versch\u00f6nerung der Umgebung. Kaufen Sie direkt vom Hersteller!","og_url":"https:\/\/vasontode.hu\/de\/produkt\/asztallab\/","og_site_name":"Moh\u00e1csi Vas\u00f6nt\u00f6de","article_modified_time":"2016-06-27T07:39:33+00:00","og_image":[{"width":800,"height":1200,"url":"https:\/\/vasontode.hu\/app\/uploads\/Asztall\u00e1b.jpg","type":"image\/jpeg"}],"schema":{"@context":"https:\/\/schema.org","@graph":[{"@type":"WebSite","@id":"https:\/\/vasontode.hu\/#website","url":"https:\/\/vasontode.hu\/","name":"Moh\u00e1csi Vas\u00f6nt\u00f6de","description":"Egyedi \u00f6ntv\u00e9ny, kettlebell, szerelv\u00e9nyek, t\u0171zcsapok","potentialAction":[{"@type":"SearchAction","target":{"@type":"EntryPoint","urlTemplate":"https:\/\/vasontode.hu\/?s={search_term_string}"},"query-input":"required name=search_term_string"}],"inLanguage":"de-DE"},{"@type":"ImageObject","inLanguage":"de-DE","@id":"https:\/\/vasontode.hu\/de\/produkt\/asztallab\/#primaryimage","url":"https:\/\/vasontode.hu\/app\/uploads\/Asztall\u00e1b.jpg","contentUrl":"https:\/\/vasontode.hu\/app\/uploads\/Asztall\u00e1b.jpg","width":800,"height":1200},{"@type":"WebPage","@id":"https:\/\/vasontode.hu\/de\/produkt\/asztallab\/#webpage","url":"https:\/\/vasontode.hu\/de\/produkt\/asztallab\/","name":"Eisengussgestell f\u00fcr Tisch | Moh\u00e1csi Vas\u00f6nt\u00f6de","isPartOf":{"@id":"https:\/\/vasontode.hu\/#website"},"primaryImageOfPage":{"@id":"https:\/\/vasontode.hu\/de\/produkt\/asztallab\/#primaryimage"},"datePublished":"2016-04-11T13:11:06+00:00","dateModified":"2016-06-27T07:39:33+00:00","description":"Qualitative Eisengussgestell f\u00fcr Tisch. Im \u00f6ffentlichen Bereich, f\u00fcr Haus und Garten, zur Versch\u00f6nerung der Umgebung. Kaufen Sie direkt vom Hersteller!","breadcrumb":{"@id":"https:\/\/vasontode.hu\/de\/produkt\/asztallab\/#breadcrumb"},"inLanguage":"de-DE","potentialAction":[{"@type":"ReadAction","target":["https:\/\/vasontode.hu\/de\/produkt\/asztallab\/"]}]},{"@type":"BreadcrumbList","@id":"https:\/\/vasontode.hu\/de\/produkt\/asztallab\/#breadcrumb","itemListElement":[{"@type":"ListItem","position":1,"name":"Kezd\u0151lap","item":"https:\/\/vasontode.hu\/de\/"},{"@type":"ListItem","position":2,"name":"Term\u00e9kek","item":"https:\/\/vasontode.hu\/termekek\/"},{"@type":"ListItem","position":3,"name":"Eisengussgestell f\u00fcr Tisch"}]}]}},"_links":{"self":[{"href":"https:\/\/vasontode.hu\/de\/wp-json\/wp\/v2\/product\/3329"}],"collection":[{"href":"https:\/\/vasontode.hu\/de\/wp-json\/wp\/v2\/product"}],"about":[{"href":"https:\/\/vasontode.hu\/de\/wp-json\/wp\/v2\/types\/product"}],"replies":[{"embeddable":true,"href":"https:\/\/vasontode.hu\/de\/wp-json\/wp\/v2\/comments?post=3329"}],"wp:featuredmedia":[{"embeddable":true,"href":"https:\/\/vasontode.hu\/de\/wp-json\/wp\/v2\/media\/3196"}],"wp:attachment":[{"href":"https:\/\/vasontode.hu\/de\/wp-json\/wp\/v2\/media?parent=3329"}],"wp:term":[{"taxonomy":"product_cat","embeddable":true,"href":"https:\/\/vasontode.hu\/de\/wp-json\/wp\/v2\/product_cat?post=3329"},{"taxonomy":"product_tag","embeddable":true,"href":"https:\/\/vasontode.hu\/de\/wp-json\/wp\/v2\/product_tag?post=3329"}],"curies":[{"name":"wp","href":"https:\/\/api.w.org\/{rel}","templated":true}]}}