{"id":3332,"date":"2016-04-08T13:58:53","date_gmt":"2016-04-08T11:58:53","guid":{"rendered":"https:\/\/vasontode.hu\/de\/product\/kerti-grill-2\/"},"modified":"2016-05-25T10:26:49","modified_gmt":"2016-05-25T08:26:49","slug":"kerti-grill-2","status":"publish","type":"product","link":"https:\/\/vasontode.hu\/de\/produkt\/kerti-grill-2\/","title":{"rendered":"Gartengrill"},"content":{"rendered":"<h3><strong><em>Gartengrill<\/em><\/strong><\/h3>\n<h4><\/h4>\n<h4><strong>Anwendung:<\/strong><\/h4>\n<h5>Zum Grillen im Freien, auf ein vorbereitetes Fundament gestellt, geeignet zum Grillen mit Holzkohle.<\/h5>\n<h4>Bestandteile:<\/h4>\n<ul>\n<li>\n<h5>GR-01 Feuerrost 14kg 1 St.\/Produkt<\/h5>\n<\/li>\n<li>\n<h5>GR-02 linke Halterung 1,65kg 1 St.\/Produkt<\/h5>\n<\/li>\n<li>\n<h5>GR-03 rechte Halterung 1,65kg 1 St.\/Produkt<\/h5>\n<\/li>\n<li>\n<h5>GR-04 Fu\u00df 0,9kg 2 St.\/Produkt<\/h5>\n<\/li>\n<li>\n<h5>GR-05 Abgrenzer 0,65kg 2 St.\/Produkt<\/h5>\n<\/li>\n<\/ul>\n<h4><\/h4>\n<h4><strong>Eigenschaften:<\/strong><\/h4>\n<p>Das verst\u00e4rkte Gitter verformt sich nicht durch W\u00e4rme. Der Grillrost (kein Zubeh\u00f6r) kann in 4 H\u00f6hen eingestellt werden, durch die eingebauten Nivellierungs-Spitzen in der Halterung. Achten Sie darauf, dass die \u00fcberhitzten Bestandteile nicht mit kaltem Wasser in Ber\u00fchrung kommen! Es wird empfohlen, den Feuerrost mit einem Aschekasten zu verwenden.<\/p>\n<h4><strong>Gr\u00f6sse:<\/strong><\/h4>\n<ul>\n<li>\n<h5>58 x 41 cm<\/h5>\n<\/li>\n<li>\n<h5>H\u00f6he: 44 cm<\/h5>\n<\/li>\n<\/ul>\n<h4><strong>Gewicht:<\/strong><\/h4>\n<h5>20,35 kg<\/h5>\n<h4><strong>Materialqualit\u00e4t:<\/strong><\/h4>\n<h5>EN-GJL-200<\/h5>\n<h4><strong>Gussveredelung:<\/strong><\/h4>\n<h5>Geschliffene, sandgestrahlte Ausf\u00fchrung \u2013 bei Bedarf, gegen Aufpreis, auch in zusammengestellter Ausf\u00fchrung zu bestellen.<\/h5>\n<h4><strong>Bemerkung:<\/strong><\/h4>\n<h5>Durch unsere gro\u00dfe Kapazit\u00e4t in der Handgie\u00dferei k\u00f6nnen wir auch Bestellungen f\u00fcr klene Serien und f\u00fcr Sondergussst\u00fccke befriedigen.<\/h5>\n<h5 style=\"text-align: center;\"><span style=\"text-decoration: underline;\"><a href=\"https:\/\/vasontode.hu\/app\/uploads\/Kerti-grill-gy\u00e1rtm\u00e1nyismertet\u0151_DE-lekt-1.pdf\" rel=\"\">Klicken Sie hier f\u00fcr die Produktbeschreibung!<\/a><\/span><\/h5>\n","protected":false},"excerpt":{"rendered":"<h5>Gartengrill aus Gusseisen, der geeignet zum grillen im Freien mit Familie oder Freunden.<\/h5>\n<h5><strong> Kaufen Sie direkt vom Hersteller!<\/strong><\/h5>\n<p>&nbsp;<\/p>\n","protected":false},"featured_media":3212,"comment_status":"open","ping_status":"closed","template":"","meta":{"_monsterinsights_skip_tracking":false,"_monsterinsights_sitenote_active":false,"_monsterinsights_sitenote_note":"","_monsterinsights_sitenote_category":0},"product_cat":[207],"product_tag":[],"acf":[],"yoast_head":"<!-- This site is optimized with the Yoast SEO plugin v18.9 - https:\/\/yoast.com\/wordpress\/plugins\/seo\/ -->\n<title>Gartengrill | Moh\u00e1csi Vas\u00f6nt\u00f6de<\/title>\n<meta name=\"description\" content=\"Gartengrill aus Gusseisen, der geeignet zum grillen im Freien mit Familie oder Freunden. Kaufen Sie direkt vom Hersteller!\" \/>\n<meta name=\"robots\" content=\"index, follow, max-snippet:-1, max-image-preview:large, max-video-preview:-1\" \/>\n<link rel=\"canonical\" href=\"https:\/\/vasontode.hu\/de\/produkt\/kerti-grill-2\/\" \/>\n<meta property=\"og:locale\" content=\"de_DE\" \/>\n<meta property=\"og:type\" content=\"article\" \/>\n<meta property=\"og:title\" content=\"Gartengrill | Moh\u00e1csi Vas\u00f6nt\u00f6de\" \/>\n<meta property=\"og:description\" content=\"Gartengrill aus Gusseisen, der geeignet zum grillen im Freien mit Familie oder Freunden. Kaufen Sie direkt vom Hersteller!\" \/>\n<meta property=\"og:url\" content=\"https:\/\/vasontode.hu\/de\/produkt\/kerti-grill-2\/\" \/>\n<meta property=\"og:site_name\" content=\"Moh\u00e1csi Vas\u00f6nt\u00f6de\" \/>\n<meta property=\"article:modified_time\" content=\"2016-05-25T08:26:49+00:00\" \/>\n<meta property=\"og:image\" content=\"https:\/\/vasontode.hu\/app\/uploads\/Kerti-grill-1.jpg\" \/>\n\t<meta property=\"og:image:width\" content=\"800\" \/>\n\t<meta property=\"og:image:height\" content=\"639\" \/>\n\t<meta property=\"og:image:type\" content=\"image\/jpeg\" \/>\n<meta name=\"twitter:label1\" content=\"Est. reading time\" \/>\n\t<meta name=\"twitter:data1\" content=\"1 minute\" \/>\n<script type=\"application\/ld+json\" class=\"yoast-schema-graph\">{\"@context\":\"https:\/\/schema.org\",\"@graph\":[{\"@type\":\"WebSite\",\"@id\":\"https:\/\/vasontode.hu\/#website\",\"url\":\"https:\/\/vasontode.hu\/\",\"name\":\"Moh\u00e1csi Vas\u00f6nt\u00f6de\",\"description\":\"Egyedi \u00f6ntv\u00e9ny, kettlebell, szerelv\u00e9nyek, t\u0171zcsapok\",\"potentialAction\":[{\"@type\":\"SearchAction\",\"target\":{\"@type\":\"EntryPoint\",\"urlTemplate\":\"https:\/\/vasontode.hu\/?s={search_term_string}\"},\"query-input\":\"required name=search_term_string\"}],\"inLanguage\":\"de-DE\"},{\"@type\":\"ImageObject\",\"inLanguage\":\"de-DE\",\"@id\":\"https:\/\/vasontode.hu\/de\/produkt\/kerti-grill-2\/#primaryimage\",\"url\":\"https:\/\/vasontode.hu\/app\/uploads\/Kerti-grill-1.jpg\",\"contentUrl\":\"https:\/\/vasontode.hu\/app\/uploads\/Kerti-grill-1.jpg\",\"width\":800,\"height\":639},{\"@type\":\"WebPage\",\"@id\":\"https:\/\/vasontode.hu\/de\/produkt\/kerti-grill-2\/#webpage\",\"url\":\"https:\/\/vasontode.hu\/de\/produkt\/kerti-grill-2\/\",\"name\":\"Gartengrill | Moh\u00e1csi Vas\u00f6nt\u00f6de\",\"isPartOf\":{\"@id\":\"https:\/\/vasontode.hu\/#website\"},\"primaryImageOfPage\":{\"@id\":\"https:\/\/vasontode.hu\/de\/produkt\/kerti-grill-2\/#primaryimage\"},\"datePublished\":\"2016-04-08T11:58:53+00:00\",\"dateModified\":\"2016-05-25T08:26:49+00:00\",\"description\":\"Gartengrill aus Gusseisen, der geeignet zum grillen im Freien mit Familie oder Freunden. Kaufen Sie direkt vom Hersteller!\",\"breadcrumb\":{\"@id\":\"https:\/\/vasontode.hu\/de\/produkt\/kerti-grill-2\/#breadcrumb\"},\"inLanguage\":\"de-DE\",\"potentialAction\":[{\"@type\":\"ReadAction\",\"target\":[\"https:\/\/vasontode.hu\/de\/produkt\/kerti-grill-2\/\"]}]},{\"@type\":\"BreadcrumbList\",\"@id\":\"https:\/\/vasontode.hu\/de\/produkt\/kerti-grill-2\/#breadcrumb\",\"itemListElement\":[{\"@type\":\"ListItem\",\"position\":1,\"name\":\"Kezd\u0151lap\",\"item\":\"https:\/\/vasontode.hu\/de\/\"},{\"@type\":\"ListItem\",\"position\":2,\"name\":\"Term\u00e9kek\",\"item\":\"https:\/\/vasontode.hu\/termekek\/\"},{\"@type\":\"ListItem\",\"position\":3,\"name\":\"Gartengrill\"}]}]}<\/script>\n<!-- \/ Yoast SEO plugin. -->","yoast_head_json":{"title":"Gartengrill | Moh\u00e1csi Vas\u00f6nt\u00f6de","description":"Gartengrill aus Gusseisen, der geeignet zum grillen im Freien mit Familie oder Freunden. Kaufen Sie direkt vom Hersteller!","robots":{"index":"index","follow":"follow","max-snippet":"max-snippet:-1","max-image-preview":"max-image-preview:large","max-video-preview":"max-video-preview:-1"},"canonical":"https:\/\/vasontode.hu\/de\/produkt\/kerti-grill-2\/","og_locale":"de_DE","og_type":"article","og_title":"Gartengrill | Moh\u00e1csi Vas\u00f6nt\u00f6de","og_description":"Gartengrill aus Gusseisen, der geeignet zum grillen im Freien mit Familie oder Freunden. Kaufen Sie direkt vom Hersteller!","og_url":"https:\/\/vasontode.hu\/de\/produkt\/kerti-grill-2\/","og_site_name":"Moh\u00e1csi Vas\u00f6nt\u00f6de","article_modified_time":"2016-05-25T08:26:49+00:00","og_image":[{"width":800,"height":639,"url":"https:\/\/vasontode.hu\/app\/uploads\/Kerti-grill-1.jpg","type":"image\/jpeg"}],"twitter_misc":{"Est. reading time":"1 minute"},"schema":{"@context":"https:\/\/schema.org","@graph":[{"@type":"WebSite","@id":"https:\/\/vasontode.hu\/#website","url":"https:\/\/vasontode.hu\/","name":"Moh\u00e1csi Vas\u00f6nt\u00f6de","description":"Egyedi \u00f6ntv\u00e9ny, kettlebell, szerelv\u00e9nyek, t\u0171zcsapok","potentialAction":[{"@type":"SearchAction","target":{"@type":"EntryPoint","urlTemplate":"https:\/\/vasontode.hu\/?s={search_term_string}"},"query-input":"required name=search_term_string"}],"inLanguage":"de-DE"},{"@type":"ImageObject","inLanguage":"de-DE","@id":"https:\/\/vasontode.hu\/de\/produkt\/kerti-grill-2\/#primaryimage","url":"https:\/\/vasontode.hu\/app\/uploads\/Kerti-grill-1.jpg","contentUrl":"https:\/\/vasontode.hu\/app\/uploads\/Kerti-grill-1.jpg","width":800,"height":639},{"@type":"WebPage","@id":"https:\/\/vasontode.hu\/de\/produkt\/kerti-grill-2\/#webpage","url":"https:\/\/vasontode.hu\/de\/produkt\/kerti-grill-2\/","name":"Gartengrill | Moh\u00e1csi Vas\u00f6nt\u00f6de","isPartOf":{"@id":"https:\/\/vasontode.hu\/#website"},"primaryImageOfPage":{"@id":"https:\/\/vasontode.hu\/de\/produkt\/kerti-grill-2\/#primaryimage"},"datePublished":"2016-04-08T11:58:53+00:00","dateModified":"2016-05-25T08:26:49+00:00","description":"Gartengrill aus Gusseisen, der geeignet zum grillen im Freien mit Familie oder Freunden. Kaufen Sie direkt vom Hersteller!","breadcrumb":{"@id":"https:\/\/vasontode.hu\/de\/produkt\/kerti-grill-2\/#breadcrumb"},"inLanguage":"de-DE","potentialAction":[{"@type":"ReadAction","target":["https:\/\/vasontode.hu\/de\/produkt\/kerti-grill-2\/"]}]},{"@type":"BreadcrumbList","@id":"https:\/\/vasontode.hu\/de\/produkt\/kerti-grill-2\/#breadcrumb","itemListElement":[{"@type":"ListItem","position":1,"name":"Kezd\u0151lap","item":"https:\/\/vasontode.hu\/de\/"},{"@type":"ListItem","position":2,"name":"Term\u00e9kek","item":"https:\/\/vasontode.hu\/termekek\/"},{"@type":"ListItem","position":3,"name":"Gartengrill"}]}]}},"_links":{"self":[{"href":"https:\/\/vasontode.hu\/de\/wp-json\/wp\/v2\/product\/3332"}],"collection":[{"href":"https:\/\/vasontode.hu\/de\/wp-json\/wp\/v2\/product"}],"about":[{"href":"https:\/\/vasontode.hu\/de\/wp-json\/wp\/v2\/types\/product"}],"replies":[{"embeddable":true,"href":"https:\/\/vasontode.hu\/de\/wp-json\/wp\/v2\/comments?post=3332"}],"wp:featuredmedia":[{"embeddable":true,"href":"https:\/\/vasontode.hu\/de\/wp-json\/wp\/v2\/media\/3212"}],"wp:attachment":[{"href":"https:\/\/vasontode.hu\/de\/wp-json\/wp\/v2\/media?parent=3332"}],"wp:term":[{"taxonomy":"product_cat","embeddable":true,"href":"https:\/\/vasontode.hu\/de\/wp-json\/wp\/v2\/product_cat?post=3332"},{"taxonomy":"product_tag","embeddable":true,"href":"https:\/\/vasontode.hu\/de\/wp-json\/wp\/v2\/product_tag?post=3332"}],"curies":[{"name":"wp","href":"https:\/\/api.w.org\/{rel}","templated":true}]}}