{"id":3333,"date":"2016-04-08T13:57:16","date_gmt":"2016-04-08T11:57:16","guid":{"rendered":"https:\/\/vasontode.hu\/de\/product\/ipari-gepontvenyek-2\/"},"modified":"2016-05-25T10:47:10","modified_gmt":"2016-05-25T08:47:10","slug":"ipari-gepontvenyek","status":"publish","type":"product","link":"https:\/\/vasontode.hu\/de\/produkt\/ipari-gepontvenyek\/","title":{"rendered":"Industrielle Maschinengussst\u00fccke"},"content":{"rendered":"<h3><strong><em>Industrielle Maschinengussst\u00fccke<\/em><\/strong><\/h3>\n<p><em>Wir bestreben uns, alle anfallenden Gussanspr\u00fcche im Bereich der Maschinenindustrie zu befriedigen in den folgenden Qualit\u00e4ten und Abmessungen:<\/em><\/p>\n<ul>\n<li>\n<h5>Gusseisen mit <strong>Lamellengraphit<\/strong> in den <strong>Qualit\u00e4ten<\/strong> EN-GJL 200 (\u00d6v 200; GG 20) und EN-GJL-250 (\u00d6v 250; GG 25) laut EN 1560: 2000<\/h5>\n<\/li>\n<li>\n<h5>Gusseisen mit <strong>Kugelgraphit<\/strong> in den <strong>Qualit\u00e4ten<\/strong> laut EN 1563: 2000<\/h5>\n<\/li>\n<li>\n<h5>Unsere <strong>Produktionskapazit\u00e4t<\/strong> betr\u00e4gt 4000 Tonnen pro Jahr (im Handformguss und im halbautomatischen Maschinenformguss)<\/h5>\n<\/li>\n<li>\n<h5><strong>Herstellbare Abmessungen<\/strong>: min. 50x50x50mm, max. 2500x1500x800mm<\/h5>\n<\/li>\n<li>\n<h5><strong>Gewichtsgrenze der Gussst\u00fccke<\/strong>: min. 0,5kg, max.700kg<\/h5>\n<\/li>\n<li>\n<h5><strong>Minimale Wandst\u00e4rke<\/strong>: 6-8mm<\/h5>\n<\/li>\n<\/ul>\n<p><em>Wir \u00fcbernehmen die Herstellung von industrielle Maschinengussst\u00fccke, landwirtschaftliche\u00a0Maschinengussst\u00fccke und Maschinenteile.\u00a0<\/em><\/p>\n<h5><strong>Die von uns hergestellten Gussst\u00fccke verf\u00fcgen \u00fcber die folgenden Eigenschaften<\/strong><\/h5>\n<ul>\n<li>\n<h5>gute Bearbeitungsf\u00e4higkeit<\/h5>\n<\/li>\n<li>\n<h5>gute Druckfestigkeit<\/h5>\n<\/li>\n<li>\n<h5>gute Verschlei\u00dffestigkeit<\/h5>\n<\/li>\n<li>\n<h5>gleichm\u00e4\u00dfige Oberfl\u00e4chenh\u00e4rte<\/h5>\n<\/li>\n<li>\n<h5>gute Polierbarkeit<\/h5>\n<\/li>\n<\/ul>\n","protected":false},"excerpt":{"rendered":"<h5>Qualitativ industrielle Maschinengussst\u00fccke. Wir \u00fcbernehmen die Herstellung von industrielle und landwirtschaftliche Maschinengussst\u00fccke, Maschinenteile.<\/h5>\n<h5><strong>Kontrollierte Qualit\u00e4t!<\/strong><\/h5>\n","protected":false},"featured_media":3156,"comment_status":"open","ping_status":"closed","template":"","meta":{"_monsterinsights_skip_tracking":false,"_monsterinsights_sitenote_active":false,"_monsterinsights_sitenote_note":"","_monsterinsights_sitenote_category":0},"product_cat":[207],"product_tag":[],"acf":[],"yoast_head":"<!-- This site is optimized with the Yoast SEO plugin v18.9 - https:\/\/yoast.com\/wordpress\/plugins\/seo\/ -->\n<title>Industrielle Maschinengussst\u00fccke | Moh\u00e1csi Vas\u00f6nt\u00f6de<\/title>\n<meta name=\"description\" content=\"Qualitativ industrielle Maschinengussst\u00fccke. Wir \u00fcbernehmen die Herstellung von industrielle und landwirtschaftliche Maschinengussst\u00fccke, Maschinenteile.\" \/>\n<meta name=\"robots\" content=\"index, follow, max-snippet:-1, max-image-preview:large, max-video-preview:-1\" \/>\n<link rel=\"canonical\" href=\"https:\/\/vasontode.hu\/de\/produkt\/ipari-gepontvenyek\/\" \/>\n<meta property=\"og:locale\" content=\"de_DE\" \/>\n<meta property=\"og:type\" content=\"article\" \/>\n<meta property=\"og:title\" content=\"Industrielle Maschinengussst\u00fccke | Moh\u00e1csi Vas\u00f6nt\u00f6de\" \/>\n<meta property=\"og:description\" content=\"Qualitativ industrielle Maschinengussst\u00fccke. Wir \u00fcbernehmen die Herstellung von industrielle und landwirtschaftliche Maschinengussst\u00fccke, Maschinenteile.\" \/>\n<meta property=\"og:url\" content=\"https:\/\/vasontode.hu\/de\/produkt\/ipari-gepontvenyek\/\" \/>\n<meta property=\"og:site_name\" content=\"Moh\u00e1csi Vas\u00f6nt\u00f6de\" \/>\n<meta property=\"article:modified_time\" content=\"2016-05-25T08:47:10+00:00\" \/>\n<meta property=\"og:image\" content=\"https:\/\/vasontode.hu\/app\/uploads\/IMG_1042jv.jpg\" \/>\n\t<meta property=\"og:image:width\" content=\"1978\" \/>\n\t<meta property=\"og:image:height\" content=\"1728\" \/>\n\t<meta property=\"og:image:type\" content=\"image\/jpeg\" \/>\n<meta name=\"twitter:label1\" content=\"Est. reading time\" \/>\n\t<meta name=\"twitter:data1\" content=\"1 minute\" \/>\n<script type=\"application\/ld+json\" class=\"yoast-schema-graph\">{\"@context\":\"https:\/\/schema.org\",\"@graph\":[{\"@type\":\"WebSite\",\"@id\":\"https:\/\/vasontode.hu\/#website\",\"url\":\"https:\/\/vasontode.hu\/\",\"name\":\"Moh\u00e1csi Vas\u00f6nt\u00f6de\",\"description\":\"Egyedi \u00f6ntv\u00e9ny, kettlebell, szerelv\u00e9nyek, t\u0171zcsapok\",\"potentialAction\":[{\"@type\":\"SearchAction\",\"target\":{\"@type\":\"EntryPoint\",\"urlTemplate\":\"https:\/\/vasontode.hu\/?s={search_term_string}\"},\"query-input\":\"required name=search_term_string\"}],\"inLanguage\":\"de-DE\"},{\"@type\":\"ImageObject\",\"inLanguage\":\"de-DE\",\"@id\":\"https:\/\/vasontode.hu\/de\/produkt\/ipari-gepontvenyek\/#primaryimage\",\"url\":\"https:\/\/vasontode.hu\/app\/uploads\/IMG_1042jv.jpg\",\"contentUrl\":\"https:\/\/vasontode.hu\/app\/uploads\/IMG_1042jv.jpg\",\"width\":1978,\"height\":1728},{\"@type\":\"WebPage\",\"@id\":\"https:\/\/vasontode.hu\/de\/produkt\/ipari-gepontvenyek\/#webpage\",\"url\":\"https:\/\/vasontode.hu\/de\/produkt\/ipari-gepontvenyek\/\",\"name\":\"Industrielle Maschinengussst\u00fccke | Moh\u00e1csi Vas\u00f6nt\u00f6de\",\"isPartOf\":{\"@id\":\"https:\/\/vasontode.hu\/#website\"},\"primaryImageOfPage\":{\"@id\":\"https:\/\/vasontode.hu\/de\/produkt\/ipari-gepontvenyek\/#primaryimage\"},\"datePublished\":\"2016-04-08T11:57:16+00:00\",\"dateModified\":\"2016-05-25T08:47:10+00:00\",\"description\":\"Qualitativ industrielle Maschinengussst\u00fccke. Wir \u00fcbernehmen die Herstellung von industrielle und landwirtschaftliche Maschinengussst\u00fccke, Maschinenteile.\",\"breadcrumb\":{\"@id\":\"https:\/\/vasontode.hu\/de\/produkt\/ipari-gepontvenyek\/#breadcrumb\"},\"inLanguage\":\"de-DE\",\"potentialAction\":[{\"@type\":\"ReadAction\",\"target\":[\"https:\/\/vasontode.hu\/de\/produkt\/ipari-gepontvenyek\/\"]}]},{\"@type\":\"BreadcrumbList\",\"@id\":\"https:\/\/vasontode.hu\/de\/produkt\/ipari-gepontvenyek\/#breadcrumb\",\"itemListElement\":[{\"@type\":\"ListItem\",\"position\":1,\"name\":\"Kezd\u0151lap\",\"item\":\"https:\/\/vasontode.hu\/de\/\"},{\"@type\":\"ListItem\",\"position\":2,\"name\":\"Term\u00e9kek\",\"item\":\"https:\/\/vasontode.hu\/termekek\/\"},{\"@type\":\"ListItem\",\"position\":3,\"name\":\"Industrielle Maschinengussst\u00fccke\"}]}]}<\/script>\n<!-- \/ Yoast SEO plugin. -->","yoast_head_json":{"title":"Industrielle Maschinengussst\u00fccke | Moh\u00e1csi Vas\u00f6nt\u00f6de","description":"Qualitativ industrielle Maschinengussst\u00fccke. Wir \u00fcbernehmen die Herstellung von industrielle und landwirtschaftliche Maschinengussst\u00fccke, Maschinenteile.","robots":{"index":"index","follow":"follow","max-snippet":"max-snippet:-1","max-image-preview":"max-image-preview:large","max-video-preview":"max-video-preview:-1"},"canonical":"https:\/\/vasontode.hu\/de\/produkt\/ipari-gepontvenyek\/","og_locale":"de_DE","og_type":"article","og_title":"Industrielle Maschinengussst\u00fccke | Moh\u00e1csi Vas\u00f6nt\u00f6de","og_description":"Qualitativ industrielle Maschinengussst\u00fccke. Wir \u00fcbernehmen die Herstellung von industrielle und landwirtschaftliche Maschinengussst\u00fccke, Maschinenteile.","og_url":"https:\/\/vasontode.hu\/de\/produkt\/ipari-gepontvenyek\/","og_site_name":"Moh\u00e1csi Vas\u00f6nt\u00f6de","article_modified_time":"2016-05-25T08:47:10+00:00","og_image":[{"width":1978,"height":1728,"url":"https:\/\/vasontode.hu\/app\/uploads\/IMG_1042jv.jpg","type":"image\/jpeg"}],"twitter_misc":{"Est. reading time":"1 minute"},"schema":{"@context":"https:\/\/schema.org","@graph":[{"@type":"WebSite","@id":"https:\/\/vasontode.hu\/#website","url":"https:\/\/vasontode.hu\/","name":"Moh\u00e1csi Vas\u00f6nt\u00f6de","description":"Egyedi \u00f6ntv\u00e9ny, kettlebell, szerelv\u00e9nyek, t\u0171zcsapok","potentialAction":[{"@type":"SearchAction","target":{"@type":"EntryPoint","urlTemplate":"https:\/\/vasontode.hu\/?s={search_term_string}"},"query-input":"required name=search_term_string"}],"inLanguage":"de-DE"},{"@type":"ImageObject","inLanguage":"de-DE","@id":"https:\/\/vasontode.hu\/de\/produkt\/ipari-gepontvenyek\/#primaryimage","url":"https:\/\/vasontode.hu\/app\/uploads\/IMG_1042jv.jpg","contentUrl":"https:\/\/vasontode.hu\/app\/uploads\/IMG_1042jv.jpg","width":1978,"height":1728},{"@type":"WebPage","@id":"https:\/\/vasontode.hu\/de\/produkt\/ipari-gepontvenyek\/#webpage","url":"https:\/\/vasontode.hu\/de\/produkt\/ipari-gepontvenyek\/","name":"Industrielle Maschinengussst\u00fccke | Moh\u00e1csi Vas\u00f6nt\u00f6de","isPartOf":{"@id":"https:\/\/vasontode.hu\/#website"},"primaryImageOfPage":{"@id":"https:\/\/vasontode.hu\/de\/produkt\/ipari-gepontvenyek\/#primaryimage"},"datePublished":"2016-04-08T11:57:16+00:00","dateModified":"2016-05-25T08:47:10+00:00","description":"Qualitativ industrielle Maschinengussst\u00fccke. Wir \u00fcbernehmen die Herstellung von industrielle und landwirtschaftliche Maschinengussst\u00fccke, Maschinenteile.","breadcrumb":{"@id":"https:\/\/vasontode.hu\/de\/produkt\/ipari-gepontvenyek\/#breadcrumb"},"inLanguage":"de-DE","potentialAction":[{"@type":"ReadAction","target":["https:\/\/vasontode.hu\/de\/produkt\/ipari-gepontvenyek\/"]}]},{"@type":"BreadcrumbList","@id":"https:\/\/vasontode.hu\/de\/produkt\/ipari-gepontvenyek\/#breadcrumb","itemListElement":[{"@type":"ListItem","position":1,"name":"Kezd\u0151lap","item":"https:\/\/vasontode.hu\/de\/"},{"@type":"ListItem","position":2,"name":"Term\u00e9kek","item":"https:\/\/vasontode.hu\/termekek\/"},{"@type":"ListItem","position":3,"name":"Industrielle Maschinengussst\u00fccke"}]}]}},"_links":{"self":[{"href":"https:\/\/vasontode.hu\/de\/wp-json\/wp\/v2\/product\/3333"}],"collection":[{"href":"https:\/\/vasontode.hu\/de\/wp-json\/wp\/v2\/product"}],"about":[{"href":"https:\/\/vasontode.hu\/de\/wp-json\/wp\/v2\/types\/product"}],"replies":[{"embeddable":true,"href":"https:\/\/vasontode.hu\/de\/wp-json\/wp\/v2\/comments?post=3333"}],"wp:featuredmedia":[{"embeddable":true,"href":"https:\/\/vasontode.hu\/de\/wp-json\/wp\/v2\/media\/3156"}],"wp:attachment":[{"href":"https:\/\/vasontode.hu\/de\/wp-json\/wp\/v2\/media?parent=3333"}],"wp:term":[{"taxonomy":"product_cat","embeddable":true,"href":"https:\/\/vasontode.hu\/de\/wp-json\/wp\/v2\/product_cat?post=3333"},{"taxonomy":"product_tag","embeddable":true,"href":"https:\/\/vasontode.hu\/de\/wp-json\/wp\/v2\/product_tag?post=3333"}],"curies":[{"name":"wp","href":"https:\/\/api.w.org\/{rel}","templated":true}]}}