{"id":3334,"date":"2016-04-08T13:55:55","date_gmt":"2016-04-08T11:55:55","guid":{"rendered":"https:\/\/vasontode.hu\/de\/product\/tuzracsok-rostelyok\/"},"modified":"2016-05-25T11:42:15","modified_gmt":"2016-05-25T09:42:15","slug":"tuzracsok-rostelyok","status":"publish","type":"product","link":"https:\/\/vasontode.hu\/de\/produkt\/tuzracsok-rostelyok\/","title":{"rendered":"Feuerroste"},"content":{"rendered":"<h3><em>Feuerroste<\/em><\/h3>\n<p>&nbsp;<\/p>\n<h4><strong>Unsere Firma hat die folgende eigene Produkte:<\/strong><\/h4>\n<h5><strong>Benennung \u00a0 \u00a0 Gr\u00f6sse \u00a0 \u00a0 \u00a0 \u00a0 Gewicht (kg)<\/strong><\/h5>\n<h5>Feuerrost\u00a0 \u00a0 \u00a0 \u00a0 \u00a0 \u00a016\u00d718 \u00a0 \u00a0 \u00a0 \u00a0 \u00a0 1,4<br \/>\nFeuerrost\u00a0 \u00a0 \u00a0 \u00a0 \u00a0 \u00a016\u00d721 \u00a0 \u00a0 \u00a0 \u00a0 \u00a0 1,6<br \/>\nFeuerrost\u00a0 \u00a0 \u00a0 \u00a0 \u00a0 \u00a016\u00d723 \u00a0 \u00a0 \u00a0 \u00a0 \u00a0 2,1<br \/>\nFeuerrost\u00a0 \u00a0 \u00a0 \u00a0 \u00a0 \u00a016\u00d725 \u00a0 \u00a0 \u00a0 \u00a0 \u00a0 1,9<br \/>\nFeuerrost\u00a0 \u00a0 \u00a0 \u00a0 \u00a0 \u00a018\u00d721 \u00a0 \u00a0 \u00a0 \u00a0 \u00a0 1,9<br \/>\nFeuerrost\u00a0 \u00a0 \u00a0 \u00a0 \u00a0 \u00a018\u00d725 \u00a0 \u00a0 \u00a0 \u00a0 \u00a0 2,5<br \/>\nFeuerrost\u00a0 \u00a0 \u00a0 \u00a0 \u00a0 \u00a021\u00d723 \u00a0 \u00a0 \u00a0 \u00a0 \u00a0 2,6<br \/>\nFeuerrost\u00a0 \u00a0 \u00a0 \u00a0 \u00a0 \u00a021\u00d725 \u00a0 \u00a0 \u00a0 \u00a0 \u00a0 2,9<br \/>\nFeuerrost\u00a0 \u00a0 \u00a0 \u00a0 \u00a0 \u00a021\u00d731 \u00a0 \u00a0 \u00a0 \u00a0 \u00a0 3,4<br \/>\nFeuerrost\u00a0 \u00a0 \u00a0 \u00a0 \u00a0 \u00a023\u00d725 \u00a0 \u00a0 \u00a0 \u00a0 \u00a0 3,4<br \/>\nFeuerrost\u00a0 \u00a0 \u00a0 \u00a0 \u00a0 \u00a023\u00d731 \u00a0 \u00a0 \u00a0 \u00a0 \u00a0 3,8<br \/>\nFeuerrost\u00a0 \u00a0 \u00a0 \u00a0 \u00a0 \u00a026\u00d731 \u00a0 \u00a0 \u00a0 \u00a0 \u00a0 4,1<br \/>\nFeuerrost\u00a0 \u00a0 \u00a0 \u00a0 \u00a0 \u00a038\u00d77,2 \u00a0 \u00a0 \u00a0 \u00a0 \u00a02,4<br \/>\nFeuerrost\u00a0 \u00a0 \u00a0 \u00a0 \u00a0 \u00a048\u00d77,5 \u00a0 \u00a0 \u00a0 \u00a0 \u00a02,4<br \/>\nFeuerrost\u00a0 \u00a0 \u00a0 \u00a0 \u00a0 \u00a048\u00d713 \u00a0 \u00a0 \u00a0 \u00a0 \u00a0 6,7<br \/>\nFeuerrost\u00a0 \u00a0 \u00a0 \u00a0 \u00a0 \u00a058\u00d77,5 \u00a0 \u00a0 \u00a0 \u00a0 \u00a04,5<br \/>\nFeuerrost\u00a0 \u00a0 \u00a0 \u00a0 \u00a0 \u00a057\u00d715 \u00a0 \u00a0 \u00a0 \u00a0 \u00a010,2<br \/>\nFeuerrost\u00a0 \u00a0 \u00a0 \u00a0 \u00a0 \u00a031\u00d77,2 \u00a0 \u00a0 \u00a0 \u00a0 \u00a02,5<br \/>\nFeuerrost\u00a0 \u00a0 \u00a0 \u00a0 \u00a0 \u00a032\u00d719 \u00a0 \u00a0 \u00a0 \u00a0 \u00a0 3,6<br \/>\nFeuerrost\u00a0 \u00a0 \u00a0 \u00a0 \u00a0 \u00a0 \u00a0\u00d818 \u00a0 \u00a0 \u00a0 \u00a0 \u00a0 \u00a01,5<\/h5>\n<h5>Kessel Feuerrost\u00a0 \u00a0540\u00d7110 \u00a0 \u00a0 \u00a0 6,5<br \/>\nKessel Feuerrost\u00a0 \u00a0580\u00d7160 \u00a0 \u00a0 \u00a011,2<\/h5>\n<p>&nbsp;<\/p>\n<h4><strong>Bemerkung:<\/strong><\/h4>\n<h5>Durch unsere gro\u00dfe Kapazit\u00e4t in der Handgie\u00dferei k\u00f6nnen wir auch Bestellungen f\u00fcr kleine Serien und f\u00fcr Sondergussst\u00fccke befriedigen.<\/h5>\n","protected":false},"excerpt":{"rendered":"<h5>Feuerroste aus Gusseisen in mehreren Gr\u00f6sse und in Einzelausf\u00fchrung . Zum Kessel, Ofen, Ziegelofen und Kamin.<\/h5>\n<h5><strong>Kaufen Sie direkt vom Hersteller!<\/strong><\/h5>\n","protected":false},"featured_media":3222,"comment_status":"open","ping_status":"closed","template":"","meta":{"_monsterinsights_skip_tracking":false,"_monsterinsights_sitenote_active":false,"_monsterinsights_sitenote_note":"","_monsterinsights_sitenote_category":0},"product_cat":[],"product_tag":[],"acf":[],"yoast_head":"<!-- This site is optimized with the Yoast SEO plugin v18.9 - https:\/\/yoast.com\/wordpress\/plugins\/seo\/ -->\n<title>Feuerroste | Moh\u00e1csi Vas\u00f6nt\u00f6de<\/title>\n<meta name=\"description\" content=\"Feuerroste aus Gusseisen in mehreren Gr\u00f6sse und in Einzelausf\u00fchrung . Zum Kessel, Ofen, Ziegelofen und Kamin. Kaufen Sie direkt vom Hersteller!\" \/>\n<meta name=\"robots\" content=\"index, follow, max-snippet:-1, max-image-preview:large, max-video-preview:-1\" \/>\n<link rel=\"canonical\" href=\"https:\/\/vasontode.hu\/de\/produkt\/tuzracsok-rostelyok\/\" \/>\n<meta property=\"og:locale\" content=\"de_DE\" \/>\n<meta property=\"og:type\" content=\"article\" \/>\n<meta property=\"og:title\" content=\"Feuerroste | Moh\u00e1csi Vas\u00f6nt\u00f6de\" \/>\n<meta property=\"og:description\" content=\"Feuerroste aus Gusseisen in mehreren Gr\u00f6sse und in Einzelausf\u00fchrung . Zum Kessel, Ofen, Ziegelofen und Kamin. Kaufen Sie direkt vom Hersteller!\" \/>\n<meta property=\"og:url\" content=\"https:\/\/vasontode.hu\/de\/produkt\/tuzracsok-rostelyok\/\" \/>\n<meta property=\"og:site_name\" content=\"Moh\u00e1csi Vas\u00f6nt\u00f6de\" \/>\n<meta property=\"article:modified_time\" content=\"2016-05-25T09:42:15+00:00\" \/>\n<meta property=\"og:image\" content=\"https:\/\/vasontode.hu\/app\/uploads\/T\u0171zr\u00e1cs.jpg\" \/>\n\t<meta property=\"og:image:width\" content=\"800\" \/>\n\t<meta property=\"og:image:height\" content=\"733\" \/>\n\t<meta property=\"og:image:type\" content=\"image\/jpeg\" \/>\n<script type=\"application\/ld+json\" class=\"yoast-schema-graph\">{\"@context\":\"https:\/\/schema.org\",\"@graph\":[{\"@type\":\"WebSite\",\"@id\":\"https:\/\/vasontode.hu\/#website\",\"url\":\"https:\/\/vasontode.hu\/\",\"name\":\"Moh\u00e1csi Vas\u00f6nt\u00f6de\",\"description\":\"Egyedi \u00f6ntv\u00e9ny, kettlebell, szerelv\u00e9nyek, t\u0171zcsapok\",\"potentialAction\":[{\"@type\":\"SearchAction\",\"target\":{\"@type\":\"EntryPoint\",\"urlTemplate\":\"https:\/\/vasontode.hu\/?s={search_term_string}\"},\"query-input\":\"required name=search_term_string\"}],\"inLanguage\":\"de-DE\"},{\"@type\":\"ImageObject\",\"inLanguage\":\"de-DE\",\"@id\":\"https:\/\/vasontode.hu\/de\/produkt\/tuzracsok-rostelyok\/#primaryimage\",\"url\":\"https:\/\/vasontode.hu\/app\/uploads\/T\u0171zr\u00e1cs.jpg\",\"contentUrl\":\"https:\/\/vasontode.hu\/app\/uploads\/T\u0171zr\u00e1cs.jpg\",\"width\":800,\"height\":733},{\"@type\":\"WebPage\",\"@id\":\"https:\/\/vasontode.hu\/de\/produkt\/tuzracsok-rostelyok\/#webpage\",\"url\":\"https:\/\/vasontode.hu\/de\/produkt\/tuzracsok-rostelyok\/\",\"name\":\"Feuerroste | Moh\u00e1csi Vas\u00f6nt\u00f6de\",\"isPartOf\":{\"@id\":\"https:\/\/vasontode.hu\/#website\"},\"primaryImageOfPage\":{\"@id\":\"https:\/\/vasontode.hu\/de\/produkt\/tuzracsok-rostelyok\/#primaryimage\"},\"datePublished\":\"2016-04-08T11:55:55+00:00\",\"dateModified\":\"2016-05-25T09:42:15+00:00\",\"description\":\"Feuerroste aus Gusseisen in mehreren Gr\u00f6sse und in Einzelausf\u00fchrung . Zum Kessel, Ofen, Ziegelofen und Kamin. Kaufen Sie direkt vom Hersteller!\",\"breadcrumb\":{\"@id\":\"https:\/\/vasontode.hu\/de\/produkt\/tuzracsok-rostelyok\/#breadcrumb\"},\"inLanguage\":\"de-DE\",\"potentialAction\":[{\"@type\":\"ReadAction\",\"target\":[\"https:\/\/vasontode.hu\/de\/produkt\/tuzracsok-rostelyok\/\"]}]},{\"@type\":\"BreadcrumbList\",\"@id\":\"https:\/\/vasontode.hu\/de\/produkt\/tuzracsok-rostelyok\/#breadcrumb\",\"itemListElement\":[{\"@type\":\"ListItem\",\"position\":1,\"name\":\"Kezd\u0151lap\",\"item\":\"https:\/\/vasontode.hu\/de\/\"},{\"@type\":\"ListItem\",\"position\":2,\"name\":\"Term\u00e9kek\",\"item\":\"https:\/\/vasontode.hu\/termekek\/\"},{\"@type\":\"ListItem\",\"position\":3,\"name\":\"Feuerroste\"}]}]}<\/script>\n<!-- \/ Yoast SEO plugin. -->","yoast_head_json":{"title":"Feuerroste | Moh\u00e1csi Vas\u00f6nt\u00f6de","description":"Feuerroste aus Gusseisen in mehreren Gr\u00f6sse und in Einzelausf\u00fchrung . Zum Kessel, Ofen, Ziegelofen und Kamin. Kaufen Sie direkt vom Hersteller!","robots":{"index":"index","follow":"follow","max-snippet":"max-snippet:-1","max-image-preview":"max-image-preview:large","max-video-preview":"max-video-preview:-1"},"canonical":"https:\/\/vasontode.hu\/de\/produkt\/tuzracsok-rostelyok\/","og_locale":"de_DE","og_type":"article","og_title":"Feuerroste | Moh\u00e1csi Vas\u00f6nt\u00f6de","og_description":"Feuerroste aus Gusseisen in mehreren Gr\u00f6sse und in Einzelausf\u00fchrung . Zum Kessel, Ofen, Ziegelofen und Kamin. Kaufen Sie direkt vom Hersteller!","og_url":"https:\/\/vasontode.hu\/de\/produkt\/tuzracsok-rostelyok\/","og_site_name":"Moh\u00e1csi Vas\u00f6nt\u00f6de","article_modified_time":"2016-05-25T09:42:15+00:00","og_image":[{"width":800,"height":733,"url":"https:\/\/vasontode.hu\/app\/uploads\/T\u0171zr\u00e1cs.jpg","type":"image\/jpeg"}],"schema":{"@context":"https:\/\/schema.org","@graph":[{"@type":"WebSite","@id":"https:\/\/vasontode.hu\/#website","url":"https:\/\/vasontode.hu\/","name":"Moh\u00e1csi Vas\u00f6nt\u00f6de","description":"Egyedi \u00f6ntv\u00e9ny, kettlebell, szerelv\u00e9nyek, t\u0171zcsapok","potentialAction":[{"@type":"SearchAction","target":{"@type":"EntryPoint","urlTemplate":"https:\/\/vasontode.hu\/?s={search_term_string}"},"query-input":"required name=search_term_string"}],"inLanguage":"de-DE"},{"@type":"ImageObject","inLanguage":"de-DE","@id":"https:\/\/vasontode.hu\/de\/produkt\/tuzracsok-rostelyok\/#primaryimage","url":"https:\/\/vasontode.hu\/app\/uploads\/T\u0171zr\u00e1cs.jpg","contentUrl":"https:\/\/vasontode.hu\/app\/uploads\/T\u0171zr\u00e1cs.jpg","width":800,"height":733},{"@type":"WebPage","@id":"https:\/\/vasontode.hu\/de\/produkt\/tuzracsok-rostelyok\/#webpage","url":"https:\/\/vasontode.hu\/de\/produkt\/tuzracsok-rostelyok\/","name":"Feuerroste | Moh\u00e1csi Vas\u00f6nt\u00f6de","isPartOf":{"@id":"https:\/\/vasontode.hu\/#website"},"primaryImageOfPage":{"@id":"https:\/\/vasontode.hu\/de\/produkt\/tuzracsok-rostelyok\/#primaryimage"},"datePublished":"2016-04-08T11:55:55+00:00","dateModified":"2016-05-25T09:42:15+00:00","description":"Feuerroste aus Gusseisen in mehreren Gr\u00f6sse und in Einzelausf\u00fchrung . Zum Kessel, Ofen, Ziegelofen und Kamin. Kaufen Sie direkt vom Hersteller!","breadcrumb":{"@id":"https:\/\/vasontode.hu\/de\/produkt\/tuzracsok-rostelyok\/#breadcrumb"},"inLanguage":"de-DE","potentialAction":[{"@type":"ReadAction","target":["https:\/\/vasontode.hu\/de\/produkt\/tuzracsok-rostelyok\/"]}]},{"@type":"BreadcrumbList","@id":"https:\/\/vasontode.hu\/de\/produkt\/tuzracsok-rostelyok\/#breadcrumb","itemListElement":[{"@type":"ListItem","position":1,"name":"Kezd\u0151lap","item":"https:\/\/vasontode.hu\/de\/"},{"@type":"ListItem","position":2,"name":"Term\u00e9kek","item":"https:\/\/vasontode.hu\/termekek\/"},{"@type":"ListItem","position":3,"name":"Feuerroste"}]}]}},"_links":{"self":[{"href":"https:\/\/vasontode.hu\/de\/wp-json\/wp\/v2\/product\/3334"}],"collection":[{"href":"https:\/\/vasontode.hu\/de\/wp-json\/wp\/v2\/product"}],"about":[{"href":"https:\/\/vasontode.hu\/de\/wp-json\/wp\/v2\/types\/product"}],"replies":[{"embeddable":true,"href":"https:\/\/vasontode.hu\/de\/wp-json\/wp\/v2\/comments?post=3334"}],"wp:featuredmedia":[{"embeddable":true,"href":"https:\/\/vasontode.hu\/de\/wp-json\/wp\/v2\/media\/3222"}],"wp:attachment":[{"href":"https:\/\/vasontode.hu\/de\/wp-json\/wp\/v2\/media?parent=3334"}],"wp:term":[{"taxonomy":"product_cat","embeddable":true,"href":"https:\/\/vasontode.hu\/de\/wp-json\/wp\/v2\/product_cat?post=3334"},{"taxonomy":"product_tag","embeddable":true,"href":"https:\/\/vasontode.hu\/de\/wp-json\/wp\/v2\/product_tag?post=3334"}],"curies":[{"name":"wp","href":"https:\/\/api.w.org\/{rel}","templated":true}]}}