{"id":3336,"date":"2016-04-08T13:40:36","date_gmt":"2016-04-08T11:40:36","guid":{"rendered":"https:\/\/vasontode.hu\/de\/product\/padlab\/"},"modified":"2016-05-31T11:18:15","modified_gmt":"2016-05-31T09:18:15","slug":"padlab","status":"publish","type":"product","link":"https:\/\/vasontode.hu\/de\/produkt\/padlab\/","title":{"rendered":"Eisengussgestell f\u00fcr Sitzbank"},"content":{"rendered":"<h3><strong><em>Eisengussgestell f\u00fcr Sitzbank<\/em><\/strong><\/h3>\n<h4><\/h4>\n<h4><strong>Anwendungsgebiet:<\/strong><\/h4>\n<h5>Im \u00f6ffentlichen Bereich, f\u00fcr Haus und Garten, zum Ausruhen, zur Versch\u00f6nerung der Umgebung.<\/h5>\n<h4><strong>Technische Daten:<\/strong><\/h4>\n<ul>\n<li>\n<h5>Materialqualit\u00e4t: EN-GJL-200 (Gusseisen mit Lamellengraphit)<\/h5>\n<\/li>\n<li>\n<h5>Einheitsgewicht (kg): 22\/Eisengussgestell<\/h5>\n<\/li>\n<li>\n<h5>Anzahl der Teile \/ Fertigprodukt (St.): 2<\/h5>\n<\/li>\n<\/ul>\n<h4><strong>Bemerkung:<\/strong><\/h4>\n<ul>\n<li>Auf Anfrage montiert, mit Leisten, gestrichen (mit Grundierung und Deckanstrich individuell, auf Basis der RAL-Codenummern).<\/li>\n<li>Durch unsere gro\u00dfe Kapazit\u00e4t in der Handgie\u00dferei k\u00f6nnen wir auch Bestellungen f\u00fcr kleine Serien und f\u00fcr Sondergussst\u00fccke befriedigen.<\/li>\n<\/ul>\n<p style=\"text-align: center;\"><em><a href=\"https:\/\/vasontode.hu\/app\/uploads\/18-as-t\u00edpus\u00fa-padl\u00e1b-gy\u00e1rtm\u00e1nyismertet\u0151-DE_lekt-3.pdf\" rel=\"\">Klicken Sie hier f\u00fcr die Produktbeschreibung!<\/a><\/em><\/p>\n","protected":false},"excerpt":{"rendered":"<h5>Eisengussgestell f\u00fcr Sitzbank.\u00a0Im \u00f6ffentlichen Bereich, f\u00fcr Haus und Garten, zum Ausruhen, zur Versch\u00f6nerung der Umgebung.<\/h5>\n<h5><strong>Kaufen Sie direkt vom Hersteller!<\/strong><\/h5>\n","protected":false},"featured_media":3248,"comment_status":"open","ping_status":"closed","template":"","meta":{"_monsterinsights_skip_tracking":false,"_monsterinsights_sitenote_active":false,"_monsterinsights_sitenote_note":"","_monsterinsights_sitenote_category":0},"product_cat":[175],"product_tag":[],"acf":[],"yoast_head":"<!-- This site is optimized with the Yoast SEO plugin v18.9 - https:\/\/yoast.com\/wordpress\/plugins\/seo\/ -->\n<title>Eisengussgestell f\u00fcr Sitzbank | Moh\u00e1csi Vas\u00f6nt\u00f6de<\/title>\n<meta name=\"description\" content=\"Eisengussgestell f\u00fcr Sitzbank. Im \u00f6ffentlichen Bereich, f\u00fcr Haus und Garten, zum Ausruhen, zur Versch\u00f6nerung der Umgebung. Kaufen Sie direkt vom Hersteller!\" \/>\n<meta name=\"robots\" content=\"index, follow, max-snippet:-1, max-image-preview:large, max-video-preview:-1\" \/>\n<link rel=\"canonical\" href=\"https:\/\/vasontode.hu\/de\/produkt\/padlab\/\" \/>\n<meta property=\"og:locale\" content=\"de_DE\" \/>\n<meta property=\"og:type\" content=\"article\" \/>\n<meta property=\"og:title\" content=\"Eisengussgestell f\u00fcr Sitzbank | Moh\u00e1csi Vas\u00f6nt\u00f6de\" \/>\n<meta property=\"og:description\" content=\"Eisengussgestell f\u00fcr Sitzbank. Im \u00f6ffentlichen Bereich, f\u00fcr Haus und Garten, zum Ausruhen, zur Versch\u00f6nerung der Umgebung. Kaufen Sie direkt vom Hersteller!\" \/>\n<meta property=\"og:url\" content=\"https:\/\/vasontode.hu\/de\/produkt\/padlab\/\" \/>\n<meta property=\"og:site_name\" content=\"Moh\u00e1csi Vas\u00f6nt\u00f6de\" \/>\n<meta property=\"article:modified_time\" content=\"2016-05-31T09:18:15+00:00\" \/>\n<meta property=\"og:image\" content=\"https:\/\/vasontode.hu\/app\/uploads\/Padl\u00e1b.jpg\" \/>\n\t<meta property=\"og:image:width\" content=\"800\" \/>\n\t<meta property=\"og:image:height\" content=\"947\" \/>\n\t<meta property=\"og:image:type\" content=\"image\/jpeg\" \/>\n<script type=\"application\/ld+json\" class=\"yoast-schema-graph\">{\"@context\":\"https:\/\/schema.org\",\"@graph\":[{\"@type\":\"WebSite\",\"@id\":\"https:\/\/vasontode.hu\/#website\",\"url\":\"https:\/\/vasontode.hu\/\",\"name\":\"Moh\u00e1csi Vas\u00f6nt\u00f6de\",\"description\":\"Egyedi \u00f6ntv\u00e9ny, kettlebell, szerelv\u00e9nyek, t\u0171zcsapok\",\"potentialAction\":[{\"@type\":\"SearchAction\",\"target\":{\"@type\":\"EntryPoint\",\"urlTemplate\":\"https:\/\/vasontode.hu\/?s={search_term_string}\"},\"query-input\":\"required name=search_term_string\"}],\"inLanguage\":\"de-DE\"},{\"@type\":\"ImageObject\",\"inLanguage\":\"de-DE\",\"@id\":\"https:\/\/vasontode.hu\/de\/produkt\/padlab\/#primaryimage\",\"url\":\"https:\/\/vasontode.hu\/app\/uploads\/Padl\u00e1b.jpg\",\"contentUrl\":\"https:\/\/vasontode.hu\/app\/uploads\/Padl\u00e1b.jpg\",\"width\":800,\"height\":947},{\"@type\":\"WebPage\",\"@id\":\"https:\/\/vasontode.hu\/de\/produkt\/padlab\/#webpage\",\"url\":\"https:\/\/vasontode.hu\/de\/produkt\/padlab\/\",\"name\":\"Eisengussgestell f\u00fcr Sitzbank | Moh\u00e1csi Vas\u00f6nt\u00f6de\",\"isPartOf\":{\"@id\":\"https:\/\/vasontode.hu\/#website\"},\"primaryImageOfPage\":{\"@id\":\"https:\/\/vasontode.hu\/de\/produkt\/padlab\/#primaryimage\"},\"datePublished\":\"2016-04-08T11:40:36+00:00\",\"dateModified\":\"2016-05-31T09:18:15+00:00\",\"description\":\"Eisengussgestell f\u00fcr Sitzbank. Im \u00f6ffentlichen Bereich, f\u00fcr Haus und Garten, zum Ausruhen, zur Versch\u00f6nerung der Umgebung. Kaufen Sie direkt vom Hersteller!\",\"breadcrumb\":{\"@id\":\"https:\/\/vasontode.hu\/de\/produkt\/padlab\/#breadcrumb\"},\"inLanguage\":\"de-DE\",\"potentialAction\":[{\"@type\":\"ReadAction\",\"target\":[\"https:\/\/vasontode.hu\/de\/produkt\/padlab\/\"]}]},{\"@type\":\"BreadcrumbList\",\"@id\":\"https:\/\/vasontode.hu\/de\/produkt\/padlab\/#breadcrumb\",\"itemListElement\":[{\"@type\":\"ListItem\",\"position\":1,\"name\":\"Kezd\u0151lap\",\"item\":\"https:\/\/vasontode.hu\/de\/\"},{\"@type\":\"ListItem\",\"position\":2,\"name\":\"Term\u00e9kek\",\"item\":\"https:\/\/vasontode.hu\/termekek\/\"},{\"@type\":\"ListItem\",\"position\":3,\"name\":\"Eisengussgestell f\u00fcr Sitzbank\"}]}]}<\/script>\n<!-- \/ Yoast SEO plugin. -->","yoast_head_json":{"title":"Eisengussgestell f\u00fcr Sitzbank | Moh\u00e1csi Vas\u00f6nt\u00f6de","description":"Eisengussgestell f\u00fcr Sitzbank. Im \u00f6ffentlichen Bereich, f\u00fcr Haus und Garten, zum Ausruhen, zur Versch\u00f6nerung der Umgebung. Kaufen Sie direkt vom Hersteller!","robots":{"index":"index","follow":"follow","max-snippet":"max-snippet:-1","max-image-preview":"max-image-preview:large","max-video-preview":"max-video-preview:-1"},"canonical":"https:\/\/vasontode.hu\/de\/produkt\/padlab\/","og_locale":"de_DE","og_type":"article","og_title":"Eisengussgestell f\u00fcr Sitzbank | Moh\u00e1csi Vas\u00f6nt\u00f6de","og_description":"Eisengussgestell f\u00fcr Sitzbank. Im \u00f6ffentlichen Bereich, f\u00fcr Haus und Garten, zum Ausruhen, zur Versch\u00f6nerung der Umgebung. Kaufen Sie direkt vom Hersteller!","og_url":"https:\/\/vasontode.hu\/de\/produkt\/padlab\/","og_site_name":"Moh\u00e1csi Vas\u00f6nt\u00f6de","article_modified_time":"2016-05-31T09:18:15+00:00","og_image":[{"width":800,"height":947,"url":"https:\/\/vasontode.hu\/app\/uploads\/Padl\u00e1b.jpg","type":"image\/jpeg"}],"schema":{"@context":"https:\/\/schema.org","@graph":[{"@type":"WebSite","@id":"https:\/\/vasontode.hu\/#website","url":"https:\/\/vasontode.hu\/","name":"Moh\u00e1csi Vas\u00f6nt\u00f6de","description":"Egyedi \u00f6ntv\u00e9ny, kettlebell, szerelv\u00e9nyek, t\u0171zcsapok","potentialAction":[{"@type":"SearchAction","target":{"@type":"EntryPoint","urlTemplate":"https:\/\/vasontode.hu\/?s={search_term_string}"},"query-input":"required name=search_term_string"}],"inLanguage":"de-DE"},{"@type":"ImageObject","inLanguage":"de-DE","@id":"https:\/\/vasontode.hu\/de\/produkt\/padlab\/#primaryimage","url":"https:\/\/vasontode.hu\/app\/uploads\/Padl\u00e1b.jpg","contentUrl":"https:\/\/vasontode.hu\/app\/uploads\/Padl\u00e1b.jpg","width":800,"height":947},{"@type":"WebPage","@id":"https:\/\/vasontode.hu\/de\/produkt\/padlab\/#webpage","url":"https:\/\/vasontode.hu\/de\/produkt\/padlab\/","name":"Eisengussgestell f\u00fcr Sitzbank | Moh\u00e1csi Vas\u00f6nt\u00f6de","isPartOf":{"@id":"https:\/\/vasontode.hu\/#website"},"primaryImageOfPage":{"@id":"https:\/\/vasontode.hu\/de\/produkt\/padlab\/#primaryimage"},"datePublished":"2016-04-08T11:40:36+00:00","dateModified":"2016-05-31T09:18:15+00:00","description":"Eisengussgestell f\u00fcr Sitzbank. Im \u00f6ffentlichen Bereich, f\u00fcr Haus und Garten, zum Ausruhen, zur Versch\u00f6nerung der Umgebung. Kaufen Sie direkt vom Hersteller!","breadcrumb":{"@id":"https:\/\/vasontode.hu\/de\/produkt\/padlab\/#breadcrumb"},"inLanguage":"de-DE","potentialAction":[{"@type":"ReadAction","target":["https:\/\/vasontode.hu\/de\/produkt\/padlab\/"]}]},{"@type":"BreadcrumbList","@id":"https:\/\/vasontode.hu\/de\/produkt\/padlab\/#breadcrumb","itemListElement":[{"@type":"ListItem","position":1,"name":"Kezd\u0151lap","item":"https:\/\/vasontode.hu\/de\/"},{"@type":"ListItem","position":2,"name":"Term\u00e9kek","item":"https:\/\/vasontode.hu\/termekek\/"},{"@type":"ListItem","position":3,"name":"Eisengussgestell f\u00fcr Sitzbank"}]}]}},"_links":{"self":[{"href":"https:\/\/vasontode.hu\/de\/wp-json\/wp\/v2\/product\/3336"}],"collection":[{"href":"https:\/\/vasontode.hu\/de\/wp-json\/wp\/v2\/product"}],"about":[{"href":"https:\/\/vasontode.hu\/de\/wp-json\/wp\/v2\/types\/product"}],"replies":[{"embeddable":true,"href":"https:\/\/vasontode.hu\/de\/wp-json\/wp\/v2\/comments?post=3336"}],"wp:featuredmedia":[{"embeddable":true,"href":"https:\/\/vasontode.hu\/de\/wp-json\/wp\/v2\/media\/3248"}],"wp:attachment":[{"href":"https:\/\/vasontode.hu\/de\/wp-json\/wp\/v2\/media?parent=3336"}],"wp:term":[{"taxonomy":"product_cat","embeddable":true,"href":"https:\/\/vasontode.hu\/de\/wp-json\/wp\/v2\/product_cat?post=3336"},{"taxonomy":"product_tag","embeddable":true,"href":"https:\/\/vasontode.hu\/de\/wp-json\/wp\/v2\/product_tag?post=3336"}],"curies":[{"name":"wp","href":"https:\/\/api.w.org\/{rel}","templated":true}]}}