{"id":3337,"date":"2016-04-08T13:39:38","date_gmt":"2016-04-08T11:39:38","guid":{"rendered":"https:\/\/vasontode.hu\/de\/product\/hulladekgyujto-oszlop\/"},"modified":"2016-05-25T13:21:02","modified_gmt":"2016-05-25T11:21:02","slug":"hulladekgyujto-oszlop","status":"publish","type":"product","link":"https:\/\/vasontode.hu\/de\/produkt\/hulladekgyujto-oszlop\/","title":{"rendered":"S\u00e4ule f\u00fcr Abfallbeh\u00e4lter"},"content":{"rendered":"<h3><strong><em>S\u00e4ule f\u00fcr Abfallbeh\u00e4lter<\/em><\/strong><\/h3>\n<h4><\/h4>\n<h4><strong>Anwendungsbereich:<\/strong><\/h4>\n<h5>In solide Pflasterung eingebaut (D\u00fcbel mit Schraube), f\u00fcr die Anbringung von Abfallbeh\u00e4ltern oder f\u00fcr andere Zwecke auf der Stra\u00dfe.<\/h5>\n<h4><strong>Oberfl\u00e4chenbehandlung:<\/strong><\/h4>\n<h5>Mit einschichtiger Grundierung (schwarz)<\/h5>\n<h4><strong>Technische Daten:<\/strong><\/h4>\n<ul>\n<li>\n<h5>Materialqualit\u00e4t: EN-GJL-200 (Gusseisen mit Lamellengraphit)<\/h5>\n<\/li>\n<li>\n<h5>Einheitsgewicht (kg): 20<\/h5>\n<\/li>\n<li>\n<h5>Gesamth\u00f6he (mm): 1180<\/h5>\n<\/li>\n<\/ul>\n<h4>Bemerkung:<\/h4>\n<ul>\n<li>\n<h5>Es kann mann auch im Einzelausf\u00fchrung bestellen<\/h5>\n<\/li>\n<li>\n<h5>Durch unsere gro\u00dfe Kapazit\u00e4t in der Handgie\u00dferei k\u00f6nnen wir auch Bestellungen f\u00fcr kleine Serien und f\u00fcr Sondergussst\u00fccke befriedigen.<\/h5>\n<\/li>\n<\/ul>\n<h5 style=\"text-align: center;\"><span style=\"text-decoration: underline;\"><a href=\"https:\/\/vasontode.hu\/app\/uploads\/Szemetes-oszlop-gy\u00e1rtm\u00e1nyismertet\u0151_DE-lekt-1.pdf\" target=\"_blank\" rel=\"\">Klicken Sie hier f\u00fcr die Produktbeschreibung!<\/a><\/span><\/h5>\n","protected":false},"excerpt":{"rendered":"<h5>Qualitativ S\u00e4ule f\u00fcr Abfallbeh\u00e4lter aus Gusseisen.\u00a0In solide Pflasterung eingebaut (D\u00fcbel mit Schraube), f\u00fcr die Anbringung von Abfallbeh\u00e4ltern oder f\u00fcr andere Zwecke auf der Stra\u00dfe.<\/h5>\n<p><strong>Kaufen Sie dirket vom Hersteller<\/strong>!<\/p>\n","protected":false},"featured_media":3558,"comment_status":"open","ping_status":"closed","template":"","meta":{"_monsterinsights_skip_tracking":false,"_monsterinsights_sitenote_active":false,"_monsterinsights_sitenote_note":"","_monsterinsights_sitenote_category":0},"product_cat":[175],"product_tag":[],"acf":[],"yoast_head":"<!-- This site is optimized with the Yoast SEO plugin v18.9 - https:\/\/yoast.com\/wordpress\/plugins\/seo\/ -->\n<title>S\u00e4ule f\u00fcr Abfallbeh\u00e4lter | Moh\u00e1csi Vas\u00f6nt\u00f6de<\/title>\n<meta name=\"description\" content=\"Qualitativ S\u00e4ule f\u00fcr Abfallbeh\u00e4lter aus Gusseisen. F\u00fcr die Anbringung von Abfallbeh\u00e4ltern oder f\u00fcr andere Zwecke auf der Stra\u00dfe. Dirket vom Hersteller!\" \/>\n<meta name=\"robots\" content=\"index, follow, max-snippet:-1, max-image-preview:large, max-video-preview:-1\" \/>\n<link rel=\"canonical\" href=\"https:\/\/vasontode.hu\/de\/produkt\/hulladekgyujto-oszlop\/\" \/>\n<meta property=\"og:locale\" content=\"de_DE\" \/>\n<meta property=\"og:type\" content=\"article\" \/>\n<meta property=\"og:title\" content=\"S\u00e4ule f\u00fcr Abfallbeh\u00e4lter | Moh\u00e1csi Vas\u00f6nt\u00f6de\" \/>\n<meta property=\"og:description\" content=\"Qualitativ S\u00e4ule f\u00fcr Abfallbeh\u00e4lter aus Gusseisen. F\u00fcr die Anbringung von Abfallbeh\u00e4ltern oder f\u00fcr andere Zwecke auf der Stra\u00dfe. Dirket vom Hersteller!\" \/>\n<meta property=\"og:url\" content=\"https:\/\/vasontode.hu\/de\/produkt\/hulladekgyujto-oszlop\/\" \/>\n<meta property=\"og:site_name\" content=\"Moh\u00e1csi Vas\u00f6nt\u00f6de\" \/>\n<meta property=\"article:modified_time\" content=\"2016-05-25T11:21:02+00:00\" \/>\n<meta property=\"og:image\" content=\"https:\/\/vasontode.hu\/app\/uploads\/IMG_2307-scaled.jpg\" \/>\n\t<meta property=\"og:image:width\" content=\"2560\" \/>\n\t<meta property=\"og:image:height\" content=\"1707\" \/>\n\t<meta property=\"og:image:type\" content=\"image\/jpeg\" \/>\n<script type=\"application\/ld+json\" class=\"yoast-schema-graph\">{\"@context\":\"https:\/\/schema.org\",\"@graph\":[{\"@type\":\"WebSite\",\"@id\":\"https:\/\/vasontode.hu\/#website\",\"url\":\"https:\/\/vasontode.hu\/\",\"name\":\"Moh\u00e1csi Vas\u00f6nt\u00f6de\",\"description\":\"Egyedi \u00f6ntv\u00e9ny, kettlebell, szerelv\u00e9nyek, t\u0171zcsapok\",\"potentialAction\":[{\"@type\":\"SearchAction\",\"target\":{\"@type\":\"EntryPoint\",\"urlTemplate\":\"https:\/\/vasontode.hu\/?s={search_term_string}\"},\"query-input\":\"required name=search_term_string\"}],\"inLanguage\":\"de-DE\"},{\"@type\":\"ImageObject\",\"inLanguage\":\"de-DE\",\"@id\":\"https:\/\/vasontode.hu\/de\/produkt\/hulladekgyujto-oszlop\/#primaryimage\",\"url\":\"https:\/\/vasontode.hu\/app\/uploads\/IMG_2307-scaled.jpg\",\"contentUrl\":\"https:\/\/vasontode.hu\/app\/uploads\/IMG_2307-scaled.jpg\",\"width\":2560,\"height\":1707},{\"@type\":\"WebPage\",\"@id\":\"https:\/\/vasontode.hu\/de\/produkt\/hulladekgyujto-oszlop\/#webpage\",\"url\":\"https:\/\/vasontode.hu\/de\/produkt\/hulladekgyujto-oszlop\/\",\"name\":\"S\u00e4ule f\u00fcr Abfallbeh\u00e4lter | Moh\u00e1csi Vas\u00f6nt\u00f6de\",\"isPartOf\":{\"@id\":\"https:\/\/vasontode.hu\/#website\"},\"primaryImageOfPage\":{\"@id\":\"https:\/\/vasontode.hu\/de\/produkt\/hulladekgyujto-oszlop\/#primaryimage\"},\"datePublished\":\"2016-04-08T11:39:38+00:00\",\"dateModified\":\"2016-05-25T11:21:02+00:00\",\"description\":\"Qualitativ S\u00e4ule f\u00fcr Abfallbeh\u00e4lter aus Gusseisen. F\u00fcr die Anbringung von Abfallbeh\u00e4ltern oder f\u00fcr andere Zwecke auf der Stra\u00dfe. Dirket vom Hersteller!\",\"breadcrumb\":{\"@id\":\"https:\/\/vasontode.hu\/de\/produkt\/hulladekgyujto-oszlop\/#breadcrumb\"},\"inLanguage\":\"de-DE\",\"potentialAction\":[{\"@type\":\"ReadAction\",\"target\":[\"https:\/\/vasontode.hu\/de\/produkt\/hulladekgyujto-oszlop\/\"]}]},{\"@type\":\"BreadcrumbList\",\"@id\":\"https:\/\/vasontode.hu\/de\/produkt\/hulladekgyujto-oszlop\/#breadcrumb\",\"itemListElement\":[{\"@type\":\"ListItem\",\"position\":1,\"name\":\"Kezd\u0151lap\",\"item\":\"https:\/\/vasontode.hu\/de\/\"},{\"@type\":\"ListItem\",\"position\":2,\"name\":\"Term\u00e9kek\",\"item\":\"https:\/\/vasontode.hu\/termekek\/\"},{\"@type\":\"ListItem\",\"position\":3,\"name\":\"S\u00e4ule f\u00fcr Abfallbeh\u00e4lter\"}]}]}<\/script>\n<!-- \/ Yoast SEO plugin. -->","yoast_head_json":{"title":"S\u00e4ule f\u00fcr Abfallbeh\u00e4lter | Moh\u00e1csi Vas\u00f6nt\u00f6de","description":"Qualitativ S\u00e4ule f\u00fcr Abfallbeh\u00e4lter aus Gusseisen. F\u00fcr die Anbringung von Abfallbeh\u00e4ltern oder f\u00fcr andere Zwecke auf der Stra\u00dfe. Dirket vom Hersteller!","robots":{"index":"index","follow":"follow","max-snippet":"max-snippet:-1","max-image-preview":"max-image-preview:large","max-video-preview":"max-video-preview:-1"},"canonical":"https:\/\/vasontode.hu\/de\/produkt\/hulladekgyujto-oszlop\/","og_locale":"de_DE","og_type":"article","og_title":"S\u00e4ule f\u00fcr Abfallbeh\u00e4lter | Moh\u00e1csi Vas\u00f6nt\u00f6de","og_description":"Qualitativ S\u00e4ule f\u00fcr Abfallbeh\u00e4lter aus Gusseisen. F\u00fcr die Anbringung von Abfallbeh\u00e4ltern oder f\u00fcr andere Zwecke auf der Stra\u00dfe. Dirket vom Hersteller!","og_url":"https:\/\/vasontode.hu\/de\/produkt\/hulladekgyujto-oszlop\/","og_site_name":"Moh\u00e1csi Vas\u00f6nt\u00f6de","article_modified_time":"2016-05-25T11:21:02+00:00","og_image":[{"width":2560,"height":1707,"url":"https:\/\/vasontode.hu\/app\/uploads\/IMG_2307-scaled.jpg","type":"image\/jpeg"}],"schema":{"@context":"https:\/\/schema.org","@graph":[{"@type":"WebSite","@id":"https:\/\/vasontode.hu\/#website","url":"https:\/\/vasontode.hu\/","name":"Moh\u00e1csi Vas\u00f6nt\u00f6de","description":"Egyedi \u00f6ntv\u00e9ny, kettlebell, szerelv\u00e9nyek, t\u0171zcsapok","potentialAction":[{"@type":"SearchAction","target":{"@type":"EntryPoint","urlTemplate":"https:\/\/vasontode.hu\/?s={search_term_string}"},"query-input":"required name=search_term_string"}],"inLanguage":"de-DE"},{"@type":"ImageObject","inLanguage":"de-DE","@id":"https:\/\/vasontode.hu\/de\/produkt\/hulladekgyujto-oszlop\/#primaryimage","url":"https:\/\/vasontode.hu\/app\/uploads\/IMG_2307-scaled.jpg","contentUrl":"https:\/\/vasontode.hu\/app\/uploads\/IMG_2307-scaled.jpg","width":2560,"height":1707},{"@type":"WebPage","@id":"https:\/\/vasontode.hu\/de\/produkt\/hulladekgyujto-oszlop\/#webpage","url":"https:\/\/vasontode.hu\/de\/produkt\/hulladekgyujto-oszlop\/","name":"S\u00e4ule f\u00fcr Abfallbeh\u00e4lter | Moh\u00e1csi Vas\u00f6nt\u00f6de","isPartOf":{"@id":"https:\/\/vasontode.hu\/#website"},"primaryImageOfPage":{"@id":"https:\/\/vasontode.hu\/de\/produkt\/hulladekgyujto-oszlop\/#primaryimage"},"datePublished":"2016-04-08T11:39:38+00:00","dateModified":"2016-05-25T11:21:02+00:00","description":"Qualitativ S\u00e4ule f\u00fcr Abfallbeh\u00e4lter aus Gusseisen. F\u00fcr die Anbringung von Abfallbeh\u00e4ltern oder f\u00fcr andere Zwecke auf der Stra\u00dfe. Dirket vom Hersteller!","breadcrumb":{"@id":"https:\/\/vasontode.hu\/de\/produkt\/hulladekgyujto-oszlop\/#breadcrumb"},"inLanguage":"de-DE","potentialAction":[{"@type":"ReadAction","target":["https:\/\/vasontode.hu\/de\/produkt\/hulladekgyujto-oszlop\/"]}]},{"@type":"BreadcrumbList","@id":"https:\/\/vasontode.hu\/de\/produkt\/hulladekgyujto-oszlop\/#breadcrumb","itemListElement":[{"@type":"ListItem","position":1,"name":"Kezd\u0151lap","item":"https:\/\/vasontode.hu\/de\/"},{"@type":"ListItem","position":2,"name":"Term\u00e9kek","item":"https:\/\/vasontode.hu\/termekek\/"},{"@type":"ListItem","position":3,"name":"S\u00e4ule f\u00fcr Abfallbeh\u00e4lter"}]}]}},"_links":{"self":[{"href":"https:\/\/vasontode.hu\/de\/wp-json\/wp\/v2\/product\/3337"}],"collection":[{"href":"https:\/\/vasontode.hu\/de\/wp-json\/wp\/v2\/product"}],"about":[{"href":"https:\/\/vasontode.hu\/de\/wp-json\/wp\/v2\/types\/product"}],"replies":[{"embeddable":true,"href":"https:\/\/vasontode.hu\/de\/wp-json\/wp\/v2\/comments?post=3337"}],"wp:featuredmedia":[{"embeddable":true,"href":"https:\/\/vasontode.hu\/de\/wp-json\/wp\/v2\/media\/3558"}],"wp:attachment":[{"href":"https:\/\/vasontode.hu\/de\/wp-json\/wp\/v2\/media?parent=3337"}],"wp:term":[{"taxonomy":"product_cat","embeddable":true,"href":"https:\/\/vasontode.hu\/de\/wp-json\/wp\/v2\/product_cat?post=3337"},{"taxonomy":"product_tag","embeddable":true,"href":"https:\/\/vasontode.hu\/de\/wp-json\/wp\/v2\/product_tag?post=3337"}],"curies":[{"name":"wp","href":"https:\/\/api.w.org\/{rel}","templated":true}]}}