{"id":3338,"date":"2016-04-08T13:32:39","date_gmt":"2016-04-08T11:32:39","guid":{"rendered":"https:\/\/vasontode.hu\/de\/product\/faveremracsok-2\/"},"modified":"2016-06-09T09:43:24","modified_gmt":"2016-06-09T07:43:24","slug":"faveremracsok","status":"publish","type":"product","link":"https:\/\/vasontode.hu\/de\/produkt\/faveremracsok\/","title":{"rendered":"Baumschutzroste"},"content":{"rendered":"<div>\n<h3 class=\"product-name\"><em><strong>Baumschutzrost FR-10<\/strong><\/em><\/h3>\n<\/div>\n<div class=\"clearfix\">\n<h4><strong>Anwendungsgebiet:<\/strong><\/h4>\n<ul>\n<li>In solide Pflasterung eingebaut<\/li>\n<li>Erleichtert die Pflege von B\u00e4umen<\/li>\n<li>Sch\u00fctzt den Boden um den Baum vor Verdichtung<\/li>\n<li>Sichert das Einsickern von Regenwasser zu den Wurzeln<\/li>\n<\/ul>\n<h4><strong>Oberfl\u00e4chenbehandlung:<\/strong><\/h4>\n<ul>\n<li>Mit einschichtiger Grundierung (schwarz)<\/li>\n<\/ul>\n<h4><strong>Technische Daten:<\/strong><\/h4>\n<ul>\n<li>Materialqualit\u00e4t: EN-GJL-200 (Gusseisen mit Lamellengraphit)<\/li>\n<li>Einheitsgewicht (kg): 90<\/li>\n<li>Au\u00dfendurchmesser (mm): 1200<\/li>\n<li>Innendurchmesser (mm): 600<\/li>\n<li>Anzahl der Teile\/ Fertigprodukt (St.): 4<\/li>\n<li>Einbautiefe (mm): 35<\/li>\n<\/ul>\n<h4><strong>Zwischenteil zum Erweitern der Innengr\u00f6\u00dfe<\/strong><\/h4>\n<ul>\n<li>Materialqualit\u00e4t: EN-GJL-200 (Gusseisen mit Lamellengraphit)<\/li>\n<li>Einheitsgewicht (kg): 8,2kg<\/li>\n<li>Einfassungsgr\u00f6\u00dfe (mm): 300&#215;300<\/li>\n<\/ul>\n<p>Die Gr\u00f6\u00dfe der Gitter kann mit den 300 mm gro\u00dfen\u00a0Zwischenteilen vertikal und horizontal beliebig ver\u00e4ndert werden.<\/p>\n<\/div>\n<div>\n<div>\n<h3 class=\"product-name\"><em><strong>Baumschutzrost FR-14<\/strong><\/em><\/h3>\n<\/div>\n<div class=\"clearfix\">\n<h4><strong>Anwendungsgebiet:<\/strong><\/h4>\n<ul>\n<li>In solide Pflasterung eingebaut<\/li>\n<li>Erleichtert die Pflege von B\u00e4umen<\/li>\n<li>Sch\u00fctzt den Boden um den Baum vor Verdichtung<\/li>\n<li>Sichert das Einsickern von Regenwasser zu den Wurzeln<\/li>\n<\/ul>\n<h4><strong>Oberfl\u00e4chenbehandlung:<\/strong><\/h4>\n<ul>\n<li>Mit einschichtiger Grundierung (schwarz)<\/li>\n<\/ul>\n<h4><strong>Technische Daten:<\/strong><\/h4>\n<ul>\n<li>Materialqualit\u00e4t: EN-GJL-200 (Gusseisen mit Lamellengraphit)<\/li>\n<li>Einheitsgewicht (kg): 112<\/li>\n<li>Einfassungsgr\u00f6\u00dfe (mm): 1200&#215;1200<\/li>\n<li>Innendurchmesser (mm): 600<\/li>\n<li>Anzahl der Teile \/ Fertigprodukt (St.): 4<\/li>\n<li>Einbautiefe (mm): 35<\/li>\n<\/ul>\n<h4><strong>Zwischenteil zum Erweitern der Innengr\u00f6\u00dfe<\/strong><\/h4>\n<ul>\n<li>Materialqualit\u00e4t: EN-GJL-200 (Gusseisen mit Lamellengraphit)<\/li>\n<li>Einheitsgewicht (kg): 8,2kg<\/li>\n<li>Einfassungsgr\u00f6\u00dfe (mm): 300&#215;300<\/li>\n<\/ul>\n<p>Die Gr\u00f6\u00dfe der Gitter kann mit den 300 mm gro\u00dfen\u00a0Zwischenteilen vertikal und horizontal beliebig ver\u00e4ndert werden.<\/p>\n<\/div>\n<div>\n<div>\n<h3 class=\"product-name\"><strong>Baumschutzrost FR-24<\/strong><\/h3>\n<\/div>\n<h4 class=\"clearfix\"><\/h4>\n<h4><strong>Anwendungsgebiet:<\/strong><\/h4>\n<ul>\n<li>In solide Pflasterung eingebaut<\/li>\n<li>Erleichtert die Pflege von B\u00e4umen<\/li>\n<li>Sch\u00fctzt den Boden um den Baum vor Verdichtung<\/li>\n<li>Sichert das Einsickern von Regenwasser zu den Wurzeln<\/li>\n<\/ul>\n<h4><strong>Oberfl\u00e4chenbehandlung:<\/strong><\/h4>\n<ul>\n<li>Mit einschichtiger Grundierung (schwarz)<\/li>\n<\/ul>\n<h4><strong>Technische Daten:<\/strong><\/h4>\n<ul>\n<li>Materialqualit\u00e4t: EN-GJL-200 (Gusseisen mit Lamellengraphit)<\/li>\n<li>Einheitsgewicht (kg): 112<\/li>\n<li>Einfassungsgr\u00f6\u00dfe (mm): 1200&#215;1200<\/li>\n<li>Innendurchmesser (mm): 600 Anzahl der Teile \/ Fertigprodukt (St.): 4<\/li>\n<li>Einbautiefe (mm): 35<\/li>\n<\/ul>\n<h4><strong>Zwischenteil zum Erweitern der Innengr\u00f6\u00dfe<\/strong><\/h4>\n<ul>\n<li>Materialqualit\u00e4t: EN-GJL-200 (Gusseisen mit Lamellengraphit)<\/li>\n<li>Einheitsgewicht (kg): 7,7kg<\/li>\n<li>Einfassungsgr\u00f6\u00dfe (mm): 300&#215;300<\/li>\n<\/ul>\n<p>Die Gr\u00f6\u00dfe der Gitter kann mit den 300-mm-Zwischenteilen vertikal und horizontal beliebig ver\u00e4ndert werden.<\/p>\n<h4><strong>Bemerkung:<\/strong><\/h4>\n<ul>\n<li>\n<h5>Es kann mann auch im Einzelausf\u00fchrung bestellen<\/h5>\n<\/li>\n<li>\n<h5>Durch unsere gro\u00dfe Kapazit\u00e4t in der Handgie\u00dferei k\u00f6nnen wir auch Bestellungen f\u00fcr kleine Serien und f\u00fcr Sondergussst\u00fccke befriedigen.<\/h5>\n<\/li>\n<\/ul>\n<h5 style=\"text-align: center;\"><span style=\"text-decoration: underline;\"><a href=\"https:\/\/vasontode.hu\/app\/uploads\/FR10-gy\u00e1rtm\u00e1nyismertet\u0151_DE-lekt-1.pdf\" target=\"_blank\" rel=\"\">FR10 Produktbeschreibung<\/a><\/span><\/h5>\n<p style=\"text-align: center;\"><span style=\"text-decoration: underline;\"><a href=\"https:\/\/vasontode.hu\/app\/uploads\/FR14-gy\u00e1rtm\u00e1nyismertet\u0151_DE-lekt-1.pdf\" target=\"_blank\" rel=\"\">FR14 Produktbeschreibung<\/a><\/span><\/p>\n<p style=\"text-align: center;\"><span style=\"text-decoration: underline;\"><a href=\"https:\/\/vasontode.hu\/app\/uploads\/FR24-gy\u00e1rtm\u00e1nyismertet\u0151_DE-lekt-1.pdf\" target=\"_blank\" rel=\"\">FR24 Produktbeschreibung<\/a><\/span><\/p>\n<\/div>\n<div><\/div>\n<\/div>\n","protected":false},"excerpt":{"rendered":"<h5>Qualitative, anspruchsvolle Baumschutzroste aus Gusseisen.\u00a0Im \u00f6ffentlichen Bereich, zur Versch\u00f6nerung der Umgebung.<\/h5>\n<h5><strong>Kaufen Sie direkt vom Hersteller!<\/strong><\/h5>\n","protected":false},"featured_media":3268,"comment_status":"open","ping_status":"closed","template":"","meta":{"_monsterinsights_skip_tracking":false,"_monsterinsights_sitenote_active":false,"_monsterinsights_sitenote_note":"","_monsterinsights_sitenote_category":0},"product_cat":[175],"product_tag":[],"acf":[],"yoast_head":"<!-- This site is optimized with the Yoast SEO plugin v18.9 - https:\/\/yoast.com\/wordpress\/plugins\/seo\/ -->\n<title>Baumschutzroste | Moh\u00e1csi Vas\u00f6nt\u00f6de<\/title>\n<meta name=\"description\" content=\"Qualitative, anspruchsvolle Baumschutzroste aus Gusseisen. Im \u00f6ffentlichen Bereich, zur Versch\u00f6nerung der Umgebung. Kaufen Sie direkt vom Hersteller!\" \/>\n<meta name=\"robots\" content=\"index, follow, max-snippet:-1, max-image-preview:large, max-video-preview:-1\" \/>\n<link rel=\"canonical\" href=\"https:\/\/vasontode.hu\/de\/produkt\/faveremracsok\/\" \/>\n<meta property=\"og:locale\" content=\"de_DE\" \/>\n<meta property=\"og:type\" content=\"article\" \/>\n<meta property=\"og:title\" content=\"Baumschutzroste | Moh\u00e1csi Vas\u00f6nt\u00f6de\" \/>\n<meta property=\"og:description\" content=\"Qualitative, anspruchsvolle Baumschutzroste aus Gusseisen. Im \u00f6ffentlichen Bereich, zur Versch\u00f6nerung der Umgebung. Kaufen Sie direkt vom Hersteller!\" \/>\n<meta property=\"og:url\" content=\"https:\/\/vasontode.hu\/de\/produkt\/faveremracsok\/\" \/>\n<meta property=\"og:site_name\" content=\"Moh\u00e1csi Vas\u00f6nt\u00f6de\" \/>\n<meta property=\"article:modified_time\" content=\"2016-06-09T07:43:24+00:00\" \/>\n<meta property=\"og:image\" content=\"https:\/\/vasontode.hu\/app\/uploads\/FR-10-faveremr\u00e1cs.png\" \/>\n\t<meta property=\"og:image:width\" content=\"281\" \/>\n\t<meta property=\"og:image:height\" content=\"211\" \/>\n\t<meta property=\"og:image:type\" content=\"image\/png\" \/>\n<meta name=\"twitter:label1\" content=\"Est. reading time\" \/>\n\t<meta name=\"twitter:data1\" content=\"2 minutes\" \/>\n<script type=\"application\/ld+json\" class=\"yoast-schema-graph\">{\"@context\":\"https:\/\/schema.org\",\"@graph\":[{\"@type\":\"WebSite\",\"@id\":\"https:\/\/vasontode.hu\/#website\",\"url\":\"https:\/\/vasontode.hu\/\",\"name\":\"Moh\u00e1csi Vas\u00f6nt\u00f6de\",\"description\":\"Egyedi \u00f6ntv\u00e9ny, kettlebell, szerelv\u00e9nyek, t\u0171zcsapok\",\"potentialAction\":[{\"@type\":\"SearchAction\",\"target\":{\"@type\":\"EntryPoint\",\"urlTemplate\":\"https:\/\/vasontode.hu\/?s={search_term_string}\"},\"query-input\":\"required name=search_term_string\"}],\"inLanguage\":\"de-DE\"},{\"@type\":\"ImageObject\",\"inLanguage\":\"de-DE\",\"@id\":\"https:\/\/vasontode.hu\/de\/produkt\/faveremracsok\/#primaryimage\",\"url\":\"https:\/\/vasontode.hu\/app\/uploads\/FR-10-faveremr\u00e1cs.png\",\"contentUrl\":\"https:\/\/vasontode.hu\/app\/uploads\/FR-10-faveremr\u00e1cs.png\",\"width\":281,\"height\":211},{\"@type\":\"WebPage\",\"@id\":\"https:\/\/vasontode.hu\/de\/produkt\/faveremracsok\/#webpage\",\"url\":\"https:\/\/vasontode.hu\/de\/produkt\/faveremracsok\/\",\"name\":\"Baumschutzroste | Moh\u00e1csi Vas\u00f6nt\u00f6de\",\"isPartOf\":{\"@id\":\"https:\/\/vasontode.hu\/#website\"},\"primaryImageOfPage\":{\"@id\":\"https:\/\/vasontode.hu\/de\/produkt\/faveremracsok\/#primaryimage\"},\"datePublished\":\"2016-04-08T11:32:39+00:00\",\"dateModified\":\"2016-06-09T07:43:24+00:00\",\"description\":\"Qualitative, anspruchsvolle Baumschutzroste aus Gusseisen. Im \u00f6ffentlichen Bereich, zur Versch\u00f6nerung der Umgebung. Kaufen Sie direkt vom Hersteller!\",\"breadcrumb\":{\"@id\":\"https:\/\/vasontode.hu\/de\/produkt\/faveremracsok\/#breadcrumb\"},\"inLanguage\":\"de-DE\",\"potentialAction\":[{\"@type\":\"ReadAction\",\"target\":[\"https:\/\/vasontode.hu\/de\/produkt\/faveremracsok\/\"]}]},{\"@type\":\"BreadcrumbList\",\"@id\":\"https:\/\/vasontode.hu\/de\/produkt\/faveremracsok\/#breadcrumb\",\"itemListElement\":[{\"@type\":\"ListItem\",\"position\":1,\"name\":\"Kezd\u0151lap\",\"item\":\"https:\/\/vasontode.hu\/de\/\"},{\"@type\":\"ListItem\",\"position\":2,\"name\":\"Term\u00e9kek\",\"item\":\"https:\/\/vasontode.hu\/termekek\/\"},{\"@type\":\"ListItem\",\"position\":3,\"name\":\"Baumschutzroste\"}]}]}<\/script>\n<!-- \/ Yoast SEO plugin. -->","yoast_head_json":{"title":"Baumschutzroste | Moh\u00e1csi Vas\u00f6nt\u00f6de","description":"Qualitative, anspruchsvolle Baumschutzroste aus Gusseisen. Im \u00f6ffentlichen Bereich, zur Versch\u00f6nerung der Umgebung. Kaufen Sie direkt vom Hersteller!","robots":{"index":"index","follow":"follow","max-snippet":"max-snippet:-1","max-image-preview":"max-image-preview:large","max-video-preview":"max-video-preview:-1"},"canonical":"https:\/\/vasontode.hu\/de\/produkt\/faveremracsok\/","og_locale":"de_DE","og_type":"article","og_title":"Baumschutzroste | Moh\u00e1csi Vas\u00f6nt\u00f6de","og_description":"Qualitative, anspruchsvolle Baumschutzroste aus Gusseisen. Im \u00f6ffentlichen Bereich, zur Versch\u00f6nerung der Umgebung. Kaufen Sie direkt vom Hersteller!","og_url":"https:\/\/vasontode.hu\/de\/produkt\/faveremracsok\/","og_site_name":"Moh\u00e1csi Vas\u00f6nt\u00f6de","article_modified_time":"2016-06-09T07:43:24+00:00","og_image":[{"width":281,"height":211,"url":"https:\/\/vasontode.hu\/app\/uploads\/FR-10-faveremr\u00e1cs.png","type":"image\/png"}],"twitter_misc":{"Est. reading time":"2 minutes"},"schema":{"@context":"https:\/\/schema.org","@graph":[{"@type":"WebSite","@id":"https:\/\/vasontode.hu\/#website","url":"https:\/\/vasontode.hu\/","name":"Moh\u00e1csi Vas\u00f6nt\u00f6de","description":"Egyedi \u00f6ntv\u00e9ny, kettlebell, szerelv\u00e9nyek, t\u0171zcsapok","potentialAction":[{"@type":"SearchAction","target":{"@type":"EntryPoint","urlTemplate":"https:\/\/vasontode.hu\/?s={search_term_string}"},"query-input":"required name=search_term_string"}],"inLanguage":"de-DE"},{"@type":"ImageObject","inLanguage":"de-DE","@id":"https:\/\/vasontode.hu\/de\/produkt\/faveremracsok\/#primaryimage","url":"https:\/\/vasontode.hu\/app\/uploads\/FR-10-faveremr\u00e1cs.png","contentUrl":"https:\/\/vasontode.hu\/app\/uploads\/FR-10-faveremr\u00e1cs.png","width":281,"height":211},{"@type":"WebPage","@id":"https:\/\/vasontode.hu\/de\/produkt\/faveremracsok\/#webpage","url":"https:\/\/vasontode.hu\/de\/produkt\/faveremracsok\/","name":"Baumschutzroste | Moh\u00e1csi Vas\u00f6nt\u00f6de","isPartOf":{"@id":"https:\/\/vasontode.hu\/#website"},"primaryImageOfPage":{"@id":"https:\/\/vasontode.hu\/de\/produkt\/faveremracsok\/#primaryimage"},"datePublished":"2016-04-08T11:32:39+00:00","dateModified":"2016-06-09T07:43:24+00:00","description":"Qualitative, anspruchsvolle Baumschutzroste aus Gusseisen. Im \u00f6ffentlichen Bereich, zur Versch\u00f6nerung der Umgebung. Kaufen Sie direkt vom Hersteller!","breadcrumb":{"@id":"https:\/\/vasontode.hu\/de\/produkt\/faveremracsok\/#breadcrumb"},"inLanguage":"de-DE","potentialAction":[{"@type":"ReadAction","target":["https:\/\/vasontode.hu\/de\/produkt\/faveremracsok\/"]}]},{"@type":"BreadcrumbList","@id":"https:\/\/vasontode.hu\/de\/produkt\/faveremracsok\/#breadcrumb","itemListElement":[{"@type":"ListItem","position":1,"name":"Kezd\u0151lap","item":"https:\/\/vasontode.hu\/de\/"},{"@type":"ListItem","position":2,"name":"Term\u00e9kek","item":"https:\/\/vasontode.hu\/termekek\/"},{"@type":"ListItem","position":3,"name":"Baumschutzroste"}]}]}},"_links":{"self":[{"href":"https:\/\/vasontode.hu\/de\/wp-json\/wp\/v2\/product\/3338"}],"collection":[{"href":"https:\/\/vasontode.hu\/de\/wp-json\/wp\/v2\/product"}],"about":[{"href":"https:\/\/vasontode.hu\/de\/wp-json\/wp\/v2\/types\/product"}],"replies":[{"embeddable":true,"href":"https:\/\/vasontode.hu\/de\/wp-json\/wp\/v2\/comments?post=3338"}],"wp:featuredmedia":[{"embeddable":true,"href":"https:\/\/vasontode.hu\/de\/wp-json\/wp\/v2\/media\/3268"}],"wp:attachment":[{"href":"https:\/\/vasontode.hu\/de\/wp-json\/wp\/v2\/media?parent=3338"}],"wp:term":[{"taxonomy":"product_cat","embeddable":true,"href":"https:\/\/vasontode.hu\/de\/wp-json\/wp\/v2\/product_cat?post=3338"},{"taxonomy":"product_tag","embeddable":true,"href":"https:\/\/vasontode.hu\/de\/wp-json\/wp\/v2\/product_tag?post=3338"}],"curies":[{"name":"wp","href":"https:\/\/api.w.org\/{rel}","templated":true}]}}