{"id":3341,"date":"2016-04-08T13:31:13","date_gmt":"2016-04-08T11:31:13","guid":{"rendered":"https:\/\/vasontode.hu\/de\/product\/kandelaber-oszlop\/"},"modified":"2016-05-25T14:00:13","modified_gmt":"2016-05-25T12:00:13","slug":"kandelaber-oszlop","status":"publish","type":"product","link":"https:\/\/vasontode.hu\/de\/produkt\/kandelaber-oszlop\/","title":{"rendered":"Kandelaber"},"content":{"rendered":"<h3><em><strong>Kandelaber aus Gusseisen<\/strong><\/em><\/h3>\n<h4><em>Typ 2013<\/em><\/h4>\n<h4><strong>Anwendungsbereich:<\/strong><\/h4>\n<h5>Im \u00f6ffentlichen Bereich, im Garten, zur Beleuchtung, zur Versch\u00f6nerung der Umgebung.<\/h5>\n<h4><strong>Technische Daten: <\/strong><\/h4>\n<ul>\n<li>\n<h5>Materialqualit\u00e4t: EN-GJL-200 (Gusseisen mit Lamellengraphit)<\/h5>\n<\/li>\n<li>\n<h5>Der Kandelaber kann mit einem 500 mm langen Mittelst\u00fcck gem\u00e4\u00df unten stehender Variationen erh\u00f6ht werden.<\/h5>\n<\/li>\n<li>\n<h5>Installation auf festem Pflaster mit 4 Schrauben vom Typ M20.<\/h5>\n<\/li>\n<\/ul>\n<h4><strong>Bestellbare Varianten:<\/strong><\/h4>\n<ul>\n<li>\n<h5>Kandelaber Typ 2013 ohne Mittelst\u00fcck 109kg<\/h5>\n<h5>Gesamth\u00f6he (mm): 2250 \u2013 die Beleuchtungseinrichtung und Verkabelung sind kein Zubeh\u00f6r<\/h5>\n<\/li>\n<li>\n<h5>Kandelaber Typ 2013 mit 1 Mittelst\u00fcck 126kg<\/h5>\n<h5>Gesamth\u00f6he (mm): 2750 &#8211; die Beleuchtungseinrichtung und Verkabelung sind kein Zubeh\u00f6r<\/h5>\n<\/li>\n<li>\n<h5>Kandelaber Typ 2013 mit 2 Mittelst\u00fccken 143kg<\/h5>\n<h5>Gesamth\u00f6he (mm): 3250 &#8211; die Beleuchtungseinrichtung und Verkabelung sind kein Zubeh\u00f6r<\/h5>\n<\/li>\n<li>\n<h5>Kandelaber Typ 2013 mit 3 Mittelst\u00fccken 160kg<\/h5>\n<h5>Gesamth\u00f6he (mm): 3750 &#8211; die Beleuchtungseinrichtung und Verkabelung sind kein Zubeh\u00f6r<\/h5>\n<\/li>\n<\/ul>\n<h4><strong>Bemerkung:<\/strong><\/h4>\n<ul>\n<li>Bei Bedarf montiert, gestrichen (mit Grundierung und Deckanstrich, aufgrund von individuellen RAL-Codenummern), sogar mit individuellem Wappen versehen<\/li>\n<\/ul>\n<ul>\n<li>\n<h5>Es kann mann auch im Einzelausf\u00fchrung bestellen<\/h5>\n<\/li>\n<li>\n<h5>Durch unsere gro\u00dfe Kapazit\u00e4t in der Handgie\u00dferei k\u00f6nnen wir auch Bestellungen f\u00fcr kleine Serien und f\u00fcr Sondergussst\u00fccke befriedigen.<\/h5>\n<\/li>\n<\/ul>\n<h5 style=\"text-align: center;\"><span style=\"text-decoration: underline;\"><a href=\"https:\/\/vasontode.hu\/app\/uploads\/2013-t\u00edpus\u00fa-kandel\u00e1ber-gy\u00e1rtm\u00e1nyismertet\u0151_DE_lekt-1.pdf\" rel=\"\">Klicken Sie hier f\u00fcr die Produktbeschreibung!<\/a><\/span><\/h5>\n","protected":false},"excerpt":{"rendered":"<h5>Qualitative, anspruchsvolle Kandelaber aus Gusseisen.\u00a0Im \u00f6ffentlichen Bereich, im Garten, zur Beleuchtung, zur Versch\u00f6nerung der Umgebung.<\/h5>\n<h5><strong>Kaufen Sie direkt vom Hersteller!<\/strong><\/h5>\n","protected":false},"featured_media":3280,"comment_status":"open","ping_status":"closed","template":"","meta":{"_monsterinsights_skip_tracking":false,"_monsterinsights_sitenote_active":false,"_monsterinsights_sitenote_note":"","_monsterinsights_sitenote_category":0},"product_cat":[175],"product_tag":[],"acf":[],"yoast_head":"<!-- This site is optimized with the Yoast SEO plugin v18.9 - https:\/\/yoast.com\/wordpress\/plugins\/seo\/ -->\n<title>Kandelaber | Moh\u00e1csi Vas\u00f6nt\u00f6de<\/title>\n<meta name=\"description\" content=\"Qualitative, anspruchsvolle Kandelaber aus Gusseisen. Im \u00f6ffentlichen Bereich, im Garten, zur Beleuchtung. Kaufen Sie direkt vom Hersteller!\" \/>\n<meta name=\"robots\" content=\"index, follow, max-snippet:-1, max-image-preview:large, max-video-preview:-1\" \/>\n<link rel=\"canonical\" href=\"https:\/\/vasontode.hu\/de\/produkt\/kandelaber-oszlop\/\" \/>\n<meta property=\"og:locale\" content=\"de_DE\" \/>\n<meta property=\"og:type\" content=\"article\" \/>\n<meta property=\"og:title\" content=\"Kandelaber | Moh\u00e1csi Vas\u00f6nt\u00f6de\" \/>\n<meta property=\"og:description\" content=\"Qualitative, anspruchsvolle Kandelaber aus Gusseisen. Im \u00f6ffentlichen Bereich, im Garten, zur Beleuchtung. Kaufen Sie direkt vom Hersteller!\" \/>\n<meta property=\"og:url\" content=\"https:\/\/vasontode.hu\/de\/produkt\/kandelaber-oszlop\/\" \/>\n<meta property=\"og:site_name\" content=\"Moh\u00e1csi Vas\u00f6nt\u00f6de\" \/>\n<meta property=\"article:modified_time\" content=\"2016-05-25T12:00:13+00:00\" \/>\n<meta property=\"og:image\" content=\"https:\/\/vasontode.hu\/app\/uploads\/Kandel\u00e1ber-oszlop.jpg\" \/>\n\t<meta property=\"og:image:width\" content=\"800\" \/>\n\t<meta property=\"og:image:height\" content=\"1200\" \/>\n\t<meta property=\"og:image:type\" content=\"image\/jpeg\" \/>\n<meta name=\"twitter:label1\" content=\"Est. reading time\" \/>\n\t<meta name=\"twitter:data1\" content=\"1 minute\" \/>\n<script type=\"application\/ld+json\" class=\"yoast-schema-graph\">{\"@context\":\"https:\/\/schema.org\",\"@graph\":[{\"@type\":\"WebSite\",\"@id\":\"https:\/\/vasontode.hu\/#website\",\"url\":\"https:\/\/vasontode.hu\/\",\"name\":\"Moh\u00e1csi Vas\u00f6nt\u00f6de\",\"description\":\"Egyedi \u00f6ntv\u00e9ny, kettlebell, szerelv\u00e9nyek, t\u0171zcsapok\",\"potentialAction\":[{\"@type\":\"SearchAction\",\"target\":{\"@type\":\"EntryPoint\",\"urlTemplate\":\"https:\/\/vasontode.hu\/?s={search_term_string}\"},\"query-input\":\"required name=search_term_string\"}],\"inLanguage\":\"de-DE\"},{\"@type\":\"ImageObject\",\"inLanguage\":\"de-DE\",\"@id\":\"https:\/\/vasontode.hu\/de\/produkt\/kandelaber-oszlop\/#primaryimage\",\"url\":\"https:\/\/vasontode.hu\/app\/uploads\/Kandel\u00e1ber-oszlop.jpg\",\"contentUrl\":\"https:\/\/vasontode.hu\/app\/uploads\/Kandel\u00e1ber-oszlop.jpg\",\"width\":800,\"height\":1200},{\"@type\":\"WebPage\",\"@id\":\"https:\/\/vasontode.hu\/de\/produkt\/kandelaber-oszlop\/#webpage\",\"url\":\"https:\/\/vasontode.hu\/de\/produkt\/kandelaber-oszlop\/\",\"name\":\"Kandelaber | Moh\u00e1csi Vas\u00f6nt\u00f6de\",\"isPartOf\":{\"@id\":\"https:\/\/vasontode.hu\/#website\"},\"primaryImageOfPage\":{\"@id\":\"https:\/\/vasontode.hu\/de\/produkt\/kandelaber-oszlop\/#primaryimage\"},\"datePublished\":\"2016-04-08T11:31:13+00:00\",\"dateModified\":\"2016-05-25T12:00:13+00:00\",\"description\":\"Qualitative, anspruchsvolle Kandelaber aus Gusseisen. Im \u00f6ffentlichen Bereich, im Garten, zur Beleuchtung. Kaufen Sie direkt vom Hersteller!\",\"breadcrumb\":{\"@id\":\"https:\/\/vasontode.hu\/de\/produkt\/kandelaber-oszlop\/#breadcrumb\"},\"inLanguage\":\"de-DE\",\"potentialAction\":[{\"@type\":\"ReadAction\",\"target\":[\"https:\/\/vasontode.hu\/de\/produkt\/kandelaber-oszlop\/\"]}]},{\"@type\":\"BreadcrumbList\",\"@id\":\"https:\/\/vasontode.hu\/de\/produkt\/kandelaber-oszlop\/#breadcrumb\",\"itemListElement\":[{\"@type\":\"ListItem\",\"position\":1,\"name\":\"Kezd\u0151lap\",\"item\":\"https:\/\/vasontode.hu\/de\/\"},{\"@type\":\"ListItem\",\"position\":2,\"name\":\"Term\u00e9kek\",\"item\":\"https:\/\/vasontode.hu\/termekek\/\"},{\"@type\":\"ListItem\",\"position\":3,\"name\":\"Kandelaber\"}]}]}<\/script>\n<!-- \/ Yoast SEO plugin. -->","yoast_head_json":{"title":"Kandelaber | Moh\u00e1csi Vas\u00f6nt\u00f6de","description":"Qualitative, anspruchsvolle Kandelaber aus Gusseisen. Im \u00f6ffentlichen Bereich, im Garten, zur Beleuchtung. Kaufen Sie direkt vom Hersteller!","robots":{"index":"index","follow":"follow","max-snippet":"max-snippet:-1","max-image-preview":"max-image-preview:large","max-video-preview":"max-video-preview:-1"},"canonical":"https:\/\/vasontode.hu\/de\/produkt\/kandelaber-oszlop\/","og_locale":"de_DE","og_type":"article","og_title":"Kandelaber | Moh\u00e1csi Vas\u00f6nt\u00f6de","og_description":"Qualitative, anspruchsvolle Kandelaber aus Gusseisen. Im \u00f6ffentlichen Bereich, im Garten, zur Beleuchtung. Kaufen Sie direkt vom Hersteller!","og_url":"https:\/\/vasontode.hu\/de\/produkt\/kandelaber-oszlop\/","og_site_name":"Moh\u00e1csi Vas\u00f6nt\u00f6de","article_modified_time":"2016-05-25T12:00:13+00:00","og_image":[{"width":800,"height":1200,"url":"https:\/\/vasontode.hu\/app\/uploads\/Kandel\u00e1ber-oszlop.jpg","type":"image\/jpeg"}],"twitter_misc":{"Est. reading time":"1 minute"},"schema":{"@context":"https:\/\/schema.org","@graph":[{"@type":"WebSite","@id":"https:\/\/vasontode.hu\/#website","url":"https:\/\/vasontode.hu\/","name":"Moh\u00e1csi Vas\u00f6nt\u00f6de","description":"Egyedi \u00f6ntv\u00e9ny, kettlebell, szerelv\u00e9nyek, t\u0171zcsapok","potentialAction":[{"@type":"SearchAction","target":{"@type":"EntryPoint","urlTemplate":"https:\/\/vasontode.hu\/?s={search_term_string}"},"query-input":"required name=search_term_string"}],"inLanguage":"de-DE"},{"@type":"ImageObject","inLanguage":"de-DE","@id":"https:\/\/vasontode.hu\/de\/produkt\/kandelaber-oszlop\/#primaryimage","url":"https:\/\/vasontode.hu\/app\/uploads\/Kandel\u00e1ber-oszlop.jpg","contentUrl":"https:\/\/vasontode.hu\/app\/uploads\/Kandel\u00e1ber-oszlop.jpg","width":800,"height":1200},{"@type":"WebPage","@id":"https:\/\/vasontode.hu\/de\/produkt\/kandelaber-oszlop\/#webpage","url":"https:\/\/vasontode.hu\/de\/produkt\/kandelaber-oszlop\/","name":"Kandelaber | Moh\u00e1csi Vas\u00f6nt\u00f6de","isPartOf":{"@id":"https:\/\/vasontode.hu\/#website"},"primaryImageOfPage":{"@id":"https:\/\/vasontode.hu\/de\/produkt\/kandelaber-oszlop\/#primaryimage"},"datePublished":"2016-04-08T11:31:13+00:00","dateModified":"2016-05-25T12:00:13+00:00","description":"Qualitative, anspruchsvolle Kandelaber aus Gusseisen. Im \u00f6ffentlichen Bereich, im Garten, zur Beleuchtung. Kaufen Sie direkt vom Hersteller!","breadcrumb":{"@id":"https:\/\/vasontode.hu\/de\/produkt\/kandelaber-oszlop\/#breadcrumb"},"inLanguage":"de-DE","potentialAction":[{"@type":"ReadAction","target":["https:\/\/vasontode.hu\/de\/produkt\/kandelaber-oszlop\/"]}]},{"@type":"BreadcrumbList","@id":"https:\/\/vasontode.hu\/de\/produkt\/kandelaber-oszlop\/#breadcrumb","itemListElement":[{"@type":"ListItem","position":1,"name":"Kezd\u0151lap","item":"https:\/\/vasontode.hu\/de\/"},{"@type":"ListItem","position":2,"name":"Term\u00e9kek","item":"https:\/\/vasontode.hu\/termekek\/"},{"@type":"ListItem","position":3,"name":"Kandelaber"}]}]}},"_links":{"self":[{"href":"https:\/\/vasontode.hu\/de\/wp-json\/wp\/v2\/product\/3341"}],"collection":[{"href":"https:\/\/vasontode.hu\/de\/wp-json\/wp\/v2\/product"}],"about":[{"href":"https:\/\/vasontode.hu\/de\/wp-json\/wp\/v2\/types\/product"}],"replies":[{"embeddable":true,"href":"https:\/\/vasontode.hu\/de\/wp-json\/wp\/v2\/comments?post=3341"}],"wp:featuredmedia":[{"embeddable":true,"href":"https:\/\/vasontode.hu\/de\/wp-json\/wp\/v2\/media\/3280"}],"wp:attachment":[{"href":"https:\/\/vasontode.hu\/de\/wp-json\/wp\/v2\/media?parent=3341"}],"wp:term":[{"taxonomy":"product_cat","embeddable":true,"href":"https:\/\/vasontode.hu\/de\/wp-json\/wp\/v2\/product_cat?post=3341"},{"taxonomy":"product_tag","embeddable":true,"href":"https:\/\/vasontode.hu\/de\/wp-json\/wp\/v2\/product_tag?post=3341"}],"curies":[{"name":"wp","href":"https:\/\/api.w.org\/{rel}","templated":true}]}}