{"id":3342,"date":"2016-04-08T13:25:56","date_gmt":"2016-04-08T11:25:56","guid":{"rendered":"https:\/\/vasontode.hu\/de\/product\/kettlebell-giri-suly\/"},"modified":"2016-05-27T11:57:10","modified_gmt":"2016-05-27T09:57:10","slug":"kettlebell-giri-suly","status":"publish","type":"product","link":"https:\/\/vasontode.hu\/de\/produkt\/kettlebell-giri-suly\/","title":{"rendered":"Kettlebell"},"content":{"rendered":"<h3><strong><em>Kettlebell (Eisenkugel)<\/em><\/strong><\/h3>\n<h4><\/h4>\n<h4><strong>Anwendungsgebiet:<\/strong><\/h4>\n<ul>\n<li>\n<h5>Die Kettlebells sind freie Trainingsgewichte, die ganze Muskelketten ansprechen.<\/h5>\n<\/li>\n<li>\n<h5>Mit der Kettlebell lassen sich fast alle Arm-, Schulter- und Oberk\u00f6rpermuskeln trainieren<\/h5>\n<\/li>\n<li>\n<h5>Mit einem Kettlebell-Workout kann man gleich mehrere Fitness-Komponenten trainieren: Kraft und Kraftausdauer, Herz und Kreislauf, Beweglichkeit, Schnelligkeit und Koordinationsf\u00e4higkeit.<\/h5>\n<\/li>\n<\/ul>\n<h4><strong>Technische Daten:<\/strong><\/h4>\n<ul>\n<li>\n<h5>Materialqualit\u00e4t: EN-GJL-200 (Gusseisen mit Lamellengraphite).<\/h5>\n<\/li>\n<li>\n<h5>Versions:<\/h5>\n<ul>\n<li>\n<h5>16 kg<\/h5>\n<\/li>\n<li>\n<h5>24 kg<\/h5>\n<\/li>\n<li>\n<h5>32 kg<\/h5>\n<\/li>\n<\/ul>\n<\/li>\n<\/ul>\n<h4><strong>Bemerkungen:<\/strong><\/h4>\n<ul>\n<li>\n<h5>Auch in gef\u00e4rbten Ausf\u00fchrung.<\/h5>\n<\/li>\n<li>\n<h5>Ergonomische Ausf\u00fchrung, raue, rutschfeste Oberfl\u00e4che.<\/h5>\n<\/li>\n<\/ul>\n<h5 style=\"text-align: center;\"><span style=\"text-decoration: underline;\"><a href=\"https:\/\/vasontode.hu\/app\/uploads\/\u00d6nt\u00f6ttvas-s\u00falygoly\u00f3-gy\u00e1rtm\u00e1nyismertet\u0151_DE.pdf\" target=\"_blank\" rel=\"\">Klicken Sie hier f\u00fcr die Produktbeschreibung!<\/a><\/span><\/h5>\n","protected":false},"excerpt":{"rendered":"<h5>Die Kettlebells sind freie Trainingsgewichte, die ganze Muskelketten ansprechen.\u00a0Mit einem Kettlebell-Workout kann man gleich mehrere Fitness-Komponenten trainieren.<\/h5>\n<h5><strong>Kaufen Sie direkt vom Hersteller!<\/strong><\/h5>\n","protected":false},"featured_media":3164,"comment_status":"open","ping_status":"closed","template":"","meta":{"_monsterinsights_skip_tracking":false,"_monsterinsights_sitenote_active":false,"_monsterinsights_sitenote_note":"","_monsterinsights_sitenote_category":0},"product_cat":[177],"product_tag":[],"acf":[],"yoast_head":"<!-- This site is optimized with the Yoast SEO plugin v18.9 - https:\/\/yoast.com\/wordpress\/plugins\/seo\/ -->\n<title>Kettlebell | Moh\u00e1csi Vas\u00f6nt\u00f6de<\/title>\n<meta name=\"description\" content=\"Die Kettlebells sind freie Trainingsgewichte, die ganze Muskelketten ansprechen. In mehreren Versionen: 16, 24, 32 kg. Kaufen Sie direkt vom Hersteller!\" \/>\n<meta name=\"robots\" content=\"index, follow, max-snippet:-1, max-image-preview:large, max-video-preview:-1\" \/>\n<link rel=\"canonical\" href=\"https:\/\/vasontode.hu\/de\/produkt\/kettlebell-giri-suly\/\" \/>\n<meta property=\"og:locale\" content=\"de_DE\" \/>\n<meta property=\"og:type\" content=\"article\" \/>\n<meta property=\"og:title\" content=\"Kettlebell | Moh\u00e1csi Vas\u00f6nt\u00f6de\" \/>\n<meta property=\"og:description\" content=\"Die Kettlebells sind freie Trainingsgewichte, die ganze Muskelketten ansprechen. In mehreren Versionen: 16, 24, 32 kg. Kaufen Sie direkt vom Hersteller!\" \/>\n<meta property=\"og:url\" content=\"https:\/\/vasontode.hu\/de\/produkt\/kettlebell-giri-suly\/\" \/>\n<meta property=\"og:site_name\" content=\"Moh\u00e1csi Vas\u00f6nt\u00f6de\" \/>\n<meta property=\"article:modified_time\" content=\"2016-05-27T09:57:10+00:00\" \/>\n<meta property=\"og:image\" content=\"https:\/\/vasontode.hu\/app\/uploads\/IMG_1887jv.jpg\" \/>\n\t<meta property=\"og:image:width\" content=\"1728\" \/>\n\t<meta property=\"og:image:height\" content=\"1762\" \/>\n\t<meta property=\"og:image:type\" content=\"image\/jpeg\" \/>\n<script type=\"application\/ld+json\" class=\"yoast-schema-graph\">{\"@context\":\"https:\/\/schema.org\",\"@graph\":[{\"@type\":\"WebSite\",\"@id\":\"https:\/\/vasontode.hu\/#website\",\"url\":\"https:\/\/vasontode.hu\/\",\"name\":\"Moh\u00e1csi Vas\u00f6nt\u00f6de\",\"description\":\"Egyedi \u00f6ntv\u00e9ny, kettlebell, szerelv\u00e9nyek, t\u0171zcsapok\",\"potentialAction\":[{\"@type\":\"SearchAction\",\"target\":{\"@type\":\"EntryPoint\",\"urlTemplate\":\"https:\/\/vasontode.hu\/?s={search_term_string}\"},\"query-input\":\"required name=search_term_string\"}],\"inLanguage\":\"de-DE\"},{\"@type\":\"ImageObject\",\"inLanguage\":\"de-DE\",\"@id\":\"https:\/\/vasontode.hu\/de\/produkt\/kettlebell-giri-suly\/#primaryimage\",\"url\":\"https:\/\/vasontode.hu\/app\/uploads\/IMG_1887jv.jpg\",\"contentUrl\":\"https:\/\/vasontode.hu\/app\/uploads\/IMG_1887jv.jpg\",\"width\":1728,\"height\":1762},{\"@type\":\"WebPage\",\"@id\":\"https:\/\/vasontode.hu\/de\/produkt\/kettlebell-giri-suly\/#webpage\",\"url\":\"https:\/\/vasontode.hu\/de\/produkt\/kettlebell-giri-suly\/\",\"name\":\"Kettlebell | Moh\u00e1csi Vas\u00f6nt\u00f6de\",\"isPartOf\":{\"@id\":\"https:\/\/vasontode.hu\/#website\"},\"primaryImageOfPage\":{\"@id\":\"https:\/\/vasontode.hu\/de\/produkt\/kettlebell-giri-suly\/#primaryimage\"},\"datePublished\":\"2016-04-08T11:25:56+00:00\",\"dateModified\":\"2016-05-27T09:57:10+00:00\",\"description\":\"Die Kettlebells sind freie Trainingsgewichte, die ganze Muskelketten ansprechen. In mehreren Versionen: 16, 24, 32 kg. Kaufen Sie direkt vom Hersteller!\",\"breadcrumb\":{\"@id\":\"https:\/\/vasontode.hu\/de\/produkt\/kettlebell-giri-suly\/#breadcrumb\"},\"inLanguage\":\"de-DE\",\"potentialAction\":[{\"@type\":\"ReadAction\",\"target\":[\"https:\/\/vasontode.hu\/de\/produkt\/kettlebell-giri-suly\/\"]}]},{\"@type\":\"BreadcrumbList\",\"@id\":\"https:\/\/vasontode.hu\/de\/produkt\/kettlebell-giri-suly\/#breadcrumb\",\"itemListElement\":[{\"@type\":\"ListItem\",\"position\":1,\"name\":\"Kezd\u0151lap\",\"item\":\"https:\/\/vasontode.hu\/de\/\"},{\"@type\":\"ListItem\",\"position\":2,\"name\":\"Term\u00e9kek\",\"item\":\"https:\/\/vasontode.hu\/termekek\/\"},{\"@type\":\"ListItem\",\"position\":3,\"name\":\"Kettlebell\"}]}]}<\/script>\n<!-- \/ Yoast SEO plugin. -->","yoast_head_json":{"title":"Kettlebell | Moh\u00e1csi Vas\u00f6nt\u00f6de","description":"Die Kettlebells sind freie Trainingsgewichte, die ganze Muskelketten ansprechen. In mehreren Versionen: 16, 24, 32 kg. Kaufen Sie direkt vom Hersteller!","robots":{"index":"index","follow":"follow","max-snippet":"max-snippet:-1","max-image-preview":"max-image-preview:large","max-video-preview":"max-video-preview:-1"},"canonical":"https:\/\/vasontode.hu\/de\/produkt\/kettlebell-giri-suly\/","og_locale":"de_DE","og_type":"article","og_title":"Kettlebell | Moh\u00e1csi Vas\u00f6nt\u00f6de","og_description":"Die Kettlebells sind freie Trainingsgewichte, die ganze Muskelketten ansprechen. In mehreren Versionen: 16, 24, 32 kg. Kaufen Sie direkt vom Hersteller!","og_url":"https:\/\/vasontode.hu\/de\/produkt\/kettlebell-giri-suly\/","og_site_name":"Moh\u00e1csi Vas\u00f6nt\u00f6de","article_modified_time":"2016-05-27T09:57:10+00:00","og_image":[{"width":1728,"height":1762,"url":"https:\/\/vasontode.hu\/app\/uploads\/IMG_1887jv.jpg","type":"image\/jpeg"}],"schema":{"@context":"https:\/\/schema.org","@graph":[{"@type":"WebSite","@id":"https:\/\/vasontode.hu\/#website","url":"https:\/\/vasontode.hu\/","name":"Moh\u00e1csi Vas\u00f6nt\u00f6de","description":"Egyedi \u00f6ntv\u00e9ny, kettlebell, szerelv\u00e9nyek, t\u0171zcsapok","potentialAction":[{"@type":"SearchAction","target":{"@type":"EntryPoint","urlTemplate":"https:\/\/vasontode.hu\/?s={search_term_string}"},"query-input":"required name=search_term_string"}],"inLanguage":"de-DE"},{"@type":"ImageObject","inLanguage":"de-DE","@id":"https:\/\/vasontode.hu\/de\/produkt\/kettlebell-giri-suly\/#primaryimage","url":"https:\/\/vasontode.hu\/app\/uploads\/IMG_1887jv.jpg","contentUrl":"https:\/\/vasontode.hu\/app\/uploads\/IMG_1887jv.jpg","width":1728,"height":1762},{"@type":"WebPage","@id":"https:\/\/vasontode.hu\/de\/produkt\/kettlebell-giri-suly\/#webpage","url":"https:\/\/vasontode.hu\/de\/produkt\/kettlebell-giri-suly\/","name":"Kettlebell | Moh\u00e1csi Vas\u00f6nt\u00f6de","isPartOf":{"@id":"https:\/\/vasontode.hu\/#website"},"primaryImageOfPage":{"@id":"https:\/\/vasontode.hu\/de\/produkt\/kettlebell-giri-suly\/#primaryimage"},"datePublished":"2016-04-08T11:25:56+00:00","dateModified":"2016-05-27T09:57:10+00:00","description":"Die Kettlebells sind freie Trainingsgewichte, die ganze Muskelketten ansprechen. In mehreren Versionen: 16, 24, 32 kg. Kaufen Sie direkt vom Hersteller!","breadcrumb":{"@id":"https:\/\/vasontode.hu\/de\/produkt\/kettlebell-giri-suly\/#breadcrumb"},"inLanguage":"de-DE","potentialAction":[{"@type":"ReadAction","target":["https:\/\/vasontode.hu\/de\/produkt\/kettlebell-giri-suly\/"]}]},{"@type":"BreadcrumbList","@id":"https:\/\/vasontode.hu\/de\/produkt\/kettlebell-giri-suly\/#breadcrumb","itemListElement":[{"@type":"ListItem","position":1,"name":"Kezd\u0151lap","item":"https:\/\/vasontode.hu\/de\/"},{"@type":"ListItem","position":2,"name":"Term\u00e9kek","item":"https:\/\/vasontode.hu\/termekek\/"},{"@type":"ListItem","position":3,"name":"Kettlebell"}]}]}},"_links":{"self":[{"href":"https:\/\/vasontode.hu\/de\/wp-json\/wp\/v2\/product\/3342"}],"collection":[{"href":"https:\/\/vasontode.hu\/de\/wp-json\/wp\/v2\/product"}],"about":[{"href":"https:\/\/vasontode.hu\/de\/wp-json\/wp\/v2\/types\/product"}],"replies":[{"embeddable":true,"href":"https:\/\/vasontode.hu\/de\/wp-json\/wp\/v2\/comments?post=3342"}],"wp:featuredmedia":[{"embeddable":true,"href":"https:\/\/vasontode.hu\/de\/wp-json\/wp\/v2\/media\/3164"}],"wp:attachment":[{"href":"https:\/\/vasontode.hu\/de\/wp-json\/wp\/v2\/media?parent=3342"}],"wp:term":[{"taxonomy":"product_cat","embeddable":true,"href":"https:\/\/vasontode.hu\/de\/wp-json\/wp\/v2\/product_cat?post=3342"},{"taxonomy":"product_tag","embeddable":true,"href":"https:\/\/vasontode.hu\/de\/wp-json\/wp\/v2\/product_tag?post=3342"}],"curies":[{"name":"wp","href":"https:\/\/api.w.org\/{rel}","templated":true}]}}