{"id":3346,"date":"2016-04-08T11:39:57","date_gmt":"2016-04-08T09:39:57","guid":{"rendered":"https:\/\/vasontode.hu\/de\/product\/ontveny-serpenyo-350-mm\/"},"modified":"2016-05-25T14:58:44","modified_gmt":"2016-05-25T12:58:44","slug":"ontveny-serpenyo-350-mm","status":"publish","type":"product","link":"https:\/\/vasontode.hu\/de\/produkt\/ontveny-serpenyo-350-mm\/","title":{"rendered":"Pfanne"},"content":{"rendered":"<h3><em><strong>Pfanne aus Gusseisen 350 mm<\/strong><\/em><\/h3>\n<h4><strong>Anwendung:\u00a0<\/strong><\/h4>\n<h5>Zum Grillen im Freien, auf ein vorbereiteter Halter gestellt. Man kann verwendet mit Gasbrenner oder mit freies Feuer.<\/h5>\n<h4><strong>Materialqualit\u00e4t:<\/strong><\/h4>\n<h5>EN-GJL-200<\/h5>\n<h4><strong>Dimensions:<\/strong><\/h4>\n<ul>\n<li>\n<h5>Aussenseitiger Durchmesser: 38,5 cm<\/h5>\n<\/li>\n<li>Innerer Durchmesser: 35 cm<\/li>\n<li>\n<h5>Breite mit der Henkel: 56\u00a0cm,<\/h5>\n<\/li>\n<li>\n<h5>H\u00f6he: 7 cm,<\/h5>\n<\/li>\n<li>\n<h5>Innere H\u00f6he: 13\u00a0cm<\/h5>\n<\/li>\n<\/ul>\n<h4><strong>Inhalt: <\/strong><\/h4>\n<h5>etwa 3,5 l<\/h5>\n<h4><\/h4>\n<h4><strong>Gussveredelung:<\/strong><\/h4>\n<h5>Geschliffene, sandgestrahlte Ausf\u00fchrung \u2013 auf Anfrage montiert<\/h5>\n<h4><strong>Gewicht:<\/strong><\/h4>\n<h5>8,2\u00a0kg<\/h5>\n<h4><strong>Bemerkung:<\/strong><\/h4>\n<ul>\n<li>\n<h5>Durch unsere gro\u00dfe Kapazit\u00e4t in der Handgie\u00dferei k\u00f6nnen wir auch Bestellungen f\u00fcr klene Serien und f\u00fcr Sondergussst\u00fccke befriedigen.<\/h5>\n<\/li>\n<\/ul>\n","protected":false},"excerpt":{"rendered":"<h5>Pfanne\u00a0aus Gusseisen, der geeignet zum grillen im Freien mit Familie oder Freunden.<\/h5>\n<h5><strong>Kaufen Sie direkt vom Hersteller!<\/strong><\/h5>\n","protected":false},"featured_media":3138,"comment_status":"open","ping_status":"closed","template":"","meta":{"_monsterinsights_skip_tracking":false,"_monsterinsights_sitenote_active":false,"_monsterinsights_sitenote_note":"","_monsterinsights_sitenote_category":0},"product_cat":[179],"product_tag":[],"acf":[],"yoast_head":"<!-- This site is optimized with the Yoast SEO plugin v18.9 - https:\/\/yoast.com\/wordpress\/plugins\/seo\/ -->\n<title>Pfanne | Moh\u00e1csi Vas\u00f6nt\u00f6de<\/title>\n<meta name=\"description\" content=\"Pfanne aus Gusseisen, der geeignet zum grillen im Freien mit Familie, Freunden oder Kollegen. Kaufen Sie direkt vom Hersteller!\" \/>\n<meta name=\"robots\" content=\"index, follow, max-snippet:-1, max-image-preview:large, max-video-preview:-1\" \/>\n<link rel=\"canonical\" href=\"https:\/\/vasontode.hu\/de\/produkt\/ontveny-serpenyo-350-mm\/\" \/>\n<meta property=\"og:locale\" content=\"de_DE\" \/>\n<meta property=\"og:type\" content=\"article\" \/>\n<meta property=\"og:title\" content=\"Pfanne | Moh\u00e1csi Vas\u00f6nt\u00f6de\" \/>\n<meta property=\"og:description\" content=\"Pfanne aus Gusseisen, der geeignet zum grillen im Freien mit Familie, Freunden oder Kollegen. Kaufen Sie direkt vom Hersteller!\" \/>\n<meta property=\"og:url\" content=\"https:\/\/vasontode.hu\/de\/produkt\/ontveny-serpenyo-350-mm\/\" \/>\n<meta property=\"og:site_name\" content=\"Moh\u00e1csi Vas\u00f6nt\u00f6de\" \/>\n<meta property=\"article:modified_time\" content=\"2016-05-25T12:58:44+00:00\" \/>\n<meta property=\"og:image\" content=\"https:\/\/vasontode.hu\/app\/uploads\/IMG_1810j-scaled.jpg\" \/>\n\t<meta property=\"og:image:width\" content=\"2560\" \/>\n\t<meta property=\"og:image:height\" content=\"1707\" \/>\n\t<meta property=\"og:image:type\" content=\"image\/jpeg\" \/>\n<script type=\"application\/ld+json\" class=\"yoast-schema-graph\">{\"@context\":\"https:\/\/schema.org\",\"@graph\":[{\"@type\":\"WebSite\",\"@id\":\"https:\/\/vasontode.hu\/#website\",\"url\":\"https:\/\/vasontode.hu\/\",\"name\":\"Moh\u00e1csi Vas\u00f6nt\u00f6de\",\"description\":\"Egyedi \u00f6ntv\u00e9ny, kettlebell, szerelv\u00e9nyek, t\u0171zcsapok\",\"potentialAction\":[{\"@type\":\"SearchAction\",\"target\":{\"@type\":\"EntryPoint\",\"urlTemplate\":\"https:\/\/vasontode.hu\/?s={search_term_string}\"},\"query-input\":\"required name=search_term_string\"}],\"inLanguage\":\"de-DE\"},{\"@type\":\"ImageObject\",\"inLanguage\":\"de-DE\",\"@id\":\"https:\/\/vasontode.hu\/de\/produkt\/ontveny-serpenyo-350-mm\/#primaryimage\",\"url\":\"https:\/\/vasontode.hu\/app\/uploads\/IMG_1810j-scaled.jpg\",\"contentUrl\":\"https:\/\/vasontode.hu\/app\/uploads\/IMG_1810j-scaled.jpg\",\"width\":2560,\"height\":1707},{\"@type\":\"WebPage\",\"@id\":\"https:\/\/vasontode.hu\/de\/produkt\/ontveny-serpenyo-350-mm\/#webpage\",\"url\":\"https:\/\/vasontode.hu\/de\/produkt\/ontveny-serpenyo-350-mm\/\",\"name\":\"Pfanne | Moh\u00e1csi Vas\u00f6nt\u00f6de\",\"isPartOf\":{\"@id\":\"https:\/\/vasontode.hu\/#website\"},\"primaryImageOfPage\":{\"@id\":\"https:\/\/vasontode.hu\/de\/produkt\/ontveny-serpenyo-350-mm\/#primaryimage\"},\"datePublished\":\"2016-04-08T09:39:57+00:00\",\"dateModified\":\"2016-05-25T12:58:44+00:00\",\"description\":\"Pfanne aus Gusseisen, der geeignet zum grillen im Freien mit Familie, Freunden oder Kollegen. Kaufen Sie direkt vom Hersteller!\",\"breadcrumb\":{\"@id\":\"https:\/\/vasontode.hu\/de\/produkt\/ontveny-serpenyo-350-mm\/#breadcrumb\"},\"inLanguage\":\"de-DE\",\"potentialAction\":[{\"@type\":\"ReadAction\",\"target\":[\"https:\/\/vasontode.hu\/de\/produkt\/ontveny-serpenyo-350-mm\/\"]}]},{\"@type\":\"BreadcrumbList\",\"@id\":\"https:\/\/vasontode.hu\/de\/produkt\/ontveny-serpenyo-350-mm\/#breadcrumb\",\"itemListElement\":[{\"@type\":\"ListItem\",\"position\":1,\"name\":\"Kezd\u0151lap\",\"item\":\"https:\/\/vasontode.hu\/de\/\"},{\"@type\":\"ListItem\",\"position\":2,\"name\":\"Term\u00e9kek\",\"item\":\"https:\/\/vasontode.hu\/termekek\/\"},{\"@type\":\"ListItem\",\"position\":3,\"name\":\"Pfanne\"}]}]}<\/script>\n<!-- \/ Yoast SEO plugin. -->","yoast_head_json":{"title":"Pfanne | Moh\u00e1csi Vas\u00f6nt\u00f6de","description":"Pfanne aus Gusseisen, der geeignet zum grillen im Freien mit Familie, Freunden oder Kollegen. Kaufen Sie direkt vom Hersteller!","robots":{"index":"index","follow":"follow","max-snippet":"max-snippet:-1","max-image-preview":"max-image-preview:large","max-video-preview":"max-video-preview:-1"},"canonical":"https:\/\/vasontode.hu\/de\/produkt\/ontveny-serpenyo-350-mm\/","og_locale":"de_DE","og_type":"article","og_title":"Pfanne | Moh\u00e1csi Vas\u00f6nt\u00f6de","og_description":"Pfanne aus Gusseisen, der geeignet zum grillen im Freien mit Familie, Freunden oder Kollegen. Kaufen Sie direkt vom Hersteller!","og_url":"https:\/\/vasontode.hu\/de\/produkt\/ontveny-serpenyo-350-mm\/","og_site_name":"Moh\u00e1csi Vas\u00f6nt\u00f6de","article_modified_time":"2016-05-25T12:58:44+00:00","og_image":[{"width":2560,"height":1707,"url":"https:\/\/vasontode.hu\/app\/uploads\/IMG_1810j-scaled.jpg","type":"image\/jpeg"}],"schema":{"@context":"https:\/\/schema.org","@graph":[{"@type":"WebSite","@id":"https:\/\/vasontode.hu\/#website","url":"https:\/\/vasontode.hu\/","name":"Moh\u00e1csi Vas\u00f6nt\u00f6de","description":"Egyedi \u00f6ntv\u00e9ny, kettlebell, szerelv\u00e9nyek, t\u0171zcsapok","potentialAction":[{"@type":"SearchAction","target":{"@type":"EntryPoint","urlTemplate":"https:\/\/vasontode.hu\/?s={search_term_string}"},"query-input":"required name=search_term_string"}],"inLanguage":"de-DE"},{"@type":"ImageObject","inLanguage":"de-DE","@id":"https:\/\/vasontode.hu\/de\/produkt\/ontveny-serpenyo-350-mm\/#primaryimage","url":"https:\/\/vasontode.hu\/app\/uploads\/IMG_1810j-scaled.jpg","contentUrl":"https:\/\/vasontode.hu\/app\/uploads\/IMG_1810j-scaled.jpg","width":2560,"height":1707},{"@type":"WebPage","@id":"https:\/\/vasontode.hu\/de\/produkt\/ontveny-serpenyo-350-mm\/#webpage","url":"https:\/\/vasontode.hu\/de\/produkt\/ontveny-serpenyo-350-mm\/","name":"Pfanne | Moh\u00e1csi Vas\u00f6nt\u00f6de","isPartOf":{"@id":"https:\/\/vasontode.hu\/#website"},"primaryImageOfPage":{"@id":"https:\/\/vasontode.hu\/de\/produkt\/ontveny-serpenyo-350-mm\/#primaryimage"},"datePublished":"2016-04-08T09:39:57+00:00","dateModified":"2016-05-25T12:58:44+00:00","description":"Pfanne aus Gusseisen, der geeignet zum grillen im Freien mit Familie, Freunden oder Kollegen. Kaufen Sie direkt vom Hersteller!","breadcrumb":{"@id":"https:\/\/vasontode.hu\/de\/produkt\/ontveny-serpenyo-350-mm\/#breadcrumb"},"inLanguage":"de-DE","potentialAction":[{"@type":"ReadAction","target":["https:\/\/vasontode.hu\/de\/produkt\/ontveny-serpenyo-350-mm\/"]}]},{"@type":"BreadcrumbList","@id":"https:\/\/vasontode.hu\/de\/produkt\/ontveny-serpenyo-350-mm\/#breadcrumb","itemListElement":[{"@type":"ListItem","position":1,"name":"Kezd\u0151lap","item":"https:\/\/vasontode.hu\/de\/"},{"@type":"ListItem","position":2,"name":"Term\u00e9kek","item":"https:\/\/vasontode.hu\/termekek\/"},{"@type":"ListItem","position":3,"name":"Pfanne"}]}]}},"_links":{"self":[{"href":"https:\/\/vasontode.hu\/de\/wp-json\/wp\/v2\/product\/3346"}],"collection":[{"href":"https:\/\/vasontode.hu\/de\/wp-json\/wp\/v2\/product"}],"about":[{"href":"https:\/\/vasontode.hu\/de\/wp-json\/wp\/v2\/types\/product"}],"replies":[{"embeddable":true,"href":"https:\/\/vasontode.hu\/de\/wp-json\/wp\/v2\/comments?post=3346"}],"wp:featuredmedia":[{"embeddable":true,"href":"https:\/\/vasontode.hu\/de\/wp-json\/wp\/v2\/media\/3138"}],"wp:attachment":[{"href":"https:\/\/vasontode.hu\/de\/wp-json\/wp\/v2\/media?parent=3346"}],"wp:term":[{"taxonomy":"product_cat","embeddable":true,"href":"https:\/\/vasontode.hu\/de\/wp-json\/wp\/v2\/product_cat?post=3346"},{"taxonomy":"product_tag","embeddable":true,"href":"https:\/\/vasontode.hu\/de\/wp-json\/wp\/v2\/product_tag?post=3346"}],"curies":[{"name":"wp","href":"https:\/\/api.w.org\/{rel}","templated":true}]}}