{"id":3347,"date":"2016-04-08T11:32:58","date_gmt":"2016-04-08T09:32:58","guid":{"rendered":"https:\/\/vasontode.hu\/de\/product\/gyurus-henger\/"},"modified":"2016-05-26T14:37:38","modified_gmt":"2016-05-26T12:37:38","slug":"gyurus-henger","status":"publish","type":"product","link":"https:\/\/vasontode.hu\/de\/produkt\/gyurus-henger\/","title":{"rendered":"Universelle Walze"},"content":{"rendered":"<h3><strong><em>Universelle Walze<\/em><\/strong><\/h3>\n<h4><\/h4>\n<h4><strong>Anwendungsgebiet:<\/strong><\/h4>\n<h5><em>Es ist ein Ger\u00e4t f\u00fcr Bodenbearbeitung.<\/em><\/h5>\n<ul>\n<li>\n<h5>Kluten zerkleinerung.<\/h5>\n<\/li>\n<li>\n<h5>Feuchtigkeit im Boden gehalten.<\/h5>\n<\/li>\n<\/ul>\n<h4><strong>Technische Daten:<\/strong><\/h4>\n<ul>\n<li>\n<h5>Materialqualit\u00e4t: EN-GJL-200 (Gusseisen mit Lamellengraphit)<\/h5>\n<\/li>\n<li>\n<h5>Auch in gef\u00e4rbten Ausf\u00fchrung<\/h5>\n<\/li>\n<li>\n<h5>Installationsgr\u00f6\u00dfe:(\u25a1 52\/62 mm)<\/h5>\n<\/li>\n<\/ul>\n<h5 style=\"text-align: center;\"><span style=\"text-decoration: underline;\"><a href=\"https:\/\/vasontode.hu\/app\/uploads\/Gy\u0171r\u0171shenger-gy\u00e1rtm\u00e1nyismertet\u0151_DE.pdf\" target=\"_blank\" rel=\"\">Klicken Sie hier f\u00fcr die Produktbeschreibung!<\/a><\/span><\/h5>\n<h4><\/h4>\n<h4><em>Weiterhin, wir bestreben uns, alle anfallenden Gussanspr\u00fcche im Bereich der Maschinenindustrie zu befriedigen.<\/em><\/h4>\n<ul>\n<li>\n<h5>Gusseisen mit Lamellengraphit in den Qualit\u00e4ten<\/h5>\n<ul>\n<li>\n<h5>EN-GJL 150\u00a0(\u00d6v 150; GG 15)<\/h5>\n<\/li>\n<li>\n<h5>EN-GJL-200 (\u00d6v 200; GG 20)<\/h5>\n<\/li>\n<li>\n<h5>EN-GJL-250 (\u00d6v 250; GG 25)<\/h5>\n<\/li>\n<li>\n<h5>EN-GJL-300 (\u00d6v 300; GG 30)\u00a0laut EN 1560: 2000.<\/h5>\n<\/li>\n<\/ul>\n<\/li>\n<li>\n<h5>Gusseisen mit Kugelgraphit in den Qualit\u00e4ten<\/h5>\n<ul>\n<li>\n<h5>EN-GJS-400-15<\/h5>\n<\/li>\n<li>\n<h5>EN-GJS-450-10<\/h5>\n<\/li>\n<li>\n<h5>EN-GJS-500-7<\/h5>\n<\/li>\n<li>\n<h5>EN-GJS-600-3<\/h5>\n<\/li>\n<li>\n<h5>EN-GJS-700-2\u00a0laut EN 1563: 2000.<\/h5>\n<\/li>\n<\/ul>\n<\/li>\n<li>\n<h5>Unsere Produktionskapazit\u00e4t betr\u00e4gt 4000 Tonnen pro Jahr (im Handformguss und im halbautomatischen Maschinenformguss)<\/h5>\n<\/li>\n<li>\n<h5>Herstellbare Abmessungen: min. 50x50x50mm, max. 2500x1500x800mm<\/h5>\n<\/li>\n<li>\n<h5>Gewichtsgrenze der Gussst\u00fccke: min. 0,5kg, max.700kg<\/h5>\n<\/li>\n<li>\n<h5>Minimale Wandst\u00e4rke: 6-8mm<\/h5>\n<\/li>\n<\/ul>\n<h4>Die von uns hergestellten Gussst\u00fccke verf\u00fcgen \u00fcber die folgenden Eigenschaften<\/h4>\n<ul>\n<li>\n<h5>gute Bearbeitungsf\u00e4higkeit<\/h5>\n<\/li>\n<li>\n<h5>gute Druckfestigkeit<\/h5>\n<\/li>\n<li>\n<h5>gute Verschlei\u00dffestigkeit<\/h5>\n<\/li>\n<li>\n<h5>gleichm\u00e4\u00dfige Oberfl\u00e4chenh\u00e4rte<\/h5>\n<\/li>\n<li>\n<h5>gute Polierbarkeit<\/h5>\n<\/li>\n<\/ul>\n<h4><\/h4>\n","protected":false},"excerpt":{"rendered":"<h5>Universelle Walze aus Gusseisen.\u00a0Es ist ein Ger\u00e4t f\u00fcr Bodenbearbeitung:\u00a0Kluten zerkleinerung,\u00a0Feuchtigkeit im Boden gehalten.<\/h5>\n<h5><strong>Kaufen Sie direkt vom Hersteller!<\/strong><\/h5>\n","protected":false},"featured_media":3357,"comment_status":"open","ping_status":"closed","template":"","meta":{"_monsterinsights_skip_tracking":false,"_monsterinsights_sitenote_active":false,"_monsterinsights_sitenote_note":"","_monsterinsights_sitenote_category":0},"product_cat":[174],"product_tag":[],"acf":[],"yoast_head":"<!-- This site is optimized with the Yoast SEO plugin v18.9 - https:\/\/yoast.com\/wordpress\/plugins\/seo\/ -->\n<title>Universelle Walze | Moh\u00e1csi Vas\u00f6nt\u00f6de<\/title>\n<meta name=\"description\" content=\"Universelle Walze aus Gusseisen. Es ist ein Ger\u00e4t f\u00fcr Bodenbearbeitung: Kluten zerkleinerung, Feuchtigkeit im Boden gehalten. Direkt vom Hersteller!\" \/>\n<meta name=\"robots\" content=\"index, follow, max-snippet:-1, max-image-preview:large, max-video-preview:-1\" \/>\n<link rel=\"canonical\" href=\"https:\/\/vasontode.hu\/de\/produkt\/gyurus-henger\/\" \/>\n<meta property=\"og:locale\" content=\"de_DE\" \/>\n<meta property=\"og:type\" content=\"article\" \/>\n<meta property=\"og:title\" content=\"Universelle Walze | Moh\u00e1csi Vas\u00f6nt\u00f6de\" \/>\n<meta property=\"og:description\" content=\"Universelle Walze aus Gusseisen. Es ist ein Ger\u00e4t f\u00fcr Bodenbearbeitung: Kluten zerkleinerung, Feuchtigkeit im Boden gehalten. Direkt vom Hersteller!\" \/>\n<meta property=\"og:url\" content=\"https:\/\/vasontode.hu\/de\/produkt\/gyurus-henger\/\" \/>\n<meta property=\"og:site_name\" content=\"Moh\u00e1csi Vas\u00f6nt\u00f6de\" \/>\n<meta property=\"article:modified_time\" content=\"2016-05-26T12:37:38+00:00\" \/>\n<meta property=\"og:image\" content=\"https:\/\/vasontode.hu\/app\/uploads\/IMG_8666v-scaled.jpg\" \/>\n\t<meta property=\"og:image:width\" content=\"2560\" \/>\n\t<meta property=\"og:image:height\" content=\"1707\" \/>\n\t<meta property=\"og:image:type\" content=\"image\/jpeg\" \/>\n<meta name=\"twitter:label1\" content=\"Est. reading time\" \/>\n\t<meta name=\"twitter:data1\" content=\"1 minute\" \/>\n<script type=\"application\/ld+json\" class=\"yoast-schema-graph\">{\"@context\":\"https:\/\/schema.org\",\"@graph\":[{\"@type\":\"WebSite\",\"@id\":\"https:\/\/vasontode.hu\/#website\",\"url\":\"https:\/\/vasontode.hu\/\",\"name\":\"Moh\u00e1csi Vas\u00f6nt\u00f6de\",\"description\":\"Egyedi \u00f6ntv\u00e9ny, kettlebell, szerelv\u00e9nyek, t\u0171zcsapok\",\"potentialAction\":[{\"@type\":\"SearchAction\",\"target\":{\"@type\":\"EntryPoint\",\"urlTemplate\":\"https:\/\/vasontode.hu\/?s={search_term_string}\"},\"query-input\":\"required name=search_term_string\"}],\"inLanguage\":\"de-DE\"},{\"@type\":\"ImageObject\",\"inLanguage\":\"de-DE\",\"@id\":\"https:\/\/vasontode.hu\/de\/produkt\/gyurus-henger\/#primaryimage\",\"url\":\"https:\/\/vasontode.hu\/app\/uploads\/IMG_8666v-scaled.jpg\",\"contentUrl\":\"https:\/\/vasontode.hu\/app\/uploads\/IMG_8666v-scaled.jpg\",\"width\":2560,\"height\":1707},{\"@type\":\"WebPage\",\"@id\":\"https:\/\/vasontode.hu\/de\/produkt\/gyurus-henger\/#webpage\",\"url\":\"https:\/\/vasontode.hu\/de\/produkt\/gyurus-henger\/\",\"name\":\"Universelle Walze | Moh\u00e1csi Vas\u00f6nt\u00f6de\",\"isPartOf\":{\"@id\":\"https:\/\/vasontode.hu\/#website\"},\"primaryImageOfPage\":{\"@id\":\"https:\/\/vasontode.hu\/de\/produkt\/gyurus-henger\/#primaryimage\"},\"datePublished\":\"2016-04-08T09:32:58+00:00\",\"dateModified\":\"2016-05-26T12:37:38+00:00\",\"description\":\"Universelle Walze aus Gusseisen. Es ist ein Ger\u00e4t f\u00fcr Bodenbearbeitung: Kluten zerkleinerung, Feuchtigkeit im Boden gehalten. Direkt vom Hersteller!\",\"breadcrumb\":{\"@id\":\"https:\/\/vasontode.hu\/de\/produkt\/gyurus-henger\/#breadcrumb\"},\"inLanguage\":\"de-DE\",\"potentialAction\":[{\"@type\":\"ReadAction\",\"target\":[\"https:\/\/vasontode.hu\/de\/produkt\/gyurus-henger\/\"]}]},{\"@type\":\"BreadcrumbList\",\"@id\":\"https:\/\/vasontode.hu\/de\/produkt\/gyurus-henger\/#breadcrumb\",\"itemListElement\":[{\"@type\":\"ListItem\",\"position\":1,\"name\":\"Kezd\u0151lap\",\"item\":\"https:\/\/vasontode.hu\/de\/\"},{\"@type\":\"ListItem\",\"position\":2,\"name\":\"Term\u00e9kek\",\"item\":\"https:\/\/vasontode.hu\/termekek\/\"},{\"@type\":\"ListItem\",\"position\":3,\"name\":\"Universelle Walze\"}]}]}<\/script>\n<!-- \/ Yoast SEO plugin. -->","yoast_head_json":{"title":"Universelle Walze | Moh\u00e1csi Vas\u00f6nt\u00f6de","description":"Universelle Walze aus Gusseisen. Es ist ein Ger\u00e4t f\u00fcr Bodenbearbeitung: Kluten zerkleinerung, Feuchtigkeit im Boden gehalten. Direkt vom Hersteller!","robots":{"index":"index","follow":"follow","max-snippet":"max-snippet:-1","max-image-preview":"max-image-preview:large","max-video-preview":"max-video-preview:-1"},"canonical":"https:\/\/vasontode.hu\/de\/produkt\/gyurus-henger\/","og_locale":"de_DE","og_type":"article","og_title":"Universelle Walze | Moh\u00e1csi Vas\u00f6nt\u00f6de","og_description":"Universelle Walze aus Gusseisen. Es ist ein Ger\u00e4t f\u00fcr Bodenbearbeitung: Kluten zerkleinerung, Feuchtigkeit im Boden gehalten. Direkt vom Hersteller!","og_url":"https:\/\/vasontode.hu\/de\/produkt\/gyurus-henger\/","og_site_name":"Moh\u00e1csi Vas\u00f6nt\u00f6de","article_modified_time":"2016-05-26T12:37:38+00:00","og_image":[{"width":2560,"height":1707,"url":"https:\/\/vasontode.hu\/app\/uploads\/IMG_8666v-scaled.jpg","type":"image\/jpeg"}],"twitter_misc":{"Est. reading time":"1 minute"},"schema":{"@context":"https:\/\/schema.org","@graph":[{"@type":"WebSite","@id":"https:\/\/vasontode.hu\/#website","url":"https:\/\/vasontode.hu\/","name":"Moh\u00e1csi Vas\u00f6nt\u00f6de","description":"Egyedi \u00f6ntv\u00e9ny, kettlebell, szerelv\u00e9nyek, t\u0171zcsapok","potentialAction":[{"@type":"SearchAction","target":{"@type":"EntryPoint","urlTemplate":"https:\/\/vasontode.hu\/?s={search_term_string}"},"query-input":"required name=search_term_string"}],"inLanguage":"de-DE"},{"@type":"ImageObject","inLanguage":"de-DE","@id":"https:\/\/vasontode.hu\/de\/produkt\/gyurus-henger\/#primaryimage","url":"https:\/\/vasontode.hu\/app\/uploads\/IMG_8666v-scaled.jpg","contentUrl":"https:\/\/vasontode.hu\/app\/uploads\/IMG_8666v-scaled.jpg","width":2560,"height":1707},{"@type":"WebPage","@id":"https:\/\/vasontode.hu\/de\/produkt\/gyurus-henger\/#webpage","url":"https:\/\/vasontode.hu\/de\/produkt\/gyurus-henger\/","name":"Universelle Walze | Moh\u00e1csi Vas\u00f6nt\u00f6de","isPartOf":{"@id":"https:\/\/vasontode.hu\/#website"},"primaryImageOfPage":{"@id":"https:\/\/vasontode.hu\/de\/produkt\/gyurus-henger\/#primaryimage"},"datePublished":"2016-04-08T09:32:58+00:00","dateModified":"2016-05-26T12:37:38+00:00","description":"Universelle Walze aus Gusseisen. Es ist ein Ger\u00e4t f\u00fcr Bodenbearbeitung: Kluten zerkleinerung, Feuchtigkeit im Boden gehalten. Direkt vom Hersteller!","breadcrumb":{"@id":"https:\/\/vasontode.hu\/de\/produkt\/gyurus-henger\/#breadcrumb"},"inLanguage":"de-DE","potentialAction":[{"@type":"ReadAction","target":["https:\/\/vasontode.hu\/de\/produkt\/gyurus-henger\/"]}]},{"@type":"BreadcrumbList","@id":"https:\/\/vasontode.hu\/de\/produkt\/gyurus-henger\/#breadcrumb","itemListElement":[{"@type":"ListItem","position":1,"name":"Kezd\u0151lap","item":"https:\/\/vasontode.hu\/de\/"},{"@type":"ListItem","position":2,"name":"Term\u00e9kek","item":"https:\/\/vasontode.hu\/termekek\/"},{"@type":"ListItem","position":3,"name":"Universelle Walze"}]}]}},"_links":{"self":[{"href":"https:\/\/vasontode.hu\/de\/wp-json\/wp\/v2\/product\/3347"}],"collection":[{"href":"https:\/\/vasontode.hu\/de\/wp-json\/wp\/v2\/product"}],"about":[{"href":"https:\/\/vasontode.hu\/de\/wp-json\/wp\/v2\/types\/product"}],"replies":[{"embeddable":true,"href":"https:\/\/vasontode.hu\/de\/wp-json\/wp\/v2\/comments?post=3347"}],"wp:featuredmedia":[{"embeddable":true,"href":"https:\/\/vasontode.hu\/de\/wp-json\/wp\/v2\/media\/3357"}],"wp:attachment":[{"href":"https:\/\/vasontode.hu\/de\/wp-json\/wp\/v2\/media?parent=3347"}],"wp:term":[{"taxonomy":"product_cat","embeddable":true,"href":"https:\/\/vasontode.hu\/de\/wp-json\/wp\/v2\/product_cat?post=3347"},{"taxonomy":"product_tag","embeddable":true,"href":"https:\/\/vasontode.hu\/de\/wp-json\/wp\/v2\/product_tag?post=3347"}],"curies":[{"name":"wp","href":"https:\/\/api.w.org\/{rel}","templated":true}]}}