{"id":3349,"date":"2016-04-08T11:20:06","date_gmt":"2016-04-08T09:20:06","guid":{"rendered":"https:\/\/vasontode.hu\/de\/product\/aknafedolapok\/"},"modified":"2016-05-26T09:13:30","modified_gmt":"2016-05-26T07:13:30","slug":"aknafedolapok","status":"publish","type":"product","link":"https:\/\/vasontode.hu\/de\/produkt\/aknafedolapok\/","title":{"rendered":"Schachtrahmen und Abdeckplatten"},"content":{"rendered":"<h3><em><strong>Schachtrahmen und Abdeckplatten aus Gusseisen<\/strong><\/em><\/h3>\n<h4><\/h4>\n<h4><strong>Anwendungsgebiet<\/strong><\/h4>\n<h5>Zur Abdeckung von ins Kanalnetz eingebauten Kanal-und Montagesch\u00e4chten.<\/h5>\n<h4><strong>W\u00e4hlbare Ausf\u00fchrungen:<\/strong><\/h4>\n<ul>\n<li>\n<h5><strong><span style=\"text-decoration: underline;\">runde Einstiegs\u00f6ffnung\u00a0<\/span><\/strong><\/h5>\n<\/li>\n<\/ul>\n<h5 style=\"text-align: left; padding-left: 60px;\">(a) A15-890-500 leichte Ausf\u00fchrung \u2013 Belastbarkeit 1,5t<\/h5>\n<h5 style=\"padding-left: 60px;\">(b) A15-890-600 leichte Ausf\u00fchrung \u2013 Belastbarkeit 1,5t<\/h5>\n<h5 style=\"padding-left: 60px;\">(c) Reinigungs\u00f6ffnung \u00d8300 Ausf\u00fchrung mit Scharnieren \u2013 Belastbarkeit 12,5t<\/h5>\n<h5 style=\"padding-left: 60px;\">(d) Reinigungs\u00f6ffnung \u00d8300 mit abnehmbarer Abdeckung \u2013 Belastbarkeit 12,5t<\/h5>\n<h5 style=\"padding-left: 60px;\">(e) Schachtabdeckung \u00d8600 \u2013 Belastbarkeit 40t<\/h5>\n<ul>\n<li>\n<h5><span style=\"text-decoration: underline;\"><strong>rechteckige Einstiegs\u00f6ffnung<\/strong>\u00a0<\/span><\/h5>\n<\/li>\n<\/ul>\n<h5 style=\"padding-left: 60px;\">(a) 500&#215;500 Belastbarkeit A-D<\/h5>\n<h5 style=\"padding-left: 60px;\">(b) 600&#215;400 Belastbarkeit A-D<\/h5>\n<h5 style=\"padding-left: 60px;\">(c) 600&#215;600 Belastbarkeit A-D<\/h5>\n<h5 style=\"padding-left: 60px;\">(d) 800&#215;600 Belastbarkeit A-D<\/h5>\n<h5 style=\"padding-left: 60px;\">(e) 800&#215;800 Belastbarkeit A-D<\/h5>\n<h5 style=\"padding-left: 60px;\">(f) 1000&#215;600 Belastbarkeit A-D<\/h5>\n<h5 style=\"padding-left: 60px;\">(g) 1000&#215;1000 Belastbarkeit A-D<\/h5>\n<h4><strong>Belastungsklassen:<\/strong><\/h4>\n<h5><strong>A15:<\/strong> Verkehrsfl\u00e4chen, die ausschlie\u00dflich von Fu\u00dfg\u00e4ngern und Radfahrern benutzt werden k\u00f6nnen. Auch f\u00fcr Gr\u00fcnfl\u00e4chen geeignet, wo der Kraftwagenverkehr nicht einmal vor\u00fcbergehend m\u00f6glich ist.<\/h5>\n<h5><strong>B125:<\/strong> Gehwege, Fu\u00dfg\u00e4ngerzonen, die nur zu Versorgungszwecken, Reinigungszwecken bzw. in Notf\u00e4llen von Kraftfahrzeugen benutzt werden k\u00f6nnen. Ferner zum Abdecken von in das Pflaster eingebaute Kanal- oder Inspektionssch\u00e4chten auf Parkpl\u00e4tzen f\u00fcr PKWs bzw. zum Parken zugelassenen Fl\u00e4chen verwendbar.<\/h5>\n<h5><strong>C250<\/strong>: Verwendbar im Bordrinnenbereich zur Abdeckung von Kanal- oder Inspektionssch\u00e4chten auf \u00f6ffentlichen Verkehrswegen und f\u00fcr sonstigen Verkehr zugelassenen Fl\u00e4chen. Kann h\u00f6chstens 0,5 m in die Fahrbahn hineinreichen.<\/h5>\n<h5><strong>D400:<\/strong> Verwendbar in der Fahrbahn eingebaut zur Abdeckung von Kanal- oder Inspektionssch\u00e4chten auf \u00f6ffentlichen Verkehrswegen und f\u00fcr sonstigen Verkehr zugelassenen Fl\u00e4chen, bis zu einer auf dem Deckel angegebenen Belastung. <strong>Bei den kreisf\u00f6rmigen Deckplatten wird der kippfreie Sitz durch die bearbeiteten Auflagefl\u00e4chen gew\u00e4hrt! <\/strong><\/h5>\n<p>&nbsp;<\/p>\n<h5>Die Abdeckplatten k\u00f6nnen wir mit Aufschriften und dekorativen Zierelementen versehen, beispielsweise Stadtwappen oder Logo. Bestimmte Modelle k\u00f6nnen auch in montierter Ausf\u00fchrung mit wasserdichter Isolierung bestellt werden.<\/h5>\n<p style=\"text-align: center;\"><span style=\"text-decoration: underline;\"><a href=\"https:\/\/vasontode.hu\/app\/uploads\/Aknafedlap-keret-gy\u00e1rtm\u00e1nyismertet\u0151_DE-1.pdf\" target=\"_blank\" rel=\"\">Klicken Sie hier f\u00fcr die Produktbeschreibung!<\/a><\/span><\/p>\n<h4><\/h4>\n","protected":false},"excerpt":{"rendered":"<h5>Schachtrahmen und Abdeckplatten aus Gusseisen. A-D Belastungsklassen. Zur Abdeckung von ins Kanalnetz eingebauten Kanal-und Montagesch\u00e4chten. Auch\u00a0mit Aufschriften und dekorativen Zierelementen.<\/h5>\n<h5><strong>Kaufen Sie direkt vom Hersteller!<\/strong><\/h5>\n","protected":false},"featured_media":2592,"comment_status":"open","ping_status":"closed","template":"","meta":{"_monsterinsights_skip_tracking":false,"_monsterinsights_sitenote_active":false,"_monsterinsights_sitenote_note":"","_monsterinsights_sitenote_category":0},"product_cat":[172],"product_tag":[],"acf":[],"yoast_head":"<!-- This site is optimized with the Yoast SEO plugin v18.9 - https:\/\/yoast.com\/wordpress\/plugins\/seo\/ -->\n<title>Schachtrahmen und Abdeckplatten | Moh\u00e1csi Vas\u00f6nt\u00f6de<\/title>\n<meta name=\"description\" content=\"Schachtrahmen und Abdeckplatten aus Gusseisen. A-D Belastungsklassen. Auch mit Aufschriften und dekorativen Zierelementen. Kaufen Sie direkt vom Hersteller!\" \/>\n<meta name=\"robots\" content=\"index, follow, max-snippet:-1, max-image-preview:large, max-video-preview:-1\" \/>\n<link rel=\"canonical\" href=\"https:\/\/vasontode.hu\/de\/produkt\/aknafedolapok\/\" \/>\n<meta property=\"og:locale\" content=\"de_DE\" \/>\n<meta property=\"og:type\" content=\"article\" \/>\n<meta property=\"og:title\" content=\"Schachtrahmen und Abdeckplatten | Moh\u00e1csi Vas\u00f6nt\u00f6de\" \/>\n<meta property=\"og:description\" content=\"Schachtrahmen und Abdeckplatten aus Gusseisen. A-D Belastungsklassen. Auch mit Aufschriften und dekorativen Zierelementen. Kaufen Sie direkt vom Hersteller!\" \/>\n<meta property=\"og:url\" content=\"https:\/\/vasontode.hu\/de\/produkt\/aknafedolapok\/\" \/>\n<meta property=\"og:site_name\" content=\"Moh\u00e1csi Vas\u00f6nt\u00f6de\" \/>\n<meta property=\"article:modified_time\" content=\"2016-05-26T07:13:30+00:00\" \/>\n<meta property=\"og:image\" content=\"https:\/\/vasontode.hu\/app\/uploads\/IMG_0166jj-scaled.jpg\" \/>\n\t<meta property=\"og:image:width\" content=\"2560\" \/>\n\t<meta property=\"og:image:height\" content=\"1707\" \/>\n\t<meta property=\"og:image:type\" content=\"image\/jpeg\" \/>\n<meta name=\"twitter:label1\" content=\"Est. reading time\" \/>\n\t<meta name=\"twitter:data1\" content=\"1 minute\" \/>\n<script type=\"application\/ld+json\" class=\"yoast-schema-graph\">{\"@context\":\"https:\/\/schema.org\",\"@graph\":[{\"@type\":\"WebSite\",\"@id\":\"https:\/\/vasontode.hu\/#website\",\"url\":\"https:\/\/vasontode.hu\/\",\"name\":\"Moh\u00e1csi Vas\u00f6nt\u00f6de\",\"description\":\"Egyedi \u00f6ntv\u00e9ny, kettlebell, szerelv\u00e9nyek, t\u0171zcsapok\",\"potentialAction\":[{\"@type\":\"SearchAction\",\"target\":{\"@type\":\"EntryPoint\",\"urlTemplate\":\"https:\/\/vasontode.hu\/?s={search_term_string}\"},\"query-input\":\"required name=search_term_string\"}],\"inLanguage\":\"de-DE\"},{\"@type\":\"ImageObject\",\"inLanguage\":\"de-DE\",\"@id\":\"https:\/\/vasontode.hu\/de\/produkt\/aknafedolapok\/#primaryimage\",\"url\":\"https:\/\/vasontode.hu\/app\/uploads\/IMG_0166jj-scaled.jpg\",\"contentUrl\":\"https:\/\/vasontode.hu\/app\/uploads\/IMG_0166jj-scaled.jpg\",\"width\":2560,\"height\":1707},{\"@type\":\"WebPage\",\"@id\":\"https:\/\/vasontode.hu\/de\/produkt\/aknafedolapok\/#webpage\",\"url\":\"https:\/\/vasontode.hu\/de\/produkt\/aknafedolapok\/\",\"name\":\"Schachtrahmen und Abdeckplatten | Moh\u00e1csi Vas\u00f6nt\u00f6de\",\"isPartOf\":{\"@id\":\"https:\/\/vasontode.hu\/#website\"},\"primaryImageOfPage\":{\"@id\":\"https:\/\/vasontode.hu\/de\/produkt\/aknafedolapok\/#primaryimage\"},\"datePublished\":\"2016-04-08T09:20:06+00:00\",\"dateModified\":\"2016-05-26T07:13:30+00:00\",\"description\":\"Schachtrahmen und Abdeckplatten aus Gusseisen. A-D Belastungsklassen. Auch mit Aufschriften und dekorativen Zierelementen. Kaufen Sie direkt vom Hersteller!\",\"breadcrumb\":{\"@id\":\"https:\/\/vasontode.hu\/de\/produkt\/aknafedolapok\/#breadcrumb\"},\"inLanguage\":\"de-DE\",\"potentialAction\":[{\"@type\":\"ReadAction\",\"target\":[\"https:\/\/vasontode.hu\/de\/produkt\/aknafedolapok\/\"]}]},{\"@type\":\"BreadcrumbList\",\"@id\":\"https:\/\/vasontode.hu\/de\/produkt\/aknafedolapok\/#breadcrumb\",\"itemListElement\":[{\"@type\":\"ListItem\",\"position\":1,\"name\":\"Kezd\u0151lap\",\"item\":\"https:\/\/vasontode.hu\/de\/\"},{\"@type\":\"ListItem\",\"position\":2,\"name\":\"Term\u00e9kek\",\"item\":\"https:\/\/vasontode.hu\/termekek\/\"},{\"@type\":\"ListItem\",\"position\":3,\"name\":\"Schachtrahmen und Abdeckplatten\"}]}]}<\/script>\n<!-- \/ Yoast SEO plugin. -->","yoast_head_json":{"title":"Schachtrahmen und Abdeckplatten | Moh\u00e1csi Vas\u00f6nt\u00f6de","description":"Schachtrahmen und Abdeckplatten aus Gusseisen. A-D Belastungsklassen. Auch mit Aufschriften und dekorativen Zierelementen. Kaufen Sie direkt vom Hersteller!","robots":{"index":"index","follow":"follow","max-snippet":"max-snippet:-1","max-image-preview":"max-image-preview:large","max-video-preview":"max-video-preview:-1"},"canonical":"https:\/\/vasontode.hu\/de\/produkt\/aknafedolapok\/","og_locale":"de_DE","og_type":"article","og_title":"Schachtrahmen und Abdeckplatten | Moh\u00e1csi Vas\u00f6nt\u00f6de","og_description":"Schachtrahmen und Abdeckplatten aus Gusseisen. A-D Belastungsklassen. Auch mit Aufschriften und dekorativen Zierelementen. Kaufen Sie direkt vom Hersteller!","og_url":"https:\/\/vasontode.hu\/de\/produkt\/aknafedolapok\/","og_site_name":"Moh\u00e1csi Vas\u00f6nt\u00f6de","article_modified_time":"2016-05-26T07:13:30+00:00","og_image":[{"width":2560,"height":1707,"url":"https:\/\/vasontode.hu\/app\/uploads\/IMG_0166jj-scaled.jpg","type":"image\/jpeg"}],"twitter_misc":{"Est. reading time":"1 minute"},"schema":{"@context":"https:\/\/schema.org","@graph":[{"@type":"WebSite","@id":"https:\/\/vasontode.hu\/#website","url":"https:\/\/vasontode.hu\/","name":"Moh\u00e1csi Vas\u00f6nt\u00f6de","description":"Egyedi \u00f6ntv\u00e9ny, kettlebell, szerelv\u00e9nyek, t\u0171zcsapok","potentialAction":[{"@type":"SearchAction","target":{"@type":"EntryPoint","urlTemplate":"https:\/\/vasontode.hu\/?s={search_term_string}"},"query-input":"required name=search_term_string"}],"inLanguage":"de-DE"},{"@type":"ImageObject","inLanguage":"de-DE","@id":"https:\/\/vasontode.hu\/de\/produkt\/aknafedolapok\/#primaryimage","url":"https:\/\/vasontode.hu\/app\/uploads\/IMG_0166jj-scaled.jpg","contentUrl":"https:\/\/vasontode.hu\/app\/uploads\/IMG_0166jj-scaled.jpg","width":2560,"height":1707},{"@type":"WebPage","@id":"https:\/\/vasontode.hu\/de\/produkt\/aknafedolapok\/#webpage","url":"https:\/\/vasontode.hu\/de\/produkt\/aknafedolapok\/","name":"Schachtrahmen und Abdeckplatten | Moh\u00e1csi Vas\u00f6nt\u00f6de","isPartOf":{"@id":"https:\/\/vasontode.hu\/#website"},"primaryImageOfPage":{"@id":"https:\/\/vasontode.hu\/de\/produkt\/aknafedolapok\/#primaryimage"},"datePublished":"2016-04-08T09:20:06+00:00","dateModified":"2016-05-26T07:13:30+00:00","description":"Schachtrahmen und Abdeckplatten aus Gusseisen. A-D Belastungsklassen. Auch mit Aufschriften und dekorativen Zierelementen. Kaufen Sie direkt vom Hersteller!","breadcrumb":{"@id":"https:\/\/vasontode.hu\/de\/produkt\/aknafedolapok\/#breadcrumb"},"inLanguage":"de-DE","potentialAction":[{"@type":"ReadAction","target":["https:\/\/vasontode.hu\/de\/produkt\/aknafedolapok\/"]}]},{"@type":"BreadcrumbList","@id":"https:\/\/vasontode.hu\/de\/produkt\/aknafedolapok\/#breadcrumb","itemListElement":[{"@type":"ListItem","position":1,"name":"Kezd\u0151lap","item":"https:\/\/vasontode.hu\/de\/"},{"@type":"ListItem","position":2,"name":"Term\u00e9kek","item":"https:\/\/vasontode.hu\/termekek\/"},{"@type":"ListItem","position":3,"name":"Schachtrahmen und Abdeckplatten"}]}]}},"_links":{"self":[{"href":"https:\/\/vasontode.hu\/de\/wp-json\/wp\/v2\/product\/3349"}],"collection":[{"href":"https:\/\/vasontode.hu\/de\/wp-json\/wp\/v2\/product"}],"about":[{"href":"https:\/\/vasontode.hu\/de\/wp-json\/wp\/v2\/types\/product"}],"replies":[{"embeddable":true,"href":"https:\/\/vasontode.hu\/de\/wp-json\/wp\/v2\/comments?post=3349"}],"wp:featuredmedia":[{"embeddable":true,"href":"https:\/\/vasontode.hu\/de\/wp-json\/wp\/v2\/media\/2592"}],"wp:attachment":[{"href":"https:\/\/vasontode.hu\/de\/wp-json\/wp\/v2\/media?parent=3349"}],"wp:term":[{"taxonomy":"product_cat","embeddable":true,"href":"https:\/\/vasontode.hu\/de\/wp-json\/wp\/v2\/product_cat?post=3349"},{"taxonomy":"product_tag","embeddable":true,"href":"https:\/\/vasontode.hu\/de\/wp-json\/wp\/v2\/product_tag?post=3349"}],"curies":[{"name":"wp","href":"https:\/\/api.w.org\/{rel}","templated":true}]}}