{"id":3350,"date":"2016-04-08T11:18:56","date_gmt":"2016-04-08T09:18:56","guid":{"rendered":"https:\/\/vasontode.hu\/de\/product\/viznyelo-racsok\/"},"modified":"2016-05-26T10:05:59","modified_gmt":"2016-05-26T08:05:59","slug":"viznyelo-racsok","status":"publish","type":"product","link":"https:\/\/vasontode.hu\/de\/produkt\/viznyelo-racsok\/","title":{"rendered":"Einlaufroste"},"content":{"rendered":"<h2><em><strong>Einlaufroste aus Gusseisen<\/strong><\/em><\/h2>\n<h3><em><strong>Belastungsgruppe C250\u00a0<\/strong><\/em><\/h3>\n<p>&nbsp;<\/p>\n<p><strong>Artikel: C250-VNY-300; C250-VNY-500; 674-316; 674-470<\/strong><\/p>\n<p><strong>Anwendungsgebiet:<\/strong><\/p>\n<h5>Verwendbar f\u00fcr den Einbau in Fahrbahnen von Kraftverkehrswegen, ausschlie\u00dflich in einem Bereich von 0,5 m neben dem Bordstein, sowie auf Seitenspuren und Standspuren von Stra\u00dfen (DIN EN 124, Klasse C 250). Verwendbar f\u00fcr die Ableitung von Regenwasser von den Stra\u00dfen oder anderen Fl\u00e4chen in das Kanalsystem und f\u00fcr die Bel\u00fcftung von Kanalsystemen.<\/h5>\n<p><strong>Technische Eigenschaften:<\/strong><\/p>\n<ul>\n<li>\n<h5>F\u00fcr Unbefugte ist das Entfernen des Rostes aus dem Rahmen nicht m\u00f6glich.<\/h5>\n<\/li>\n<li>\n<h5>Die Struktur, die den Rost mit dem Rahmen verbindet, ist nicht an der Belastung beteiligt.<\/h5>\n<\/li>\n<li>\n<h5>Ein Austausch des Rostes nach Bedarf ist mit Hilfe entsprechender Fachleute auch ohne Herausnahme des Rahmes aus der Fahrbahn m\u00f6glich. Die Roste sind austauschbar.<\/h5>\n<\/li>\n<li>\n<h5>Die Roste k\u00f6nnen ohne Besch\u00e4digung des Stra\u00dfenbelags ge\u00f6ffnet werden.<\/h5>\n<\/li>\n<li>\n<h5>Bei Bedarf des Betreibers kann unter dem Rost ein Schlammeimer platziert werden.<\/h5>\n<\/li>\n<\/ul>\n<p>&nbsp;<\/p>\n<h5>Der Einlaufrost hat Zufluss von oben, er muss in einer Ebene mit der Stra\u00dfenoberfl\u00e4che oder der Abflussrinne platziert werden. Die Gitterstruktur des Rostes muss senkrecht zur Verkehrsrichtung eingebaut werden und das \u00d6ffnen des Deckels muss in Richtung Randstein m\u00f6glich sein. Sonstige Ausf\u00fchrungsformen auf Anfrage: die Rostgitter k\u00f6nnen auf Wunsch des Bestellers mit Beschriftung oder Firmenlogo geliefert werden.<\/h5>\n<h5><\/h5>\n<h3><em><strong>Belastungsgruppe D400<\/strong><\/em><\/h3>\n<h4><\/h4>\n<h4><strong>Artikel: D400-VNY-300; D400-VNY-500<\/strong><\/h4>\n<h4><\/h4>\n<h5><strong>Anwendungsgebiet:<\/strong><\/h5>\n<p>Verwendbar f\u00fcr den Einbau in Fahrbahnen von Kraftverkehrswegen (nach DIN EN 124, Klasse D 400). Verwendbar f\u00fcr die Ableitung von Regenwasser von den Stra\u00dfen oder anderen Fl\u00e4chen in das Kanalsystem und f\u00fcr die Bel\u00fcftung von Kanalsystemen.<\/p>\n<h5><strong>Technische Eigenschaften:<\/strong><\/h5>\n<ul>\n<li>Die bearbeiteten aufliegenden Oberfl\u00e4chen sichern einen kippfreien Sitz.<\/li>\n<li>F\u00fcr Unbefugte ist das Entfernen des Rostes aus dem Rahmen nicht m\u00f6glich.<\/li>\n<li>Die Struktur, die den Rost mit dem Rahmen verbindet, ist nicht an der Belastung beteiligt.<\/li>\n<li>Ein Austausch des Rostes nach Bedarf ist mit Hilfe entsprechender Fachleute auch ohne Herausnahme des Rahmes aus der Fahrbahn m\u00f6glich. Die Roste sind austauschbar.<\/li>\n<li>Die Roste k\u00f6nnen ohne Besch\u00e4digung des Stra\u00dfenbelags ge\u00f6ffnet werden.<\/li>\n<li>Bei Bedarf des Betreibers kann unter dem Rost ein Schlammeimer platziert werden.<\/li>\n<\/ul>\n<p>Der Einlaufrost hat Zufluss von oben, er muss in einer Ebene mit der Stra\u00dfenoberfl\u00e4che oder der Abflussrinne platziert werden. Die Gitterstruktur des Rostes muss senkrecht zur Verkehrsrichtung eingebaut werden und das \u00d6ffnen des Deckels muss in Richtung Randstein m\u00f6glich sein. Sonstige Ausf\u00fchrungsformen auf Anfrage: die Rostgitter k\u00f6nnen auf Wunsch des Bestellers mit Beschriftung oder Firmenlogo geliefert werden.<\/p>\n<h4><strong>Bemerkung:<\/strong><\/h4>\n<ul>\n<li>\n<h5>Durch unsere gro\u00dfe Kapazit\u00e4t in der Handgie\u00dferei k\u00f6nnen wir auch Bestellungen f\u00fcr kleine Serien und f\u00fcr Sondergussst\u00fccke befriedigen.<\/h5>\n<\/li>\n<li>\n<h5>Es kann mann auch im Einzelausf\u00fchrung bestellen<\/h5>\n<\/li>\n<\/ul>\n<p style=\"text-align: center;\"><span style=\"text-decoration: underline;\"><a href=\"https:\/\/vasontode.hu\/app\/uploads\/C250-v\u00edznyel\u0151r\u00e1cs_DE-lekt-1.pdf\" target=\"_blank\" rel=\"\">Belastungsgruppe C250<\/a><\/span><\/p>\n<p style=\"text-align: center;\"><span style=\"text-decoration: underline;\"><a href=\"https:\/\/vasontode.hu\/app\/uploads\/D400-v\u00edznyel\u0151r\u00e1cs_DE-lekt-1.pdf\" target=\"_blank\" rel=\"\">Belastungsgruppe D400<\/a><\/span><\/p>\n","protected":false},"excerpt":{"rendered":"<h5>Einlaufroste aus Gusseisen. Belastungsgruppe C250 und D400.<\/h5>\n<h5><strong>Kaufen Sie dirket vom Hersteller!<\/strong><\/h5>\n","protected":false},"featured_media":2596,"comment_status":"open","ping_status":"closed","template":"","meta":{"_monsterinsights_skip_tracking":false,"_monsterinsights_sitenote_active":false,"_monsterinsights_sitenote_note":"","_monsterinsights_sitenote_category":0},"product_cat":[172],"product_tag":[],"acf":[],"yoast_head":"<!-- This site is optimized with the Yoast SEO plugin v18.9 - https:\/\/yoast.com\/wordpress\/plugins\/seo\/ -->\n<title>Einlaufroste | Moh\u00e1csi Vas\u00f6nt\u00f6de<\/title>\n<meta name=\"description\" content=\"Einlaufroste aus Gusseisen. Belastungsgruppe C250 und D400. Auch im Einzelausf\u00fchrung und f\u00fcr kleine Serien. Kaufen Sie dirket vom Hersteller!\" \/>\n<meta name=\"robots\" content=\"index, follow, max-snippet:-1, max-image-preview:large, max-video-preview:-1\" \/>\n<link rel=\"canonical\" href=\"https:\/\/vasontode.hu\/de\/produkt\/viznyelo-racsok\/\" \/>\n<meta property=\"og:locale\" content=\"de_DE\" \/>\n<meta property=\"og:type\" content=\"article\" \/>\n<meta property=\"og:title\" content=\"Einlaufroste | Moh\u00e1csi Vas\u00f6nt\u00f6de\" \/>\n<meta property=\"og:description\" content=\"Einlaufroste aus Gusseisen. Belastungsgruppe C250 und D400. Auch im Einzelausf\u00fchrung und f\u00fcr kleine Serien. Kaufen Sie dirket vom Hersteller!\" \/>\n<meta property=\"og:url\" content=\"https:\/\/vasontode.hu\/de\/produkt\/viznyelo-racsok\/\" \/>\n<meta property=\"og:site_name\" content=\"Moh\u00e1csi Vas\u00f6nt\u00f6de\" \/>\n<meta property=\"article:modified_time\" content=\"2016-05-26T08:05:59+00:00\" \/>\n<meta property=\"og:image\" content=\"https:\/\/vasontode.hu\/app\/uploads\/IMG_0173jj.jpg\" \/>\n\t<meta property=\"og:image:width\" content=\"2433\" \/>\n\t<meta property=\"og:image:height\" content=\"1491\" \/>\n\t<meta property=\"og:image:type\" content=\"image\/jpeg\" \/>\n<meta name=\"twitter:label1\" content=\"Est. reading time\" \/>\n\t<meta name=\"twitter:data1\" content=\"2 minutes\" \/>\n<script type=\"application\/ld+json\" class=\"yoast-schema-graph\">{\"@context\":\"https:\/\/schema.org\",\"@graph\":[{\"@type\":\"WebSite\",\"@id\":\"https:\/\/vasontode.hu\/#website\",\"url\":\"https:\/\/vasontode.hu\/\",\"name\":\"Moh\u00e1csi Vas\u00f6nt\u00f6de\",\"description\":\"Egyedi \u00f6ntv\u00e9ny, kettlebell, szerelv\u00e9nyek, t\u0171zcsapok\",\"potentialAction\":[{\"@type\":\"SearchAction\",\"target\":{\"@type\":\"EntryPoint\",\"urlTemplate\":\"https:\/\/vasontode.hu\/?s={search_term_string}\"},\"query-input\":\"required name=search_term_string\"}],\"inLanguage\":\"de-DE\"},{\"@type\":\"ImageObject\",\"inLanguage\":\"de-DE\",\"@id\":\"https:\/\/vasontode.hu\/de\/produkt\/viznyelo-racsok\/#primaryimage\",\"url\":\"https:\/\/vasontode.hu\/app\/uploads\/IMG_0173jj.jpg\",\"contentUrl\":\"https:\/\/vasontode.hu\/app\/uploads\/IMG_0173jj.jpg\",\"width\":2433,\"height\":1491},{\"@type\":\"WebPage\",\"@id\":\"https:\/\/vasontode.hu\/de\/produkt\/viznyelo-racsok\/#webpage\",\"url\":\"https:\/\/vasontode.hu\/de\/produkt\/viznyelo-racsok\/\",\"name\":\"Einlaufroste | Moh\u00e1csi Vas\u00f6nt\u00f6de\",\"isPartOf\":{\"@id\":\"https:\/\/vasontode.hu\/#website\"},\"primaryImageOfPage\":{\"@id\":\"https:\/\/vasontode.hu\/de\/produkt\/viznyelo-racsok\/#primaryimage\"},\"datePublished\":\"2016-04-08T09:18:56+00:00\",\"dateModified\":\"2016-05-26T08:05:59+00:00\",\"description\":\"Einlaufroste aus Gusseisen. Belastungsgruppe C250 und D400. Auch im Einzelausf\u00fchrung und f\u00fcr kleine Serien. Kaufen Sie dirket vom Hersteller!\",\"breadcrumb\":{\"@id\":\"https:\/\/vasontode.hu\/de\/produkt\/viznyelo-racsok\/#breadcrumb\"},\"inLanguage\":\"de-DE\",\"potentialAction\":[{\"@type\":\"ReadAction\",\"target\":[\"https:\/\/vasontode.hu\/de\/produkt\/viznyelo-racsok\/\"]}]},{\"@type\":\"BreadcrumbList\",\"@id\":\"https:\/\/vasontode.hu\/de\/produkt\/viznyelo-racsok\/#breadcrumb\",\"itemListElement\":[{\"@type\":\"ListItem\",\"position\":1,\"name\":\"Kezd\u0151lap\",\"item\":\"https:\/\/vasontode.hu\/de\/\"},{\"@type\":\"ListItem\",\"position\":2,\"name\":\"Term\u00e9kek\",\"item\":\"https:\/\/vasontode.hu\/termekek\/\"},{\"@type\":\"ListItem\",\"position\":3,\"name\":\"Einlaufroste\"}]}]}<\/script>\n<!-- \/ Yoast SEO plugin. -->","yoast_head_json":{"title":"Einlaufroste | Moh\u00e1csi Vas\u00f6nt\u00f6de","description":"Einlaufroste aus Gusseisen. Belastungsgruppe C250 und D400. Auch im Einzelausf\u00fchrung und f\u00fcr kleine Serien. Kaufen Sie dirket vom Hersteller!","robots":{"index":"index","follow":"follow","max-snippet":"max-snippet:-1","max-image-preview":"max-image-preview:large","max-video-preview":"max-video-preview:-1"},"canonical":"https:\/\/vasontode.hu\/de\/produkt\/viznyelo-racsok\/","og_locale":"de_DE","og_type":"article","og_title":"Einlaufroste | Moh\u00e1csi Vas\u00f6nt\u00f6de","og_description":"Einlaufroste aus Gusseisen. Belastungsgruppe C250 und D400. Auch im Einzelausf\u00fchrung und f\u00fcr kleine Serien. Kaufen Sie dirket vom Hersteller!","og_url":"https:\/\/vasontode.hu\/de\/produkt\/viznyelo-racsok\/","og_site_name":"Moh\u00e1csi Vas\u00f6nt\u00f6de","article_modified_time":"2016-05-26T08:05:59+00:00","og_image":[{"width":2433,"height":1491,"url":"https:\/\/vasontode.hu\/app\/uploads\/IMG_0173jj.jpg","type":"image\/jpeg"}],"twitter_misc":{"Est. reading time":"2 minutes"},"schema":{"@context":"https:\/\/schema.org","@graph":[{"@type":"WebSite","@id":"https:\/\/vasontode.hu\/#website","url":"https:\/\/vasontode.hu\/","name":"Moh\u00e1csi Vas\u00f6nt\u00f6de","description":"Egyedi \u00f6ntv\u00e9ny, kettlebell, szerelv\u00e9nyek, t\u0171zcsapok","potentialAction":[{"@type":"SearchAction","target":{"@type":"EntryPoint","urlTemplate":"https:\/\/vasontode.hu\/?s={search_term_string}"},"query-input":"required name=search_term_string"}],"inLanguage":"de-DE"},{"@type":"ImageObject","inLanguage":"de-DE","@id":"https:\/\/vasontode.hu\/de\/produkt\/viznyelo-racsok\/#primaryimage","url":"https:\/\/vasontode.hu\/app\/uploads\/IMG_0173jj.jpg","contentUrl":"https:\/\/vasontode.hu\/app\/uploads\/IMG_0173jj.jpg","width":2433,"height":1491},{"@type":"WebPage","@id":"https:\/\/vasontode.hu\/de\/produkt\/viznyelo-racsok\/#webpage","url":"https:\/\/vasontode.hu\/de\/produkt\/viznyelo-racsok\/","name":"Einlaufroste | Moh\u00e1csi Vas\u00f6nt\u00f6de","isPartOf":{"@id":"https:\/\/vasontode.hu\/#website"},"primaryImageOfPage":{"@id":"https:\/\/vasontode.hu\/de\/produkt\/viznyelo-racsok\/#primaryimage"},"datePublished":"2016-04-08T09:18:56+00:00","dateModified":"2016-05-26T08:05:59+00:00","description":"Einlaufroste aus Gusseisen. Belastungsgruppe C250 und D400. Auch im Einzelausf\u00fchrung und f\u00fcr kleine Serien. Kaufen Sie dirket vom Hersteller!","breadcrumb":{"@id":"https:\/\/vasontode.hu\/de\/produkt\/viznyelo-racsok\/#breadcrumb"},"inLanguage":"de-DE","potentialAction":[{"@type":"ReadAction","target":["https:\/\/vasontode.hu\/de\/produkt\/viznyelo-racsok\/"]}]},{"@type":"BreadcrumbList","@id":"https:\/\/vasontode.hu\/de\/produkt\/viznyelo-racsok\/#breadcrumb","itemListElement":[{"@type":"ListItem","position":1,"name":"Kezd\u0151lap","item":"https:\/\/vasontode.hu\/de\/"},{"@type":"ListItem","position":2,"name":"Term\u00e9kek","item":"https:\/\/vasontode.hu\/termekek\/"},{"@type":"ListItem","position":3,"name":"Einlaufroste"}]}]}},"_links":{"self":[{"href":"https:\/\/vasontode.hu\/de\/wp-json\/wp\/v2\/product\/3350"}],"collection":[{"href":"https:\/\/vasontode.hu\/de\/wp-json\/wp\/v2\/product"}],"about":[{"href":"https:\/\/vasontode.hu\/de\/wp-json\/wp\/v2\/types\/product"}],"replies":[{"embeddable":true,"href":"https:\/\/vasontode.hu\/de\/wp-json\/wp\/v2\/comments?post=3350"}],"wp:featuredmedia":[{"embeddable":true,"href":"https:\/\/vasontode.hu\/de\/wp-json\/wp\/v2\/media\/2596"}],"wp:attachment":[{"href":"https:\/\/vasontode.hu\/de\/wp-json\/wp\/v2\/media?parent=3350"}],"wp:term":[{"taxonomy":"product_cat","embeddable":true,"href":"https:\/\/vasontode.hu\/de\/wp-json\/wp\/v2\/product_cat?post=3350"},{"taxonomy":"product_tag","embeddable":true,"href":"https:\/\/vasontode.hu\/de\/wp-json\/wp\/v2\/product_tag?post=3350"}],"curies":[{"name":"wp","href":"https:\/\/api.w.org\/{rel}","templated":true}]}}