{"id":3351,"date":"2016-04-08T11:18:22","date_gmt":"2016-04-08T09:18:22","guid":{"rendered":"https:\/\/vasontode.hu\/de\/product\/csapszekrenyek-3\/"},"modified":"2016-05-26T10:31:32","modified_gmt":"2016-05-26T08:31:32","slug":"csapszekrenyek","status":"publish","type":"product","link":"https:\/\/vasontode.hu\/de\/produkt\/csapszekrenyek\/","title":{"rendered":"Hahnk\u00e4sten"},"content":{"rendered":"<h2><em>Hahnk\u00e4sten<\/em><\/h2>\n<h3><strong><u>Haupth\u00e4hne f\u00fcr den Wohnbereich<\/u><\/strong><\/h3>\n<h4><strong>Bezeichnung:<\/strong> 614\/A; CS-150; CS-200<\/h4>\n<h5><strong>Anwendungsgebiet:<\/strong><\/h5>\n<p>Sie dienen zur Abdeckung und zum Schutz von, an das Kommunalnetz angeschlossene unterirdische Anschlussteile von H\u00e4hnen, Ventilen und Ventilverl\u00e4ngerungen.<\/p>\n<h5><strong>Technische Daten:<\/strong><\/h5>\n<h5>Der Deckel kann mit Hilfe des eingebauten Griffs leicht angehoben werden. Seine Oberfl\u00e4che ist mit einem rutschfesten Muster versehen. \u00a0Der Deckel ist zur Vermeidung des Verlorengehens mittels Schrauben mit dem Kasten verbunden.<\/h5>\n<h5><\/h5>\n<h3><em><strong><u>Hydrantenkasten<\/u><\/strong><\/em><\/h3>\n<h4><strong>Bezeichnung: <\/strong>CSN-79; FCSSZ; 480&#215;320<\/h4>\n<h5><strong>Anwendungsgebiet:<\/strong><\/h5>\n<h5>Sie dienen zur Abdeckung und zum Schutz von, an das Kommunalnetz angeschlossene unterirdische Anschlussteile von Unterflurhydranten. \u00a0Sie k\u00f6nnen in Verkehrsstra\u00dfen und sonstigen Verkehrsfl\u00e4chen eingebaut werden, bis einer Belastungsf\u00e4higkeit bis 400 kN (40 t), mit einer entsprechenden Betongrundierung versehen.<\/h5>\n<h5><strong>Technische Daten:<\/strong><\/h5>\n<h5>Der Deckel kann mit einem Standard-Hydrantenschl\u00fcssel leicht angehoben werden. Seine Oberfl\u00e4che ist mit einem rutschfesten Muster versehen. Der Deckel ist zur Vermeidung des Verlorengehens mittels Schrauben mit dem Kasten verbunden.<\/h5>\n<p>&nbsp;<\/p>\n<h3><em><strong><u>Stra\u00dfenkappen<\/u><\/strong><\/em><\/h3>\n<h4><strong><u>Bezeichnung: <\/u><\/strong>DIN4055; DIN4056; DIN4057;<\/h4>\n<h5><strong>Anwendungsgebiet:<\/strong><\/h5>\n<h5>Sie dienen zur Abdeckung und zum Schutz von, an das Kommunalnetz angeschlossene unterirdische Anschlussteile von Unterflurhydranten.<\/h5>\n<h5><strong>Technische Daten:<\/strong><\/h5>\n<h5>Der Deckel kann mit Hilfe des eingebauten Griffs leicht angehoben werden. Seine Oberfl\u00e4che ist mit einem rutschfesten Muster versehen. Der Deckel ist zur Vermeidung des Verlorengehens mittels Schrauben mit dem Kasten verbunden.<\/h5>\n<h4><strong>Bemerkung:\u00a0<\/strong><\/h4>\n<ul>\n<li>\n<h5>Durch unsere gro\u00dfe Kapazit\u00e4t in der Handgie\u00dferei k\u00f6nnen wir auch Bestellungen f\u00fcr kleine Serien und f\u00fcr Sondergussst\u00fccke befriedigen.<\/h5>\n<\/li>\n<li>\n<h5>Es kann mann auch im Einzelausf\u00fchrung bestellen<\/h5>\n<\/li>\n<\/ul>\n<h5 style=\"text-align: center;\"><span style=\"text-decoration: underline;\"><a href=\"https:\/\/vasontode.hu\/app\/uploads\/H\u00e1zi-f\u0151elz\u00e1r\u00f3_DE-1.pdf\" target=\"_blank\" rel=\"\">Haupth\u00e4hne f\u00fcr den Wohnbereich<\/a><\/span><\/h5>\n<h5 style=\"text-align: center;\"><span style=\"text-decoration: underline;\"><a href=\"https:\/\/vasontode.hu\/app\/uploads\/Tol\u00f3z\u00e1rszekr\u00e9ny_DE-1.pdf\" target=\"_blank\" rel=\"\">Strassenkappen<\/a><\/span><\/h5>\n<h5 style=\"text-align: center;\"><span style=\"text-decoration: underline;\"><a href=\"https:\/\/vasontode.hu\/app\/uploads\/T\u0171zcsapszekr\u00e9ny_DE-1.pdf\" target=\"_blank\" rel=\"\">Hydrantenkasten<\/a><\/span><\/h5>\n","protected":false},"excerpt":{"rendered":"<h5>Hahnk\u00e4sten aus Gusseisen in den folgenden Typen:\u00a0Haupth\u00e4hne f\u00fcr den Wohnbereich,\u00a0Hydrantenkasten,\u00a0Stra\u00dfenkappen. Belastungsgruppe B-D.\u00a0Auch\u00a0mit Aufschriften und dekorativen Zierelementen.<\/h5>\n<h5><strong>Kaufen Sie direkt vom Hersteller!<\/strong><\/h5>\n","protected":false},"featured_media":2456,"comment_status":"open","ping_status":"closed","template":"","meta":{"_monsterinsights_skip_tracking":false,"_monsterinsights_sitenote_active":false,"_monsterinsights_sitenote_note":"","_monsterinsights_sitenote_category":0},"product_cat":[172],"product_tag":[],"acf":[],"yoast_head":"<!-- This site is optimized with the Yoast SEO plugin v18.9 - https:\/\/yoast.com\/wordpress\/plugins\/seo\/ -->\n<title>Hahnk\u00e4sten | Moh\u00e1csi Vas\u00f6nt\u00f6de<\/title>\n<meta name=\"description\" content=\"Hahnk\u00e4sten aus Gusseisen.Haupth\u00e4hne f\u00fcr den Wohnbereich, Hydrantenkasten, Stra\u00dfenkappen.Mit Aufschriften und dekorativen Zierelementen.Direkt vom Hersteller\" \/>\n<meta name=\"robots\" content=\"index, follow, max-snippet:-1, max-image-preview:large, max-video-preview:-1\" \/>\n<link rel=\"canonical\" href=\"https:\/\/vasontode.hu\/de\/produkt\/csapszekrenyek\/\" \/>\n<meta property=\"og:locale\" content=\"de_DE\" \/>\n<meta property=\"og:type\" content=\"article\" \/>\n<meta property=\"og:title\" content=\"Hahnk\u00e4sten | Moh\u00e1csi Vas\u00f6nt\u00f6de\" \/>\n<meta property=\"og:description\" content=\"Hahnk\u00e4sten aus Gusseisen.Haupth\u00e4hne f\u00fcr den Wohnbereich, Hydrantenkasten, Stra\u00dfenkappen.Mit Aufschriften und dekorativen Zierelementen.Direkt vom Hersteller\" \/>\n<meta property=\"og:url\" content=\"https:\/\/vasontode.hu\/de\/produkt\/csapszekrenyek\/\" \/>\n<meta property=\"og:site_name\" content=\"Moh\u00e1csi Vas\u00f6nt\u00f6de\" \/>\n<meta property=\"article:modified_time\" content=\"2016-05-26T08:31:32+00:00\" \/>\n<meta property=\"og:image\" content=\"https:\/\/vasontode.hu\/app\/uploads\/IMG_8877j-scaled.jpg\" \/>\n\t<meta property=\"og:image:width\" content=\"1707\" \/>\n\t<meta property=\"og:image:height\" content=\"2560\" \/>\n\t<meta property=\"og:image:type\" content=\"image\/jpeg\" \/>\n<meta name=\"twitter:label1\" content=\"Est. reading time\" \/>\n\t<meta name=\"twitter:data1\" content=\"1 minute\" \/>\n<script type=\"application\/ld+json\" class=\"yoast-schema-graph\">{\"@context\":\"https:\/\/schema.org\",\"@graph\":[{\"@type\":\"WebSite\",\"@id\":\"https:\/\/vasontode.hu\/#website\",\"url\":\"https:\/\/vasontode.hu\/\",\"name\":\"Moh\u00e1csi Vas\u00f6nt\u00f6de\",\"description\":\"Egyedi \u00f6ntv\u00e9ny, kettlebell, szerelv\u00e9nyek, t\u0171zcsapok\",\"potentialAction\":[{\"@type\":\"SearchAction\",\"target\":{\"@type\":\"EntryPoint\",\"urlTemplate\":\"https:\/\/vasontode.hu\/?s={search_term_string}\"},\"query-input\":\"required name=search_term_string\"}],\"inLanguage\":\"de-DE\"},{\"@type\":\"ImageObject\",\"inLanguage\":\"de-DE\",\"@id\":\"https:\/\/vasontode.hu\/de\/produkt\/csapszekrenyek\/#primaryimage\",\"url\":\"https:\/\/vasontode.hu\/app\/uploads\/IMG_8877j-scaled.jpg\",\"contentUrl\":\"https:\/\/vasontode.hu\/app\/uploads\/IMG_8877j-scaled.jpg\",\"width\":1707,\"height\":2560},{\"@type\":\"WebPage\",\"@id\":\"https:\/\/vasontode.hu\/de\/produkt\/csapszekrenyek\/#webpage\",\"url\":\"https:\/\/vasontode.hu\/de\/produkt\/csapszekrenyek\/\",\"name\":\"Hahnk\u00e4sten | Moh\u00e1csi Vas\u00f6nt\u00f6de\",\"isPartOf\":{\"@id\":\"https:\/\/vasontode.hu\/#website\"},\"primaryImageOfPage\":{\"@id\":\"https:\/\/vasontode.hu\/de\/produkt\/csapszekrenyek\/#primaryimage\"},\"datePublished\":\"2016-04-08T09:18:22+00:00\",\"dateModified\":\"2016-05-26T08:31:32+00:00\",\"description\":\"Hahnk\u00e4sten aus Gusseisen.Haupth\u00e4hne f\u00fcr den Wohnbereich, Hydrantenkasten, Stra\u00dfenkappen.Mit Aufschriften und dekorativen Zierelementen.Direkt vom Hersteller\",\"breadcrumb\":{\"@id\":\"https:\/\/vasontode.hu\/de\/produkt\/csapszekrenyek\/#breadcrumb\"},\"inLanguage\":\"de-DE\",\"potentialAction\":[{\"@type\":\"ReadAction\",\"target\":[\"https:\/\/vasontode.hu\/de\/produkt\/csapszekrenyek\/\"]}]},{\"@type\":\"BreadcrumbList\",\"@id\":\"https:\/\/vasontode.hu\/de\/produkt\/csapszekrenyek\/#breadcrumb\",\"itemListElement\":[{\"@type\":\"ListItem\",\"position\":1,\"name\":\"Kezd\u0151lap\",\"item\":\"https:\/\/vasontode.hu\/de\/\"},{\"@type\":\"ListItem\",\"position\":2,\"name\":\"Term\u00e9kek\",\"item\":\"https:\/\/vasontode.hu\/termekek\/\"},{\"@type\":\"ListItem\",\"position\":3,\"name\":\"Hahnk\u00e4sten\"}]}]}<\/script>\n<!-- \/ Yoast SEO plugin. -->","yoast_head_json":{"title":"Hahnk\u00e4sten | Moh\u00e1csi Vas\u00f6nt\u00f6de","description":"Hahnk\u00e4sten aus Gusseisen.Haupth\u00e4hne f\u00fcr den Wohnbereich, Hydrantenkasten, Stra\u00dfenkappen.Mit Aufschriften und dekorativen Zierelementen.Direkt vom Hersteller","robots":{"index":"index","follow":"follow","max-snippet":"max-snippet:-1","max-image-preview":"max-image-preview:large","max-video-preview":"max-video-preview:-1"},"canonical":"https:\/\/vasontode.hu\/de\/produkt\/csapszekrenyek\/","og_locale":"de_DE","og_type":"article","og_title":"Hahnk\u00e4sten | Moh\u00e1csi Vas\u00f6nt\u00f6de","og_description":"Hahnk\u00e4sten aus Gusseisen.Haupth\u00e4hne f\u00fcr den Wohnbereich, Hydrantenkasten, Stra\u00dfenkappen.Mit Aufschriften und dekorativen Zierelementen.Direkt vom Hersteller","og_url":"https:\/\/vasontode.hu\/de\/produkt\/csapszekrenyek\/","og_site_name":"Moh\u00e1csi Vas\u00f6nt\u00f6de","article_modified_time":"2016-05-26T08:31:32+00:00","og_image":[{"width":1707,"height":2560,"url":"https:\/\/vasontode.hu\/app\/uploads\/IMG_8877j-scaled.jpg","type":"image\/jpeg"}],"twitter_misc":{"Est. reading time":"1 minute"},"schema":{"@context":"https:\/\/schema.org","@graph":[{"@type":"WebSite","@id":"https:\/\/vasontode.hu\/#website","url":"https:\/\/vasontode.hu\/","name":"Moh\u00e1csi Vas\u00f6nt\u00f6de","description":"Egyedi \u00f6ntv\u00e9ny, kettlebell, szerelv\u00e9nyek, t\u0171zcsapok","potentialAction":[{"@type":"SearchAction","target":{"@type":"EntryPoint","urlTemplate":"https:\/\/vasontode.hu\/?s={search_term_string}"},"query-input":"required name=search_term_string"}],"inLanguage":"de-DE"},{"@type":"ImageObject","inLanguage":"de-DE","@id":"https:\/\/vasontode.hu\/de\/produkt\/csapszekrenyek\/#primaryimage","url":"https:\/\/vasontode.hu\/app\/uploads\/IMG_8877j-scaled.jpg","contentUrl":"https:\/\/vasontode.hu\/app\/uploads\/IMG_8877j-scaled.jpg","width":1707,"height":2560},{"@type":"WebPage","@id":"https:\/\/vasontode.hu\/de\/produkt\/csapszekrenyek\/#webpage","url":"https:\/\/vasontode.hu\/de\/produkt\/csapszekrenyek\/","name":"Hahnk\u00e4sten | Moh\u00e1csi Vas\u00f6nt\u00f6de","isPartOf":{"@id":"https:\/\/vasontode.hu\/#website"},"primaryImageOfPage":{"@id":"https:\/\/vasontode.hu\/de\/produkt\/csapszekrenyek\/#primaryimage"},"datePublished":"2016-04-08T09:18:22+00:00","dateModified":"2016-05-26T08:31:32+00:00","description":"Hahnk\u00e4sten aus Gusseisen.Haupth\u00e4hne f\u00fcr den Wohnbereich, Hydrantenkasten, Stra\u00dfenkappen.Mit Aufschriften und dekorativen Zierelementen.Direkt vom Hersteller","breadcrumb":{"@id":"https:\/\/vasontode.hu\/de\/produkt\/csapszekrenyek\/#breadcrumb"},"inLanguage":"de-DE","potentialAction":[{"@type":"ReadAction","target":["https:\/\/vasontode.hu\/de\/produkt\/csapszekrenyek\/"]}]},{"@type":"BreadcrumbList","@id":"https:\/\/vasontode.hu\/de\/produkt\/csapszekrenyek\/#breadcrumb","itemListElement":[{"@type":"ListItem","position":1,"name":"Kezd\u0151lap","item":"https:\/\/vasontode.hu\/de\/"},{"@type":"ListItem","position":2,"name":"Term\u00e9kek","item":"https:\/\/vasontode.hu\/termekek\/"},{"@type":"ListItem","position":3,"name":"Hahnk\u00e4sten"}]}]}},"_links":{"self":[{"href":"https:\/\/vasontode.hu\/de\/wp-json\/wp\/v2\/product\/3351"}],"collection":[{"href":"https:\/\/vasontode.hu\/de\/wp-json\/wp\/v2\/product"}],"about":[{"href":"https:\/\/vasontode.hu\/de\/wp-json\/wp\/v2\/types\/product"}],"replies":[{"embeddable":true,"href":"https:\/\/vasontode.hu\/de\/wp-json\/wp\/v2\/comments?post=3351"}],"wp:featuredmedia":[{"embeddable":true,"href":"https:\/\/vasontode.hu\/de\/wp-json\/wp\/v2\/media\/2456"}],"wp:attachment":[{"href":"https:\/\/vasontode.hu\/de\/wp-json\/wp\/v2\/media?parent=3351"}],"wp:term":[{"taxonomy":"product_cat","embeddable":true,"href":"https:\/\/vasontode.hu\/de\/wp-json\/wp\/v2\/product_cat?post=3351"},{"taxonomy":"product_tag","embeddable":true,"href":"https:\/\/vasontode.hu\/de\/wp-json\/wp\/v2\/product_tag?post=3351"}],"curies":[{"name":"wp","href":"https:\/\/api.w.org\/{rel}","templated":true}]}}