{"id":3352,"date":"2016-04-08T11:14:57","date_gmt":"2016-04-08T09:14:57","guid":{"rendered":"https:\/\/vasontode.hu\/de\/product\/fold-alatti-tuzcsap\/"},"modified":"2016-05-26T11:27:36","modified_gmt":"2016-05-26T09:27:36","slug":"fold-alatti-tuzcsap","status":"publish","type":"product","link":"https:\/\/vasontode.hu\/de\/produkt\/fold-alatti-tuzcsap\/","title":{"rendered":"Unterflurhydrant"},"content":{"rendered":"<h3><em>Unterflurhydrant<\/em><\/h3>\n<h4><strong>Anwendungsgebiet:<\/strong><\/h4>\n<h5>Angeschlossen an das \u00f6ffentliche Wasserversorgungsnetz von Ortschaften dient der Hydrant in erster Linie zu Feuerschutzzwecken, kann aber auch zur Wasserentnahme, sowie zum Durchsp\u00fclen und Entl\u00fcften des Wasserversorgungsnetzes verwendet werden.<\/h5>\n<h4><strong>Installation:<\/strong><\/h4>\n<h5>In das Versorgungsnetz kann der Hydrant durch Zwischensetzen eines Doppelflansch-Fu\u00dfbogens (Bogen DN80 QN) eingebaut werden Es wird empfohlen, vor Hydranten, die von der Hauptdruckleitung gespeist werden, einen entsprechenden Absperrschieber einzubauen. F\u00fcr die Abdeckung des Hydrantenschl\u00fcssels und des Ausflussstutzens sorgt ein unterirdischer Hydrantenschrank.<\/h5>\n<h4><strong>Ausf\u00fchrungen:<\/strong><\/h4>\n<h5><strong>\u00a0 \u00a0 \u00a0 \u00a0 \u00a0 \u00a0 \u00a0 \u00a0 \u00a0 \u00a0 \u00a0 \u00a0 \u00a0 \u00a0 \u00a0 \u00a0 \u00a0 \u00a0 \u00a0 \u00a0 \u00a0 \u00a0 \u00a0 \u00a0 \u00a0Bezeichnung \u00a0 \u00a0 \u00a0 \u00a0 \u00a0 \u00a0 \u00a0 \u00a0 \u00a0 \u00a0 \u00a0 \u00a0 \u00a0 \u00a0 \u00a0 \u00a0 \u00a0 \u00a0 \u00a0 \u00a0 \u00a0 \u00a0 \u00a0 \u00a0 \u00a0 \u00a0 \u00a0 \u00a0 \u00a0 \u00a0 \u00a0 \u00a0 \u00a0 \u00a0 \u00a0Artikelnummer\u00a0<\/strong><\/h5>\n<ul>\n<li>\n<h5>UNTERFLUR-HYDRANT MIT KAPPE AUS GUSSEISEN M21-80-00A \u00a0 \u00a0 \u00a0 \u00a0 \u00a0 \u00a0 \u00a0 \u00a0 \u00a0 \u00a0 \u00a0 \u00a0 \u00a0 \u00a0 \u00a01.- M<\/h5>\n<\/li>\n<li>\n<h5>UNTERFLUR-HYDRANT MIT KAPPE AUS GUSSEISEN M21-80-00A \u00a0 \u00a0 \u00a0 \u00a0 \u00a0 \u00a0 \u00a0 \u00a0 \u00a0 \u00a0 \u00a0 \u00a0 \u00a0 \u00a0 \u00a01,25.- M<\/h5>\n<\/li>\n<li>\n<h5>UNTERFLUR-HYDRANT MIT KAPPE AUS GUSSEISEN M21-80-00A \u00a0 \u00a0 \u00a0 \u00a0 \u00a0 \u00a0 \u00a0 \u00a0 \u00a0 \u00a0 \u00a0 \u00a0 \u00a0 \u00a0 \u00a01,5.- M<\/h5>\n<\/li>\n<li>\n<h5>UNTERFLUR-HYDRANT MIT KAPPE AUS TECHNISCHEM GUMMI M21-80-00A \u00a0 \u00a0 \u00a0 \u00a0 \u00a0 1.- M<\/h5>\n<\/li>\n<li>\n<h5>UNTERFLUR-HYDRANT MIT KAPPE AUS TECHNISCHEM GUMMI M21-80-00A \u00a0 \u00a0 \u00a0 \u00a0 \u00a0 1,25.- M<\/h5>\n<\/li>\n<li>\n<h5>UNTERFLUR-HYDRANT MIT KAPPE AUS TECHNISCHEM GUMMI M21-80-00A \u00a0 \u00a0 \u00a0 \u00a0 \u00a0 1,5.- M<\/h5>\n<\/li>\n<\/ul>\n<h4><strong>Anschl\u00fcsse:<\/strong><\/h4>\n<h5>Flanschgr\u00f6\u00dfe des Verbindungsst\u00fccks mit unterem Anschlussflansch: entsprechend EN 1092:2000, DN 80-PN 16; beziehungsweise DN 100-PN 16. Auslaufstutzen zur Wasserentnahme<\/h5>\n<ul>\n<li>\n<h5>Durchmesser: 80mm<\/h5>\n<\/li>\n<li>\n<h5>Anschluss: spezielles Trapezgewinde, Tr.105x6d2, (MSZ 9772<\/h5>\n<\/li>\n<\/ul>\n<h4><strong>Funktion, Bedienung:<\/strong><\/h4>\n<h5>Mit einem 27mm- Vierkantschl\u00fcssel f\u00fcr Untergrundhydranten (MSZ 9771\/3), bei Drehen nach links: \u00d6ffnen, nach rechts: Schlie\u00dfen. Die innere Absperrvorrichtung verhindert beim \u00d6ffnen und Schlie\u00dfen den Wassersto\u00df. Der Querschnitt DN80 wird bei v\u00f6llig ge\u00f6ffnetem Zustand gew\u00e4hrleistet. Der Hydrant ist mit einem automatischen Abfluss ausgestattet, der das im Hydrant verbliebene Wasser nach dem Absperren \u00fcber die Ablassbohrungen des Ventilgeh\u00e4uses in ein bei der Installation unter dem Gefrierpunkt angelegtes Kiesbett sickern l\u00e4sst. So ist er vor den winterlichen Fr\u00f6sten gesch\u00fctzt und bedarf keines besonderen Frostschutzes. Entw\u00e4sserungszeit 2-4,5 Minuten in Abh\u00e4ngigkeit von der Dichte des Bodens, des Kiesbetts. <strong>ACHTUNG: Die Ablaufbohrung schlie\u00dft sich nur, wenn der Hydrant vollst\u00e4ndig ge\u00f6ffnet ist!<\/strong><\/h5>\n<h4><strong>Charakteristik der Hydraulik<\/strong><\/h4>\n<h5>Gem\u00e4\u00df der ungarischen Norm (MSZ) MSZ EN 14339: NA80 : Mindestdurchfluss = 85,6 am Ausfluss 1x65mm Wenn die gemessene Differenz zwischen dem Eingangs- und dem Ausgangsdruck des Hydranten 1 bar betr\u00e4gt, verstehen sich die oben angegebenen Werte in m3\/h.<\/h5>\n<h4><strong>Material der Hauptbestandteile:<\/strong><\/h4>\n<ul>\n<li>\n<h5><strong>Gusseisen<\/strong> (EN-GJL-200 MSZ EN 1560:2000): Hydrantengeh\u00e4use, Ventilgeh\u00e4use, Ventilk\u00f6rper, Verschlusskappe, Deckel, Schl\u00fcssel, Tragplatte, Fl\u00fcgelmuttergeh\u00e4use, Verbindungsst\u00fcck aus Eisen.<\/h5>\n<\/li>\n<li>\n<h5><strong> Messing:<\/strong> Spindel, Gewindebuchse.<\/h5>\n<\/li>\n<li>\n<h5><strong>Bronze RG 5:<\/strong> Auslaufstutzen.<\/h5>\n<\/li>\n<li>\n<h5><strong>Gummi geeignet f\u00fcr die Lebensmittelindustrie:<\/strong> Dichtungen, Dichtungsring. Kunststoff: Buchse, Schulterbuchse, Verschlussdeckel<\/h5>\n<\/li>\n<\/ul>\n<h4><strong>Wasserentnahme:<\/strong><\/h4>\n<h5>Mit Hilfe des an den Ausflussstutzen monierten und zum Anschluss von Feuerwehrschl\u00e4uchen geeigneten Standrohrs (MSZ 9772)<\/h5>\n<h4><strong>Wartungsvorschriften:<\/strong><\/h4>\n<h5>Bei den durch die Nationale Brandschutzordnung (OTSZ) vorgeschriebenen obligatorischen Wartungen sind im Zuge der Funktionspr\u00fcfung die Dichtheit und die komplette Entw\u00e4sserung zu kontrollieren. Nach Entfernen des Deckels kann die Innenstruktur im Ganzen herausgenommen werden, ohne dass der Hydrant ausgegraben werden m\u00fcsste.<\/h5>\n<h4><strong>Anstrich:<\/strong><\/h4>\n<h5>Die unterirdischen Teile sind unter Ber\u00fccksichtigung der Vorschriften der Nationalen Brandschutzordnung (OTSZ) durch ein Korrosionsschutz- Lack-System gesch\u00fctzt. Die inneren Gussoberfl\u00e4chen sind mit einer, vom Staatlichen Dienst f\u00fcr Volksgesundheit und Amts\u00e4rzte (\u00c1NTSZ) gepr\u00fcften und genehmigten Zweikomponenten\u2013Epoxidharzbeschichtung oberfl\u00e4chenbehandelt.<\/h5>\n<p style=\"text-align: center;\"><span style=\"text-decoration: underline;\"><a href=\"https:\/\/vasontode.hu\/app\/uploads\/F\u00f6ldalatti-t\u0171zcsap-gy\u00e1rtm\u00e1nyismertet\u0151_DE-lekt.pdf\" target=\"_blank\" rel=\"\">Klicken Sie hier f\u00fcr die Produktbeschreibung!<\/a><\/span><\/p>\n","protected":false},"excerpt":{"rendered":"<h5><strong>Unterflurhydrant mit\u00a0Eisengussgeh\u00e4use.\u00a0<\/strong><\/h5>\n<h5>Angeschlossen an das \u00f6ffentliche Wasserversorgungsnetz von Ortschaften dient der Hydrant in erster Linie zu Feuerschutzzwecken, kann aber auch zur Wasserentnahme, sowie zum Durchsp\u00fclen und Entl\u00fcften des Wasserversorgungsnetzes verwendet werden.\u00a0Auch\u00a0mit Aufschriften und dekorativen Zierelementen.<\/h5>\n<h5><strong>Kaufen Sie direkt vom Hersteller!<\/strong><\/h5>\n","protected":false},"featured_media":3094,"comment_status":"open","ping_status":"closed","template":"","meta":{"_monsterinsights_skip_tracking":false,"_monsterinsights_sitenote_active":false,"_monsterinsights_sitenote_note":"","_monsterinsights_sitenote_category":0},"product_cat":[171],"product_tag":[],"acf":[],"yoast_head":"<!-- This site is optimized with the Yoast SEO plugin v18.9 - https:\/\/yoast.com\/wordpress\/plugins\/seo\/ -->\n<title>Unterflurhydrant | Moh\u00e1csi Vas\u00f6nt\u00f6de<\/title>\n<meta name=\"description\" content=\"Unterflurhydrant mit Eisengussgeh\u00e4use. Auch mit Aufschriften und dekorativen Zierelementen. Kaufen Sie direkt vom Hersteller!\" \/>\n<meta name=\"robots\" content=\"index, follow, max-snippet:-1, max-image-preview:large, max-video-preview:-1\" \/>\n<link rel=\"canonical\" href=\"https:\/\/vasontode.hu\/de\/produkt\/fold-alatti-tuzcsap\/\" \/>\n<meta property=\"og:locale\" content=\"de_DE\" \/>\n<meta property=\"og:type\" content=\"article\" \/>\n<meta property=\"og:title\" content=\"Unterflurhydrant | Moh\u00e1csi Vas\u00f6nt\u00f6de\" \/>\n<meta property=\"og:description\" content=\"Unterflurhydrant mit Eisengussgeh\u00e4use. Auch mit Aufschriften und dekorativen Zierelementen. Kaufen Sie direkt vom Hersteller!\" \/>\n<meta property=\"og:url\" content=\"https:\/\/vasontode.hu\/de\/produkt\/fold-alatti-tuzcsap\/\" \/>\n<meta property=\"og:site_name\" content=\"Moh\u00e1csi Vas\u00f6nt\u00f6de\" \/>\n<meta property=\"article:modified_time\" content=\"2016-05-26T09:27:36+00:00\" \/>\n<meta property=\"og:image\" content=\"https:\/\/vasontode.hu\/app\/uploads\/F\u00f6ldalatti-t\u0171zcsapokj.jpg\" \/>\n\t<meta property=\"og:image:width\" content=\"2043\" \/>\n\t<meta property=\"og:image:height\" content=\"1623\" \/>\n\t<meta property=\"og:image:type\" content=\"image\/jpeg\" \/>\n<meta name=\"twitter:label1\" content=\"Est. reading time\" \/>\n\t<meta name=\"twitter:data1\" content=\"3 minutes\" \/>\n<script type=\"application\/ld+json\" class=\"yoast-schema-graph\">{\"@context\":\"https:\/\/schema.org\",\"@graph\":[{\"@type\":\"WebSite\",\"@id\":\"https:\/\/vasontode.hu\/#website\",\"url\":\"https:\/\/vasontode.hu\/\",\"name\":\"Moh\u00e1csi Vas\u00f6nt\u00f6de\",\"description\":\"Egyedi \u00f6ntv\u00e9ny, kettlebell, szerelv\u00e9nyek, t\u0171zcsapok\",\"potentialAction\":[{\"@type\":\"SearchAction\",\"target\":{\"@type\":\"EntryPoint\",\"urlTemplate\":\"https:\/\/vasontode.hu\/?s={search_term_string}\"},\"query-input\":\"required name=search_term_string\"}],\"inLanguage\":\"de-DE\"},{\"@type\":\"ImageObject\",\"inLanguage\":\"de-DE\",\"@id\":\"https:\/\/vasontode.hu\/de\/produkt\/fold-alatti-tuzcsap\/#primaryimage\",\"url\":\"https:\/\/vasontode.hu\/app\/uploads\/F\u00f6ldalatti-t\u0171zcsapokj.jpg\",\"contentUrl\":\"https:\/\/vasontode.hu\/app\/uploads\/F\u00f6ldalatti-t\u0171zcsapokj.jpg\",\"width\":2043,\"height\":1623},{\"@type\":\"WebPage\",\"@id\":\"https:\/\/vasontode.hu\/de\/produkt\/fold-alatti-tuzcsap\/#webpage\",\"url\":\"https:\/\/vasontode.hu\/de\/produkt\/fold-alatti-tuzcsap\/\",\"name\":\"Unterflurhydrant | Moh\u00e1csi Vas\u00f6nt\u00f6de\",\"isPartOf\":{\"@id\":\"https:\/\/vasontode.hu\/#website\"},\"primaryImageOfPage\":{\"@id\":\"https:\/\/vasontode.hu\/de\/produkt\/fold-alatti-tuzcsap\/#primaryimage\"},\"datePublished\":\"2016-04-08T09:14:57+00:00\",\"dateModified\":\"2016-05-26T09:27:36+00:00\",\"description\":\"Unterflurhydrant mit Eisengussgeh\u00e4use. Auch mit Aufschriften und dekorativen Zierelementen. Kaufen Sie direkt vom Hersteller!\",\"breadcrumb\":{\"@id\":\"https:\/\/vasontode.hu\/de\/produkt\/fold-alatti-tuzcsap\/#breadcrumb\"},\"inLanguage\":\"de-DE\",\"potentialAction\":[{\"@type\":\"ReadAction\",\"target\":[\"https:\/\/vasontode.hu\/de\/produkt\/fold-alatti-tuzcsap\/\"]}]},{\"@type\":\"BreadcrumbList\",\"@id\":\"https:\/\/vasontode.hu\/de\/produkt\/fold-alatti-tuzcsap\/#breadcrumb\",\"itemListElement\":[{\"@type\":\"ListItem\",\"position\":1,\"name\":\"Kezd\u0151lap\",\"item\":\"https:\/\/vasontode.hu\/de\/\"},{\"@type\":\"ListItem\",\"position\":2,\"name\":\"Term\u00e9kek\",\"item\":\"https:\/\/vasontode.hu\/termekek\/\"},{\"@type\":\"ListItem\",\"position\":3,\"name\":\"Unterflurhydrant\"}]}]}<\/script>\n<!-- \/ Yoast SEO plugin. -->","yoast_head_json":{"title":"Unterflurhydrant | Moh\u00e1csi Vas\u00f6nt\u00f6de","description":"Unterflurhydrant mit Eisengussgeh\u00e4use. Auch mit Aufschriften und dekorativen Zierelementen. Kaufen Sie direkt vom Hersteller!","robots":{"index":"index","follow":"follow","max-snippet":"max-snippet:-1","max-image-preview":"max-image-preview:large","max-video-preview":"max-video-preview:-1"},"canonical":"https:\/\/vasontode.hu\/de\/produkt\/fold-alatti-tuzcsap\/","og_locale":"de_DE","og_type":"article","og_title":"Unterflurhydrant | Moh\u00e1csi Vas\u00f6nt\u00f6de","og_description":"Unterflurhydrant mit Eisengussgeh\u00e4use. Auch mit Aufschriften und dekorativen Zierelementen. Kaufen Sie direkt vom Hersteller!","og_url":"https:\/\/vasontode.hu\/de\/produkt\/fold-alatti-tuzcsap\/","og_site_name":"Moh\u00e1csi Vas\u00f6nt\u00f6de","article_modified_time":"2016-05-26T09:27:36+00:00","og_image":[{"width":2043,"height":1623,"url":"https:\/\/vasontode.hu\/app\/uploads\/F\u00f6ldalatti-t\u0171zcsapokj.jpg","type":"image\/jpeg"}],"twitter_misc":{"Est. reading time":"3 minutes"},"schema":{"@context":"https:\/\/schema.org","@graph":[{"@type":"WebSite","@id":"https:\/\/vasontode.hu\/#website","url":"https:\/\/vasontode.hu\/","name":"Moh\u00e1csi Vas\u00f6nt\u00f6de","description":"Egyedi \u00f6ntv\u00e9ny, kettlebell, szerelv\u00e9nyek, t\u0171zcsapok","potentialAction":[{"@type":"SearchAction","target":{"@type":"EntryPoint","urlTemplate":"https:\/\/vasontode.hu\/?s={search_term_string}"},"query-input":"required name=search_term_string"}],"inLanguage":"de-DE"},{"@type":"ImageObject","inLanguage":"de-DE","@id":"https:\/\/vasontode.hu\/de\/produkt\/fold-alatti-tuzcsap\/#primaryimage","url":"https:\/\/vasontode.hu\/app\/uploads\/F\u00f6ldalatti-t\u0171zcsapokj.jpg","contentUrl":"https:\/\/vasontode.hu\/app\/uploads\/F\u00f6ldalatti-t\u0171zcsapokj.jpg","width":2043,"height":1623},{"@type":"WebPage","@id":"https:\/\/vasontode.hu\/de\/produkt\/fold-alatti-tuzcsap\/#webpage","url":"https:\/\/vasontode.hu\/de\/produkt\/fold-alatti-tuzcsap\/","name":"Unterflurhydrant | Moh\u00e1csi Vas\u00f6nt\u00f6de","isPartOf":{"@id":"https:\/\/vasontode.hu\/#website"},"primaryImageOfPage":{"@id":"https:\/\/vasontode.hu\/de\/produkt\/fold-alatti-tuzcsap\/#primaryimage"},"datePublished":"2016-04-08T09:14:57+00:00","dateModified":"2016-05-26T09:27:36+00:00","description":"Unterflurhydrant mit Eisengussgeh\u00e4use. Auch mit Aufschriften und dekorativen Zierelementen. Kaufen Sie direkt vom Hersteller!","breadcrumb":{"@id":"https:\/\/vasontode.hu\/de\/produkt\/fold-alatti-tuzcsap\/#breadcrumb"},"inLanguage":"de-DE","potentialAction":[{"@type":"ReadAction","target":["https:\/\/vasontode.hu\/de\/produkt\/fold-alatti-tuzcsap\/"]}]},{"@type":"BreadcrumbList","@id":"https:\/\/vasontode.hu\/de\/produkt\/fold-alatti-tuzcsap\/#breadcrumb","itemListElement":[{"@type":"ListItem","position":1,"name":"Kezd\u0151lap","item":"https:\/\/vasontode.hu\/de\/"},{"@type":"ListItem","position":2,"name":"Term\u00e9kek","item":"https:\/\/vasontode.hu\/termekek\/"},{"@type":"ListItem","position":3,"name":"Unterflurhydrant"}]}]}},"_links":{"self":[{"href":"https:\/\/vasontode.hu\/de\/wp-json\/wp\/v2\/product\/3352"}],"collection":[{"href":"https:\/\/vasontode.hu\/de\/wp-json\/wp\/v2\/product"}],"about":[{"href":"https:\/\/vasontode.hu\/de\/wp-json\/wp\/v2\/types\/product"}],"replies":[{"embeddable":true,"href":"https:\/\/vasontode.hu\/de\/wp-json\/wp\/v2\/comments?post=3352"}],"wp:featuredmedia":[{"embeddable":true,"href":"https:\/\/vasontode.hu\/de\/wp-json\/wp\/v2\/media\/3094"}],"wp:attachment":[{"href":"https:\/\/vasontode.hu\/de\/wp-json\/wp\/v2\/media?parent=3352"}],"wp:term":[{"taxonomy":"product_cat","embeddable":true,"href":"https:\/\/vasontode.hu\/de\/wp-json\/wp\/v2\/product_cat?post=3352"},{"taxonomy":"product_tag","embeddable":true,"href":"https:\/\/vasontode.hu\/de\/wp-json\/wp\/v2\/product_tag?post=3352"}],"curies":[{"name":"wp","href":"https:\/\/api.w.org\/{rel}","templated":true}]}}