{"id":3353,"date":"2016-04-08T10:47:06","date_gmt":"2016-04-08T08:47:06","guid":{"rendered":"https:\/\/vasontode.hu\/de\/product\/fold-feletti-tuzcsap\/"},"modified":"2016-05-26T11:29:24","modified_gmt":"2016-05-26T09:29:24","slug":"fold-feletti-tuzcsap","status":"publish","type":"product","link":"https:\/\/vasontode.hu\/de\/produkt\/fold-feletti-tuzcsap\/","title":{"rendered":"\u00dcberflurhydrant"},"content":{"rendered":"<h2><em><strong>\u00dcberflurhydrant<\/strong><\/em><\/h2>\n<h4><\/h4>\n<h4><strong>Anwendungsgebiet:<\/strong><\/h4>\n<h5>Angeschlossen an das \u00f6ffentliche Wasserversorgungsnetz von Ortschaften dient der Hydrant in erster Linie zu Feuerschutzzwecken, kann aber auch zur Wasserentnahme, sowie zum Durchsp\u00fclen und Entl\u00fcften des Wasserversorgungsnetzes verwendet werden.<\/h5>\n<h4><strong>Installation:<\/strong><\/h4>\n<h5>In das Versorgungsnetz kann der Hydrant durch Zwischensetzen eines Doppelflansch- Fu\u00dfbogens aus Gusseisen (Profil DN80 oder DN100 QN) eingebaut werden. Es wird empfohlen, vor Hydranten, die von der Hauptdruckleitung gespeist werden, auch einen entsprechenden Absperrschieber einzubauen. F\u00fcr eine entsprechende Entw\u00e4sserung muss im Boden unter der Frostgrenze ein Kiesbett angelegt werden. Die notwendige L\u00e4nge des Hydranten muss so ausgew\u00e4hlt werden, dass bei einer Installation entsprechend der Herstellervorschrift die Mittellinienh\u00f6he der oberen Auslaufstutzen in einer H\u00f6he zwischen 650 und 900 mm vom Bodenniveau liegt.<\/h5>\n<h4><strong>Ausf\u00fchrung:<\/strong><\/h4>\n<ul>\n<li>\n<h5>Eisengussgeh\u00e4use fix DN80 oder DN100 Typ A \u2013 mit Auslauf 2B<\/h5>\n<\/li>\n<li>\n<h5>Eisengussgeh\u00e4use fix DN80 oder DN100 Typ B \u2013 mit Auslauf 2B<\/h5>\n<\/li>\n<li>\n<h5>Eisengussgeh\u00e4use fix DN80 oder DN100 Typ C \u2013 mit Auslauf 2B<\/h5>\n<\/li>\n<li>\n<h5>Eisengussgeh\u00e4use fix DN100 Typ A \u2013 mit Auslauf 2B und 1A<\/h5>\n<\/li>\n<li>\n<h5>Eisengussgeh\u00e4use fix DN100 Typ B \u2013 mit Auslauf 2B und 1A<\/h5>\n<\/li>\n<li>\n<h5>Eisengussgeh\u00e4use fix DN100 Typ C \u2013 mit Auslauf 2B und 1A<\/h5>\n<\/li>\n<li>\n<h5>Verziertes Eisengussgeh\u00e4use fix DN80 oder DN100 Typ A \u2013 mit Auslauf 2B<\/h5>\n<\/li>\n<li>\n<h5>Verziertes Eisengussgeh\u00e4use fix DN80 oder DN100 Typ B \u2013 mit Auslauf 2B<\/h5>\n<\/li>\n<li>\n<h5>Verziertes Eisengussgeh\u00e4use fix DN80 oder DN100 Typ C \u2013 mit Auslauf 2B<\/h5>\n<\/li>\n<li>\n<h5>Eisengussgeh\u00e4use bruchsicher DN80 oder DN100 Typ A \u2013 mit Auslauf 2B<\/h5>\n<\/li>\n<li>\n<h5>Eisengussgeh\u00e4use bruchsicher DN80 oder DN100 Typ B \u2013 mit Auslauf 2B<\/h5>\n<\/li>\n<li>\n<h5>Eisengussgeh\u00e4use bruchsicher DN80 oder DN100 Typ C \u2013 mit Auslauf 2B<\/h5>\n<\/li>\n<li>\n<h5>Eisengussgeh\u00e4use bruchsicher DN100 Typ A \u2013 mit Auslauf 2B und 1A<\/h5>\n<\/li>\n<li>\n<h5>Eisengussgeh\u00e4use bruchsicher DN100 Typ B \u2013 mit Auslauf 2B und 1A<\/h5>\n<\/li>\n<li>\n<h5>Eisengussgeh\u00e4use bruchsicher DN100 Typ C \u2013 mit Auslauf 2B und 1A<\/h5>\n<\/li>\n<\/ul>\n<h4><strong>Anschl\u00fcsse:<\/strong><\/h4>\n<ul>\n<li>\n<h5>Gr\u00f6\u00dfe des Anschlussflansches mit unterem Flansch: Gem\u00e4\u00df der ungarischen Norm (MSZ) EN 1092-2:2000, DN 80-PN 16; beziehungsweise DN 100-PN 16.<\/h5>\n<\/li>\n<li>\n<h5>Auslauf\u00f6ffnungen: Gem\u00e4\u00df der ungarischen Norm (MSZ) 1057:1989 geeignet f\u00fcr den Anschluss von 2 Festkupplungen \u201eB\u201c oder von 2 Festkupplungen mit dem Ma\u00df \u201eB\u201c und 1St. \u201eA\u201c<\/h5>\n<\/li>\n<\/ul>\n<h4><strong>Funktion, Bedienung:<\/strong><\/h4>\n<h5>\u00d6ffnen durch Linksdrehung, Schlie\u00dfen durch Rechtsdrehung mit einem Hydrantenschl\u00fcssel f\u00fcr \u00dcberflurhydranten oder mit einem universellen Kupplungsschl\u00fcssel. Der Hydrantenschl\u00fcssel ist auch f\u00fcr die Entfernung der Verschlusskappe der Festkupplung und des St\u00f6psels geeignet. Bei \u00d6ffnen der inneren Absperrvorrichtung des Hydranten verhindert er den Wassersto\u00df. Der Hydrant ist mit einem automatischen Abfluss versehen, der nach dem Schlie\u00dfen \u00fcber die Ablassbohrungen des Ventilgeh\u00e4uses das im Hydrant verbliebene Wasser in ein bei der Installation unter dem Gefrierpunkt angelegtes Kiesbett sickern l\u00e4sst. So ist er vor den winterlichen Fr\u00f6sten gesichert und bedarf keines besonderen Frostschutzes. Entw\u00e4sserungszeit bei offenen Ausfluss\u00f6ffnungen 2-5 Minuten in Abh\u00e4ngigkeit von der Dichte des Bodens, des Kiesbetts. Das im Hydranten verbliebene Wasser kann auch hier abgesaugt werden, wenn eventuell die Entw\u00e4sserungsbohrung verstopft ist. <strong>ACHTUNG: Der Hydrant funktioniert nur im v\u00f6llig ge\u00f6ffneten Zustand bestimmungsgerecht! Bei Wasserentnahme, wenn er nur teilweise ge\u00f6ffnet ist, sickert der Hydrant an den Entw\u00e4sserungsbohrungen.<\/strong> F\u00fcr Industriegel\u00e4nden werden in erster Linie die bruchsicheren &#8211; oder mit anderem Namen die Sicherheitshydranten &#8211; empfohlen. Wird der Hydrant eventuell umgefahren, bleibt die Absperrstruktur des Hydranten unverletzt, dadurch wird das Ausflie\u00dfen von Wasser verhindert. F\u00fcr \u00f6ffentliche Pl\u00e4tze, frequentierte Orte bieten wir Hydranten mit verziertem Oberteil an.<\/h5>\n<h4><strong>Charakteristik der Hydraulik:<\/strong><\/h4>\n<h5><strong>Gem\u00e4\u00df der ungarischen Norm (MSZ) EN 14384:<\/strong><\/h5>\n<ul>\n<li>\n<h5>Ff-80-00: Mindestdurchfluss = 202,4 am 2x65mm \u2013 am Ausfluss<\/h5>\n<\/li>\n<li>\n<h5>Ff-100-00: Mindestdurchfluss = 172,1 am 2x65mm &#8211; am Ausfluss<\/h5>\n<\/li>\n<li>\n<h5>BFf-80-00 : Mindestdurchfluss = 181,1 am 2x65mm &#8211; am Ausfluss<\/h5>\n<\/li>\n<li>\n<h5>BFf-100-00: Mindestdurchfluss = 150,5 am 2x65mm &#8211; am Ausfluss<\/h5>\n<\/li>\n<li>\n<h5>MFf-80-00 : Mindestdurchfluss = 202,4 am 2x65mm &#8211; am Ausfluss<\/h5>\n<\/li>\n<li>\n<h5>MFf-100-00: Mindestdurchfluss = 172,1 am 2x65mm &#8211; am Ausfluss<\/h5>\n<\/li>\n<\/ul>\n<h4><strong>Material der Hauptbestandteile:<\/strong><\/h4>\n<h5><strong>Gusseisen:<\/strong> obere S\u00e4ule, untere S\u00e4ule, Ventilgeh\u00e4use, Ventilk\u00f6rper, Unterlegscheibe, Verschlusskappe, Deckel, Stopfen, Fl\u00fcgelmutterhaus . <strong>Messing:<\/strong> Spindel, Ventilsitzring, Entw\u00e4sserungssitz, Gewindebuchse. <strong>Aluminium:<\/strong> Festkupplung. <strong>Gummi:<\/strong> Dichtungen. <strong>Kunststoff:<\/strong> Unterlegscheibe, Sicherungsring, Stopfbuchse, Dichtungsst\u00fcck, Verschlusskappe der Festkupplung.<\/h5>\n<h4><strong>Wartungsvorschriften:<\/strong><\/h4>\n<h5>Bei den durch die Nationalen Brandschutzordnung (OTSZ) vorgeschriebenen obligatorischen Wartungen sind im Zuge der Funktionspr\u00fcfung die Dichtheit und die komplette Entw\u00e4sserung zu kontrollieren, was nach Abschrauben des Stopfens an der Seite des Hydranten \u00fcber diesen erfolgen kann. Bei Problemen kann nach Entfernung des Deckels die Innenstruktur herausgenommen werden, ohne dass der Hydrant ausgegraben werden m\u00fcsste.<\/h5>\n<h4><strong>Anstrich:<\/strong><\/h4>\n<h5>Die ober- und unterirdischen Teile sind unter Ber\u00fccksichtigung der Vorschriften der Nationalen Brandschutzordnung (OTSZ) durch einen mehrschichtigen Anstrich mit witterungsbest\u00e4ndigem Epoxidlack-System gesch\u00fctzt. Die inneren Gussoberfl\u00e4chen sind mit einem, vom Staatlichen Dienst f\u00fcr Volksgesundheit und Amts\u00e4rzte (\u00c1NTSZ) gepr\u00fcften und genehmigten Zweikomponenten-Epoxidharzbeschichtung oberfl\u00e4chenbehandelt.<\/h5>\n<h5 style=\"text-align: center;\"><span style=\"text-decoration: underline;\"><a href=\"https:\/\/vasontode.hu\/app\/uploads\/Biztons\u00e1gi-f\u00f6ldfeletti-t\u0171zcsap-gy\u00e1rm\u00e1nyismertet\u0151_DE-lekt.pdf\" target=\"_blank\" rel=\"\">Bruchsicher \u00dcberflurhydrant<\/a><\/span><\/h5>\n","protected":false},"excerpt":{"rendered":"<h5><strong>\u00dcberflurhydrant aus Gusseisen mit Eisengussgeh\u00e4use oder mit Stahlgussgeh\u00e4use.\u00a0<\/strong><\/h5>\n<h5>Angeschlossen an das \u00f6ffentliche Wasserversorgungsnetz von Ortschaften dient der Hydrant in erster Linie zu Feuerschutzzwecken, kann aber auch zur Wasserentnahme, sowie zum Durchsp\u00fclen und Entl\u00fcften des Wasserversorgungsnetzes verwendet werden.<\/h5>\n<h5><strong>Kaufen Sie direkt vom Hersteller!<\/strong><\/h5>\n","protected":false},"featured_media":3063,"comment_status":"open","ping_status":"closed","template":"","meta":{"_monsterinsights_skip_tracking":false,"_monsterinsights_sitenote_active":false,"_monsterinsights_sitenote_note":"","_monsterinsights_sitenote_category":0},"product_cat":[171],"product_tag":[],"acf":[],"yoast_head":"<!-- This site is optimized with the Yoast SEO plugin v18.9 - https:\/\/yoast.com\/wordpress\/plugins\/seo\/ -->\n<title>\u00dcberflurhydrant | Moh\u00e1csi Vas\u00f6nt\u00f6de<\/title>\n<meta name=\"description\" content=\"\u00dcberflurhydrant aus Gusseisen mit Eisengussgeh\u00e4use oder mit Stahlgussgeh\u00e4use.Mit Aufschriften und dekorativen Zierelementen.Kaufen Sie direkt vom Hersteller\" \/>\n<meta name=\"robots\" content=\"index, follow, max-snippet:-1, max-image-preview:large, max-video-preview:-1\" \/>\n<link rel=\"canonical\" href=\"https:\/\/vasontode.hu\/de\/produkt\/fold-feletti-tuzcsap\/\" \/>\n<meta property=\"og:locale\" content=\"de_DE\" \/>\n<meta property=\"og:type\" content=\"article\" \/>\n<meta property=\"og:title\" content=\"\u00dcberflurhydrant | Moh\u00e1csi Vas\u00f6nt\u00f6de\" \/>\n<meta property=\"og:description\" content=\"\u00dcberflurhydrant aus Gusseisen mit Eisengussgeh\u00e4use oder mit Stahlgussgeh\u00e4use.Mit Aufschriften und dekorativen Zierelementen.Kaufen Sie direkt vom Hersteller\" \/>\n<meta property=\"og:url\" content=\"https:\/\/vasontode.hu\/de\/produkt\/fold-feletti-tuzcsap\/\" \/>\n<meta property=\"og:site_name\" content=\"Moh\u00e1csi Vas\u00f6nt\u00f6de\" \/>\n<meta property=\"article:modified_time\" content=\"2016-05-26T09:29:24+00:00\" \/>\n<meta property=\"og:image\" content=\"https:\/\/vasontode.hu\/app\/uploads\/foldfeletti7.jpg\" \/>\n\t<meta property=\"og:image:width\" content=\"271\" \/>\n\t<meta property=\"og:image:height\" content=\"271\" \/>\n\t<meta property=\"og:image:type\" content=\"image\/jpeg\" \/>\n<meta name=\"twitter:label1\" content=\"Est. reading time\" \/>\n\t<meta name=\"twitter:data1\" content=\"4 minutes\" \/>\n<script type=\"application\/ld+json\" class=\"yoast-schema-graph\">{\"@context\":\"https:\/\/schema.org\",\"@graph\":[{\"@type\":\"WebSite\",\"@id\":\"https:\/\/vasontode.hu\/#website\",\"url\":\"https:\/\/vasontode.hu\/\",\"name\":\"Moh\u00e1csi Vas\u00f6nt\u00f6de\",\"description\":\"Egyedi \u00f6ntv\u00e9ny, kettlebell, szerelv\u00e9nyek, t\u0171zcsapok\",\"potentialAction\":[{\"@type\":\"SearchAction\",\"target\":{\"@type\":\"EntryPoint\",\"urlTemplate\":\"https:\/\/vasontode.hu\/?s={search_term_string}\"},\"query-input\":\"required name=search_term_string\"}],\"inLanguage\":\"de-DE\"},{\"@type\":\"ImageObject\",\"inLanguage\":\"de-DE\",\"@id\":\"https:\/\/vasontode.hu\/de\/produkt\/fold-feletti-tuzcsap\/#primaryimage\",\"url\":\"https:\/\/vasontode.hu\/app\/uploads\/foldfeletti7.jpg\",\"contentUrl\":\"https:\/\/vasontode.hu\/app\/uploads\/foldfeletti7.jpg\",\"width\":271,\"height\":271},{\"@type\":\"WebPage\",\"@id\":\"https:\/\/vasontode.hu\/de\/produkt\/fold-feletti-tuzcsap\/#webpage\",\"url\":\"https:\/\/vasontode.hu\/de\/produkt\/fold-feletti-tuzcsap\/\",\"name\":\"\u00dcberflurhydrant | Moh\u00e1csi Vas\u00f6nt\u00f6de\",\"isPartOf\":{\"@id\":\"https:\/\/vasontode.hu\/#website\"},\"primaryImageOfPage\":{\"@id\":\"https:\/\/vasontode.hu\/de\/produkt\/fold-feletti-tuzcsap\/#primaryimage\"},\"datePublished\":\"2016-04-08T08:47:06+00:00\",\"dateModified\":\"2016-05-26T09:29:24+00:00\",\"description\":\"\u00dcberflurhydrant aus Gusseisen mit Eisengussgeh\u00e4use oder mit Stahlgussgeh\u00e4use.Mit Aufschriften und dekorativen Zierelementen.Kaufen Sie direkt vom Hersteller\",\"breadcrumb\":{\"@id\":\"https:\/\/vasontode.hu\/de\/produkt\/fold-feletti-tuzcsap\/#breadcrumb\"},\"inLanguage\":\"de-DE\",\"potentialAction\":[{\"@type\":\"ReadAction\",\"target\":[\"https:\/\/vasontode.hu\/de\/produkt\/fold-feletti-tuzcsap\/\"]}]},{\"@type\":\"BreadcrumbList\",\"@id\":\"https:\/\/vasontode.hu\/de\/produkt\/fold-feletti-tuzcsap\/#breadcrumb\",\"itemListElement\":[{\"@type\":\"ListItem\",\"position\":1,\"name\":\"Kezd\u0151lap\",\"item\":\"https:\/\/vasontode.hu\/de\/\"},{\"@type\":\"ListItem\",\"position\":2,\"name\":\"Term\u00e9kek\",\"item\":\"https:\/\/vasontode.hu\/termekek\/\"},{\"@type\":\"ListItem\",\"position\":3,\"name\":\"\u00dcberflurhydrant\"}]}]}<\/script>\n<!-- \/ Yoast SEO plugin. -->","yoast_head_json":{"title":"\u00dcberflurhydrant | Moh\u00e1csi Vas\u00f6nt\u00f6de","description":"\u00dcberflurhydrant aus Gusseisen mit Eisengussgeh\u00e4use oder mit Stahlgussgeh\u00e4use.Mit Aufschriften und dekorativen Zierelementen.Kaufen Sie direkt vom Hersteller","robots":{"index":"index","follow":"follow","max-snippet":"max-snippet:-1","max-image-preview":"max-image-preview:large","max-video-preview":"max-video-preview:-1"},"canonical":"https:\/\/vasontode.hu\/de\/produkt\/fold-feletti-tuzcsap\/","og_locale":"de_DE","og_type":"article","og_title":"\u00dcberflurhydrant | Moh\u00e1csi Vas\u00f6nt\u00f6de","og_description":"\u00dcberflurhydrant aus Gusseisen mit Eisengussgeh\u00e4use oder mit Stahlgussgeh\u00e4use.Mit Aufschriften und dekorativen Zierelementen.Kaufen Sie direkt vom Hersteller","og_url":"https:\/\/vasontode.hu\/de\/produkt\/fold-feletti-tuzcsap\/","og_site_name":"Moh\u00e1csi Vas\u00f6nt\u00f6de","article_modified_time":"2016-05-26T09:29:24+00:00","og_image":[{"width":271,"height":271,"url":"https:\/\/vasontode.hu\/app\/uploads\/foldfeletti7.jpg","type":"image\/jpeg"}],"twitter_misc":{"Est. reading time":"4 minutes"},"schema":{"@context":"https:\/\/schema.org","@graph":[{"@type":"WebSite","@id":"https:\/\/vasontode.hu\/#website","url":"https:\/\/vasontode.hu\/","name":"Moh\u00e1csi Vas\u00f6nt\u00f6de","description":"Egyedi \u00f6ntv\u00e9ny, kettlebell, szerelv\u00e9nyek, t\u0171zcsapok","potentialAction":[{"@type":"SearchAction","target":{"@type":"EntryPoint","urlTemplate":"https:\/\/vasontode.hu\/?s={search_term_string}"},"query-input":"required name=search_term_string"}],"inLanguage":"de-DE"},{"@type":"ImageObject","inLanguage":"de-DE","@id":"https:\/\/vasontode.hu\/de\/produkt\/fold-feletti-tuzcsap\/#primaryimage","url":"https:\/\/vasontode.hu\/app\/uploads\/foldfeletti7.jpg","contentUrl":"https:\/\/vasontode.hu\/app\/uploads\/foldfeletti7.jpg","width":271,"height":271},{"@type":"WebPage","@id":"https:\/\/vasontode.hu\/de\/produkt\/fold-feletti-tuzcsap\/#webpage","url":"https:\/\/vasontode.hu\/de\/produkt\/fold-feletti-tuzcsap\/","name":"\u00dcberflurhydrant | Moh\u00e1csi Vas\u00f6nt\u00f6de","isPartOf":{"@id":"https:\/\/vasontode.hu\/#website"},"primaryImageOfPage":{"@id":"https:\/\/vasontode.hu\/de\/produkt\/fold-feletti-tuzcsap\/#primaryimage"},"datePublished":"2016-04-08T08:47:06+00:00","dateModified":"2016-05-26T09:29:24+00:00","description":"\u00dcberflurhydrant aus Gusseisen mit Eisengussgeh\u00e4use oder mit Stahlgussgeh\u00e4use.Mit Aufschriften und dekorativen Zierelementen.Kaufen Sie direkt vom Hersteller","breadcrumb":{"@id":"https:\/\/vasontode.hu\/de\/produkt\/fold-feletti-tuzcsap\/#breadcrumb"},"inLanguage":"de-DE","potentialAction":[{"@type":"ReadAction","target":["https:\/\/vasontode.hu\/de\/produkt\/fold-feletti-tuzcsap\/"]}]},{"@type":"BreadcrumbList","@id":"https:\/\/vasontode.hu\/de\/produkt\/fold-feletti-tuzcsap\/#breadcrumb","itemListElement":[{"@type":"ListItem","position":1,"name":"Kezd\u0151lap","item":"https:\/\/vasontode.hu\/de\/"},{"@type":"ListItem","position":2,"name":"Term\u00e9kek","item":"https:\/\/vasontode.hu\/termekek\/"},{"@type":"ListItem","position":3,"name":"\u00dcberflurhydrant"}]}]}},"_links":{"self":[{"href":"https:\/\/vasontode.hu\/de\/wp-json\/wp\/v2\/product\/3353"}],"collection":[{"href":"https:\/\/vasontode.hu\/de\/wp-json\/wp\/v2\/product"}],"about":[{"href":"https:\/\/vasontode.hu\/de\/wp-json\/wp\/v2\/types\/product"}],"replies":[{"embeddable":true,"href":"https:\/\/vasontode.hu\/de\/wp-json\/wp\/v2\/comments?post=3353"}],"wp:featuredmedia":[{"embeddable":true,"href":"https:\/\/vasontode.hu\/de\/wp-json\/wp\/v2\/media\/3063"}],"wp:attachment":[{"href":"https:\/\/vasontode.hu\/de\/wp-json\/wp\/v2\/media?parent=3353"}],"wp:term":[{"taxonomy":"product_cat","embeddable":true,"href":"https:\/\/vasontode.hu\/de\/wp-json\/wp\/v2\/product_cat?post=3353"},{"taxonomy":"product_tag","embeddable":true,"href":"https:\/\/vasontode.hu\/de\/wp-json\/wp\/v2\/product_tag?post=3353"}],"curies":[{"name":"wp","href":"https:\/\/api.w.org\/{rel}","templated":true}]}}