{"id":3354,"date":"2016-04-08T09:42:57","date_gmt":"2016-04-08T07:42:57","guid":{"rendered":"https:\/\/vasontode.hu\/de\/product\/ejektoros-kut\/"},"modified":"2016-05-26T11:18:57","modified_gmt":"2016-05-26T09:18:57","slug":"ejektoros-kut","status":"publish","type":"product","link":"https:\/\/vasontode.hu\/de\/produkt\/ejektoros-kut\/","title":{"rendered":"Ejektor-Ventilbrunnen"},"content":{"rendered":"<h3><em><strong>Ejektor-Ventilbrunnen<\/strong><\/em><\/h3>\n<h4><strong>Anwendungsgebiet:<\/strong><\/h4>\n<h5>An das Wasserversorgungsnetz von Ortschaften angeschlossen kann er als Stra\u00dfen-Trinkbrunnen, haupts\u00e4chlich zur Wasserentnahme benutzt werden. Die Temperatur des Trinkwassers, das mit dem Produkt in Ber\u00fchrung kommt, darf 30\u00b0C nicht \u00fcbersteigen.<\/h5>\n<h4><strong>Material der Hauptbestandteile:<\/strong><\/h4>\n<ul>\n<li>\n<h5><strong>EN-GJL-200 (Gusseisen):<\/strong> S\u00e4ule, Becken, Ventilgeh\u00e4use, Gegenflansch, Leitscheibe, Auslassverkleidung, Hebel\u00a0EN-GJS-500-7 (Gusseisen mit Kugelgraphit): Verbindungskopf<\/h5>\n<\/li>\n<li>\n<h5><strong>Messing:<\/strong> F\u00fchrungseinsatz, Ventilsitzring, Einsatz, Ventilk\u00f6rper<\/h5>\n<\/li>\n<li>\n<h5><strong>Stahl:<\/strong> Achse, Verbindungsrohr, Untergrundrohr, Druckfeder<\/h5>\n<\/li>\n<li>\n<h5><strong>EPDM-Gummi:<\/strong> Dichtung, Dichtungsring, Einsatzmuffe, Ventilring<\/h5>\n<\/li>\n<\/ul>\n<h5><strong>W\u00e4hlbare Ausf\u00fchrungen: \u00a0 \u00a0 \u00a0 \u00a0 \u00a0 \u00a0 \u00a0 \u00a0 \u00a0 \u00a0 \u00a0 \u00a0 \u00a0 \u00a0 \u00a0 \u00a0 \u00a0 \u00a0 \u00a0Einheitsgewicht (kg)\u00a0<\/strong><\/h5>\n<ul>\n<li>\n<h5>EJEKTOR-VENTILBRUNNEN OHNE BECKEN \u00a0 \u00a0 \u00a0 \u00a0 55<\/h5>\n<\/li>\n<li>\n<h5>EJEKTOR- VENTILBRUNNEN MIT BECKEN \u00a0 \u00a0 \u00a0 \u00a0 \u00a0 \u00a060<\/h5>\n<\/li>\n<\/ul>\n<h4><strong>Installierung:<\/strong><\/h4>\n<h5>In einen Schacht oder mit einem Betonfundament auf dem Boden. Die Sicherung gegen Wackeln muss durch Untergie\u00dfen von Zementm\u00f6rtel gesichert werden. Bei Montage auf einen Schacht muss das Untergrundrohr mit zwei Rohrschellen aus Stahl an die Schachtwand befestigt werden. Nach der Montage und vor der Ingebrauchnahme sollte der Ejektor-Ventilbrunnen durchgesp\u00fclt werden, um eventuelle Verschmutzungen zu entfernen. Das Sp\u00fclwasser muss in die Kanalisation abgelassen werden, seine Verwendung zu Haushaltszwecken ist verboten.<\/h5>\n<h4><strong>Funktion:<\/strong><\/h4>\n<h5>Der Brunnen wird durch Niederdr\u00fccken des Hebels ge\u00f6ffnet, das Absperren erfolgt automatisch beim Loslassen des Hebels. Nach dem Absperren l\u00e4uft das Wasser aus dem Verbindungsrohr in das Untergrundrohr, das sich unterhalb der Frostgrenze befindet, somit ist der Brunnen vor dem Einfrieren im Winter gesch\u00fctzt und erfordert keine gesonderte Entfrostung. Bei erneutem \u00d6ffnen saugt der in die Ventilstruktur eingebaute Ejektor das Wasser erneut in das Verbindungsrohr. Dieser Vorgang wiederholt sich bei jedem \u00d6ffnen. Deshalb wird nach einem Stillstand empfohlen, den Trinkbrunnen vor dem Gebrauch durchzusp\u00fclen, um das im Brunnen zur\u00fcckgebliebene Wasser zu entfernen. Das beim Auslassen, Durchsp\u00fclen ausgeflossene Wasser darf weder zu Trinkzwecken, noch zur Speisebereitung verwendet werden!<\/h5>\n<h4><strong>Wasserentnahme:<\/strong><\/h4>\n<h5>Aus dem \u00bd\u201d- Auslaufrohr durch freien Auslauf in einen Beh\u00e4lter.<\/h5>\n<h4><strong>Anschluss an das Wassernetz:<\/strong><\/h4>\n<h5>C \u00be\u201d mit Gewinde<\/h5>\n<h4><strong>Reinigung, Desinfizierung, Reparatur:<\/strong><\/h4>\n<h5>Zum Desinfizieren darf nur ein Desinfektionsmittel verwendet werden, das \u00fcber eine g\u00fcltige Genehmigung des Amtes vom Chefamtsarzt (OTH) verf\u00fcgt. Das Desinfektionsmittel darf ausschlie\u00dflich nur laut dem Produktdatenblatt verwendet werden. Die Innenstruktur des Brunnens kann nach Demontage der Auslassverkleidung herausgenommen werden, ohne dass der Brunnen ausgraben zu m\u00fcssen.<\/h5>\n<h4><strong>Anstrich:<\/strong><\/h4>\n<h5>Die Bestandteile sind unter Ber\u00fccksichtigung der Vorschriften der Nationalen Brandordnung (OTSZ) durch einen mehrschichtigen Anstrich mit witterungsbest\u00e4ndigem Epoxidlack-System gesch\u00fctzt. Die inneren Gussoberfl\u00e4chen sind mit einer, vom Staatlichen Dienst f\u00fcr Volksgesundheit und Amts\u00e4rzte (\u00c1NTSZ) gepr\u00fcften und genehmigten Zweikomponenten-Epoxidharzbeschichtung oberfl\u00e4chenbehandelt.<\/h5>\n<h4><strong>Bemerkung:<\/strong><\/h4>\n<h5>Gem\u00e4\u00df \u00a7 86, Absatz (1) des ungarischen Gesetzes Nr. CXL von 2004 \u00fcber die allgemeinen Regeln der Verfahren und Leistungen von Verwaltungsbeh\u00f6rden, \u00a7 7, Absatz (1) des ungarischen Gesetzes Nr. XI. von 1991 \u00fcber die beh\u00f6rdliche und Verwaltungst\u00e4tigkeit der Gesundheitsbeh\u00f6rde, \u00a7 8\/A, Absatz (1) der ungarischen Regierungsverordnung Nr. 201\/2001 (X.25.) \u00fcber die Qualit\u00e4tsanforderungen f\u00fcr Trinkwasser und deren Kontrolle haben der Antragsteller und bei Weiterverkauf auch der Weiterverk\u00e4ufer eine Auskunftspflicht \u00fcber die Verwendungsbedingungen des registrierten Materials \/ Produktes beim Vertrieb bzw. Weiterverkauf, bez\u00fcglich der Materialien, die Kontakt mit Trinkwasser und Wasser f\u00fcr die Warmwasserversorgung haben.<\/h5>\n<p style=\"text-align: center;\"><span style=\"text-decoration: underline;\"><a href=\"https:\/\/vasontode.hu\/app\/uploads\/Ejektoros-k\u00fat-gy\u00e1rtm\u00e1nyismertet\u0151_DE-lekt.pdf\" target=\"_blank\" rel=\"\">Klicken Sie hier f\u00fcr die Produktbeschreibung!<\/a><\/span><\/p>\n","protected":false},"excerpt":{"rendered":"<h5><strong>Ejektor-Ventilbrunnen aus Gusseisen. Auch\u00a0mit Aufschriften und dekorativen Zierelementen.<\/strong><\/h5>\n<h5>An das Wasserversorgungsnetz von Ortschaften angeschlossen kann er als Stra\u00dfen-Trinkbrunnen, haupts\u00e4chlich zur Wasserentnahme benutzt werden. Die Temperatur des Trinkwassers, das mit dem Produkt in Ber\u00fchrung kommt, darf 30\u00b0C nicht \u00fcbersteigen.<\/h5>\n<h5><strong>Kaufen Sie direkt vom Hersteller!<\/strong><\/h5>\n","protected":false},"featured_media":3073,"comment_status":"open","ping_status":"closed","template":"","meta":{"_monsterinsights_skip_tracking":false,"_monsterinsights_sitenote_active":false,"_monsterinsights_sitenote_note":"","_monsterinsights_sitenote_category":0},"product_cat":[207],"product_tag":[],"acf":[],"yoast_head":"<!-- This site is optimized with the Yoast SEO plugin v18.9 - https:\/\/yoast.com\/wordpress\/plugins\/seo\/ -->\n<title>Ejektor-Ventilbrunnen | Moh\u00e1csi Vas\u00f6nt\u00f6de<\/title>\n<meta name=\"description\" content=\"Ejektor-Ventilbrunnen aus Gusseisen. Auch mit Aufschriften und dekorativen Zierelementen. Kaufen Sie direkt vom Hersteller!\" \/>\n<meta name=\"robots\" content=\"index, follow, max-snippet:-1, max-image-preview:large, max-video-preview:-1\" \/>\n<link rel=\"canonical\" href=\"https:\/\/vasontode.hu\/de\/produkt\/ejektoros-kut\/\" \/>\n<meta property=\"og:locale\" content=\"de_DE\" \/>\n<meta property=\"og:type\" content=\"article\" \/>\n<meta property=\"og:title\" content=\"Ejektor-Ventilbrunnen | Moh\u00e1csi Vas\u00f6nt\u00f6de\" \/>\n<meta property=\"og:description\" content=\"Ejektor-Ventilbrunnen aus Gusseisen. Auch mit Aufschriften und dekorativen Zierelementen. Kaufen Sie direkt vom Hersteller!\" \/>\n<meta property=\"og:url\" content=\"https:\/\/vasontode.hu\/de\/produkt\/ejektoros-kut\/\" \/>\n<meta property=\"og:site_name\" content=\"Moh\u00e1csi Vas\u00f6nt\u00f6de\" \/>\n<meta property=\"article:modified_time\" content=\"2016-05-26T09:18:57+00:00\" \/>\n<meta property=\"og:image\" content=\"https:\/\/vasontode.hu\/app\/uploads\/ivoviz_kutak2.jpg\" \/>\n\t<meta property=\"og:image:width\" content=\"283\" \/>\n\t<meta property=\"og:image:height\" content=\"283\" \/>\n\t<meta property=\"og:image:type\" content=\"image\/jpeg\" \/>\n<meta name=\"twitter:label1\" content=\"Est. reading time\" \/>\n\t<meta name=\"twitter:data1\" content=\"2 minutes\" \/>\n<script type=\"application\/ld+json\" class=\"yoast-schema-graph\">{\"@context\":\"https:\/\/schema.org\",\"@graph\":[{\"@type\":\"WebSite\",\"@id\":\"https:\/\/vasontode.hu\/#website\",\"url\":\"https:\/\/vasontode.hu\/\",\"name\":\"Moh\u00e1csi Vas\u00f6nt\u00f6de\",\"description\":\"Egyedi \u00f6ntv\u00e9ny, kettlebell, szerelv\u00e9nyek, t\u0171zcsapok\",\"potentialAction\":[{\"@type\":\"SearchAction\",\"target\":{\"@type\":\"EntryPoint\",\"urlTemplate\":\"https:\/\/vasontode.hu\/?s={search_term_string}\"},\"query-input\":\"required name=search_term_string\"}],\"inLanguage\":\"de-DE\"},{\"@type\":\"ImageObject\",\"inLanguage\":\"de-DE\",\"@id\":\"https:\/\/vasontode.hu\/de\/produkt\/ejektoros-kut\/#primaryimage\",\"url\":\"https:\/\/vasontode.hu\/app\/uploads\/ivoviz_kutak2.jpg\",\"contentUrl\":\"https:\/\/vasontode.hu\/app\/uploads\/ivoviz_kutak2.jpg\",\"width\":283,\"height\":283},{\"@type\":\"WebPage\",\"@id\":\"https:\/\/vasontode.hu\/de\/produkt\/ejektoros-kut\/#webpage\",\"url\":\"https:\/\/vasontode.hu\/de\/produkt\/ejektoros-kut\/\",\"name\":\"Ejektor-Ventilbrunnen | Moh\u00e1csi Vas\u00f6nt\u00f6de\",\"isPartOf\":{\"@id\":\"https:\/\/vasontode.hu\/#website\"},\"primaryImageOfPage\":{\"@id\":\"https:\/\/vasontode.hu\/de\/produkt\/ejektoros-kut\/#primaryimage\"},\"datePublished\":\"2016-04-08T07:42:57+00:00\",\"dateModified\":\"2016-05-26T09:18:57+00:00\",\"description\":\"Ejektor-Ventilbrunnen aus Gusseisen. Auch mit Aufschriften und dekorativen Zierelementen. Kaufen Sie direkt vom Hersteller!\",\"breadcrumb\":{\"@id\":\"https:\/\/vasontode.hu\/de\/produkt\/ejektoros-kut\/#breadcrumb\"},\"inLanguage\":\"de-DE\",\"potentialAction\":[{\"@type\":\"ReadAction\",\"target\":[\"https:\/\/vasontode.hu\/de\/produkt\/ejektoros-kut\/\"]}]},{\"@type\":\"BreadcrumbList\",\"@id\":\"https:\/\/vasontode.hu\/de\/produkt\/ejektoros-kut\/#breadcrumb\",\"itemListElement\":[{\"@type\":\"ListItem\",\"position\":1,\"name\":\"Kezd\u0151lap\",\"item\":\"https:\/\/vasontode.hu\/de\/\"},{\"@type\":\"ListItem\",\"position\":2,\"name\":\"Term\u00e9kek\",\"item\":\"https:\/\/vasontode.hu\/termekek\/\"},{\"@type\":\"ListItem\",\"position\":3,\"name\":\"Ejektor-Ventilbrunnen\"}]}]}<\/script>\n<!-- \/ Yoast SEO plugin. -->","yoast_head_json":{"title":"Ejektor-Ventilbrunnen | Moh\u00e1csi Vas\u00f6nt\u00f6de","description":"Ejektor-Ventilbrunnen aus Gusseisen. Auch mit Aufschriften und dekorativen Zierelementen. Kaufen Sie direkt vom Hersteller!","robots":{"index":"index","follow":"follow","max-snippet":"max-snippet:-1","max-image-preview":"max-image-preview:large","max-video-preview":"max-video-preview:-1"},"canonical":"https:\/\/vasontode.hu\/de\/produkt\/ejektoros-kut\/","og_locale":"de_DE","og_type":"article","og_title":"Ejektor-Ventilbrunnen | Moh\u00e1csi Vas\u00f6nt\u00f6de","og_description":"Ejektor-Ventilbrunnen aus Gusseisen. Auch mit Aufschriften und dekorativen Zierelementen. Kaufen Sie direkt vom Hersteller!","og_url":"https:\/\/vasontode.hu\/de\/produkt\/ejektoros-kut\/","og_site_name":"Moh\u00e1csi Vas\u00f6nt\u00f6de","article_modified_time":"2016-05-26T09:18:57+00:00","og_image":[{"width":283,"height":283,"url":"https:\/\/vasontode.hu\/app\/uploads\/ivoviz_kutak2.jpg","type":"image\/jpeg"}],"twitter_misc":{"Est. reading time":"2 minutes"},"schema":{"@context":"https:\/\/schema.org","@graph":[{"@type":"WebSite","@id":"https:\/\/vasontode.hu\/#website","url":"https:\/\/vasontode.hu\/","name":"Moh\u00e1csi Vas\u00f6nt\u00f6de","description":"Egyedi \u00f6ntv\u00e9ny, kettlebell, szerelv\u00e9nyek, t\u0171zcsapok","potentialAction":[{"@type":"SearchAction","target":{"@type":"EntryPoint","urlTemplate":"https:\/\/vasontode.hu\/?s={search_term_string}"},"query-input":"required name=search_term_string"}],"inLanguage":"de-DE"},{"@type":"ImageObject","inLanguage":"de-DE","@id":"https:\/\/vasontode.hu\/de\/produkt\/ejektoros-kut\/#primaryimage","url":"https:\/\/vasontode.hu\/app\/uploads\/ivoviz_kutak2.jpg","contentUrl":"https:\/\/vasontode.hu\/app\/uploads\/ivoviz_kutak2.jpg","width":283,"height":283},{"@type":"WebPage","@id":"https:\/\/vasontode.hu\/de\/produkt\/ejektoros-kut\/#webpage","url":"https:\/\/vasontode.hu\/de\/produkt\/ejektoros-kut\/","name":"Ejektor-Ventilbrunnen | Moh\u00e1csi Vas\u00f6nt\u00f6de","isPartOf":{"@id":"https:\/\/vasontode.hu\/#website"},"primaryImageOfPage":{"@id":"https:\/\/vasontode.hu\/de\/produkt\/ejektoros-kut\/#primaryimage"},"datePublished":"2016-04-08T07:42:57+00:00","dateModified":"2016-05-26T09:18:57+00:00","description":"Ejektor-Ventilbrunnen aus Gusseisen. Auch mit Aufschriften und dekorativen Zierelementen. Kaufen Sie direkt vom Hersteller!","breadcrumb":{"@id":"https:\/\/vasontode.hu\/de\/produkt\/ejektoros-kut\/#breadcrumb"},"inLanguage":"de-DE","potentialAction":[{"@type":"ReadAction","target":["https:\/\/vasontode.hu\/de\/produkt\/ejektoros-kut\/"]}]},{"@type":"BreadcrumbList","@id":"https:\/\/vasontode.hu\/de\/produkt\/ejektoros-kut\/#breadcrumb","itemListElement":[{"@type":"ListItem","position":1,"name":"Kezd\u0151lap","item":"https:\/\/vasontode.hu\/de\/"},{"@type":"ListItem","position":2,"name":"Term\u00e9kek","item":"https:\/\/vasontode.hu\/termekek\/"},{"@type":"ListItem","position":3,"name":"Ejektor-Ventilbrunnen"}]}]}},"_links":{"self":[{"href":"https:\/\/vasontode.hu\/de\/wp-json\/wp\/v2\/product\/3354"}],"collection":[{"href":"https:\/\/vasontode.hu\/de\/wp-json\/wp\/v2\/product"}],"about":[{"href":"https:\/\/vasontode.hu\/de\/wp-json\/wp\/v2\/types\/product"}],"replies":[{"embeddable":true,"href":"https:\/\/vasontode.hu\/de\/wp-json\/wp\/v2\/comments?post=3354"}],"wp:featuredmedia":[{"embeddable":true,"href":"https:\/\/vasontode.hu\/de\/wp-json\/wp\/v2\/media\/3073"}],"wp:attachment":[{"href":"https:\/\/vasontode.hu\/de\/wp-json\/wp\/v2\/media?parent=3354"}],"wp:term":[{"taxonomy":"product_cat","embeddable":true,"href":"https:\/\/vasontode.hu\/de\/wp-json\/wp\/v2\/product_cat?post=3354"},{"taxonomy":"product_tag","embeddable":true,"href":"https:\/\/vasontode.hu\/de\/wp-json\/wp\/v2\/product_tag?post=3354"}],"curies":[{"name":"wp","href":"https:\/\/api.w.org\/{rel}","templated":true}]}}