{"id":1134,"date":"2014-10-22T09:16:35","date_gmt":"2014-10-22T07:16:35","guid":{"rendered":"https:\/\/vasontode.hu\/?page_id=1134"},"modified":"2017-05-31T13:19:02","modified_gmt":"2017-05-31T11:19:02","slug":"environmental-protection","status":"publish","type":"page","link":"https:\/\/vasontode.hu\/en\/environmental-protection\/","title":{"rendered":"Environmental protection"},"content":{"rendered":"<p>Moh\u00e1csi Vas\u00f6nt\u00f6de has always been concerned about environmental protection. Due to the continuous investments, besides the significant development of the working environment, the environmental situation of the company improved, as well.<br \/>\nAlthough environmental protection has always played a major role in the company\u2019s life, it became a company project and objective only from the beginning of the 80\u2019s.<\/p>\n<p>Due to the location of the factory, air pollution and noise emission have become the first problems addressed by our company from the mid 70\u2019s. The adverse environmental effects caused by the activity of the factory founded in 1894 increased together with the development of our performance. At the same time, the surroundings of the factory have evolved to a residential area as new districts have been built around it. The principal objective of the investments was to decrease the adverse effects of production, in accordance with the environmental requirements drawn up in the meantime.<\/p>\n<p>Here are some examples of our investment initiatives with the help of which we reduced harmful emissions and noise disturbance, and significantly improved the working environment as well, in accordance with the above concept.<br \/>\nMechanization of sand pre-treatment in 1974. Emission levels have been significantly cut by the modernization of the gas compressor and the installation of GISAC wet dust separators. Construction of a sound wall along the north boundaries in 1988. The mechanization of the material preparation of the cupola furnaces has reduced the noise of material handling.<br \/>\nThe noise level of the dust separator, the gas compressor plant and the dust separator has reduced.<\/p>\n<p>The initiatives above are only illustrating examples demonstrating our efforts related to environmental protection; however, they clearly reflect the importance the management and the staff of the factory attaches to environmental protection.<br \/>\nSignificant environmental investments will ensure to meet the increasingly stringent environmental protection requirements and standards in the future, as well, since the protection of the health of workers and nearby residents, and ensuring their peace, as well as the reduction of environmentally harmful effects are our common interest.<\/p>\n","protected":false},"excerpt":{"rendered":"<p>Moh\u00e1csi Vas\u00f6nt\u00f6de has always been concerned about environmental protection. Due to the continuous investments, besides the significant development of the working environment, the environmental situation of the company improved, as well. Although environmental protection has always played a major role in the company\u2019s life, it became a company project and objective only from the beginning &hellip; <a href=\"https:\/\/vasontode.hu\/en\/environmental-protection\/\">Continued<\/a><\/p>\n","protected":false},"author":6,"featured_media":331,"parent":0,"menu_order":54,"comment_status":"open","ping_status":"open","template":"","meta":{"_monsterinsights_skip_tracking":false,"_monsterinsights_sitenote_active":false,"_monsterinsights_sitenote_note":"","_monsterinsights_sitenote_category":0},"acf":[],"yoast_head":"<!-- This site is optimized with the Yoast SEO plugin v18.9 - https:\/\/yoast.com\/wordpress\/plugins\/seo\/ -->\n<title>Environmental protection | Moh\u00e1csi Vas\u00f6nt\u00f6de<\/title>\n<meta name=\"description\" content=\"Moh\u00e1csi Vas\u00f6nt\u00f6de has always been concerned about environmental protection. Due to the continuous investments, besides the significant development of the\" \/>\n<meta name=\"robots\" content=\"index, follow, max-snippet:-1, max-image-preview:large, max-video-preview:-1\" \/>\n<link rel=\"canonical\" href=\"https:\/\/vasontode.hu\/en\/environmental-protection\/\" \/>\n<meta property=\"og:locale\" content=\"en_US\" \/>\n<meta property=\"og:type\" content=\"article\" \/>\n<meta property=\"og:title\" content=\"Environmental protection | Moh\u00e1csi Vas\u00f6nt\u00f6de\" \/>\n<meta property=\"og:description\" content=\"Moh\u00e1csi Vas\u00f6nt\u00f6de has always been concerned about environmental protection. Due to the continuous investments, besides the significant development of the\" \/>\n<meta property=\"og:url\" content=\"https:\/\/vasontode.hu\/en\/environmental-protection\/\" \/>\n<meta property=\"og:site_name\" content=\"Moh\u00e1csi Vas\u00f6nt\u00f6de\" \/>\n<meta property=\"article:modified_time\" content=\"2017-05-31T11:19:02+00:00\" \/>\n<meta property=\"og:image\" content=\"https:\/\/vasontode.hu\/app\/uploads\/golyak.jpg\" \/>\n\t<meta property=\"og:image:width\" content=\"1600\" \/>\n\t<meta property=\"og:image:height\" content=\"1200\" \/>\n\t<meta property=\"og:image:type\" content=\"image\/jpeg\" \/>\n<meta name=\"twitter:label1\" content=\"Est. reading time\" \/>\n\t<meta name=\"twitter:data1\" content=\"2 minutes\" \/>\n<script type=\"application\/ld+json\" class=\"yoast-schema-graph\">{\"@context\":\"https:\/\/schema.org\",\"@graph\":[{\"@type\":\"WebSite\",\"@id\":\"https:\/\/vasontode.hu\/#website\",\"url\":\"https:\/\/vasontode.hu\/\",\"name\":\"Moh\u00e1csi Vas\u00f6nt\u00f6de\",\"description\":\"Egyedi \u00f6ntv\u00e9ny, kettlebell, szerelv\u00e9nyek, t\u0171zcsapok\",\"potentialAction\":[{\"@type\":\"SearchAction\",\"target\":{\"@type\":\"EntryPoint\",\"urlTemplate\":\"https:\/\/vasontode.hu\/?s={search_term_string}\"},\"query-input\":\"required name=search_term_string\"}],\"inLanguage\":\"en-US\"},{\"@type\":\"ImageObject\",\"inLanguage\":\"en-US\",\"@id\":\"https:\/\/vasontode.hu\/en\/environmental-protection\/#primaryimage\",\"url\":\"https:\/\/vasontode.hu\/app\/uploads\/golyak.jpg\",\"contentUrl\":\"https:\/\/vasontode.hu\/app\/uploads\/golyak.jpg\",\"width\":1600,\"height\":1200,\"caption\":\"k\u00f6rnyezetv\u00e9delem\"},{\"@type\":\"WebPage\",\"@id\":\"https:\/\/vasontode.hu\/en\/environmental-protection\/#webpage\",\"url\":\"https:\/\/vasontode.hu\/en\/environmental-protection\/\",\"name\":\"Environmental protection | Moh\u00e1csi Vas\u00f6nt\u00f6de\",\"isPartOf\":{\"@id\":\"https:\/\/vasontode.hu\/#website\"},\"primaryImageOfPage\":{\"@id\":\"https:\/\/vasontode.hu\/en\/environmental-protection\/#primaryimage\"},\"datePublished\":\"2014-10-22T07:16:35+00:00\",\"dateModified\":\"2017-05-31T11:19:02+00:00\",\"description\":\"Moh\u00e1csi Vas\u00f6nt\u00f6de has always been concerned about environmental protection. Due to the continuous investments, besides the significant development of the\",\"breadcrumb\":{\"@id\":\"https:\/\/vasontode.hu\/en\/environmental-protection\/#breadcrumb\"},\"inLanguage\":\"en-US\",\"potentialAction\":[{\"@type\":\"ReadAction\",\"target\":[\"https:\/\/vasontode.hu\/en\/environmental-protection\/\"]}]},{\"@type\":\"BreadcrumbList\",\"@id\":\"https:\/\/vasontode.hu\/en\/environmental-protection\/#breadcrumb\",\"itemListElement\":[{\"@type\":\"ListItem\",\"position\":1,\"name\":\"Kezd\u0151lap\",\"item\":\"https:\/\/vasontode.hu\/en\/\"},{\"@type\":\"ListItem\",\"position\":2,\"name\":\"Environmental protection\"}]}]}<\/script>\n<!-- \/ Yoast SEO plugin. -->","yoast_head_json":{"title":"Environmental protection | Moh\u00e1csi Vas\u00f6nt\u00f6de","description":"Moh\u00e1csi Vas\u00f6nt\u00f6de has always been concerned about environmental protection. Due to the continuous investments, besides the significant development of the","robots":{"index":"index","follow":"follow","max-snippet":"max-snippet:-1","max-image-preview":"max-image-preview:large","max-video-preview":"max-video-preview:-1"},"canonical":"https:\/\/vasontode.hu\/en\/environmental-protection\/","og_locale":"en_US","og_type":"article","og_title":"Environmental protection | Moh\u00e1csi Vas\u00f6nt\u00f6de","og_description":"Moh\u00e1csi Vas\u00f6nt\u00f6de has always been concerned about environmental protection. Due to the continuous investments, besides the significant development of the","og_url":"https:\/\/vasontode.hu\/en\/environmental-protection\/","og_site_name":"Moh\u00e1csi Vas\u00f6nt\u00f6de","article_modified_time":"2017-05-31T11:19:02+00:00","og_image":[{"width":1600,"height":1200,"url":"https:\/\/vasontode.hu\/app\/uploads\/golyak.jpg","type":"image\/jpeg"}],"twitter_misc":{"Est. reading time":"2 minutes"},"schema":{"@context":"https:\/\/schema.org","@graph":[{"@type":"WebSite","@id":"https:\/\/vasontode.hu\/#website","url":"https:\/\/vasontode.hu\/","name":"Moh\u00e1csi Vas\u00f6nt\u00f6de","description":"Egyedi \u00f6ntv\u00e9ny, kettlebell, szerelv\u00e9nyek, t\u0171zcsapok","potentialAction":[{"@type":"SearchAction","target":{"@type":"EntryPoint","urlTemplate":"https:\/\/vasontode.hu\/?s={search_term_string}"},"query-input":"required name=search_term_string"}],"inLanguage":"en-US"},{"@type":"ImageObject","inLanguage":"en-US","@id":"https:\/\/vasontode.hu\/en\/environmental-protection\/#primaryimage","url":"https:\/\/vasontode.hu\/app\/uploads\/golyak.jpg","contentUrl":"https:\/\/vasontode.hu\/app\/uploads\/golyak.jpg","width":1600,"height":1200,"caption":"k\u00f6rnyezetv\u00e9delem"},{"@type":"WebPage","@id":"https:\/\/vasontode.hu\/en\/environmental-protection\/#webpage","url":"https:\/\/vasontode.hu\/en\/environmental-protection\/","name":"Environmental protection | Moh\u00e1csi Vas\u00f6nt\u00f6de","isPartOf":{"@id":"https:\/\/vasontode.hu\/#website"},"primaryImageOfPage":{"@id":"https:\/\/vasontode.hu\/en\/environmental-protection\/#primaryimage"},"datePublished":"2014-10-22T07:16:35+00:00","dateModified":"2017-05-31T11:19:02+00:00","description":"Moh\u00e1csi Vas\u00f6nt\u00f6de has always been concerned about environmental protection. Due to the continuous investments, besides the significant development of the","breadcrumb":{"@id":"https:\/\/vasontode.hu\/en\/environmental-protection\/#breadcrumb"},"inLanguage":"en-US","potentialAction":[{"@type":"ReadAction","target":["https:\/\/vasontode.hu\/en\/environmental-protection\/"]}]},{"@type":"BreadcrumbList","@id":"https:\/\/vasontode.hu\/en\/environmental-protection\/#breadcrumb","itemListElement":[{"@type":"ListItem","position":1,"name":"Kezd\u0151lap","item":"https:\/\/vasontode.hu\/en\/"},{"@type":"ListItem","position":2,"name":"Environmental protection"}]}]}},"_links":{"self":[{"href":"https:\/\/vasontode.hu\/en\/wp-json\/wp\/v2\/pages\/1134"}],"collection":[{"href":"https:\/\/vasontode.hu\/en\/wp-json\/wp\/v2\/pages"}],"about":[{"href":"https:\/\/vasontode.hu\/en\/wp-json\/wp\/v2\/types\/page"}],"author":[{"embeddable":true,"href":"https:\/\/vasontode.hu\/en\/wp-json\/wp\/v2\/users\/6"}],"replies":[{"embeddable":true,"href":"https:\/\/vasontode.hu\/en\/wp-json\/wp\/v2\/comments?post=1134"}],"version-history":[{"count":2,"href":"https:\/\/vasontode.hu\/en\/wp-json\/wp\/v2\/pages\/1134\/revisions"}],"predecessor-version":[{"id":5064,"href":"https:\/\/vasontode.hu\/en\/wp-json\/wp\/v2\/pages\/1134\/revisions\/5064"}],"wp:featuredmedia":[{"embeddable":true,"href":"https:\/\/vasontode.hu\/en\/wp-json\/wp\/v2\/media\/331"}],"wp:attachment":[{"href":"https:\/\/vasontode.hu\/en\/wp-json\/wp\/v2\/media?parent=1134"}],"curies":[{"name":"wp","href":"https:\/\/api.w.org\/{rel}","templated":true}]}}