{"id":1232,"date":"2014-10-21T22:25:37","date_gmt":"2014-10-21T20:25:37","guid":{"rendered":"https:\/\/vasontode.hu\/?page_id=1232"},"modified":"2022-07-20T16:40:25","modified_gmt":"2022-07-20T14:40:25","slug":"main-page","status":"publish","type":"page","link":"https:\/\/vasontode.hu\/en\/","title":{"rendered":"Front page"},"content":{"rendered":"<p>We offer the manufacturing of grey and ductile iron castings for low or medium volume demands up to 700 kg unit weight for any field of the machine industry.<\/p>\n<p>We offer mould pattern production, as well as hand-casting, and satisfy client demands irrespective of how small quantities or unique products they require.<\/p>\n<p>Upon request, we provide excellent machinery, surface finishing, and assembly services as well.<\/p>\n<p>&nbsp;<\/p>\n<p><a class=\"-button\" title=\"Tudjon meg mindent a vas\u00f6nt\u00f6d\u00e9r\u0151l angolul\" href=\"https:\/\/vasontode.hu\/en\/about-us\/\">More information about our company<\/a><\/p>\n\n","protected":false},"excerpt":{"rendered":"<p>We offer the manufacturing of grey and ductile iron castings for low or medium volume demands up to 700 kg unit weight for any field of the machine industry. We offer mould pattern production, as well as hand-casting, and satisfy client demands irrespective of how small quantities or unique products they require. Upon request, we &hellip; <a href=\"https:\/\/vasontode.hu\/en\/\">Continued<\/a><\/p>\n","protected":false},"author":6,"featured_media":0,"parent":0,"menu_order":65,"comment_status":"open","ping_status":"open","template":"","meta":{"_monsterinsights_skip_tracking":false,"_monsterinsights_sitenote_active":false,"_monsterinsights_sitenote_note":"","_monsterinsights_sitenote_category":0},"acf":[],"yoast_head":"<!-- This site is optimized with the Yoast SEO plugin v18.9 - https:\/\/yoast.com\/wordpress\/plugins\/seo\/ -->\n<title>Egyedi \u00f6ntv\u00e9ny, kettlebell, szerelv\u00e9nyek, t\u0171zcsapok | Moh\u00e1csi Vas\u00f6nt\u00f6de<\/title>\n<meta name=\"description\" content=\"We offer the manufacturing of grey and ductile iron castings for low or medium volume demands up to 700 kg unit weight for any field of the machine\" \/>\n<meta name=\"robots\" content=\"index, follow, max-snippet:-1, max-image-preview:large, max-video-preview:-1\" \/>\n<link rel=\"canonical\" href=\"https:\/\/vasontode.hu\/en\/\" \/>\n<meta property=\"og:locale\" content=\"en_US\" \/>\n<meta property=\"og:type\" content=\"article\" \/>\n<meta property=\"og:title\" content=\"Egyedi \u00f6ntv\u00e9ny, kettlebell, szerelv\u00e9nyek, t\u0171zcsapok | Moh\u00e1csi Vas\u00f6nt\u00f6de\" \/>\n<meta property=\"og:description\" content=\"We offer the manufacturing of grey and ductile iron castings for low or medium volume demands up to 700 kg unit weight for any field of the machine\" \/>\n<meta property=\"og:url\" content=\"https:\/\/vasontode.hu\/en\/\" \/>\n<meta property=\"og:site_name\" content=\"Moh\u00e1csi Vas\u00f6nt\u00f6de\" \/>\n<meta property=\"article:modified_time\" content=\"2022-07-20T14:40:25+00:00\" \/>\n<meta name=\"twitter:label1\" content=\"Est. reading time\" \/>\n\t<meta name=\"twitter:data1\" content=\"1 minute\" \/>\n<script type=\"application\/ld+json\" class=\"yoast-schema-graph\">{\"@context\":\"https:\/\/schema.org\",\"@graph\":[{\"@type\":\"WebSite\",\"@id\":\"https:\/\/vasontode.hu\/#website\",\"url\":\"https:\/\/vasontode.hu\/\",\"name\":\"Moh\u00e1csi Vas\u00f6nt\u00f6de\",\"description\":\"Egyedi \u00f6ntv\u00e9ny, kettlebell, szerelv\u00e9nyek, t\u0171zcsapok\",\"potentialAction\":[{\"@type\":\"SearchAction\",\"target\":{\"@type\":\"EntryPoint\",\"urlTemplate\":\"https:\/\/vasontode.hu\/?s={search_term_string}\"},\"query-input\":\"required name=search_term_string\"}],\"inLanguage\":\"en-US\"},{\"@type\":\"WebPage\",\"@id\":\"https:\/\/vasontode.hu\/en\/#webpage\",\"url\":\"https:\/\/vasontode.hu\/en\/\",\"name\":\"Egyedi \u00f6ntv\u00e9ny, kettlebell, szerelv\u00e9nyek, t\u0171zcsapok | Moh\u00e1csi Vas\u00f6nt\u00f6de\",\"isPartOf\":{\"@id\":\"https:\/\/vasontode.hu\/#website\"},\"datePublished\":\"2014-10-21T20:25:37+00:00\",\"dateModified\":\"2022-07-20T14:40:25+00:00\",\"description\":\"We offer the manufacturing of grey and ductile iron castings for low or medium volume demands up to 700 kg unit weight for any field of the machine\",\"breadcrumb\":{\"@id\":\"https:\/\/vasontode.hu\/en\/#breadcrumb\"},\"inLanguage\":\"en-US\",\"potentialAction\":[{\"@type\":\"ReadAction\",\"target\":[\"https:\/\/vasontode.hu\/en\/\"]}]},{\"@type\":\"BreadcrumbList\",\"@id\":\"https:\/\/vasontode.hu\/en\/#breadcrumb\",\"itemListElement\":[{\"@type\":\"ListItem\",\"position\":1,\"name\":\"Kezd\u0151lap\",\"item\":\"https:\/\/vasontode.hu\/en\/\"},{\"@type\":\"ListItem\",\"position\":2,\"name\":\"Front page\"}]}]}<\/script>\n<!-- \/ Yoast SEO plugin. -->","yoast_head_json":{"title":"Egyedi \u00f6ntv\u00e9ny, kettlebell, szerelv\u00e9nyek, t\u0171zcsapok | Moh\u00e1csi Vas\u00f6nt\u00f6de","description":"We offer the manufacturing of grey and ductile iron castings for low or medium volume demands up to 700 kg unit weight for any field of the machine","robots":{"index":"index","follow":"follow","max-snippet":"max-snippet:-1","max-image-preview":"max-image-preview:large","max-video-preview":"max-video-preview:-1"},"canonical":"https:\/\/vasontode.hu\/en\/","og_locale":"en_US","og_type":"article","og_title":"Egyedi \u00f6ntv\u00e9ny, kettlebell, szerelv\u00e9nyek, t\u0171zcsapok | Moh\u00e1csi Vas\u00f6nt\u00f6de","og_description":"We offer the manufacturing of grey and ductile iron castings for low or medium volume demands up to 700 kg unit weight for any field of the machine","og_url":"https:\/\/vasontode.hu\/en\/","og_site_name":"Moh\u00e1csi Vas\u00f6nt\u00f6de","article_modified_time":"2022-07-20T14:40:25+00:00","twitter_misc":{"Est. reading time":"1 minute"},"schema":{"@context":"https:\/\/schema.org","@graph":[{"@type":"WebSite","@id":"https:\/\/vasontode.hu\/#website","url":"https:\/\/vasontode.hu\/","name":"Moh\u00e1csi Vas\u00f6nt\u00f6de","description":"Egyedi \u00f6ntv\u00e9ny, kettlebell, szerelv\u00e9nyek, t\u0171zcsapok","potentialAction":[{"@type":"SearchAction","target":{"@type":"EntryPoint","urlTemplate":"https:\/\/vasontode.hu\/?s={search_term_string}"},"query-input":"required name=search_term_string"}],"inLanguage":"en-US"},{"@type":"WebPage","@id":"https:\/\/vasontode.hu\/en\/#webpage","url":"https:\/\/vasontode.hu\/en\/","name":"Egyedi \u00f6ntv\u00e9ny, kettlebell, szerelv\u00e9nyek, t\u0171zcsapok | Moh\u00e1csi Vas\u00f6nt\u00f6de","isPartOf":{"@id":"https:\/\/vasontode.hu\/#website"},"datePublished":"2014-10-21T20:25:37+00:00","dateModified":"2022-07-20T14:40:25+00:00","description":"We offer the manufacturing of grey and ductile iron castings for low or medium volume demands up to 700 kg unit weight for any field of the machine","breadcrumb":{"@id":"https:\/\/vasontode.hu\/en\/#breadcrumb"},"inLanguage":"en-US","potentialAction":[{"@type":"ReadAction","target":["https:\/\/vasontode.hu\/en\/"]}]},{"@type":"BreadcrumbList","@id":"https:\/\/vasontode.hu\/en\/#breadcrumb","itemListElement":[{"@type":"ListItem","position":1,"name":"Kezd\u0151lap","item":"https:\/\/vasontode.hu\/en\/"},{"@type":"ListItem","position":2,"name":"Front page"}]}]}},"_links":{"self":[{"href":"https:\/\/vasontode.hu\/en\/wp-json\/wp\/v2\/pages\/1232"}],"collection":[{"href":"https:\/\/vasontode.hu\/en\/wp-json\/wp\/v2\/pages"}],"about":[{"href":"https:\/\/vasontode.hu\/en\/wp-json\/wp\/v2\/types\/page"}],"author":[{"embeddable":true,"href":"https:\/\/vasontode.hu\/en\/wp-json\/wp\/v2\/users\/6"}],"replies":[{"embeddable":true,"href":"https:\/\/vasontode.hu\/en\/wp-json\/wp\/v2\/comments?post=1232"}],"version-history":[{"count":17,"href":"https:\/\/vasontode.hu\/en\/wp-json\/wp\/v2\/pages\/1232\/revisions"}],"predecessor-version":[{"id":6386,"href":"https:\/\/vasontode.hu\/en\/wp-json\/wp\/v2\/pages\/1232\/revisions\/6386"}],"wp:attachment":[{"href":"https:\/\/vasontode.hu\/en\/wp-json\/wp\/v2\/media?parent=1232"}],"curies":[{"name":"wp","href":"https:\/\/api.w.org\/{rel}","templated":true}]}}