{"id":1608,"date":"2015-07-13T09:53:09","date_gmt":"2015-07-13T07:53:09","guid":{"rendered":"https:\/\/vasontode.hu\/?page_id=1608"},"modified":"2016-07-20T15:59:48","modified_gmt":"2016-07-20T13:59:48","slug":"download","status":"publish","type":"page","link":"https:\/\/vasontode.hu\/en\/download\/","title":{"rendered":"Download"},"content":{"rendered":"<h4>Our catalogues:<a href=\"https:\/\/vasontode.hu\/app\/uploads\/C\u00e9gbemutat\u00f3hoz-jobb-oldalra.jpg\" data-rel=\"lightbox-image-0\" data-rl_title=\"\" data-rl_caption=\"\" title=\"\"><img loading=\"lazy\" class=\" size-medium wp-image-2175 alignright\" src=\"http:\/\/vasontode.hu\/app\/uploads\/\/C\u00e9gbemutat\u00f3hoz-jobb-oldalra-370x278.jpg\" alt=\"C\u00e9gbemutat\u00f3hoz jobb oldalra\" width=\"370\" height=\"277\" srcset=\"https:\/\/vasontode.hu\/app\/uploads\/C\u00e9gbemutat\u00f3hoz-jobb-oldalra-370x278.jpg 370w, https:\/\/vasontode.hu\/app\/uploads\/C\u00e9gbemutat\u00f3hoz-jobb-oldalra-600x450.jpg 600w, https:\/\/vasontode.hu\/app\/uploads\/C\u00e9gbemutat\u00f3hoz-jobb-oldalra-870x653.jpg 870w, https:\/\/vasontode.hu\/app\/uploads\/C\u00e9gbemutat\u00f3hoz-jobb-oldalra.jpg 1024w\" sizes=\"(max-width: 370px) 100vw, 370px\" \/><\/a><\/h4>\n<ul>\n<li>Introduction catalogue 2015<\/li>\n<\/ul>\n<p style=\"padding-left: 90px;\"><span style=\"text-decoration: underline;\"><a href=\"https:\/\/vasontode.hu\/app\/uploads\/Moh\u00e1csi-Vas\u00f6nt\u00f6de-Ltd.-catalogue.pdf\" target=\"_blank\">DOWNLOAD<\/a><\/span><\/p>\n<ul>\n<li>Water supply fitting catalogue 2015<\/li>\n<\/ul>\n<p style=\"padding-left: 90px;\"><span style=\"text-decoration: underline;\"><a href=\"https:\/\/vasontode.hu\/app\/uploads\/Moh\u00e1csi-Vas\u00f6nt\u00f6de-Kft.-v\u00edzh\u00e1l\u00f3zati-szerelv\u00e9nyek.pdf\" target=\"_blank\">DOWNLOAD<\/a><\/span><\/p>\n<ul>\n<li>Machine casting catalogue 2015<\/li>\n<\/ul>\n<p style=\"padding-left: 90px;\"><span style=\"text-decoration: underline;\"><a href=\"https:\/\/vasontode.hu\/app\/uploads\/Moh\u00e1csi-Vas\u00f6nt\u00f6de-Kft.-g\u00e9p\u00f6ntv\u00e9ny-katal\u00f3gus.pdf\" target=\"_blank\">DOWNLOAD<\/a><\/span><\/p>\n<ul>\n<li>Cast iron street furniture, decorative items catalogue 2015<\/li>\n<\/ul>\n<p style=\"padding-left: 90px;\"><span style=\"text-decoration: underline;\"><a href=\"https:\/\/vasontode.hu\/app\/uploads\/Moh\u00e1csi-Vas\u00f6nt\u00f6de-Kft.-utcab\u00fator-d\u00edsz\u00f6ntv\u00e9ny-katal\u00f3gus.pdf\" target=\"_blank\">DOWNLOAD<\/a><\/span><\/p>\n<p>&nbsp;<\/p>\n<p style=\"padding-left: 90px;\">\n","protected":false},"excerpt":{"rendered":"<p>Our catalogues: Introduction catalogue 2015 DOWNLOAD Water supply fitting catalogue 2015 DOWNLOAD Machine casting catalogue 2015 DOWNLOAD Cast iron street furniture, decorative items catalogue 2015 DOWNLOAD &nbsp;<\/p>\n","protected":false},"author":6,"featured_media":0,"parent":0,"menu_order":40,"comment_status":"open","ping_status":"open","template":"","meta":{"_monsterinsights_skip_tracking":false,"_monsterinsights_sitenote_active":false,"_monsterinsights_sitenote_note":"","_monsterinsights_sitenote_category":0},"acf":[],"yoast_head":"<!-- This site is optimized with the Yoast SEO plugin v18.9 - https:\/\/yoast.com\/wordpress\/plugins\/seo\/ -->\n<title>Download | Moh\u00e1csi Vas\u00f6nt\u00f6de<\/title>\n<meta name=\"description\" content=\"Our catalogues: Introduction catalogue 2015 DOWNLOAD Water supply fitting catalogue 2015 DOWNLOAD Machine casting catalogue 2015 DOWNLOAD Cast iron street\" \/>\n<meta name=\"robots\" content=\"index, follow, max-snippet:-1, max-image-preview:large, max-video-preview:-1\" \/>\n<link rel=\"canonical\" href=\"https:\/\/vasontode.hu\/en\/download\/\" \/>\n<meta property=\"og:locale\" content=\"en_US\" \/>\n<meta property=\"og:type\" content=\"article\" \/>\n<meta property=\"og:title\" content=\"Download | Moh\u00e1csi Vas\u00f6nt\u00f6de\" \/>\n<meta property=\"og:description\" content=\"Our catalogues: Introduction catalogue 2015 DOWNLOAD Water supply fitting catalogue 2015 DOWNLOAD Machine casting catalogue 2015 DOWNLOAD Cast iron street\" \/>\n<meta property=\"og:url\" content=\"https:\/\/vasontode.hu\/en\/download\/\" \/>\n<meta property=\"og:site_name\" content=\"Moh\u00e1csi Vas\u00f6nt\u00f6de\" \/>\n<meta property=\"article:modified_time\" content=\"2016-07-20T13:59:48+00:00\" \/>\n<script type=\"application\/ld+json\" class=\"yoast-schema-graph\">{\"@context\":\"https:\/\/schema.org\",\"@graph\":[{\"@type\":\"WebSite\",\"@id\":\"https:\/\/vasontode.hu\/#website\",\"url\":\"https:\/\/vasontode.hu\/\",\"name\":\"Moh\u00e1csi Vas\u00f6nt\u00f6de\",\"description\":\"Egyedi \u00f6ntv\u00e9ny, kettlebell, szerelv\u00e9nyek, t\u0171zcsapok\",\"potentialAction\":[{\"@type\":\"SearchAction\",\"target\":{\"@type\":\"EntryPoint\",\"urlTemplate\":\"https:\/\/vasontode.hu\/?s={search_term_string}\"},\"query-input\":\"required name=search_term_string\"}],\"inLanguage\":\"en-US\"},{\"@type\":\"WebPage\",\"@id\":\"https:\/\/vasontode.hu\/en\/download\/#webpage\",\"url\":\"https:\/\/vasontode.hu\/en\/download\/\",\"name\":\"Download | Moh\u00e1csi Vas\u00f6nt\u00f6de\",\"isPartOf\":{\"@id\":\"https:\/\/vasontode.hu\/#website\"},\"datePublished\":\"2015-07-13T07:53:09+00:00\",\"dateModified\":\"2016-07-20T13:59:48+00:00\",\"description\":\"Our catalogues: Introduction catalogue 2015 DOWNLOAD Water supply fitting catalogue 2015 DOWNLOAD Machine casting catalogue 2015 DOWNLOAD Cast iron street\",\"breadcrumb\":{\"@id\":\"https:\/\/vasontode.hu\/en\/download\/#breadcrumb\"},\"inLanguage\":\"en-US\",\"potentialAction\":[{\"@type\":\"ReadAction\",\"target\":[\"https:\/\/vasontode.hu\/en\/download\/\"]}]},{\"@type\":\"BreadcrumbList\",\"@id\":\"https:\/\/vasontode.hu\/en\/download\/#breadcrumb\",\"itemListElement\":[{\"@type\":\"ListItem\",\"position\":1,\"name\":\"Kezd\u0151lap\",\"item\":\"https:\/\/vasontode.hu\/en\/\"},{\"@type\":\"ListItem\",\"position\":2,\"name\":\"Download\"}]}]}<\/script>\n<!-- \/ Yoast SEO plugin. -->","yoast_head_json":{"title":"Download | Moh\u00e1csi Vas\u00f6nt\u00f6de","description":"Our catalogues: Introduction catalogue 2015 DOWNLOAD Water supply fitting catalogue 2015 DOWNLOAD Machine casting catalogue 2015 DOWNLOAD Cast iron street","robots":{"index":"index","follow":"follow","max-snippet":"max-snippet:-1","max-image-preview":"max-image-preview:large","max-video-preview":"max-video-preview:-1"},"canonical":"https:\/\/vasontode.hu\/en\/download\/","og_locale":"en_US","og_type":"article","og_title":"Download | Moh\u00e1csi Vas\u00f6nt\u00f6de","og_description":"Our catalogues: Introduction catalogue 2015 DOWNLOAD Water supply fitting catalogue 2015 DOWNLOAD Machine casting catalogue 2015 DOWNLOAD Cast iron street","og_url":"https:\/\/vasontode.hu\/en\/download\/","og_site_name":"Moh\u00e1csi Vas\u00f6nt\u00f6de","article_modified_time":"2016-07-20T13:59:48+00:00","schema":{"@context":"https:\/\/schema.org","@graph":[{"@type":"WebSite","@id":"https:\/\/vasontode.hu\/#website","url":"https:\/\/vasontode.hu\/","name":"Moh\u00e1csi Vas\u00f6nt\u00f6de","description":"Egyedi \u00f6ntv\u00e9ny, kettlebell, szerelv\u00e9nyek, t\u0171zcsapok","potentialAction":[{"@type":"SearchAction","target":{"@type":"EntryPoint","urlTemplate":"https:\/\/vasontode.hu\/?s={search_term_string}"},"query-input":"required name=search_term_string"}],"inLanguage":"en-US"},{"@type":"WebPage","@id":"https:\/\/vasontode.hu\/en\/download\/#webpage","url":"https:\/\/vasontode.hu\/en\/download\/","name":"Download | Moh\u00e1csi Vas\u00f6nt\u00f6de","isPartOf":{"@id":"https:\/\/vasontode.hu\/#website"},"datePublished":"2015-07-13T07:53:09+00:00","dateModified":"2016-07-20T13:59:48+00:00","description":"Our catalogues: Introduction catalogue 2015 DOWNLOAD Water supply fitting catalogue 2015 DOWNLOAD Machine casting catalogue 2015 DOWNLOAD Cast iron street","breadcrumb":{"@id":"https:\/\/vasontode.hu\/en\/download\/#breadcrumb"},"inLanguage":"en-US","potentialAction":[{"@type":"ReadAction","target":["https:\/\/vasontode.hu\/en\/download\/"]}]},{"@type":"BreadcrumbList","@id":"https:\/\/vasontode.hu\/en\/download\/#breadcrumb","itemListElement":[{"@type":"ListItem","position":1,"name":"Kezd\u0151lap","item":"https:\/\/vasontode.hu\/en\/"},{"@type":"ListItem","position":2,"name":"Download"}]}]}},"_links":{"self":[{"href":"https:\/\/vasontode.hu\/en\/wp-json\/wp\/v2\/pages\/1608"}],"collection":[{"href":"https:\/\/vasontode.hu\/en\/wp-json\/wp\/v2\/pages"}],"about":[{"href":"https:\/\/vasontode.hu\/en\/wp-json\/wp\/v2\/types\/page"}],"author":[{"embeddable":true,"href":"https:\/\/vasontode.hu\/en\/wp-json\/wp\/v2\/users\/6"}],"replies":[{"embeddable":true,"href":"https:\/\/vasontode.hu\/en\/wp-json\/wp\/v2\/comments?post=1608"}],"version-history":[{"count":6,"href":"https:\/\/vasontode.hu\/en\/wp-json\/wp\/v2\/pages\/1608\/revisions"}],"predecessor-version":[{"id":3940,"href":"https:\/\/vasontode.hu\/en\/wp-json\/wp\/v2\/pages\/1608\/revisions\/3940"}],"wp:attachment":[{"href":"https:\/\/vasontode.hu\/en\/wp-json\/wp\/v2\/media?parent=1608"}],"curies":[{"name":"wp","href":"https:\/\/api.w.org\/{rel}","templated":true}]}}