{"id":4699,"date":"2016-07-18T14:13:37","date_gmt":"2016-07-18T12:13:37","guid":{"rendered":"https:\/\/vasontode.hu\/en\/?page_id=4699"},"modified":"2016-12-07T11:44:55","modified_gmt":"2016-12-07T10:44:55","slug":"national-public-health-medical-officer-service-nphmos","status":"publish","type":"page","link":"https:\/\/vasontode.hu\/en\/national-public-health-medical-officer-service-nphmos\/","title":{"rendered":"National Public Health and Medical Officer Service (NPHMOS)"},"content":{"rendered":"<p>Here you can download our certificates of NPHMOS:<\/p>\n<p>&nbsp;<\/p>\n<p><a href=\"https:\/\/vasontode.hu\/app\/uploads\/EK-enged\u00e9ly-iv\u00f3v\u00edz.pdf\" target=\"_blank\" rel=\"\">Moh\u00e1cser public well<\/a><\/p>\n<p><a href=\"https:\/\/vasontode.hu\/app\/uploads\/Iv\u00f3v\u00edz-nyilvantartasba-vetel-TUZCSAPOK-v2.pdf\" target=\"_blank\" rel=\"\">Fire hydrants<\/a><\/p>\n","protected":false},"excerpt":{"rendered":"<p>Here you can download our certificates of NPHMOS: &nbsp; Moh\u00e1cser public well Fire hydrants<\/p>\n","protected":false},"author":3,"featured_media":0,"parent":0,"menu_order":27,"comment_status":"closed","ping_status":"closed","template":"","meta":{"_monsterinsights_skip_tracking":false,"_monsterinsights_sitenote_active":false,"_monsterinsights_sitenote_note":"","_monsterinsights_sitenote_category":0},"acf":[],"yoast_head":"<!-- This site is optimized with the Yoast SEO plugin v18.9 - https:\/\/yoast.com\/wordpress\/plugins\/seo\/ -->\n<title>National Public Health and Medical Officer Service (NPHMOS) | Moh\u00e1csi Vas\u00f6nt\u00f6de<\/title>\n<meta name=\"description\" content=\"Here you can download our certificates of NPHMOS:  &nbsp;  Moh\u00e1cser public well  Fire hydrants\" \/>\n<meta name=\"robots\" content=\"index, follow, max-snippet:-1, max-image-preview:large, max-video-preview:-1\" \/>\n<link rel=\"canonical\" href=\"https:\/\/vasontode.hu\/en\/national-public-health-medical-officer-service-nphmos\/\" \/>\n<meta property=\"og:locale\" content=\"en_US\" \/>\n<meta property=\"og:type\" content=\"article\" \/>\n<meta property=\"og:title\" content=\"National Public Health and Medical Officer Service (NPHMOS) | Moh\u00e1csi Vas\u00f6nt\u00f6de\" \/>\n<meta property=\"og:description\" content=\"Here you can download our certificates of NPHMOS:  &nbsp;  Moh\u00e1cser public well  Fire hydrants\" \/>\n<meta property=\"og:url\" content=\"https:\/\/vasontode.hu\/en\/national-public-health-medical-officer-service-nphmos\/\" \/>\n<meta property=\"og:site_name\" content=\"Moh\u00e1csi Vas\u00f6nt\u00f6de\" \/>\n<meta property=\"article:modified_time\" content=\"2016-12-07T10:44:55+00:00\" \/>\n<script type=\"application\/ld+json\" class=\"yoast-schema-graph\">{\"@context\":\"https:\/\/schema.org\",\"@graph\":[{\"@type\":\"WebSite\",\"@id\":\"https:\/\/vasontode.hu\/#website\",\"url\":\"https:\/\/vasontode.hu\/\",\"name\":\"Moh\u00e1csi Vas\u00f6nt\u00f6de\",\"description\":\"Egyedi \u00f6ntv\u00e9ny, kettlebell, szerelv\u00e9nyek, t\u0171zcsapok\",\"potentialAction\":[{\"@type\":\"SearchAction\",\"target\":{\"@type\":\"EntryPoint\",\"urlTemplate\":\"https:\/\/vasontode.hu\/?s={search_term_string}\"},\"query-input\":\"required name=search_term_string\"}],\"inLanguage\":\"en-US\"},{\"@type\":\"WebPage\",\"@id\":\"https:\/\/vasontode.hu\/en\/national-public-health-medical-officer-service-nphmos\/#webpage\",\"url\":\"https:\/\/vasontode.hu\/en\/national-public-health-medical-officer-service-nphmos\/\",\"name\":\"National Public Health and Medical Officer Service (NPHMOS) | Moh\u00e1csi Vas\u00f6nt\u00f6de\",\"isPartOf\":{\"@id\":\"https:\/\/vasontode.hu\/#website\"},\"datePublished\":\"2016-07-18T12:13:37+00:00\",\"dateModified\":\"2016-12-07T10:44:55+00:00\",\"description\":\"Here you can download our certificates of NPHMOS: &nbsp; Moh\u00e1cser public well Fire hydrants\",\"breadcrumb\":{\"@id\":\"https:\/\/vasontode.hu\/en\/national-public-health-medical-officer-service-nphmos\/#breadcrumb\"},\"inLanguage\":\"en-US\",\"potentialAction\":[{\"@type\":\"ReadAction\",\"target\":[\"https:\/\/vasontode.hu\/en\/national-public-health-medical-officer-service-nphmos\/\"]}]},{\"@type\":\"BreadcrumbList\",\"@id\":\"https:\/\/vasontode.hu\/en\/national-public-health-medical-officer-service-nphmos\/#breadcrumb\",\"itemListElement\":[{\"@type\":\"ListItem\",\"position\":1,\"name\":\"Kezd\u0151lap\",\"item\":\"https:\/\/vasontode.hu\/en\/\"},{\"@type\":\"ListItem\",\"position\":2,\"name\":\"National Public Health and Medical Officer Service (NPHMOS)\"}]}]}<\/script>\n<!-- \/ Yoast SEO plugin. -->","yoast_head_json":{"title":"National Public Health and Medical Officer Service (NPHMOS) | Moh\u00e1csi Vas\u00f6nt\u00f6de","description":"Here you can download our certificates of NPHMOS:  &nbsp;  Moh\u00e1cser public well  Fire hydrants","robots":{"index":"index","follow":"follow","max-snippet":"max-snippet:-1","max-image-preview":"max-image-preview:large","max-video-preview":"max-video-preview:-1"},"canonical":"https:\/\/vasontode.hu\/en\/national-public-health-medical-officer-service-nphmos\/","og_locale":"en_US","og_type":"article","og_title":"National Public Health and Medical Officer Service (NPHMOS) | Moh\u00e1csi Vas\u00f6nt\u00f6de","og_description":"Here you can download our certificates of NPHMOS:  &nbsp;  Moh\u00e1cser public well  Fire hydrants","og_url":"https:\/\/vasontode.hu\/en\/national-public-health-medical-officer-service-nphmos\/","og_site_name":"Moh\u00e1csi Vas\u00f6nt\u00f6de","article_modified_time":"2016-12-07T10:44:55+00:00","schema":{"@context":"https:\/\/schema.org","@graph":[{"@type":"WebSite","@id":"https:\/\/vasontode.hu\/#website","url":"https:\/\/vasontode.hu\/","name":"Moh\u00e1csi Vas\u00f6nt\u00f6de","description":"Egyedi \u00f6ntv\u00e9ny, kettlebell, szerelv\u00e9nyek, t\u0171zcsapok","potentialAction":[{"@type":"SearchAction","target":{"@type":"EntryPoint","urlTemplate":"https:\/\/vasontode.hu\/?s={search_term_string}"},"query-input":"required name=search_term_string"}],"inLanguage":"en-US"},{"@type":"WebPage","@id":"https:\/\/vasontode.hu\/en\/national-public-health-medical-officer-service-nphmos\/#webpage","url":"https:\/\/vasontode.hu\/en\/national-public-health-medical-officer-service-nphmos\/","name":"National Public Health and Medical Officer Service (NPHMOS) | Moh\u00e1csi Vas\u00f6nt\u00f6de","isPartOf":{"@id":"https:\/\/vasontode.hu\/#website"},"datePublished":"2016-07-18T12:13:37+00:00","dateModified":"2016-12-07T10:44:55+00:00","description":"Here you can download our certificates of NPHMOS: &nbsp; Moh\u00e1cser public well Fire hydrants","breadcrumb":{"@id":"https:\/\/vasontode.hu\/en\/national-public-health-medical-officer-service-nphmos\/#breadcrumb"},"inLanguage":"en-US","potentialAction":[{"@type":"ReadAction","target":["https:\/\/vasontode.hu\/en\/national-public-health-medical-officer-service-nphmos\/"]}]},{"@type":"BreadcrumbList","@id":"https:\/\/vasontode.hu\/en\/national-public-health-medical-officer-service-nphmos\/#breadcrumb","itemListElement":[{"@type":"ListItem","position":1,"name":"Kezd\u0151lap","item":"https:\/\/vasontode.hu\/en\/"},{"@type":"ListItem","position":2,"name":"National Public Health and Medical Officer Service (NPHMOS)"}]}]}},"_links":{"self":[{"href":"https:\/\/vasontode.hu\/en\/wp-json\/wp\/v2\/pages\/4699"}],"collection":[{"href":"https:\/\/vasontode.hu\/en\/wp-json\/wp\/v2\/pages"}],"about":[{"href":"https:\/\/vasontode.hu\/en\/wp-json\/wp\/v2\/types\/page"}],"author":[{"embeddable":true,"href":"https:\/\/vasontode.hu\/en\/wp-json\/wp\/v2\/users\/3"}],"replies":[{"embeddable":true,"href":"https:\/\/vasontode.hu\/en\/wp-json\/wp\/v2\/comments?post=4699"}],"version-history":[{"count":3,"href":"https:\/\/vasontode.hu\/en\/wp-json\/wp\/v2\/pages\/4699\/revisions"}],"predecessor-version":[{"id":4702,"href":"https:\/\/vasontode.hu\/en\/wp-json\/wp\/v2\/pages\/4699\/revisions\/4702"}],"wp:attachment":[{"href":"https:\/\/vasontode.hu\/en\/wp-json\/wp\/v2\/media?parent=4699"}],"curies":[{"name":"wp","href":"https:\/\/api.w.org\/{rel}","templated":true}]}}