{"id":5149,"date":"2017-06-22T14:54:25","date_gmt":"2017-06-22T12:54:25","guid":{"rendered":"https:\/\/vasontode.hu\/en\/engedelyeink\/"},"modified":"2024-05-21T08:38:46","modified_gmt":"2024-05-21T06:38:46","slug":"certificates","status":"publish","type":"page","link":"https:\/\/vasontode.hu\/en\/certificates\/","title":{"rendered":"Certificates"},"content":{"rendered":"","protected":false},"excerpt":{"rendered":"","protected":false},"author":3,"featured_media":0,"parent":0,"menu_order":12,"comment_status":"closed","ping_status":"closed","template":"licenses.php","meta":{"_monsterinsights_skip_tracking":false,"_monsterinsights_sitenote_active":false,"_monsterinsights_sitenote_note":"","_monsterinsights_sitenote_category":0},"acf":[],"yoast_head":"<!-- This site is optimized with the Yoast SEO plugin v18.9 - https:\/\/yoast.com\/wordpress\/plugins\/seo\/ -->\n<title>Certificates | Moh\u00e1csi Vas\u00f6nt\u00f6de<\/title>\n<meta name=\"robots\" content=\"index, follow, max-snippet:-1, max-image-preview:large, max-video-preview:-1\" \/>\n<link rel=\"canonical\" href=\"https:\/\/vasontode.hu\/en\/certificates\/\" \/>\n<meta property=\"og:locale\" content=\"en_US\" \/>\n<meta property=\"og:type\" content=\"article\" \/>\n<meta property=\"og:title\" content=\"Certificates | Moh\u00e1csi Vas\u00f6nt\u00f6de\" \/>\n<meta property=\"og:url\" content=\"https:\/\/vasontode.hu\/en\/certificates\/\" \/>\n<meta property=\"og:site_name\" content=\"Moh\u00e1csi Vas\u00f6nt\u00f6de\" \/>\n<meta property=\"article:modified_time\" content=\"2024-05-21T06:38:46+00:00\" \/>\n<script type=\"application\/ld+json\" class=\"yoast-schema-graph\">{\"@context\":\"https:\/\/schema.org\",\"@graph\":[{\"@type\":\"WebSite\",\"@id\":\"https:\/\/vasontode.hu\/#website\",\"url\":\"https:\/\/vasontode.hu\/\",\"name\":\"Moh\u00e1csi Vas\u00f6nt\u00f6de\",\"description\":\"Egyedi \u00f6ntv\u00e9ny, kettlebell, szerelv\u00e9nyek, t\u0171zcsapok\",\"potentialAction\":[{\"@type\":\"SearchAction\",\"target\":{\"@type\":\"EntryPoint\",\"urlTemplate\":\"https:\/\/vasontode.hu\/?s={search_term_string}\"},\"query-input\":\"required name=search_term_string\"}],\"inLanguage\":\"en-US\"},{\"@type\":\"WebPage\",\"@id\":\"https:\/\/vasontode.hu\/en\/certificates\/#webpage\",\"url\":\"https:\/\/vasontode.hu\/en\/certificates\/\",\"name\":\"Certificates | Moh\u00e1csi Vas\u00f6nt\u00f6de\",\"isPartOf\":{\"@id\":\"https:\/\/vasontode.hu\/#website\"},\"datePublished\":\"2017-06-22T12:54:25+00:00\",\"dateModified\":\"2024-05-21T06:38:46+00:00\",\"breadcrumb\":{\"@id\":\"https:\/\/vasontode.hu\/en\/certificates\/#breadcrumb\"},\"inLanguage\":\"en-US\",\"potentialAction\":[{\"@type\":\"ReadAction\",\"target\":[\"https:\/\/vasontode.hu\/en\/certificates\/\"]}]},{\"@type\":\"BreadcrumbList\",\"@id\":\"https:\/\/vasontode.hu\/en\/certificates\/#breadcrumb\",\"itemListElement\":[{\"@type\":\"ListItem\",\"position\":1,\"name\":\"Kezd\u0151lap\",\"item\":\"https:\/\/vasontode.hu\/en\/\"},{\"@type\":\"ListItem\",\"position\":2,\"name\":\"Certificates\"}]}]}<\/script>\n<!-- \/ Yoast SEO plugin. -->","yoast_head_json":{"title":"Certificates | Moh\u00e1csi Vas\u00f6nt\u00f6de","robots":{"index":"index","follow":"follow","max-snippet":"max-snippet:-1","max-image-preview":"max-image-preview:large","max-video-preview":"max-video-preview:-1"},"canonical":"https:\/\/vasontode.hu\/en\/certificates\/","og_locale":"en_US","og_type":"article","og_title":"Certificates | Moh\u00e1csi Vas\u00f6nt\u00f6de","og_url":"https:\/\/vasontode.hu\/en\/certificates\/","og_site_name":"Moh\u00e1csi Vas\u00f6nt\u00f6de","article_modified_time":"2024-05-21T06:38:46+00:00","schema":{"@context":"https:\/\/schema.org","@graph":[{"@type":"WebSite","@id":"https:\/\/vasontode.hu\/#website","url":"https:\/\/vasontode.hu\/","name":"Moh\u00e1csi Vas\u00f6nt\u00f6de","description":"Egyedi \u00f6ntv\u00e9ny, kettlebell, szerelv\u00e9nyek, t\u0171zcsapok","potentialAction":[{"@type":"SearchAction","target":{"@type":"EntryPoint","urlTemplate":"https:\/\/vasontode.hu\/?s={search_term_string}"},"query-input":"required name=search_term_string"}],"inLanguage":"en-US"},{"@type":"WebPage","@id":"https:\/\/vasontode.hu\/en\/certificates\/#webpage","url":"https:\/\/vasontode.hu\/en\/certificates\/","name":"Certificates | Moh\u00e1csi Vas\u00f6nt\u00f6de","isPartOf":{"@id":"https:\/\/vasontode.hu\/#website"},"datePublished":"2017-06-22T12:54:25+00:00","dateModified":"2024-05-21T06:38:46+00:00","breadcrumb":{"@id":"https:\/\/vasontode.hu\/en\/certificates\/#breadcrumb"},"inLanguage":"en-US","potentialAction":[{"@type":"ReadAction","target":["https:\/\/vasontode.hu\/en\/certificates\/"]}]},{"@type":"BreadcrumbList","@id":"https:\/\/vasontode.hu\/en\/certificates\/#breadcrumb","itemListElement":[{"@type":"ListItem","position":1,"name":"Kezd\u0151lap","item":"https:\/\/vasontode.hu\/en\/"},{"@type":"ListItem","position":2,"name":"Certificates"}]}]}},"_links":{"self":[{"href":"https:\/\/vasontode.hu\/en\/wp-json\/wp\/v2\/pages\/5149"}],"collection":[{"href":"https:\/\/vasontode.hu\/en\/wp-json\/wp\/v2\/pages"}],"about":[{"href":"https:\/\/vasontode.hu\/en\/wp-json\/wp\/v2\/types\/page"}],"author":[{"embeddable":true,"href":"https:\/\/vasontode.hu\/en\/wp-json\/wp\/v2\/users\/3"}],"replies":[{"embeddable":true,"href":"https:\/\/vasontode.hu\/en\/wp-json\/wp\/v2\/comments?post=5149"}],"version-history":[{"count":6,"href":"https:\/\/vasontode.hu\/en\/wp-json\/wp\/v2\/pages\/5149\/revisions"}],"predecessor-version":[{"id":6532,"href":"https:\/\/vasontode.hu\/en\/wp-json\/wp\/v2\/pages\/5149\/revisions\/6532"}],"wp:attachment":[{"href":"https:\/\/vasontode.hu\/en\/wp-json\/wp\/v2\/media?parent=5149"}],"curies":[{"name":"wp","href":"https:\/\/api.w.org\/{rel}","templated":true}]}}