{"id":3301,"date":"2016-04-08T13:58:53","date_gmt":"2016-04-08T11:58:53","guid":{"rendered":"https:\/\/vasontode.hu\/en\/product\/kerti-grill-2\/"},"modified":"2016-06-14T11:11:36","modified_gmt":"2016-06-14T09:11:36","slug":"kerti-grill-2","status":"publish","type":"product","link":"https:\/\/vasontode.hu\/en\/product\/kerti-grill-2\/","title":{"rendered":"Barbecue grill"},"content":{"rendered":"<h3><em>Barbecue grill<\/em><\/h3>\n<h4>Components:<\/h4>\n<ul>\n<li>\n<h5>GR-01 charcoal grid 14 kg 1 pc\/product<\/h5>\n<\/li>\n<li>\n<h5>GR-02 left bracket 1.65 kg 1 pc\/product<\/h5>\n<\/li>\n<li>\n<h5>GR-03 right bracket 1.65 kg 1 pc\/product<\/h5>\n<\/li>\n<li>\n<h5>GR-04 legs 0.9 kg 2 pcs\/product<\/h5>\n<\/li>\n<li>\n<h5>GR-05 spacer 0.65 kg 2 pcs\/product<\/h5>\n<\/li>\n<\/ul>\n<h4>Suitable for:<\/h4>\n<h5>Outdoor cooking, placed on a pre-built charcoal grilling platform.<\/h5>\n<h4>Features:<\/h4>\n<h5>The reinforced grid is not susceptible to warp under the influence of heat. The barbecue grates (not included) are height-adjustable in 4 levels by using the spikes on the brackets. Make sure to avoid the contact of overheated components with cold water! It is recommended to place an ash pan under the charcoal grid!<\/h5>\n<h4>Material quality:<\/h4>\n<h5>EN-GJL-200<\/h5>\n<h4>Casting:<\/h4>\n<h5>Grinded, sandblasted design \u2013 also available in a fully assembled form for additional charge.<\/h5>\n","protected":false},"excerpt":{"rendered":"<h5>Cast iron barbecue grill, that is perfectly suitable for outdoor BBQs with family and friends.<\/h5>\n<h5><strong>Buy it directly from the manufacturer.<\/strong><\/h5>\n","protected":false},"featured_media":3211,"comment_status":"open","ping_status":"closed","template":"","meta":{"_monsterinsights_skip_tracking":false,"_monsterinsights_sitenote_active":false,"_monsterinsights_sitenote_note":"","_monsterinsights_sitenote_category":0},"product_cat":[207],"product_tag":[],"acf":[],"yoast_head":"<!-- This site is optimized with the Yoast SEO plugin v18.9 - https:\/\/yoast.com\/wordpress\/plugins\/seo\/ -->\n<title>Barbecue grill | Moh\u00e1csi Vas\u00f6nt\u00f6de<\/title>\n<meta name=\"description\" content=\"Cast iron barbecue grill, that is perfectly suitable for outdoor BBQs with family and friends. Buy it directly from the manufacturer.\" \/>\n<meta name=\"robots\" content=\"index, follow, max-snippet:-1, max-image-preview:large, max-video-preview:-1\" \/>\n<link rel=\"canonical\" href=\"https:\/\/vasontode.hu\/en\/product\/kerti-grill-2\/\" \/>\n<meta property=\"og:locale\" content=\"en_US\" \/>\n<meta property=\"og:type\" content=\"article\" \/>\n<meta property=\"og:title\" content=\"Barbecue grill | Moh\u00e1csi Vas\u00f6nt\u00f6de\" \/>\n<meta property=\"og:description\" content=\"Cast iron barbecue grill, that is perfectly suitable for outdoor BBQs with family and friends. Buy it directly from the manufacturer.\" \/>\n<meta property=\"og:url\" content=\"https:\/\/vasontode.hu\/en\/product\/kerti-grill-2\/\" \/>\n<meta property=\"og:site_name\" content=\"Moh\u00e1csi Vas\u00f6nt\u00f6de\" \/>\n<meta property=\"article:modified_time\" content=\"2016-06-14T09:11:36+00:00\" \/>\n<meta property=\"og:image\" content=\"https:\/\/vasontode.hu\/app\/uploads\/Kerti-grill-1.jpg\" \/>\n\t<meta property=\"og:image:width\" content=\"800\" \/>\n\t<meta property=\"og:image:height\" content=\"639\" \/>\n\t<meta property=\"og:image:type\" content=\"image\/jpeg\" \/>\n<meta name=\"twitter:label1\" content=\"Est. reading time\" \/>\n\t<meta name=\"twitter:data1\" content=\"1 minute\" \/>\n<script type=\"application\/ld+json\" class=\"yoast-schema-graph\">{\"@context\":\"https:\/\/schema.org\",\"@graph\":[{\"@type\":\"WebSite\",\"@id\":\"https:\/\/vasontode.hu\/#website\",\"url\":\"https:\/\/vasontode.hu\/\",\"name\":\"Moh\u00e1csi Vas\u00f6nt\u00f6de\",\"description\":\"Egyedi \u00f6ntv\u00e9ny, kettlebell, szerelv\u00e9nyek, t\u0171zcsapok\",\"potentialAction\":[{\"@type\":\"SearchAction\",\"target\":{\"@type\":\"EntryPoint\",\"urlTemplate\":\"https:\/\/vasontode.hu\/?s={search_term_string}\"},\"query-input\":\"required name=search_term_string\"}],\"inLanguage\":\"en-US\"},{\"@type\":\"ImageObject\",\"inLanguage\":\"en-US\",\"@id\":\"https:\/\/vasontode.hu\/en\/product\/kerti-grill-2\/#primaryimage\",\"url\":\"https:\/\/vasontode.hu\/app\/uploads\/Kerti-grill-1.jpg\",\"contentUrl\":\"https:\/\/vasontode.hu\/app\/uploads\/Kerti-grill-1.jpg\",\"width\":800,\"height\":639},{\"@type\":\"WebPage\",\"@id\":\"https:\/\/vasontode.hu\/en\/product\/kerti-grill-2\/#webpage\",\"url\":\"https:\/\/vasontode.hu\/en\/product\/kerti-grill-2\/\",\"name\":\"Barbecue grill | Moh\u00e1csi Vas\u00f6nt\u00f6de\",\"isPartOf\":{\"@id\":\"https:\/\/vasontode.hu\/#website\"},\"primaryImageOfPage\":{\"@id\":\"https:\/\/vasontode.hu\/en\/product\/kerti-grill-2\/#primaryimage\"},\"datePublished\":\"2016-04-08T11:58:53+00:00\",\"dateModified\":\"2016-06-14T09:11:36+00:00\",\"description\":\"Cast iron barbecue grill, that is perfectly suitable for outdoor BBQs with family and friends. Buy it directly from the manufacturer.\",\"breadcrumb\":{\"@id\":\"https:\/\/vasontode.hu\/en\/product\/kerti-grill-2\/#breadcrumb\"},\"inLanguage\":\"en-US\",\"potentialAction\":[{\"@type\":\"ReadAction\",\"target\":[\"https:\/\/vasontode.hu\/en\/product\/kerti-grill-2\/\"]}]},{\"@type\":\"BreadcrumbList\",\"@id\":\"https:\/\/vasontode.hu\/en\/product\/kerti-grill-2\/#breadcrumb\",\"itemListElement\":[{\"@type\":\"ListItem\",\"position\":1,\"name\":\"Kezd\u0151lap\",\"item\":\"https:\/\/vasontode.hu\/en\/\"},{\"@type\":\"ListItem\",\"position\":2,\"name\":\"Term\u00e9kek\",\"item\":\"https:\/\/vasontode.hu\/termekek\/\"},{\"@type\":\"ListItem\",\"position\":3,\"name\":\"Barbecue grill\"}]}]}<\/script>\n<!-- \/ Yoast SEO plugin. -->","yoast_head_json":{"title":"Barbecue grill | Moh\u00e1csi Vas\u00f6nt\u00f6de","description":"Cast iron barbecue grill, that is perfectly suitable for outdoor BBQs with family and friends. Buy it directly from the manufacturer.","robots":{"index":"index","follow":"follow","max-snippet":"max-snippet:-1","max-image-preview":"max-image-preview:large","max-video-preview":"max-video-preview:-1"},"canonical":"https:\/\/vasontode.hu\/en\/product\/kerti-grill-2\/","og_locale":"en_US","og_type":"article","og_title":"Barbecue grill | Moh\u00e1csi Vas\u00f6nt\u00f6de","og_description":"Cast iron barbecue grill, that is perfectly suitable for outdoor BBQs with family and friends. Buy it directly from the manufacturer.","og_url":"https:\/\/vasontode.hu\/en\/product\/kerti-grill-2\/","og_site_name":"Moh\u00e1csi Vas\u00f6nt\u00f6de","article_modified_time":"2016-06-14T09:11:36+00:00","og_image":[{"width":800,"height":639,"url":"https:\/\/vasontode.hu\/app\/uploads\/Kerti-grill-1.jpg","type":"image\/jpeg"}],"twitter_misc":{"Est. reading time":"1 minute"},"schema":{"@context":"https:\/\/schema.org","@graph":[{"@type":"WebSite","@id":"https:\/\/vasontode.hu\/#website","url":"https:\/\/vasontode.hu\/","name":"Moh\u00e1csi Vas\u00f6nt\u00f6de","description":"Egyedi \u00f6ntv\u00e9ny, kettlebell, szerelv\u00e9nyek, t\u0171zcsapok","potentialAction":[{"@type":"SearchAction","target":{"@type":"EntryPoint","urlTemplate":"https:\/\/vasontode.hu\/?s={search_term_string}"},"query-input":"required name=search_term_string"}],"inLanguage":"en-US"},{"@type":"ImageObject","inLanguage":"en-US","@id":"https:\/\/vasontode.hu\/en\/product\/kerti-grill-2\/#primaryimage","url":"https:\/\/vasontode.hu\/app\/uploads\/Kerti-grill-1.jpg","contentUrl":"https:\/\/vasontode.hu\/app\/uploads\/Kerti-grill-1.jpg","width":800,"height":639},{"@type":"WebPage","@id":"https:\/\/vasontode.hu\/en\/product\/kerti-grill-2\/#webpage","url":"https:\/\/vasontode.hu\/en\/product\/kerti-grill-2\/","name":"Barbecue grill | Moh\u00e1csi Vas\u00f6nt\u00f6de","isPartOf":{"@id":"https:\/\/vasontode.hu\/#website"},"primaryImageOfPage":{"@id":"https:\/\/vasontode.hu\/en\/product\/kerti-grill-2\/#primaryimage"},"datePublished":"2016-04-08T11:58:53+00:00","dateModified":"2016-06-14T09:11:36+00:00","description":"Cast iron barbecue grill, that is perfectly suitable for outdoor BBQs with family and friends. Buy it directly from the manufacturer.","breadcrumb":{"@id":"https:\/\/vasontode.hu\/en\/product\/kerti-grill-2\/#breadcrumb"},"inLanguage":"en-US","potentialAction":[{"@type":"ReadAction","target":["https:\/\/vasontode.hu\/en\/product\/kerti-grill-2\/"]}]},{"@type":"BreadcrumbList","@id":"https:\/\/vasontode.hu\/en\/product\/kerti-grill-2\/#breadcrumb","itemListElement":[{"@type":"ListItem","position":1,"name":"Kezd\u0151lap","item":"https:\/\/vasontode.hu\/en\/"},{"@type":"ListItem","position":2,"name":"Term\u00e9kek","item":"https:\/\/vasontode.hu\/termekek\/"},{"@type":"ListItem","position":3,"name":"Barbecue grill"}]}]}},"_links":{"self":[{"href":"https:\/\/vasontode.hu\/en\/wp-json\/wp\/v2\/product\/3301"}],"collection":[{"href":"https:\/\/vasontode.hu\/en\/wp-json\/wp\/v2\/product"}],"about":[{"href":"https:\/\/vasontode.hu\/en\/wp-json\/wp\/v2\/types\/product"}],"replies":[{"embeddable":true,"href":"https:\/\/vasontode.hu\/en\/wp-json\/wp\/v2\/comments?post=3301"}],"wp:featuredmedia":[{"embeddable":true,"href":"https:\/\/vasontode.hu\/en\/wp-json\/wp\/v2\/media\/3211"}],"wp:attachment":[{"href":"https:\/\/vasontode.hu\/en\/wp-json\/wp\/v2\/media?parent=3301"}],"wp:term":[{"taxonomy":"product_cat","embeddable":true,"href":"https:\/\/vasontode.hu\/en\/wp-json\/wp\/v2\/product_cat?post=3301"},{"taxonomy":"product_tag","embeddable":true,"href":"https:\/\/vasontode.hu\/en\/wp-json\/wp\/v2\/product_tag?post=3301"}],"curies":[{"name":"wp","href":"https:\/\/api.w.org\/{rel}","templated":true}]}}