{"id":3302,"date":"2016-04-08T13:57:16","date_gmt":"2016-04-08T11:57:16","guid":{"rendered":"https:\/\/vasontode.hu\/en\/product\/ipari-gepontvenyek-2\/"},"modified":"2016-05-18T13:08:38","modified_gmt":"2016-05-18T11:08:38","slug":"ipari-gepontvenyek","status":"publish","type":"product","link":"https:\/\/vasontode.hu\/en\/product\/ipari-gepontvenyek\/","title":{"rendered":"Industrial machinery casting"},"content":{"rendered":"<h3><em>Industrial machinery castings<\/em><\/h3>\n<p><strong>We aim to satisfy every demand for castings in the field of mechanical engineering the dimensions of castings and quality levels of material see below:<\/strong><\/p>\n<h4>Quality levels:<\/h4>\n<ul>\n<li>EN 1561:2000 according to EN-GJL-200 (cast iron 200, nodular graphite 20) and EN-GJL-250 (cast iron 250, nodular graphite 25).<\/li>\n<li>Ductile cast iron according to EN 1563:2000 (EN-GJS-500 and EN-GJS-700) quality levels.<\/li>\n<\/ul>\n<h4>Dimensions of castings produced:<\/h4>\n<ul>\n<li>Minimum dimensions of castings are 50x50x50 mm<\/li>\n<li>Maximum dimensions of castings are 2500x1500x800 mm<\/li>\n<\/ul>\n<h4>Weight limit of our castings:<\/h4>\n<ul>\n<li>Minimum weight is 0.5 kg \/ piece<\/li>\n<li>Maximum weight is up to 700 kg \/ piece<\/li>\n<li>Minimum wall thickness : 6-8 mm<\/li>\n<\/ul>\n<p>We can undertake the production of industrial machinery castings, agricultural machinery castings and machinery parts.<\/p>\n<h4>The main qualities of castings produced in our foundry are as follows:<\/h4>\n<ul>\n<li>Good machinability<\/li>\n<li>Good pressure resistance<\/li>\n<li>Good abrasion resistance<\/li>\n<li>Smooth surface toughness<\/li>\n<li>Good grindability<\/li>\n<\/ul>\n<p>For further information please do your inquiries at our <a href=\"https:\/\/vasontode.hu\/en\/contact\/\" target=\"_blank\">contacts<\/a>!<\/p>\n","protected":false},"excerpt":{"rendered":"<h5>High quality industrial machinery castings, machinery parts (spare parts).\u00a0We aim to satisfy every demand for castings for any field of machine industry. Strictly controlled quality.<\/h5>\n","protected":false},"featured_media":3155,"comment_status":"open","ping_status":"closed","template":"","meta":{"_monsterinsights_skip_tracking":false,"_monsterinsights_sitenote_active":false,"_monsterinsights_sitenote_note":"","_monsterinsights_sitenote_category":0},"product_cat":[207],"product_tag":[],"acf":[],"yoast_head":"<!-- This site is optimized with the Yoast SEO plugin v18.9 - https:\/\/yoast.com\/wordpress\/plugins\/seo\/ -->\n<title>Industrial machinery casting | Moh\u00e1csi Vas\u00f6nt\u00f6de<\/title>\n<meta name=\"description\" content=\"High quality industrial machinery castings, machinery parts. Strictly controlled quality. We can satisfy cast iron demands for any field of machine industry\" \/>\n<meta name=\"robots\" content=\"index, follow, max-snippet:-1, max-image-preview:large, max-video-preview:-1\" \/>\n<link rel=\"canonical\" href=\"https:\/\/vasontode.hu\/en\/product\/ipari-gepontvenyek\/\" \/>\n<meta property=\"og:locale\" content=\"en_US\" \/>\n<meta property=\"og:type\" content=\"article\" \/>\n<meta property=\"og:title\" content=\"Industrial machinery casting | Moh\u00e1csi Vas\u00f6nt\u00f6de\" \/>\n<meta property=\"og:description\" content=\"High quality industrial machinery castings, machinery parts. Strictly controlled quality. We can satisfy cast iron demands for any field of machine industry\" \/>\n<meta property=\"og:url\" content=\"https:\/\/vasontode.hu\/en\/product\/ipari-gepontvenyek\/\" \/>\n<meta property=\"og:site_name\" content=\"Moh\u00e1csi Vas\u00f6nt\u00f6de\" \/>\n<meta property=\"article:modified_time\" content=\"2016-05-18T11:08:38+00:00\" \/>\n<meta property=\"og:image\" content=\"https:\/\/vasontode.hu\/app\/uploads\/IMG_1042jv.jpg\" \/>\n\t<meta property=\"og:image:width\" content=\"1978\" \/>\n\t<meta property=\"og:image:height\" content=\"1728\" \/>\n\t<meta property=\"og:image:type\" content=\"image\/jpeg\" \/>\n<meta name=\"twitter:label1\" content=\"Est. reading time\" \/>\n\t<meta name=\"twitter:data1\" content=\"1 minute\" \/>\n<script type=\"application\/ld+json\" class=\"yoast-schema-graph\">{\"@context\":\"https:\/\/schema.org\",\"@graph\":[{\"@type\":\"WebSite\",\"@id\":\"https:\/\/vasontode.hu\/#website\",\"url\":\"https:\/\/vasontode.hu\/\",\"name\":\"Moh\u00e1csi Vas\u00f6nt\u00f6de\",\"description\":\"Egyedi \u00f6ntv\u00e9ny, kettlebell, szerelv\u00e9nyek, t\u0171zcsapok\",\"potentialAction\":[{\"@type\":\"SearchAction\",\"target\":{\"@type\":\"EntryPoint\",\"urlTemplate\":\"https:\/\/vasontode.hu\/?s={search_term_string}\"},\"query-input\":\"required name=search_term_string\"}],\"inLanguage\":\"en-US\"},{\"@type\":\"ImageObject\",\"inLanguage\":\"en-US\",\"@id\":\"https:\/\/vasontode.hu\/en\/product\/ipari-gepontvenyek\/#primaryimage\",\"url\":\"https:\/\/vasontode.hu\/app\/uploads\/IMG_1042jv.jpg\",\"contentUrl\":\"https:\/\/vasontode.hu\/app\/uploads\/IMG_1042jv.jpg\",\"width\":1978,\"height\":1728},{\"@type\":\"WebPage\",\"@id\":\"https:\/\/vasontode.hu\/en\/product\/ipari-gepontvenyek\/#webpage\",\"url\":\"https:\/\/vasontode.hu\/en\/product\/ipari-gepontvenyek\/\",\"name\":\"Industrial machinery casting | Moh\u00e1csi Vas\u00f6nt\u00f6de\",\"isPartOf\":{\"@id\":\"https:\/\/vasontode.hu\/#website\"},\"primaryImageOfPage\":{\"@id\":\"https:\/\/vasontode.hu\/en\/product\/ipari-gepontvenyek\/#primaryimage\"},\"datePublished\":\"2016-04-08T11:57:16+00:00\",\"dateModified\":\"2016-05-18T11:08:38+00:00\",\"description\":\"High quality industrial machinery castings, machinery parts. Strictly controlled quality. We can satisfy cast iron demands for any field of machine industry\",\"breadcrumb\":{\"@id\":\"https:\/\/vasontode.hu\/en\/product\/ipari-gepontvenyek\/#breadcrumb\"},\"inLanguage\":\"en-US\",\"potentialAction\":[{\"@type\":\"ReadAction\",\"target\":[\"https:\/\/vasontode.hu\/en\/product\/ipari-gepontvenyek\/\"]}]},{\"@type\":\"BreadcrumbList\",\"@id\":\"https:\/\/vasontode.hu\/en\/product\/ipari-gepontvenyek\/#breadcrumb\",\"itemListElement\":[{\"@type\":\"ListItem\",\"position\":1,\"name\":\"Kezd\u0151lap\",\"item\":\"https:\/\/vasontode.hu\/en\/\"},{\"@type\":\"ListItem\",\"position\":2,\"name\":\"Term\u00e9kek\",\"item\":\"https:\/\/vasontode.hu\/termekek\/\"},{\"@type\":\"ListItem\",\"position\":3,\"name\":\"Industrial machinery casting\"}]}]}<\/script>\n<!-- \/ Yoast SEO plugin. -->","yoast_head_json":{"title":"Industrial machinery casting | Moh\u00e1csi Vas\u00f6nt\u00f6de","description":"High quality industrial machinery castings, machinery parts. Strictly controlled quality. We can satisfy cast iron demands for any field of machine industry","robots":{"index":"index","follow":"follow","max-snippet":"max-snippet:-1","max-image-preview":"max-image-preview:large","max-video-preview":"max-video-preview:-1"},"canonical":"https:\/\/vasontode.hu\/en\/product\/ipari-gepontvenyek\/","og_locale":"en_US","og_type":"article","og_title":"Industrial machinery casting | Moh\u00e1csi Vas\u00f6nt\u00f6de","og_description":"High quality industrial machinery castings, machinery parts. Strictly controlled quality. We can satisfy cast iron demands for any field of machine industry","og_url":"https:\/\/vasontode.hu\/en\/product\/ipari-gepontvenyek\/","og_site_name":"Moh\u00e1csi Vas\u00f6nt\u00f6de","article_modified_time":"2016-05-18T11:08:38+00:00","og_image":[{"width":1978,"height":1728,"url":"https:\/\/vasontode.hu\/app\/uploads\/IMG_1042jv.jpg","type":"image\/jpeg"}],"twitter_misc":{"Est. reading time":"1 minute"},"schema":{"@context":"https:\/\/schema.org","@graph":[{"@type":"WebSite","@id":"https:\/\/vasontode.hu\/#website","url":"https:\/\/vasontode.hu\/","name":"Moh\u00e1csi Vas\u00f6nt\u00f6de","description":"Egyedi \u00f6ntv\u00e9ny, kettlebell, szerelv\u00e9nyek, t\u0171zcsapok","potentialAction":[{"@type":"SearchAction","target":{"@type":"EntryPoint","urlTemplate":"https:\/\/vasontode.hu\/?s={search_term_string}"},"query-input":"required name=search_term_string"}],"inLanguage":"en-US"},{"@type":"ImageObject","inLanguage":"en-US","@id":"https:\/\/vasontode.hu\/en\/product\/ipari-gepontvenyek\/#primaryimage","url":"https:\/\/vasontode.hu\/app\/uploads\/IMG_1042jv.jpg","contentUrl":"https:\/\/vasontode.hu\/app\/uploads\/IMG_1042jv.jpg","width":1978,"height":1728},{"@type":"WebPage","@id":"https:\/\/vasontode.hu\/en\/product\/ipari-gepontvenyek\/#webpage","url":"https:\/\/vasontode.hu\/en\/product\/ipari-gepontvenyek\/","name":"Industrial machinery casting | Moh\u00e1csi Vas\u00f6nt\u00f6de","isPartOf":{"@id":"https:\/\/vasontode.hu\/#website"},"primaryImageOfPage":{"@id":"https:\/\/vasontode.hu\/en\/product\/ipari-gepontvenyek\/#primaryimage"},"datePublished":"2016-04-08T11:57:16+00:00","dateModified":"2016-05-18T11:08:38+00:00","description":"High quality industrial machinery castings, machinery parts. Strictly controlled quality. We can satisfy cast iron demands for any field of machine industry","breadcrumb":{"@id":"https:\/\/vasontode.hu\/en\/product\/ipari-gepontvenyek\/#breadcrumb"},"inLanguage":"en-US","potentialAction":[{"@type":"ReadAction","target":["https:\/\/vasontode.hu\/en\/product\/ipari-gepontvenyek\/"]}]},{"@type":"BreadcrumbList","@id":"https:\/\/vasontode.hu\/en\/product\/ipari-gepontvenyek\/#breadcrumb","itemListElement":[{"@type":"ListItem","position":1,"name":"Kezd\u0151lap","item":"https:\/\/vasontode.hu\/en\/"},{"@type":"ListItem","position":2,"name":"Term\u00e9kek","item":"https:\/\/vasontode.hu\/termekek\/"},{"@type":"ListItem","position":3,"name":"Industrial machinery casting"}]}]}},"_links":{"self":[{"href":"https:\/\/vasontode.hu\/en\/wp-json\/wp\/v2\/product\/3302"}],"collection":[{"href":"https:\/\/vasontode.hu\/en\/wp-json\/wp\/v2\/product"}],"about":[{"href":"https:\/\/vasontode.hu\/en\/wp-json\/wp\/v2\/types\/product"}],"replies":[{"embeddable":true,"href":"https:\/\/vasontode.hu\/en\/wp-json\/wp\/v2\/comments?post=3302"}],"wp:featuredmedia":[{"embeddable":true,"href":"https:\/\/vasontode.hu\/en\/wp-json\/wp\/v2\/media\/3155"}],"wp:attachment":[{"href":"https:\/\/vasontode.hu\/en\/wp-json\/wp\/v2\/media?parent=3302"}],"wp:term":[{"taxonomy":"product_cat","embeddable":true,"href":"https:\/\/vasontode.hu\/en\/wp-json\/wp\/v2\/product_cat?post=3302"},{"taxonomy":"product_tag","embeddable":true,"href":"https:\/\/vasontode.hu\/en\/wp-json\/wp\/v2\/product_tag?post=3302"}],"curies":[{"name":"wp","href":"https:\/\/api.w.org\/{rel}","templated":true}]}}