{"id":3309,"date":"2016-04-08T13:32:39","date_gmt":"2016-04-08T11:32:39","guid":{"rendered":"https:\/\/vasontode.hu\/en\/product\/faveremracsok-2\/"},"modified":"2016-06-14T11:22:49","modified_gmt":"2016-06-14T09:22:49","slug":"faveremracsok","status":"publish","type":"product","link":"https:\/\/vasontode.hu\/en\/product\/faveremracsok\/","title":{"rendered":"Tree grates"},"content":{"rendered":"<h3 class=\"product-name\"><strong>Tree grate FR-10<\/strong><\/h3>\n<h4><strong>Area of application:<\/strong><\/h4>\n<ul>\n<li>\n<h5>designed for use in solid pavements<\/h5>\n<\/li>\n<li>\n<h5>facilitates the maintenance of trees<\/h5>\n<\/li>\n<li>\n<h5>prevents the soil around the tree from becoming too compact<\/h5>\n<\/li>\n<li>\n<h5>allows water to infiltrate into the soil to the tree&#8217;s roots<\/h5>\n<\/li>\n<\/ul>\n<h4><strong>Surface finishing:<\/strong><\/h4>\n<ul>\n<li>\n<h5>One-layer prime coat (black)<\/h5>\n<\/li>\n<\/ul>\n<h4><strong>Technical data:<\/strong><\/h4>\n<ul>\n<li>\n<h5>material quality: EN-GJL-200 (grey cast iron)<\/h5>\n<\/li>\n<li>\n<h5>unit weight (kg): 90<\/h5>\n<\/li>\n<li>\n<h5>outside diameter (mm): 1200<\/h5>\n<\/li>\n<li>\n<h5>inside diameter (mm): 600<\/h5>\n<\/li>\n<li>\n<h5>number of items \/ finished product (pcs): 4<\/h5>\n<\/li>\n<li>\n<h5>installation depth (mm): 35<\/h5>\n<\/li>\n<\/ul>\n<h4><strong>Extensions to enlarge the tree opening<\/strong><\/h4>\n<ul>\n<li>\n<h5>material quality: EN-GJL-200 (grey cast iron)<\/h5>\n<\/li>\n<li>\n<h5>unit weight (kg): 8.2 kg<\/h5>\n<\/li>\n<li>\n<h5>overall dimensions (mm): 300&#215;300<\/h5>\n<\/li>\n<\/ul>\n<h5 style=\"color: #333333; font-family: 'Helvetica Neue', Helvetica, Arial, sans-serif;\"><\/h5>\n<h3 style=\"color: #333333; font-family: 'Helvetica Neue', Helvetica, Arial, sans-serif;\"><strong>Tree grate FR-14<\/strong><\/h3>\n<div class=\"clearfix\" style=\"line-height: 1.42857;\">\n<h4><strong>\u00a0Area of application:<\/strong><\/h4>\n<ul>\n<li>Designed for use in concrete pavements<\/li>\n<li>Facilitates the maintenance of trees<\/li>\n<li>Prevents the soil around the tree from becoming too compact<\/li>\n<li>Allows water to infiltrate into the soil to the tree&#8217;s roots<\/li>\n<\/ul>\n<h4><strong>Surface finishing:<\/strong><\/h4>\n<ul>\n<li>one-layer prime coat (black)<\/li>\n<\/ul>\n<h4><strong>Technical data:<\/strong><\/h4>\n<ul>\n<li>material quality: EN-GJL-200 (grey cast iron)<\/li>\n<li>unit weight (kg): 112<\/li>\n<li>overall dimensions (mm): 1200&#215;1200<\/li>\n<li>inside diameter (mm): 600<\/li>\n<li>number of items \/ finished product (pcs): 4<\/li>\n<li>installation depth (mm): 35<\/li>\n<\/ul>\n<h4><strong>Extensions to enlarge the tree opening<\/strong><\/h4>\n<ul>\n<li>material quality: EN-GJL-200 (grey cast iron)<\/li>\n<li>unit weight (kg): 8.2 kg<\/li>\n<li>overall dimensions (mm): 300&#215;300<\/li>\n<\/ul>\n<h3 class=\"product-name\"><em><strong>Tree grate FR-24<\/strong><\/em><\/h3>\n<div style=\"color: inherit; font-family: inherit; line-height: 1.1;\"><\/div>\n<div class=\"clearfix\" style=\"color: inherit; font-family: inherit; line-height: 1.1;\"><\/div>\n<h4><strong>Area of application:<\/strong><\/h4>\n<div class=\"clearfix\" style=\"color: inherit; font-family: inherit; line-height: 1.1;\">\n<div>\n<ul>\n<li>Designed for use in solid pavements<\/li>\n<li>Facilitates the maintenance of trees<\/li>\n<li>Prevents the soil around the tree from becoming too compact<\/li>\n<li>Allows water to infiltrate into the soil to the tree&#8217;s roots<\/li>\n<\/ul>\n<\/div>\n<\/div>\n<h4><strong>Surface finishing:<\/strong><\/h4>\n<div class=\"clearfix\" style=\"color: inherit; font-family: inherit; line-height: 1.1;\">\n<div>\n<ul>\n<li>one-layer prime coat (black)<\/li>\n<\/ul>\n<\/div>\n<\/div>\n<h4><strong>Technical data:<\/strong><\/h4>\n<div class=\"clearfix\" style=\"color: inherit; font-family: inherit; line-height: 1.1;\">\n<div>\n<ul>\n<li>material quality: EN-GJL-200 (grey cast iron)<\/li>\n<li>unit weight (kg): 112<\/li>\n<li>overall dimensions (mm): 1200&#215;1200<\/li>\n<li>inside diameter (mm): 600<\/li>\n<li>number of items \/ finished product (pcs): 4<\/li>\n<li>installation depth (mm): 35<\/li>\n<\/ul>\n<\/div>\n<\/div>\n<h4><strong>Extensions to enlarge the tree opening<\/strong><\/h4>\n<div class=\"clearfix\" style=\"color: inherit; font-family: inherit; line-height: 1.1;\">\n<ul>\n<li>material quality: EN-GJL-200 (grey cast iron)<\/li>\n<li>unit weight (kg): 7.7 kg<\/li>\n<li>overall dimensions (mm): 300&#215;300<\/li>\n<\/ul>\n<h3><strong>Note:<\/strong><\/h3>\n<ul>\n<li>Both the grate\u2019s length and width can optionally be modified by 300 mm intermediate pieces.<\/li>\n<li>\n<h5>We offer mould pattern production, as well as hand-casting, and satisfy client demands irrespective of how small quantities or unique products they require.<\/h5>\n<\/li>\n<\/ul>\n<p>&nbsp;<\/p>\n<p style=\"text-align: center;\">\n<\/div>\n<\/div>\n","protected":false},"excerpt":{"rendered":"<h5>High quality, first class cast iron tree grates.\u00a0They can be used in public places, for decorating the environment.\u00a0More than 100 years of experience.<\/h5>\n<h5><strong>Buy it from the manufacturer.<\/strong><\/h5>\n","protected":false},"featured_media":3267,"comment_status":"open","ping_status":"closed","template":"","meta":{"_monsterinsights_skip_tracking":false,"_monsterinsights_sitenote_active":false,"_monsterinsights_sitenote_note":"","_monsterinsights_sitenote_category":0},"product_cat":[163],"product_tag":[],"acf":[],"yoast_head":"<!-- This site is optimized with the Yoast SEO plugin v18.9 - https:\/\/yoast.com\/wordpress\/plugins\/seo\/ -->\n<title>Tree grates | Moh\u00e1csi Vas\u00f6nt\u00f6de<\/title>\n<meta name=\"description\" content=\"High quality, first class cast iron tree grates directly from the manufacturer. They can be used in public places, for decorating the environment.\" \/>\n<meta name=\"robots\" content=\"index, follow, max-snippet:-1, max-image-preview:large, max-video-preview:-1\" \/>\n<link rel=\"canonical\" href=\"https:\/\/vasontode.hu\/en\/product\/faveremracsok\/\" \/>\n<meta property=\"og:locale\" content=\"en_US\" \/>\n<meta property=\"og:type\" content=\"article\" \/>\n<meta property=\"og:title\" content=\"Tree grates | Moh\u00e1csi Vas\u00f6nt\u00f6de\" \/>\n<meta property=\"og:description\" content=\"High quality, first class cast iron tree grates directly from the manufacturer. They can be used in public places, for decorating the environment.\" \/>\n<meta property=\"og:url\" content=\"https:\/\/vasontode.hu\/en\/product\/faveremracsok\/\" \/>\n<meta property=\"og:site_name\" content=\"Moh\u00e1csi Vas\u00f6nt\u00f6de\" \/>\n<meta property=\"article:modified_time\" content=\"2016-06-14T09:22:49+00:00\" \/>\n<meta property=\"og:image\" content=\"https:\/\/vasontode.hu\/app\/uploads\/FR-10-faveremr\u00e1cs.png\" \/>\n\t<meta property=\"og:image:width\" content=\"281\" \/>\n\t<meta property=\"og:image:height\" content=\"211\" \/>\n\t<meta property=\"og:image:type\" content=\"image\/png\" \/>\n<meta name=\"twitter:label1\" content=\"Est. reading time\" \/>\n\t<meta name=\"twitter:data1\" content=\"2 minutes\" \/>\n<script type=\"application\/ld+json\" class=\"yoast-schema-graph\">{\"@context\":\"https:\/\/schema.org\",\"@graph\":[{\"@type\":\"WebSite\",\"@id\":\"https:\/\/vasontode.hu\/#website\",\"url\":\"https:\/\/vasontode.hu\/\",\"name\":\"Moh\u00e1csi Vas\u00f6nt\u00f6de\",\"description\":\"Egyedi \u00f6ntv\u00e9ny, kettlebell, szerelv\u00e9nyek, t\u0171zcsapok\",\"potentialAction\":[{\"@type\":\"SearchAction\",\"target\":{\"@type\":\"EntryPoint\",\"urlTemplate\":\"https:\/\/vasontode.hu\/?s={search_term_string}\"},\"query-input\":\"required name=search_term_string\"}],\"inLanguage\":\"en-US\"},{\"@type\":\"ImageObject\",\"inLanguage\":\"en-US\",\"@id\":\"https:\/\/vasontode.hu\/en\/product\/faveremracsok\/#primaryimage\",\"url\":\"https:\/\/vasontode.hu\/app\/uploads\/FR-10-faveremr\u00e1cs.png\",\"contentUrl\":\"https:\/\/vasontode.hu\/app\/uploads\/FR-10-faveremr\u00e1cs.png\",\"width\":281,\"height\":211},{\"@type\":\"WebPage\",\"@id\":\"https:\/\/vasontode.hu\/en\/product\/faveremracsok\/#webpage\",\"url\":\"https:\/\/vasontode.hu\/en\/product\/faveremracsok\/\",\"name\":\"Tree grates | Moh\u00e1csi Vas\u00f6nt\u00f6de\",\"isPartOf\":{\"@id\":\"https:\/\/vasontode.hu\/#website\"},\"primaryImageOfPage\":{\"@id\":\"https:\/\/vasontode.hu\/en\/product\/faveremracsok\/#primaryimage\"},\"datePublished\":\"2016-04-08T11:32:39+00:00\",\"dateModified\":\"2016-06-14T09:22:49+00:00\",\"description\":\"High quality, first class cast iron tree grates directly from the manufacturer. They can be used in public places, for decorating the environment.\",\"breadcrumb\":{\"@id\":\"https:\/\/vasontode.hu\/en\/product\/faveremracsok\/#breadcrumb\"},\"inLanguage\":\"en-US\",\"potentialAction\":[{\"@type\":\"ReadAction\",\"target\":[\"https:\/\/vasontode.hu\/en\/product\/faveremracsok\/\"]}]},{\"@type\":\"BreadcrumbList\",\"@id\":\"https:\/\/vasontode.hu\/en\/product\/faveremracsok\/#breadcrumb\",\"itemListElement\":[{\"@type\":\"ListItem\",\"position\":1,\"name\":\"Kezd\u0151lap\",\"item\":\"https:\/\/vasontode.hu\/en\/\"},{\"@type\":\"ListItem\",\"position\":2,\"name\":\"Term\u00e9kek\",\"item\":\"https:\/\/vasontode.hu\/termekek\/\"},{\"@type\":\"ListItem\",\"position\":3,\"name\":\"Tree grates\"}]}]}<\/script>\n<!-- \/ Yoast SEO plugin. -->","yoast_head_json":{"title":"Tree grates | Moh\u00e1csi Vas\u00f6nt\u00f6de","description":"High quality, first class cast iron tree grates directly from the manufacturer. They can be used in public places, for decorating the environment.","robots":{"index":"index","follow":"follow","max-snippet":"max-snippet:-1","max-image-preview":"max-image-preview:large","max-video-preview":"max-video-preview:-1"},"canonical":"https:\/\/vasontode.hu\/en\/product\/faveremracsok\/","og_locale":"en_US","og_type":"article","og_title":"Tree grates | Moh\u00e1csi Vas\u00f6nt\u00f6de","og_description":"High quality, first class cast iron tree grates directly from the manufacturer. They can be used in public places, for decorating the environment.","og_url":"https:\/\/vasontode.hu\/en\/product\/faveremracsok\/","og_site_name":"Moh\u00e1csi Vas\u00f6nt\u00f6de","article_modified_time":"2016-06-14T09:22:49+00:00","og_image":[{"width":281,"height":211,"url":"https:\/\/vasontode.hu\/app\/uploads\/FR-10-faveremr\u00e1cs.png","type":"image\/png"}],"twitter_misc":{"Est. reading time":"2 minutes"},"schema":{"@context":"https:\/\/schema.org","@graph":[{"@type":"WebSite","@id":"https:\/\/vasontode.hu\/#website","url":"https:\/\/vasontode.hu\/","name":"Moh\u00e1csi Vas\u00f6nt\u00f6de","description":"Egyedi \u00f6ntv\u00e9ny, kettlebell, szerelv\u00e9nyek, t\u0171zcsapok","potentialAction":[{"@type":"SearchAction","target":{"@type":"EntryPoint","urlTemplate":"https:\/\/vasontode.hu\/?s={search_term_string}"},"query-input":"required name=search_term_string"}],"inLanguage":"en-US"},{"@type":"ImageObject","inLanguage":"en-US","@id":"https:\/\/vasontode.hu\/en\/product\/faveremracsok\/#primaryimage","url":"https:\/\/vasontode.hu\/app\/uploads\/FR-10-faveremr\u00e1cs.png","contentUrl":"https:\/\/vasontode.hu\/app\/uploads\/FR-10-faveremr\u00e1cs.png","width":281,"height":211},{"@type":"WebPage","@id":"https:\/\/vasontode.hu\/en\/product\/faveremracsok\/#webpage","url":"https:\/\/vasontode.hu\/en\/product\/faveremracsok\/","name":"Tree grates | Moh\u00e1csi Vas\u00f6nt\u00f6de","isPartOf":{"@id":"https:\/\/vasontode.hu\/#website"},"primaryImageOfPage":{"@id":"https:\/\/vasontode.hu\/en\/product\/faveremracsok\/#primaryimage"},"datePublished":"2016-04-08T11:32:39+00:00","dateModified":"2016-06-14T09:22:49+00:00","description":"High quality, first class cast iron tree grates directly from the manufacturer. They can be used in public places, for decorating the environment.","breadcrumb":{"@id":"https:\/\/vasontode.hu\/en\/product\/faveremracsok\/#breadcrumb"},"inLanguage":"en-US","potentialAction":[{"@type":"ReadAction","target":["https:\/\/vasontode.hu\/en\/product\/faveremracsok\/"]}]},{"@type":"BreadcrumbList","@id":"https:\/\/vasontode.hu\/en\/product\/faveremracsok\/#breadcrumb","itemListElement":[{"@type":"ListItem","position":1,"name":"Kezd\u0151lap","item":"https:\/\/vasontode.hu\/en\/"},{"@type":"ListItem","position":2,"name":"Term\u00e9kek","item":"https:\/\/vasontode.hu\/termekek\/"},{"@type":"ListItem","position":3,"name":"Tree grates"}]}]}},"_links":{"self":[{"href":"https:\/\/vasontode.hu\/en\/wp-json\/wp\/v2\/product\/3309"}],"collection":[{"href":"https:\/\/vasontode.hu\/en\/wp-json\/wp\/v2\/product"}],"about":[{"href":"https:\/\/vasontode.hu\/en\/wp-json\/wp\/v2\/types\/product"}],"replies":[{"embeddable":true,"href":"https:\/\/vasontode.hu\/en\/wp-json\/wp\/v2\/comments?post=3309"}],"wp:featuredmedia":[{"embeddable":true,"href":"https:\/\/vasontode.hu\/en\/wp-json\/wp\/v2\/media\/3267"}],"wp:attachment":[{"href":"https:\/\/vasontode.hu\/en\/wp-json\/wp\/v2\/media?parent=3309"}],"wp:term":[{"taxonomy":"product_cat","embeddable":true,"href":"https:\/\/vasontode.hu\/en\/wp-json\/wp\/v2\/product_cat?post=3309"},{"taxonomy":"product_tag","embeddable":true,"href":"https:\/\/vasontode.hu\/en\/wp-json\/wp\/v2\/product_tag?post=3309"}],"curies":[{"name":"wp","href":"https:\/\/api.w.org\/{rel}","templated":true}]}}