{"id":3311,"date":"2016-04-08T13:32:00","date_gmt":"2016-04-08T11:32:00","guid":{"rendered":"https:\/\/vasontode.hu\/en\/product\/terelooszlop-2\/"},"modified":"2016-06-14T11:24:54","modified_gmt":"2016-06-14T09:24:54","slug":"terelooszlop","status":"publish","type":"product","link":"https:\/\/vasontode.hu\/en\/product\/terelooszlop\/","title":{"rendered":"Bollard"},"content":{"rendered":"<h3><em><strong>Cast iron bollard<\/strong><\/em><\/h3>\n<h4>Type: TER-01<\/h4>\n<h4><strong>Area of application:<\/strong><\/h4>\n<h5>Designed to be installed by mounting onto any solid surface\u00a0(using anchor bolts), and provide traffic control.<\/h5>\n<h4><strong>Surface finishing:<\/strong><\/h4>\n<h5>One-layer prime coat (black)<\/h5>\n<h4><strong>Technical data:<\/strong><\/h4>\n<ul>\n<li>\n<h5>material quality: EN-GJL-200 (grey cast iron)<\/h5>\n<\/li>\n<li>\n<h5>unit weight (kg): 22<\/h5>\n<\/li>\n<li>\n<h5>overall height (mm): 760<\/h5>\n<\/li>\n<\/ul>\n<h3><strong>Note:<\/strong><\/h3>\n<ul>\n<li>\n<h5>We offer mould pattern production, as well as hand-casting, and satisfy client demands irrespective of how small quantities or unique products they require.<\/h5>\n<\/li>\n<li>\n<h5>In case you are looking for a unique item, we can help you with planning, with preparing patterns and the production itself.<\/h5>\n<\/li>\n<\/ul>\n<p style=\"text-align: center;\">\n","protected":false},"excerpt":{"rendered":"<h5>High quality cast iron bollard. Designed to be installed by mounting onto any solid surface\u00a0(using anchor bolts), and provide traffic control.\u00a0More than 100 years of experience.<\/h5>\n<h5><strong>Buy it from the manufacturer!<\/strong><\/h5>\n","protected":false},"featured_media":3121,"comment_status":"open","ping_status":"closed","template":"","meta":{"_monsterinsights_skip_tracking":false,"_monsterinsights_sitenote_active":false,"_monsterinsights_sitenote_note":"","_monsterinsights_sitenote_category":0},"product_cat":[163],"product_tag":[],"acf":[],"yoast_head":"<!-- This site is optimized with the Yoast SEO plugin v18.9 - https:\/\/yoast.com\/wordpress\/plugins\/seo\/ -->\n<title>Bollard | Moh\u00e1csi Vas\u00f6nt\u00f6de<\/title>\n<meta name=\"description\" content=\"High quality cast iron bollard directly from the manufacturer. Designed to be installed by mounting onto any solid surface and provide traffic control.\" \/>\n<meta name=\"robots\" content=\"index, follow, max-snippet:-1, max-image-preview:large, max-video-preview:-1\" \/>\n<link rel=\"canonical\" href=\"https:\/\/vasontode.hu\/en\/product\/terelooszlop\/\" \/>\n<meta property=\"og:locale\" content=\"en_US\" \/>\n<meta property=\"og:type\" content=\"article\" \/>\n<meta property=\"og:title\" content=\"Bollard | Moh\u00e1csi Vas\u00f6nt\u00f6de\" \/>\n<meta property=\"og:description\" content=\"High quality cast iron bollard directly from the manufacturer. Designed to be installed by mounting onto any solid surface and provide traffic control.\" \/>\n<meta property=\"og:url\" content=\"https:\/\/vasontode.hu\/en\/product\/terelooszlop\/\" \/>\n<meta property=\"og:site_name\" content=\"Moh\u00e1csi Vas\u00f6nt\u00f6de\" \/>\n<meta property=\"article:modified_time\" content=\"2016-06-14T09:24:54+00:00\" \/>\n<meta property=\"og:image\" content=\"https:\/\/vasontode.hu\/app\/uploads\/Terel\u0151oszlop.png\" \/>\n\t<meta property=\"og:image:width\" content=\"220\" \/>\n\t<meta property=\"og:image:height\" content=\"301\" \/>\n\t<meta property=\"og:image:type\" content=\"image\/png\" \/>\n<script type=\"application\/ld+json\" class=\"yoast-schema-graph\">{\"@context\":\"https:\/\/schema.org\",\"@graph\":[{\"@type\":\"WebSite\",\"@id\":\"https:\/\/vasontode.hu\/#website\",\"url\":\"https:\/\/vasontode.hu\/\",\"name\":\"Moh\u00e1csi Vas\u00f6nt\u00f6de\",\"description\":\"Egyedi \u00f6ntv\u00e9ny, kettlebell, szerelv\u00e9nyek, t\u0171zcsapok\",\"potentialAction\":[{\"@type\":\"SearchAction\",\"target\":{\"@type\":\"EntryPoint\",\"urlTemplate\":\"https:\/\/vasontode.hu\/?s={search_term_string}\"},\"query-input\":\"required name=search_term_string\"}],\"inLanguage\":\"en-US\"},{\"@type\":\"ImageObject\",\"inLanguage\":\"en-US\",\"@id\":\"https:\/\/vasontode.hu\/en\/product\/terelooszlop\/#primaryimage\",\"url\":\"https:\/\/vasontode.hu\/app\/uploads\/Terel\u0151oszlop.png\",\"contentUrl\":\"https:\/\/vasontode.hu\/app\/uploads\/Terel\u0151oszlop.png\",\"width\":220,\"height\":301},{\"@type\":\"WebPage\",\"@id\":\"https:\/\/vasontode.hu\/en\/product\/terelooszlop\/#webpage\",\"url\":\"https:\/\/vasontode.hu\/en\/product\/terelooszlop\/\",\"name\":\"Bollard | Moh\u00e1csi Vas\u00f6nt\u00f6de\",\"isPartOf\":{\"@id\":\"https:\/\/vasontode.hu\/#website\"},\"primaryImageOfPage\":{\"@id\":\"https:\/\/vasontode.hu\/en\/product\/terelooszlop\/#primaryimage\"},\"datePublished\":\"2016-04-08T11:32:00+00:00\",\"dateModified\":\"2016-06-14T09:24:54+00:00\",\"description\":\"High quality cast iron bollard directly from the manufacturer. Designed to be installed by mounting onto any solid surface and provide traffic control.\",\"breadcrumb\":{\"@id\":\"https:\/\/vasontode.hu\/en\/product\/terelooszlop\/#breadcrumb\"},\"inLanguage\":\"en-US\",\"potentialAction\":[{\"@type\":\"ReadAction\",\"target\":[\"https:\/\/vasontode.hu\/en\/product\/terelooszlop\/\"]}]},{\"@type\":\"BreadcrumbList\",\"@id\":\"https:\/\/vasontode.hu\/en\/product\/terelooszlop\/#breadcrumb\",\"itemListElement\":[{\"@type\":\"ListItem\",\"position\":1,\"name\":\"Kezd\u0151lap\",\"item\":\"https:\/\/vasontode.hu\/en\/\"},{\"@type\":\"ListItem\",\"position\":2,\"name\":\"Term\u00e9kek\",\"item\":\"https:\/\/vasontode.hu\/termekek\/\"},{\"@type\":\"ListItem\",\"position\":3,\"name\":\"Bollard\"}]}]}<\/script>\n<!-- \/ Yoast SEO plugin. -->","yoast_head_json":{"title":"Bollard | Moh\u00e1csi Vas\u00f6nt\u00f6de","description":"High quality cast iron bollard directly from the manufacturer. Designed to be installed by mounting onto any solid surface and provide traffic control.","robots":{"index":"index","follow":"follow","max-snippet":"max-snippet:-1","max-image-preview":"max-image-preview:large","max-video-preview":"max-video-preview:-1"},"canonical":"https:\/\/vasontode.hu\/en\/product\/terelooszlop\/","og_locale":"en_US","og_type":"article","og_title":"Bollard | Moh\u00e1csi Vas\u00f6nt\u00f6de","og_description":"High quality cast iron bollard directly from the manufacturer. Designed to be installed by mounting onto any solid surface and provide traffic control.","og_url":"https:\/\/vasontode.hu\/en\/product\/terelooszlop\/","og_site_name":"Moh\u00e1csi Vas\u00f6nt\u00f6de","article_modified_time":"2016-06-14T09:24:54+00:00","og_image":[{"width":220,"height":301,"url":"https:\/\/vasontode.hu\/app\/uploads\/Terel\u0151oszlop.png","type":"image\/png"}],"schema":{"@context":"https:\/\/schema.org","@graph":[{"@type":"WebSite","@id":"https:\/\/vasontode.hu\/#website","url":"https:\/\/vasontode.hu\/","name":"Moh\u00e1csi Vas\u00f6nt\u00f6de","description":"Egyedi \u00f6ntv\u00e9ny, kettlebell, szerelv\u00e9nyek, t\u0171zcsapok","potentialAction":[{"@type":"SearchAction","target":{"@type":"EntryPoint","urlTemplate":"https:\/\/vasontode.hu\/?s={search_term_string}"},"query-input":"required name=search_term_string"}],"inLanguage":"en-US"},{"@type":"ImageObject","inLanguage":"en-US","@id":"https:\/\/vasontode.hu\/en\/product\/terelooszlop\/#primaryimage","url":"https:\/\/vasontode.hu\/app\/uploads\/Terel\u0151oszlop.png","contentUrl":"https:\/\/vasontode.hu\/app\/uploads\/Terel\u0151oszlop.png","width":220,"height":301},{"@type":"WebPage","@id":"https:\/\/vasontode.hu\/en\/product\/terelooszlop\/#webpage","url":"https:\/\/vasontode.hu\/en\/product\/terelooszlop\/","name":"Bollard | Moh\u00e1csi Vas\u00f6nt\u00f6de","isPartOf":{"@id":"https:\/\/vasontode.hu\/#website"},"primaryImageOfPage":{"@id":"https:\/\/vasontode.hu\/en\/product\/terelooszlop\/#primaryimage"},"datePublished":"2016-04-08T11:32:00+00:00","dateModified":"2016-06-14T09:24:54+00:00","description":"High quality cast iron bollard directly from the manufacturer. Designed to be installed by mounting onto any solid surface and provide traffic control.","breadcrumb":{"@id":"https:\/\/vasontode.hu\/en\/product\/terelooszlop\/#breadcrumb"},"inLanguage":"en-US","potentialAction":[{"@type":"ReadAction","target":["https:\/\/vasontode.hu\/en\/product\/terelooszlop\/"]}]},{"@type":"BreadcrumbList","@id":"https:\/\/vasontode.hu\/en\/product\/terelooszlop\/#breadcrumb","itemListElement":[{"@type":"ListItem","position":1,"name":"Kezd\u0151lap","item":"https:\/\/vasontode.hu\/en\/"},{"@type":"ListItem","position":2,"name":"Term\u00e9kek","item":"https:\/\/vasontode.hu\/termekek\/"},{"@type":"ListItem","position":3,"name":"Bollard"}]}]}},"_links":{"self":[{"href":"https:\/\/vasontode.hu\/en\/wp-json\/wp\/v2\/product\/3311"}],"collection":[{"href":"https:\/\/vasontode.hu\/en\/wp-json\/wp\/v2\/product"}],"about":[{"href":"https:\/\/vasontode.hu\/en\/wp-json\/wp\/v2\/types\/product"}],"replies":[{"embeddable":true,"href":"https:\/\/vasontode.hu\/en\/wp-json\/wp\/v2\/comments?post=3311"}],"wp:featuredmedia":[{"embeddable":true,"href":"https:\/\/vasontode.hu\/en\/wp-json\/wp\/v2\/media\/3121"}],"wp:attachment":[{"href":"https:\/\/vasontode.hu\/en\/wp-json\/wp\/v2\/media?parent=3311"}],"wp:term":[{"taxonomy":"product_cat","embeddable":true,"href":"https:\/\/vasontode.hu\/en\/wp-json\/wp\/v2\/product_cat?post=3311"},{"taxonomy":"product_tag","embeddable":true,"href":"https:\/\/vasontode.hu\/en\/wp-json\/wp\/v2\/product_tag?post=3311"}],"curies":[{"name":"wp","href":"https:\/\/api.w.org\/{rel}","templated":true}]}}