{"id":3313,"date":"2016-04-08T13:31:13","date_gmt":"2016-04-08T11:31:13","guid":{"rendered":"https:\/\/vasontode.hu\/en\/product\/kandelaber-oszlop\/"},"modified":"2016-06-14T11:27:10","modified_gmt":"2016-06-14T09:27:10","slug":"kandelaber-oszlop","status":"publish","type":"product","link":"https:\/\/vasontode.hu\/en\/product\/kandelaber-oszlop\/","title":{"rendered":"Lamp post"},"content":{"rendered":"<h3><strong><em>Type 2013<\/em><\/strong><\/h3>\n<h4><strong>Area of application:<\/strong><\/h4>\n<h5>Designed for lighting and decorating public open spaces or gardens around private homes.<\/h5>\n<h4><strong>Technical data: <\/strong><\/h4>\n<ul>\n<li>\n<h5>Material quality: EN-GJL-200 (grey cast iron)<\/h5>\n<\/li>\n<li>\n<h5>The 500 mm intermediate section poles allow you to vary the height of the lantern according to the following variants.<\/h5>\n<\/li>\n<li>\n<h5>For installation, mount onto a solid surface with 4 M20 bolts.<\/h5>\n<\/li>\n<\/ul>\n<h4><strong>Available variants:<\/strong><\/h4>\n<ul>\n<li>Lamp post type 2013 with no intermediate section 109kg<br \/>\noverall height (mm): 2250 &#8211; lighting equipment and cables not included<\/li>\n<li>Lamp post type 2013 with 1 intermediate section 126kg<br \/>\noverall height (mm): 2750 &#8211; lighting equipment and cables not included<\/li>\n<li>Lamp post type 2013 with 2 intermediate sections 143kg<br \/>\noverall height (mm): 3250 &#8211; lighting equipment and cables not included<\/li>\n<li>Lamp post type 2013 with 3 intermediate sections 160kg<br \/>\noverall height (mm): 3750 &#8211; lighting equipment and cables not included<\/li>\n<\/ul>\n<h4><strong>Note: <\/strong><\/h4>\n<ul>\n<li>\n<h5>Upon your request, we can deliver the lamp post to site fully assembled, and painted (primer and top-coat mixed to your choice of RAL colour), or even decorated with a unique coat of arms<\/h5>\n<\/li>\n<\/ul>\n<ul>\n<li>\n<h5>We offer mould pattern production, as well as hand-casting, and satisfy client demands irrespective of how small quantities or unique products they require.<\/h5>\n<\/li>\n<li>\n<h5>In case you are looking for a unique item, we can help you with planning, with preparing patterns and the production itself.<\/h5>\n<\/li>\n<\/ul>\n<p style=\"text-align: center;\">\n","protected":false},"excerpt":{"rendered":"<h5>High quality, first class cast iron lamp post.\u00a0They can be used in public places, private gardens, for decorating the environment. In unique decorative designe.<\/h5>\n<h5><strong>Buy it directly from the manufacturer!<\/strong><\/h5>\n","protected":false},"featured_media":3279,"comment_status":"open","ping_status":"closed","template":"","meta":{"_monsterinsights_skip_tracking":false,"_monsterinsights_sitenote_active":false,"_monsterinsights_sitenote_note":"","_monsterinsights_sitenote_category":0},"product_cat":[163],"product_tag":[],"acf":[],"yoast_head":"<!-- This site is optimized with the Yoast SEO plugin v18.9 - https:\/\/yoast.com\/wordpress\/plugins\/seo\/ -->\n<title>Lamp post | Moh\u00e1csi Vas\u00f6nt\u00f6de<\/title>\n<meta name=\"description\" content=\"High quality, first class cast iron lamp post from the manufacturer. They can be used in public places, for decorating the environment. In unique designe.\" \/>\n<meta name=\"robots\" content=\"index, follow, max-snippet:-1, max-image-preview:large, max-video-preview:-1\" \/>\n<link rel=\"canonical\" href=\"https:\/\/vasontode.hu\/en\/product\/kandelaber-oszlop\/\" \/>\n<meta property=\"og:locale\" content=\"en_US\" \/>\n<meta property=\"og:type\" content=\"article\" \/>\n<meta property=\"og:title\" content=\"Lamp post | Moh\u00e1csi Vas\u00f6nt\u00f6de\" \/>\n<meta property=\"og:description\" content=\"High quality, first class cast iron lamp post from the manufacturer. They can be used in public places, for decorating the environment. In unique designe.\" \/>\n<meta property=\"og:url\" content=\"https:\/\/vasontode.hu\/en\/product\/kandelaber-oszlop\/\" \/>\n<meta property=\"og:site_name\" content=\"Moh\u00e1csi Vas\u00f6nt\u00f6de\" \/>\n<meta property=\"article:modified_time\" content=\"2016-06-14T09:27:10+00:00\" \/>\n<meta property=\"og:image\" content=\"https:\/\/vasontode.hu\/app\/uploads\/Kandel\u00e1ber-oszlop.jpg\" \/>\n\t<meta property=\"og:image:width\" content=\"800\" \/>\n\t<meta property=\"og:image:height\" content=\"1200\" \/>\n\t<meta property=\"og:image:type\" content=\"image\/jpeg\" \/>\n<meta name=\"twitter:label1\" content=\"Est. reading time\" \/>\n\t<meta name=\"twitter:data1\" content=\"1 minute\" \/>\n<script type=\"application\/ld+json\" class=\"yoast-schema-graph\">{\"@context\":\"https:\/\/schema.org\",\"@graph\":[{\"@type\":\"WebSite\",\"@id\":\"https:\/\/vasontode.hu\/#website\",\"url\":\"https:\/\/vasontode.hu\/\",\"name\":\"Moh\u00e1csi Vas\u00f6nt\u00f6de\",\"description\":\"Egyedi \u00f6ntv\u00e9ny, kettlebell, szerelv\u00e9nyek, t\u0171zcsapok\",\"potentialAction\":[{\"@type\":\"SearchAction\",\"target\":{\"@type\":\"EntryPoint\",\"urlTemplate\":\"https:\/\/vasontode.hu\/?s={search_term_string}\"},\"query-input\":\"required name=search_term_string\"}],\"inLanguage\":\"en-US\"},{\"@type\":\"ImageObject\",\"inLanguage\":\"en-US\",\"@id\":\"https:\/\/vasontode.hu\/en\/product\/kandelaber-oszlop\/#primaryimage\",\"url\":\"https:\/\/vasontode.hu\/app\/uploads\/Kandel\u00e1ber-oszlop.jpg\",\"contentUrl\":\"https:\/\/vasontode.hu\/app\/uploads\/Kandel\u00e1ber-oszlop.jpg\",\"width\":800,\"height\":1200},{\"@type\":\"WebPage\",\"@id\":\"https:\/\/vasontode.hu\/en\/product\/kandelaber-oszlop\/#webpage\",\"url\":\"https:\/\/vasontode.hu\/en\/product\/kandelaber-oszlop\/\",\"name\":\"Lamp post | Moh\u00e1csi Vas\u00f6nt\u00f6de\",\"isPartOf\":{\"@id\":\"https:\/\/vasontode.hu\/#website\"},\"primaryImageOfPage\":{\"@id\":\"https:\/\/vasontode.hu\/en\/product\/kandelaber-oszlop\/#primaryimage\"},\"datePublished\":\"2016-04-08T11:31:13+00:00\",\"dateModified\":\"2016-06-14T09:27:10+00:00\",\"description\":\"High quality, first class cast iron lamp post from the manufacturer. They can be used in public places, for decorating the environment. In unique designe.\",\"breadcrumb\":{\"@id\":\"https:\/\/vasontode.hu\/en\/product\/kandelaber-oszlop\/#breadcrumb\"},\"inLanguage\":\"en-US\",\"potentialAction\":[{\"@type\":\"ReadAction\",\"target\":[\"https:\/\/vasontode.hu\/en\/product\/kandelaber-oszlop\/\"]}]},{\"@type\":\"BreadcrumbList\",\"@id\":\"https:\/\/vasontode.hu\/en\/product\/kandelaber-oszlop\/#breadcrumb\",\"itemListElement\":[{\"@type\":\"ListItem\",\"position\":1,\"name\":\"Kezd\u0151lap\",\"item\":\"https:\/\/vasontode.hu\/en\/\"},{\"@type\":\"ListItem\",\"position\":2,\"name\":\"Term\u00e9kek\",\"item\":\"https:\/\/vasontode.hu\/termekek\/\"},{\"@type\":\"ListItem\",\"position\":3,\"name\":\"Lamp post\"}]}]}<\/script>\n<!-- \/ Yoast SEO plugin. -->","yoast_head_json":{"title":"Lamp post | Moh\u00e1csi Vas\u00f6nt\u00f6de","description":"High quality, first class cast iron lamp post from the manufacturer. They can be used in public places, for decorating the environment. In unique designe.","robots":{"index":"index","follow":"follow","max-snippet":"max-snippet:-1","max-image-preview":"max-image-preview:large","max-video-preview":"max-video-preview:-1"},"canonical":"https:\/\/vasontode.hu\/en\/product\/kandelaber-oszlop\/","og_locale":"en_US","og_type":"article","og_title":"Lamp post | Moh\u00e1csi Vas\u00f6nt\u00f6de","og_description":"High quality, first class cast iron lamp post from the manufacturer. They can be used in public places, for decorating the environment. In unique designe.","og_url":"https:\/\/vasontode.hu\/en\/product\/kandelaber-oszlop\/","og_site_name":"Moh\u00e1csi Vas\u00f6nt\u00f6de","article_modified_time":"2016-06-14T09:27:10+00:00","og_image":[{"width":800,"height":1200,"url":"https:\/\/vasontode.hu\/app\/uploads\/Kandel\u00e1ber-oszlop.jpg","type":"image\/jpeg"}],"twitter_misc":{"Est. reading time":"1 minute"},"schema":{"@context":"https:\/\/schema.org","@graph":[{"@type":"WebSite","@id":"https:\/\/vasontode.hu\/#website","url":"https:\/\/vasontode.hu\/","name":"Moh\u00e1csi Vas\u00f6nt\u00f6de","description":"Egyedi \u00f6ntv\u00e9ny, kettlebell, szerelv\u00e9nyek, t\u0171zcsapok","potentialAction":[{"@type":"SearchAction","target":{"@type":"EntryPoint","urlTemplate":"https:\/\/vasontode.hu\/?s={search_term_string}"},"query-input":"required name=search_term_string"}],"inLanguage":"en-US"},{"@type":"ImageObject","inLanguage":"en-US","@id":"https:\/\/vasontode.hu\/en\/product\/kandelaber-oszlop\/#primaryimage","url":"https:\/\/vasontode.hu\/app\/uploads\/Kandel\u00e1ber-oszlop.jpg","contentUrl":"https:\/\/vasontode.hu\/app\/uploads\/Kandel\u00e1ber-oszlop.jpg","width":800,"height":1200},{"@type":"WebPage","@id":"https:\/\/vasontode.hu\/en\/product\/kandelaber-oszlop\/#webpage","url":"https:\/\/vasontode.hu\/en\/product\/kandelaber-oszlop\/","name":"Lamp post | Moh\u00e1csi Vas\u00f6nt\u00f6de","isPartOf":{"@id":"https:\/\/vasontode.hu\/#website"},"primaryImageOfPage":{"@id":"https:\/\/vasontode.hu\/en\/product\/kandelaber-oszlop\/#primaryimage"},"datePublished":"2016-04-08T11:31:13+00:00","dateModified":"2016-06-14T09:27:10+00:00","description":"High quality, first class cast iron lamp post from the manufacturer. They can be used in public places, for decorating the environment. In unique designe.","breadcrumb":{"@id":"https:\/\/vasontode.hu\/en\/product\/kandelaber-oszlop\/#breadcrumb"},"inLanguage":"en-US","potentialAction":[{"@type":"ReadAction","target":["https:\/\/vasontode.hu\/en\/product\/kandelaber-oszlop\/"]}]},{"@type":"BreadcrumbList","@id":"https:\/\/vasontode.hu\/en\/product\/kandelaber-oszlop\/#breadcrumb","itemListElement":[{"@type":"ListItem","position":1,"name":"Kezd\u0151lap","item":"https:\/\/vasontode.hu\/en\/"},{"@type":"ListItem","position":2,"name":"Term\u00e9kek","item":"https:\/\/vasontode.hu\/termekek\/"},{"@type":"ListItem","position":3,"name":"Lamp post"}]}]}},"_links":{"self":[{"href":"https:\/\/vasontode.hu\/en\/wp-json\/wp\/v2\/product\/3313"}],"collection":[{"href":"https:\/\/vasontode.hu\/en\/wp-json\/wp\/v2\/product"}],"about":[{"href":"https:\/\/vasontode.hu\/en\/wp-json\/wp\/v2\/types\/product"}],"replies":[{"embeddable":true,"href":"https:\/\/vasontode.hu\/en\/wp-json\/wp\/v2\/comments?post=3313"}],"wp:featuredmedia":[{"embeddable":true,"href":"https:\/\/vasontode.hu\/en\/wp-json\/wp\/v2\/media\/3279"}],"wp:attachment":[{"href":"https:\/\/vasontode.hu\/en\/wp-json\/wp\/v2\/media?parent=3313"}],"wp:term":[{"taxonomy":"product_cat","embeddable":true,"href":"https:\/\/vasontode.hu\/en\/wp-json\/wp\/v2\/product_cat?post=3313"},{"taxonomy":"product_tag","embeddable":true,"href":"https:\/\/vasontode.hu\/en\/wp-json\/wp\/v2\/product_tag?post=3313"}],"curies":[{"name":"wp","href":"https:\/\/api.w.org\/{rel}","templated":true}]}}