{"id":3314,"date":"2016-04-08T13:25:56","date_gmt":"2016-04-08T11:25:56","guid":{"rendered":"https:\/\/vasontode.hu\/en\/product\/kettlebell-giri-suly\/"},"modified":"2016-06-14T12:13:27","modified_gmt":"2016-06-14T10:13:27","slug":"kettlebell-giri-suly","status":"publish","type":"product","link":"https:\/\/vasontode.hu\/en\/product\/kettlebell-giri-suly\/","title":{"rendered":"Kettlebell"},"content":{"rendered":"<h3><em><strong>Kettlebell (Giri, Girja)<\/strong><\/em><\/h3>\n<h4><strong>Fields of application:<\/strong><\/h4>\n<ul>\n<li>\n<h5>It is most recommended for people wishig to lose weight. As it burns fat very fast and improves circulation.<\/h5>\n<\/li>\n<li>\n<h5>Besides, it is highly recommended to those wanting to develop muscles \u2013 beside intensive workout you can be achive visible result within few weeks.<\/h5>\n<\/li>\n<\/ul>\n<h4><strong>Technical data:<\/strong><\/h4>\n<h5><strong>Material quality:<\/strong> EN-GJL-200 (grey cast iron).<\/h5>\n<h4><strong>Available versions:<\/strong><\/h4>\n<h5>16, 24, and 32 kg<\/h5>\n<h4><strong>Notes:<\/strong><\/h4>\n<ul>\n<li>\n<h5>Upon request we can provide it in painted designe.<\/h5>\n<\/li>\n<li>\n<h5>It come out in ergonomic designe with non-skidding surface.<\/h5>\n<\/li>\n<li>\n<h5><span style=\"color: inherit; font-family: inherit; line-height: 1.1;\">In case you are looking for a unique item, we can help you with planning, with preparing patterns and the production itself.<\/span><\/h5>\n<\/li>\n<li>\n<h5><span style=\"color: inherit; font-family: inherit; line-height: 1.1;\">We offer mould pattern production, as well as hand-casting, and satisfy client demands irrespective of how small quantities or unique products they require.<\/span><\/h5>\n<\/li>\n<li>\n<h5 style=\"text-align: center;\"><\/h5>\n<\/li>\n<\/ul>\n","protected":false},"excerpt":{"rendered":"<p>Kettlebell (Giri, Girja) Fields of application: It is most recommended for people wishig to lose weight. As it burns fat very fast and improves circulation. Besides, it is highly recommended to those wanting to develop muscles \u2013 beside intensive workout you can be achive visible result within few weeks. Technical data: Material quality: EN-GJL-200 (grey &hellip; <a href=\"https:\/\/vasontode.hu\/en\/product\/kettlebell-giri-suly\/\">Continued<\/a><\/p>\n","protected":false},"featured_media":3163,"comment_status":"open","ping_status":"closed","template":"","meta":{"_monsterinsights_skip_tracking":false,"_monsterinsights_sitenote_active":false,"_monsterinsights_sitenote_note":"","_monsterinsights_sitenote_category":0},"product_cat":[164],"product_tag":[],"acf":[],"yoast_head":"<!-- This site is optimized with the Yoast SEO plugin v18.9 - https:\/\/yoast.com\/wordpress\/plugins\/seo\/ -->\n<title>Kettlebell | Moh\u00e1csi Vas\u00f6nt\u00f6de<\/title>\n<meta name=\"description\" content=\"Kettlebell \u00f6nt\u00f6ttvas s\u00faly.\u00a0Legf\u0151k\u00e9ppen fogyni v\u00e1gy\u00f3knak lehet aj\u00e1nlani, hiszen nagyon gyorsan \u00e9geti a zs\u00edrt \u00e9s ek\u00f6zben jav\u00edtja a v\u00e9rkering\u00e9st.\" \/>\n<meta name=\"robots\" content=\"index, follow, max-snippet:-1, max-image-preview:large, max-video-preview:-1\" \/>\n<link rel=\"canonical\" href=\"https:\/\/vasontode.hu\/en\/product\/kettlebell-giri-suly\/\" \/>\n<meta property=\"og:locale\" content=\"en_US\" \/>\n<meta property=\"og:type\" content=\"article\" \/>\n<meta property=\"og:title\" content=\"Kettlebell | Moh\u00e1csi Vas\u00f6nt\u00f6de\" \/>\n<meta property=\"og:description\" content=\"Kettlebell \u00f6nt\u00f6ttvas s\u00faly.\u00a0Legf\u0151k\u00e9ppen fogyni v\u00e1gy\u00f3knak lehet aj\u00e1nlani, hiszen nagyon gyorsan \u00e9geti a zs\u00edrt \u00e9s ek\u00f6zben jav\u00edtja a v\u00e9rkering\u00e9st.\" \/>\n<meta property=\"og:url\" content=\"https:\/\/vasontode.hu\/en\/product\/kettlebell-giri-suly\/\" \/>\n<meta property=\"og:site_name\" content=\"Moh\u00e1csi Vas\u00f6nt\u00f6de\" \/>\n<meta property=\"article:modified_time\" content=\"2016-06-14T10:13:27+00:00\" \/>\n<meta property=\"og:image\" content=\"https:\/\/vasontode.hu\/app\/uploads\/IMG_1887jv.jpg\" \/>\n\t<meta property=\"og:image:width\" content=\"1728\" \/>\n\t<meta property=\"og:image:height\" content=\"1762\" \/>\n\t<meta property=\"og:image:type\" content=\"image\/jpeg\" \/>\n<meta name=\"twitter:label1\" content=\"Est. reading time\" \/>\n\t<meta name=\"twitter:data1\" content=\"1 minute\" \/>\n<script type=\"application\/ld+json\" class=\"yoast-schema-graph\">{\"@context\":\"https:\/\/schema.org\",\"@graph\":[{\"@type\":\"WebSite\",\"@id\":\"https:\/\/vasontode.hu\/#website\",\"url\":\"https:\/\/vasontode.hu\/\",\"name\":\"Moh\u00e1csi Vas\u00f6nt\u00f6de\",\"description\":\"Egyedi \u00f6ntv\u00e9ny, kettlebell, szerelv\u00e9nyek, t\u0171zcsapok\",\"potentialAction\":[{\"@type\":\"SearchAction\",\"target\":{\"@type\":\"EntryPoint\",\"urlTemplate\":\"https:\/\/vasontode.hu\/?s={search_term_string}\"},\"query-input\":\"required name=search_term_string\"}],\"inLanguage\":\"en-US\"},{\"@type\":\"ImageObject\",\"inLanguage\":\"en-US\",\"@id\":\"https:\/\/vasontode.hu\/en\/product\/kettlebell-giri-suly\/#primaryimage\",\"url\":\"https:\/\/vasontode.hu\/app\/uploads\/IMG_1887jv.jpg\",\"contentUrl\":\"https:\/\/vasontode.hu\/app\/uploads\/IMG_1887jv.jpg\",\"width\":1728,\"height\":1762},{\"@type\":\"WebPage\",\"@id\":\"https:\/\/vasontode.hu\/en\/product\/kettlebell-giri-suly\/#webpage\",\"url\":\"https:\/\/vasontode.hu\/en\/product\/kettlebell-giri-suly\/\",\"name\":\"Kettlebell | Moh\u00e1csi Vas\u00f6nt\u00f6de\",\"isPartOf\":{\"@id\":\"https:\/\/vasontode.hu\/#website\"},\"primaryImageOfPage\":{\"@id\":\"https:\/\/vasontode.hu\/en\/product\/kettlebell-giri-suly\/#primaryimage\"},\"datePublished\":\"2016-04-08T11:25:56+00:00\",\"dateModified\":\"2016-06-14T10:13:27+00:00\",\"description\":\"Kettlebell \u00f6nt\u00f6ttvas s\u00faly.\u00a0Legf\u0151k\u00e9ppen fogyni v\u00e1gy\u00f3knak lehet aj\u00e1nlani, hiszen nagyon gyorsan \u00e9geti a zs\u00edrt \u00e9s ek\u00f6zben jav\u00edtja a v\u00e9rkering\u00e9st.\",\"breadcrumb\":{\"@id\":\"https:\/\/vasontode.hu\/en\/product\/kettlebell-giri-suly\/#breadcrumb\"},\"inLanguage\":\"en-US\",\"potentialAction\":[{\"@type\":\"ReadAction\",\"target\":[\"https:\/\/vasontode.hu\/en\/product\/kettlebell-giri-suly\/\"]}]},{\"@type\":\"BreadcrumbList\",\"@id\":\"https:\/\/vasontode.hu\/en\/product\/kettlebell-giri-suly\/#breadcrumb\",\"itemListElement\":[{\"@type\":\"ListItem\",\"position\":1,\"name\":\"Kezd\u0151lap\",\"item\":\"https:\/\/vasontode.hu\/en\/\"},{\"@type\":\"ListItem\",\"position\":2,\"name\":\"Term\u00e9kek\",\"item\":\"https:\/\/vasontode.hu\/termekek\/\"},{\"@type\":\"ListItem\",\"position\":3,\"name\":\"Kettlebell\"}]}]}<\/script>\n<!-- \/ Yoast SEO plugin. -->","yoast_head_json":{"title":"Kettlebell | Moh\u00e1csi Vas\u00f6nt\u00f6de","description":"Kettlebell \u00f6nt\u00f6ttvas s\u00faly.\u00a0Legf\u0151k\u00e9ppen fogyni v\u00e1gy\u00f3knak lehet aj\u00e1nlani, hiszen nagyon gyorsan \u00e9geti a zs\u00edrt \u00e9s ek\u00f6zben jav\u00edtja a v\u00e9rkering\u00e9st.","robots":{"index":"index","follow":"follow","max-snippet":"max-snippet:-1","max-image-preview":"max-image-preview:large","max-video-preview":"max-video-preview:-1"},"canonical":"https:\/\/vasontode.hu\/en\/product\/kettlebell-giri-suly\/","og_locale":"en_US","og_type":"article","og_title":"Kettlebell | Moh\u00e1csi Vas\u00f6nt\u00f6de","og_description":"Kettlebell \u00f6nt\u00f6ttvas s\u00faly.\u00a0Legf\u0151k\u00e9ppen fogyni v\u00e1gy\u00f3knak lehet aj\u00e1nlani, hiszen nagyon gyorsan \u00e9geti a zs\u00edrt \u00e9s ek\u00f6zben jav\u00edtja a v\u00e9rkering\u00e9st.","og_url":"https:\/\/vasontode.hu\/en\/product\/kettlebell-giri-suly\/","og_site_name":"Moh\u00e1csi Vas\u00f6nt\u00f6de","article_modified_time":"2016-06-14T10:13:27+00:00","og_image":[{"width":1728,"height":1762,"url":"https:\/\/vasontode.hu\/app\/uploads\/IMG_1887jv.jpg","type":"image\/jpeg"}],"twitter_misc":{"Est. reading time":"1 minute"},"schema":{"@context":"https:\/\/schema.org","@graph":[{"@type":"WebSite","@id":"https:\/\/vasontode.hu\/#website","url":"https:\/\/vasontode.hu\/","name":"Moh\u00e1csi Vas\u00f6nt\u00f6de","description":"Egyedi \u00f6ntv\u00e9ny, kettlebell, szerelv\u00e9nyek, t\u0171zcsapok","potentialAction":[{"@type":"SearchAction","target":{"@type":"EntryPoint","urlTemplate":"https:\/\/vasontode.hu\/?s={search_term_string}"},"query-input":"required name=search_term_string"}],"inLanguage":"en-US"},{"@type":"ImageObject","inLanguage":"en-US","@id":"https:\/\/vasontode.hu\/en\/product\/kettlebell-giri-suly\/#primaryimage","url":"https:\/\/vasontode.hu\/app\/uploads\/IMG_1887jv.jpg","contentUrl":"https:\/\/vasontode.hu\/app\/uploads\/IMG_1887jv.jpg","width":1728,"height":1762},{"@type":"WebPage","@id":"https:\/\/vasontode.hu\/en\/product\/kettlebell-giri-suly\/#webpage","url":"https:\/\/vasontode.hu\/en\/product\/kettlebell-giri-suly\/","name":"Kettlebell | Moh\u00e1csi Vas\u00f6nt\u00f6de","isPartOf":{"@id":"https:\/\/vasontode.hu\/#website"},"primaryImageOfPage":{"@id":"https:\/\/vasontode.hu\/en\/product\/kettlebell-giri-suly\/#primaryimage"},"datePublished":"2016-04-08T11:25:56+00:00","dateModified":"2016-06-14T10:13:27+00:00","description":"Kettlebell \u00f6nt\u00f6ttvas s\u00faly.\u00a0Legf\u0151k\u00e9ppen fogyni v\u00e1gy\u00f3knak lehet aj\u00e1nlani, hiszen nagyon gyorsan \u00e9geti a zs\u00edrt \u00e9s ek\u00f6zben jav\u00edtja a v\u00e9rkering\u00e9st.","breadcrumb":{"@id":"https:\/\/vasontode.hu\/en\/product\/kettlebell-giri-suly\/#breadcrumb"},"inLanguage":"en-US","potentialAction":[{"@type":"ReadAction","target":["https:\/\/vasontode.hu\/en\/product\/kettlebell-giri-suly\/"]}]},{"@type":"BreadcrumbList","@id":"https:\/\/vasontode.hu\/en\/product\/kettlebell-giri-suly\/#breadcrumb","itemListElement":[{"@type":"ListItem","position":1,"name":"Kezd\u0151lap","item":"https:\/\/vasontode.hu\/en\/"},{"@type":"ListItem","position":2,"name":"Term\u00e9kek","item":"https:\/\/vasontode.hu\/termekek\/"},{"@type":"ListItem","position":3,"name":"Kettlebell"}]}]}},"_links":{"self":[{"href":"https:\/\/vasontode.hu\/en\/wp-json\/wp\/v2\/product\/3314"}],"collection":[{"href":"https:\/\/vasontode.hu\/en\/wp-json\/wp\/v2\/product"}],"about":[{"href":"https:\/\/vasontode.hu\/en\/wp-json\/wp\/v2\/types\/product"}],"replies":[{"embeddable":true,"href":"https:\/\/vasontode.hu\/en\/wp-json\/wp\/v2\/comments?post=3314"}],"wp:featuredmedia":[{"embeddable":true,"href":"https:\/\/vasontode.hu\/en\/wp-json\/wp\/v2\/media\/3163"}],"wp:attachment":[{"href":"https:\/\/vasontode.hu\/en\/wp-json\/wp\/v2\/media?parent=3314"}],"wp:term":[{"taxonomy":"product_cat","embeddable":true,"href":"https:\/\/vasontode.hu\/en\/wp-json\/wp\/v2\/product_cat?post=3314"},{"taxonomy":"product_tag","embeddable":true,"href":"https:\/\/vasontode.hu\/en\/wp-json\/wp\/v2\/product_tag?post=3314"}],"curies":[{"name":"wp","href":"https:\/\/api.w.org\/{rel}","templated":true}]}}