{"id":3315,"date":"2016-04-08T11:40:36","date_gmt":"2016-04-08T09:40:36","guid":{"rendered":"https:\/\/vasontode.hu\/en\/product\/osztott-ontveny-serpenyo-560-mm\/"},"modified":"2016-06-14T14:14:08","modified_gmt":"2016-06-14T12:14:08","slug":"osztott-ontveny-serpenyo-560-mm","status":"publish","type":"product","link":"https:\/\/vasontode.hu\/en\/product\/osztott-ontveny-serpenyo-560-mm\/","title":{"rendered":"Cast iron divided pan 560 mm"},"content":{"rendered":"<h3><em><strong>Cast iron divided pan \u00d8560mm<\/strong><\/em><\/h3>\n<p>&nbsp;<\/p>\n<h4><strong>Application: <\/strong><\/h4>\n<h5>It can be used for outdoor BBQs. It can be placed either on a pre-made support with gas-burner or used on bonfire.<\/h5>\n<h4><strong>Features: <\/strong><\/h4>\n<h5>It conducts heat very well and evenly. <strong>Warning! The hot disc shouldn\u2019t touch cold water.<\/strong><\/h5>\n<h4><strong>Material quality: <\/strong><\/h4>\n<h5>EN-GJL-200 (grey cast iron)<\/h5>\n<h4><strong>Iron cast finishing process: <\/strong><\/h4>\n<h5>Finishing process includes grinding and sand blasting. Upon request we can provide it painted.<\/h5>\n<h4><strong>Weight: <\/strong><\/h4>\n<h5>34 kg<\/h5>\n<h4><strong>Note:<\/strong><\/h4>\n<ul>\n<li>\n<h5>In case you are looking for a unique item, we can help you with planning, with preparing patterns and the production itself.<\/h5>\n<\/li>\n<li>\n<h5>We offer mould pattern production, as well as hand-casting, and satisfy client demands irrespective of how small quantities or unique products they require.<\/h5>\n<\/li>\n<\/ul>\n<p>&nbsp;<\/p>\n<h5 style=\"text-align: center;\"><\/h5>\n","protected":false},"excerpt":{"rendered":"<h5>Cast iron pan that is perfectly suitable for outdoor BBQs with family and friends.<\/h5>\n<h5><strong>Buy it directly from the manufacturer!<\/strong><\/h5>\n","protected":false},"featured_media":3139,"comment_status":"open","ping_status":"closed","template":"","meta":{"_monsterinsights_skip_tracking":false,"_monsterinsights_sitenote_active":false,"_monsterinsights_sitenote_note":"","_monsterinsights_sitenote_category":0},"product_cat":[169],"product_tag":[],"acf":[],"yoast_head":"<!-- This site is optimized with the Yoast SEO plugin v18.9 - https:\/\/yoast.com\/wordpress\/plugins\/seo\/ -->\n<title>Cast iron divided pan 560 mm | Moh\u00e1csi Vas\u00f6nt\u00f6de<\/title>\n<meta name=\"description\" content=\"Cast iron divided pan that is perfectly suitable for outdoor BBQs with family and friends. Buy it directly from the manufacturer!\" \/>\n<meta name=\"robots\" content=\"index, follow, max-snippet:-1, max-image-preview:large, max-video-preview:-1\" \/>\n<link rel=\"canonical\" href=\"https:\/\/vasontode.hu\/en\/product\/osztott-ontveny-serpenyo-560-mm\/\" \/>\n<meta property=\"og:locale\" content=\"en_US\" \/>\n<meta property=\"og:type\" content=\"article\" \/>\n<meta property=\"og:title\" content=\"Cast iron divided pan 560 mm | Moh\u00e1csi Vas\u00f6nt\u00f6de\" \/>\n<meta property=\"og:description\" content=\"Cast iron divided pan that is perfectly suitable for outdoor BBQs with family and friends. Buy it directly from the manufacturer!\" \/>\n<meta property=\"og:url\" content=\"https:\/\/vasontode.hu\/en\/product\/osztott-ontveny-serpenyo-560-mm\/\" \/>\n<meta property=\"og:site_name\" content=\"Moh\u00e1csi Vas\u00f6nt\u00f6de\" \/>\n<meta property=\"article:modified_time\" content=\"2016-06-14T12:14:08+00:00\" \/>\n<meta property=\"og:image\" content=\"https:\/\/vasontode.hu\/app\/uploads\/IMG_1130jj1.jpg\" \/>\n\t<meta property=\"og:image:width\" content=\"1696\" \/>\n\t<meta property=\"og:image:height\" content=\"1446\" \/>\n\t<meta property=\"og:image:type\" content=\"image\/jpeg\" \/>\n<meta name=\"twitter:label1\" content=\"Est. reading time\" \/>\n\t<meta name=\"twitter:data1\" content=\"1 minute\" \/>\n<script type=\"application\/ld+json\" class=\"yoast-schema-graph\">{\"@context\":\"https:\/\/schema.org\",\"@graph\":[{\"@type\":\"WebSite\",\"@id\":\"https:\/\/vasontode.hu\/#website\",\"url\":\"https:\/\/vasontode.hu\/\",\"name\":\"Moh\u00e1csi Vas\u00f6nt\u00f6de\",\"description\":\"Egyedi \u00f6ntv\u00e9ny, kettlebell, szerelv\u00e9nyek, t\u0171zcsapok\",\"potentialAction\":[{\"@type\":\"SearchAction\",\"target\":{\"@type\":\"EntryPoint\",\"urlTemplate\":\"https:\/\/vasontode.hu\/?s={search_term_string}\"},\"query-input\":\"required name=search_term_string\"}],\"inLanguage\":\"en-US\"},{\"@type\":\"ImageObject\",\"inLanguage\":\"en-US\",\"@id\":\"https:\/\/vasontode.hu\/en\/product\/osztott-ontveny-serpenyo-560-mm\/#primaryimage\",\"url\":\"https:\/\/vasontode.hu\/app\/uploads\/IMG_1130jj1.jpg\",\"contentUrl\":\"https:\/\/vasontode.hu\/app\/uploads\/IMG_1130jj1.jpg\",\"width\":1696,\"height\":1446},{\"@type\":\"WebPage\",\"@id\":\"https:\/\/vasontode.hu\/en\/product\/osztott-ontveny-serpenyo-560-mm\/#webpage\",\"url\":\"https:\/\/vasontode.hu\/en\/product\/osztott-ontveny-serpenyo-560-mm\/\",\"name\":\"Cast iron divided pan 560 mm | Moh\u00e1csi Vas\u00f6nt\u00f6de\",\"isPartOf\":{\"@id\":\"https:\/\/vasontode.hu\/#website\"},\"primaryImageOfPage\":{\"@id\":\"https:\/\/vasontode.hu\/en\/product\/osztott-ontveny-serpenyo-560-mm\/#primaryimage\"},\"datePublished\":\"2016-04-08T09:40:36+00:00\",\"dateModified\":\"2016-06-14T12:14:08+00:00\",\"description\":\"Cast iron divided pan that is perfectly suitable for outdoor BBQs with family and friends. Buy it directly from the manufacturer!\",\"breadcrumb\":{\"@id\":\"https:\/\/vasontode.hu\/en\/product\/osztott-ontveny-serpenyo-560-mm\/#breadcrumb\"},\"inLanguage\":\"en-US\",\"potentialAction\":[{\"@type\":\"ReadAction\",\"target\":[\"https:\/\/vasontode.hu\/en\/product\/osztott-ontveny-serpenyo-560-mm\/\"]}]},{\"@type\":\"BreadcrumbList\",\"@id\":\"https:\/\/vasontode.hu\/en\/product\/osztott-ontveny-serpenyo-560-mm\/#breadcrumb\",\"itemListElement\":[{\"@type\":\"ListItem\",\"position\":1,\"name\":\"Kezd\u0151lap\",\"item\":\"https:\/\/vasontode.hu\/en\/\"},{\"@type\":\"ListItem\",\"position\":2,\"name\":\"Term\u00e9kek\",\"item\":\"https:\/\/vasontode.hu\/termekek\/\"},{\"@type\":\"ListItem\",\"position\":3,\"name\":\"Cast iron divided pan 560 mm\"}]}]}<\/script>\n<!-- \/ Yoast SEO plugin. -->","yoast_head_json":{"title":"Cast iron divided pan 560 mm | Moh\u00e1csi Vas\u00f6nt\u00f6de","description":"Cast iron divided pan that is perfectly suitable for outdoor BBQs with family and friends. Buy it directly from the manufacturer!","robots":{"index":"index","follow":"follow","max-snippet":"max-snippet:-1","max-image-preview":"max-image-preview:large","max-video-preview":"max-video-preview:-1"},"canonical":"https:\/\/vasontode.hu\/en\/product\/osztott-ontveny-serpenyo-560-mm\/","og_locale":"en_US","og_type":"article","og_title":"Cast iron divided pan 560 mm | Moh\u00e1csi Vas\u00f6nt\u00f6de","og_description":"Cast iron divided pan that is perfectly suitable for outdoor BBQs with family and friends. Buy it directly from the manufacturer!","og_url":"https:\/\/vasontode.hu\/en\/product\/osztott-ontveny-serpenyo-560-mm\/","og_site_name":"Moh\u00e1csi Vas\u00f6nt\u00f6de","article_modified_time":"2016-06-14T12:14:08+00:00","og_image":[{"width":1696,"height":1446,"url":"https:\/\/vasontode.hu\/app\/uploads\/IMG_1130jj1.jpg","type":"image\/jpeg"}],"twitter_misc":{"Est. reading time":"1 minute"},"schema":{"@context":"https:\/\/schema.org","@graph":[{"@type":"WebSite","@id":"https:\/\/vasontode.hu\/#website","url":"https:\/\/vasontode.hu\/","name":"Moh\u00e1csi Vas\u00f6nt\u00f6de","description":"Egyedi \u00f6ntv\u00e9ny, kettlebell, szerelv\u00e9nyek, t\u0171zcsapok","potentialAction":[{"@type":"SearchAction","target":{"@type":"EntryPoint","urlTemplate":"https:\/\/vasontode.hu\/?s={search_term_string}"},"query-input":"required name=search_term_string"}],"inLanguage":"en-US"},{"@type":"ImageObject","inLanguage":"en-US","@id":"https:\/\/vasontode.hu\/en\/product\/osztott-ontveny-serpenyo-560-mm\/#primaryimage","url":"https:\/\/vasontode.hu\/app\/uploads\/IMG_1130jj1.jpg","contentUrl":"https:\/\/vasontode.hu\/app\/uploads\/IMG_1130jj1.jpg","width":1696,"height":1446},{"@type":"WebPage","@id":"https:\/\/vasontode.hu\/en\/product\/osztott-ontveny-serpenyo-560-mm\/#webpage","url":"https:\/\/vasontode.hu\/en\/product\/osztott-ontveny-serpenyo-560-mm\/","name":"Cast iron divided pan 560 mm | Moh\u00e1csi Vas\u00f6nt\u00f6de","isPartOf":{"@id":"https:\/\/vasontode.hu\/#website"},"primaryImageOfPage":{"@id":"https:\/\/vasontode.hu\/en\/product\/osztott-ontveny-serpenyo-560-mm\/#primaryimage"},"datePublished":"2016-04-08T09:40:36+00:00","dateModified":"2016-06-14T12:14:08+00:00","description":"Cast iron divided pan that is perfectly suitable for outdoor BBQs with family and friends. Buy it directly from the manufacturer!","breadcrumb":{"@id":"https:\/\/vasontode.hu\/en\/product\/osztott-ontveny-serpenyo-560-mm\/#breadcrumb"},"inLanguage":"en-US","potentialAction":[{"@type":"ReadAction","target":["https:\/\/vasontode.hu\/en\/product\/osztott-ontveny-serpenyo-560-mm\/"]}]},{"@type":"BreadcrumbList","@id":"https:\/\/vasontode.hu\/en\/product\/osztott-ontveny-serpenyo-560-mm\/#breadcrumb","itemListElement":[{"@type":"ListItem","position":1,"name":"Kezd\u0151lap","item":"https:\/\/vasontode.hu\/en\/"},{"@type":"ListItem","position":2,"name":"Term\u00e9kek","item":"https:\/\/vasontode.hu\/termekek\/"},{"@type":"ListItem","position":3,"name":"Cast iron divided pan 560 mm"}]}]}},"_links":{"self":[{"href":"https:\/\/vasontode.hu\/en\/wp-json\/wp\/v2\/product\/3315"}],"collection":[{"href":"https:\/\/vasontode.hu\/en\/wp-json\/wp\/v2\/product"}],"about":[{"href":"https:\/\/vasontode.hu\/en\/wp-json\/wp\/v2\/types\/product"}],"replies":[{"embeddable":true,"href":"https:\/\/vasontode.hu\/en\/wp-json\/wp\/v2\/comments?post=3315"}],"wp:featuredmedia":[{"embeddable":true,"href":"https:\/\/vasontode.hu\/en\/wp-json\/wp\/v2\/media\/3139"}],"wp:attachment":[{"href":"https:\/\/vasontode.hu\/en\/wp-json\/wp\/v2\/media?parent=3315"}],"wp:term":[{"taxonomy":"product_cat","embeddable":true,"href":"https:\/\/vasontode.hu\/en\/wp-json\/wp\/v2\/product_cat?post=3315"},{"taxonomy":"product_tag","embeddable":true,"href":"https:\/\/vasontode.hu\/en\/wp-json\/wp\/v2\/product_tag?post=3315"}],"curies":[{"name":"wp","href":"https:\/\/api.w.org\/{rel}","templated":true}]}}