{"id":3318,"date":"2016-04-08T11:32:09","date_gmt":"2016-04-08T09:32:09","guid":{"rendered":"https:\/\/vasontode.hu\/en\/product\/cambridge-henger\/"},"modified":"2016-06-14T14:41:32","modified_gmt":"2016-06-14T12:41:32","slug":"cambridge-henger","status":"publish","type":"product","link":"https:\/\/vasontode.hu\/en\/product\/cambridge-henger\/","title":{"rendered":"Cambridge roller"},"content":{"rendered":"<h3><em><strong>Cambridge roller, cleaner disc<\/strong><\/em><\/h3>\n<h4><strong>Fields of application:<\/strong><\/h4>\n<ul>\n<li>Cambridge rollers are especially suitable for additional pre-sowing soil processing, restoration of soil capillarity, crumbling of clods and surface levelling.<\/li>\n<li>They are also suitable for the soil processing after sowing &#8211; more uniform seed emergence and acceleration of vegetation.<\/li>\n<\/ul>\n<h4><strong>Technical data:<\/strong><\/h4>\n<ul>\n<li>Material quality: EN-GJL-200 (grey cast iron),<\/li>\n<li>upon request in painted designe,<\/li>\n<li>sizes in the product specification<\/li>\n<\/ul>\n<p>&nbsp;<\/p>\n<h4><em>Moreover, we aim to satisfy every demand for castings in the field of mechanical engineering, machine and part supply.<\/em><\/h4>\n<h4>Produced materials<\/h4>\n<ul>\n<li>\n<h5>Grey cast iron according to EN 1561:2000<\/h5>\n<ul>\n<li>\n<h5>EN-GJL-150\u00a0(cast iron 150, nodular graphite 15)<\/h5>\n<\/li>\n<li>\n<h5>EN-GJL-200\u00a0(cast iron 200, nodular graphite 20)<\/h5>\n<\/li>\n<li>\n<h5>EN-GJL-250 (cast iron 250, nodular graphite 25)<\/h5>\n<\/li>\n<li>\n<h5>EN-GJL-300 (cast iron 300; nodular graphite 30)\u00a0quality levels.<\/h5>\n<\/li>\n<\/ul>\n<\/li>\n<li>\n<h5>Ductile cast iron according to EN 1563:2000<\/h5>\n<ul>\n<li>\n<h5>EN-GJS-400-15<\/h5>\n<\/li>\n<li>\n<h5>EN-GJS-450-10<\/h5>\n<\/li>\n<li>\n<h5>EN-GJS-500-7<\/h5>\n<\/li>\n<li>\n<h5>EN-GJS-600-3<\/h5>\n<\/li>\n<\/ul>\n<ul>\n<li>\n<h5 style=\"color: #333333; font-family: 'Helvetica Neue', Helvetica, Arial, sans-serif; display: inline !important;\">EN-GJS-700-2\u00a0quality levels<\/h5>\n<\/li>\n<\/ul>\n<\/li>\n<\/ul>\n<p>&nbsp;<\/p>\n<h5 style=\"color: #333333; font-family: 'Helvetica Neue', Helvetica, Arial, sans-serif; display: inline !important;\"><\/h5>\n<h4><strong>Dimensions of castings produced:<\/strong><\/h4>\n<ul>\n<li style=\"color: #333333; font-family: 'Helvetica Neue', Helvetica, Arial, sans-serif;\">\n<h5>Minimum dimensions of castings are 50x50x50 mm<\/h5>\n<\/li>\n<li style=\"color: #333333; font-family: 'Helvetica Neue', Helvetica, Arial, sans-serif;\">\n<h5>Maximum dimensions of castings are 2500x1500x800 mm<\/h5>\n<\/li>\n<\/ul>\n<h4 style=\"color: #333333; font-family: 'Helvetica Neue', Helvetica, Arial, sans-serif;\"><strong>Weight limit of our castings:<\/strong><\/h4>\n<ul>\n<li style=\"color: #333333; font-family: 'Helvetica Neue', Helvetica, Arial, sans-serif;\">\n<h5>Minimum weight is 0.5 kg \/ piece<\/h5>\n<\/li>\n<li>\n<h5><span style=\"line-height: 1.42857;\">Maximum weight is up to 700 kg \/ piece<\/span><\/h5>\n<\/li>\n<\/ul>\n<h4><strong>Minimum wall thickness:<\/strong><\/h4>\n<h5>6-8 mm<\/h5>\n<h4><strong>The main qualities of castings produced in our foundry are as follows:<\/strong><\/h4>\n<ul>\n<li>\n<h5>Good machinability<\/h5>\n<\/li>\n<li>\n<h5>Good pressure resistance<\/h5>\n<\/li>\n<li>\n<h5>Good abrasion resistance<\/h5>\n<\/li>\n<li>\n<h5>Smooth surface toughness<\/h5>\n<\/li>\n<li>\n<h5>Good grindability<\/h5>\n<\/li>\n<\/ul>\n<h5 style=\"text-align: center;\"><\/h5>\n","protected":false},"excerpt":{"rendered":"<h5>Cast iron cambridge roller. It is used in agriculture as a tillage equipment.<\/h5>\n<p><strong>Buy it directly from the manufacturer!<\/strong><\/p>\n","protected":false},"featured_media":3366,"comment_status":"open","ping_status":"closed","template":"","meta":{"_monsterinsights_skip_tracking":false,"_monsterinsights_sitenote_active":false,"_monsterinsights_sitenote_note":"","_monsterinsights_sitenote_category":0},"product_cat":[166],"product_tag":[],"acf":[],"yoast_head":"<!-- This site is optimized with the Yoast SEO plugin v18.9 - https:\/\/yoast.com\/wordpress\/plugins\/seo\/ -->\n<title>Cambridge roller | Moh\u00e1csi Vas\u00f6nt\u00f6de<\/title>\n<meta name=\"description\" content=\"Cast iron cambridge roller from the manufacturer. It is used in agriculture as a tillage equipment. More than 100 years of experience.\" \/>\n<meta name=\"robots\" content=\"index, follow, max-snippet:-1, max-image-preview:large, max-video-preview:-1\" \/>\n<link rel=\"canonical\" href=\"https:\/\/vasontode.hu\/en\/product\/cambridge-henger\/\" \/>\n<meta property=\"og:locale\" content=\"en_US\" \/>\n<meta property=\"og:type\" content=\"article\" \/>\n<meta property=\"og:title\" content=\"Cambridge roller | Moh\u00e1csi Vas\u00f6nt\u00f6de\" \/>\n<meta property=\"og:description\" content=\"Cast iron cambridge roller from the manufacturer. It is used in agriculture as a tillage equipment. More than 100 years of experience.\" \/>\n<meta property=\"og:url\" content=\"https:\/\/vasontode.hu\/en\/product\/cambridge-henger\/\" \/>\n<meta property=\"og:site_name\" content=\"Moh\u00e1csi Vas\u00f6nt\u00f6de\" \/>\n<meta property=\"article:modified_time\" content=\"2016-06-14T12:41:32+00:00\" \/>\n<meta property=\"og:image\" content=\"https:\/\/vasontode.hu\/app\/uploads\/Cambridge-henger-scaled.jpg\" \/>\n\t<meta property=\"og:image:width\" content=\"2560\" \/>\n\t<meta property=\"og:image:height\" content=\"1707\" \/>\n\t<meta property=\"og:image:type\" content=\"image\/jpeg\" \/>\n<meta name=\"twitter:label1\" content=\"Est. reading time\" \/>\n\t<meta name=\"twitter:data1\" content=\"1 minute\" \/>\n<script type=\"application\/ld+json\" class=\"yoast-schema-graph\">{\"@context\":\"https:\/\/schema.org\",\"@graph\":[{\"@type\":\"WebSite\",\"@id\":\"https:\/\/vasontode.hu\/#website\",\"url\":\"https:\/\/vasontode.hu\/\",\"name\":\"Moh\u00e1csi Vas\u00f6nt\u00f6de\",\"description\":\"Egyedi \u00f6ntv\u00e9ny, kettlebell, szerelv\u00e9nyek, t\u0171zcsapok\",\"potentialAction\":[{\"@type\":\"SearchAction\",\"target\":{\"@type\":\"EntryPoint\",\"urlTemplate\":\"https:\/\/vasontode.hu\/?s={search_term_string}\"},\"query-input\":\"required name=search_term_string\"}],\"inLanguage\":\"en-US\"},{\"@type\":\"ImageObject\",\"inLanguage\":\"en-US\",\"@id\":\"https:\/\/vasontode.hu\/en\/product\/cambridge-henger\/#primaryimage\",\"url\":\"https:\/\/vasontode.hu\/app\/uploads\/Cambridge-henger-scaled.jpg\",\"contentUrl\":\"https:\/\/vasontode.hu\/app\/uploads\/Cambridge-henger-scaled.jpg\",\"width\":2560,\"height\":1707},{\"@type\":\"WebPage\",\"@id\":\"https:\/\/vasontode.hu\/en\/product\/cambridge-henger\/#webpage\",\"url\":\"https:\/\/vasontode.hu\/en\/product\/cambridge-henger\/\",\"name\":\"Cambridge roller | Moh\u00e1csi Vas\u00f6nt\u00f6de\",\"isPartOf\":{\"@id\":\"https:\/\/vasontode.hu\/#website\"},\"primaryImageOfPage\":{\"@id\":\"https:\/\/vasontode.hu\/en\/product\/cambridge-henger\/#primaryimage\"},\"datePublished\":\"2016-04-08T09:32:09+00:00\",\"dateModified\":\"2016-06-14T12:41:32+00:00\",\"description\":\"Cast iron cambridge roller from the manufacturer. It is used in agriculture as a tillage equipment. More than 100 years of experience.\",\"breadcrumb\":{\"@id\":\"https:\/\/vasontode.hu\/en\/product\/cambridge-henger\/#breadcrumb\"},\"inLanguage\":\"en-US\",\"potentialAction\":[{\"@type\":\"ReadAction\",\"target\":[\"https:\/\/vasontode.hu\/en\/product\/cambridge-henger\/\"]}]},{\"@type\":\"BreadcrumbList\",\"@id\":\"https:\/\/vasontode.hu\/en\/product\/cambridge-henger\/#breadcrumb\",\"itemListElement\":[{\"@type\":\"ListItem\",\"position\":1,\"name\":\"Kezd\u0151lap\",\"item\":\"https:\/\/vasontode.hu\/en\/\"},{\"@type\":\"ListItem\",\"position\":2,\"name\":\"Term\u00e9kek\",\"item\":\"https:\/\/vasontode.hu\/termekek\/\"},{\"@type\":\"ListItem\",\"position\":3,\"name\":\"Cambridge roller\"}]}]}<\/script>\n<!-- \/ Yoast SEO plugin. -->","yoast_head_json":{"title":"Cambridge roller | Moh\u00e1csi Vas\u00f6nt\u00f6de","description":"Cast iron cambridge roller from the manufacturer. It is used in agriculture as a tillage equipment. More than 100 years of experience.","robots":{"index":"index","follow":"follow","max-snippet":"max-snippet:-1","max-image-preview":"max-image-preview:large","max-video-preview":"max-video-preview:-1"},"canonical":"https:\/\/vasontode.hu\/en\/product\/cambridge-henger\/","og_locale":"en_US","og_type":"article","og_title":"Cambridge roller | Moh\u00e1csi Vas\u00f6nt\u00f6de","og_description":"Cast iron cambridge roller from the manufacturer. It is used in agriculture as a tillage equipment. More than 100 years of experience.","og_url":"https:\/\/vasontode.hu\/en\/product\/cambridge-henger\/","og_site_name":"Moh\u00e1csi Vas\u00f6nt\u00f6de","article_modified_time":"2016-06-14T12:41:32+00:00","og_image":[{"width":2560,"height":1707,"url":"https:\/\/vasontode.hu\/app\/uploads\/Cambridge-henger-scaled.jpg","type":"image\/jpeg"}],"twitter_misc":{"Est. reading time":"1 minute"},"schema":{"@context":"https:\/\/schema.org","@graph":[{"@type":"WebSite","@id":"https:\/\/vasontode.hu\/#website","url":"https:\/\/vasontode.hu\/","name":"Moh\u00e1csi Vas\u00f6nt\u00f6de","description":"Egyedi \u00f6ntv\u00e9ny, kettlebell, szerelv\u00e9nyek, t\u0171zcsapok","potentialAction":[{"@type":"SearchAction","target":{"@type":"EntryPoint","urlTemplate":"https:\/\/vasontode.hu\/?s={search_term_string}"},"query-input":"required name=search_term_string"}],"inLanguage":"en-US"},{"@type":"ImageObject","inLanguage":"en-US","@id":"https:\/\/vasontode.hu\/en\/product\/cambridge-henger\/#primaryimage","url":"https:\/\/vasontode.hu\/app\/uploads\/Cambridge-henger-scaled.jpg","contentUrl":"https:\/\/vasontode.hu\/app\/uploads\/Cambridge-henger-scaled.jpg","width":2560,"height":1707},{"@type":"WebPage","@id":"https:\/\/vasontode.hu\/en\/product\/cambridge-henger\/#webpage","url":"https:\/\/vasontode.hu\/en\/product\/cambridge-henger\/","name":"Cambridge roller | Moh\u00e1csi Vas\u00f6nt\u00f6de","isPartOf":{"@id":"https:\/\/vasontode.hu\/#website"},"primaryImageOfPage":{"@id":"https:\/\/vasontode.hu\/en\/product\/cambridge-henger\/#primaryimage"},"datePublished":"2016-04-08T09:32:09+00:00","dateModified":"2016-06-14T12:41:32+00:00","description":"Cast iron cambridge roller from the manufacturer. It is used in agriculture as a tillage equipment. More than 100 years of experience.","breadcrumb":{"@id":"https:\/\/vasontode.hu\/en\/product\/cambridge-henger\/#breadcrumb"},"inLanguage":"en-US","potentialAction":[{"@type":"ReadAction","target":["https:\/\/vasontode.hu\/en\/product\/cambridge-henger\/"]}]},{"@type":"BreadcrumbList","@id":"https:\/\/vasontode.hu\/en\/product\/cambridge-henger\/#breadcrumb","itemListElement":[{"@type":"ListItem","position":1,"name":"Kezd\u0151lap","item":"https:\/\/vasontode.hu\/en\/"},{"@type":"ListItem","position":2,"name":"Term\u00e9kek","item":"https:\/\/vasontode.hu\/termekek\/"},{"@type":"ListItem","position":3,"name":"Cambridge roller"}]}]}},"_links":{"self":[{"href":"https:\/\/vasontode.hu\/en\/wp-json\/wp\/v2\/product\/3318"}],"collection":[{"href":"https:\/\/vasontode.hu\/en\/wp-json\/wp\/v2\/product"}],"about":[{"href":"https:\/\/vasontode.hu\/en\/wp-json\/wp\/v2\/types\/product"}],"replies":[{"embeddable":true,"href":"https:\/\/vasontode.hu\/en\/wp-json\/wp\/v2\/comments?post=3318"}],"wp:featuredmedia":[{"embeddable":true,"href":"https:\/\/vasontode.hu\/en\/wp-json\/wp\/v2\/media\/3366"}],"wp:attachment":[{"href":"https:\/\/vasontode.hu\/en\/wp-json\/wp\/v2\/media?parent=3318"}],"wp:term":[{"taxonomy":"product_cat","embeddable":true,"href":"https:\/\/vasontode.hu\/en\/wp-json\/wp\/v2\/product_cat?post=3318"},{"taxonomy":"product_tag","embeddable":true,"href":"https:\/\/vasontode.hu\/en\/wp-json\/wp\/v2\/product_tag?post=3318"}],"curies":[{"name":"wp","href":"https:\/\/api.w.org\/{rel}","templated":true}]}}