{"id":3319,"date":"2016-04-08T11:20:06","date_gmt":"2016-04-08T09:20:06","guid":{"rendered":"https:\/\/vasontode.hu\/en\/product\/aknafedolapok\/"},"modified":"2016-06-14T14:58:04","modified_gmt":"2016-06-14T12:58:04","slug":"aknafedolapok","status":"publish","type":"product","link":"https:\/\/vasontode.hu\/en\/product\/aknafedolapok\/","title":{"rendered":"Manhole frame and cover"},"content":{"rendered":"<h3><em><strong>Cast iron manhole frame and cover<\/strong><\/em><\/h3>\n<h4><strong>Area of application:<\/strong><\/h4>\n<h5>To cover storm drains or maintenance holes connected to utility networks.<\/h5>\n<h4><strong>Available variants:<\/strong><\/h4>\n<h5><span style=\"text-decoration: underline;\">Circular cross-section manhole opening:<\/span><\/h5>\n<ul>\n<li>\n<h5>A15-890-500 light-duty \u2013 1.5t load resistance<\/h5>\n<\/li>\n<li>\n<h5>A15-890-600 light-duty \u2013 1.5t load resistance<\/h5>\n<\/li>\n<li>\n<h5>cleaning hole \u00d8300, hinged \u2013 12.5t load resistance<\/h5>\n<\/li>\n<li>\n<h5>cleaning hole \u00d8300, removable cover plate \u2013 12.5t load resistance<\/h5>\n<\/li>\n<li>\n<h5>manhole cover \u00d8600 \u2013 40t load resistance<\/h5>\n<\/li>\n<\/ul>\n<h5><span style=\"text-decoration: underline;\">Square cross-section manhole opening:<\/span><\/h5>\n<ul>\n<li>\n<h5>500&#215;500 A-D load resistance<\/h5>\n<\/li>\n<li>\n<h5>600&#215;400 A-D load resistance<\/h5>\n<\/li>\n<li>\n<h5>600&#215;600 A-D load resistance<\/h5>\n<\/li>\n<li>\n<h5>800&#215;600 A-D load resistance<\/h5>\n<\/li>\n<li>\n<h5>800&#215;800 A-D load resistance<\/h5>\n<\/li>\n<li>\n<h5>1000&#215;600 A-D load resistance<\/h5>\n<\/li>\n<li>\n<h5>1000&#215;1000 A-D load resistance<\/h5>\n<\/li>\n<\/ul>\n<h4><strong>Loading classes:<\/strong><\/h4>\n<h4><strong>A15:<\/strong><\/h4>\n<h5>Suitable for use only in locations of pedestrian and bicycle traffic and green areas where traffic is not possible even periodically.<\/h5>\n<h4><strong>B125:<\/strong><\/h4>\n<h5>For pathways and pedestrian areas which can only be trafficked for supply and sanitation purposes, or in cases of emergency. Set in the pavement to cover storm drains or maintenance holes, it is suitable for passenger car parking areas or areas which can be used as parking lots.<\/h5>\n<h4><strong>C250:<\/strong><\/h4>\n<h5>Suitable for covering storm drains or maintenance holes, installed within the range of the kerbside, on roads and any location subject to traffic. It can extend into the highway up to 0.5m at most.<\/h5>\n<h4><strong>D400:<\/strong><\/h4>\n<h5>Suitable for covering storm drains or maintenance holes installed on motorways, roads, or any location subject to traffic, up to the wheel load indicated on the lid. The bearing surface of the round manhole frames and covers prevent them from tilting!<\/h5>\n<h5><\/h5>\n<h5>We can supply the lids with inscriptions or other decorative motifs such as coats of arms, or logos. Waterproof variants of certain models are also available.<\/h5>\n<h3><strong>Note:<\/strong><\/h3>\n<ul>\n<li>\n<h5>We offer mould pattern production, as well as hand-casting, and satisfy client demands irrespective of how small quantities or unique products they require.<\/h5>\n<\/li>\n<li>\n<h5>In case you are looking for a unique item, we can help you with planning, with preparing patterns and the production itself.<\/h5>\n<\/li>\n<\/ul>\n<p style=\"text-align: center;\">\n","protected":false},"excerpt":{"rendered":"<h5>Cast iron manhole frame and cover. A-D load classes. They come out in unique, decorative designe.\u00a0More than 100 years of experience.<\/h5>\n<h5><strong>Buy it from the manufacturer!<\/strong><\/h5>\n","protected":false},"featured_media":2591,"comment_status":"open","ping_status":"closed","template":"","meta":{"_monsterinsights_skip_tracking":false,"_monsterinsights_sitenote_active":false,"_monsterinsights_sitenote_note":"","_monsterinsights_sitenote_category":0},"product_cat":[161],"product_tag":[],"acf":[],"yoast_head":"<!-- This site is optimized with the Yoast SEO plugin v18.9 - https:\/\/yoast.com\/wordpress\/plugins\/seo\/ -->\n<title>Manhole frame and cover | Moh\u00e1csi Vas\u00f6nt\u00f6de<\/title>\n<meta name=\"description\" content=\"Cast iron manhole frame and cover. A-D load classes. In unique, decorative designe. More than 100 years of experience. Buy it from the manufacturer!\" \/>\n<meta name=\"robots\" content=\"index, follow, max-snippet:-1, max-image-preview:large, max-video-preview:-1\" \/>\n<link rel=\"canonical\" href=\"https:\/\/vasontode.hu\/en\/product\/aknafedolapok\/\" \/>\n<meta property=\"og:locale\" content=\"en_US\" \/>\n<meta property=\"og:type\" content=\"article\" \/>\n<meta property=\"og:title\" content=\"Manhole frame and cover | Moh\u00e1csi Vas\u00f6nt\u00f6de\" \/>\n<meta property=\"og:description\" content=\"Cast iron manhole frame and cover. A-D load classes. In unique, decorative designe. More than 100 years of experience. Buy it from the manufacturer!\" \/>\n<meta property=\"og:url\" content=\"https:\/\/vasontode.hu\/en\/product\/aknafedolapok\/\" \/>\n<meta property=\"og:site_name\" content=\"Moh\u00e1csi Vas\u00f6nt\u00f6de\" \/>\n<meta property=\"article:modified_time\" content=\"2016-06-14T12:58:04+00:00\" \/>\n<meta property=\"og:image\" content=\"https:\/\/vasontode.hu\/app\/uploads\/IMG_0166jj-scaled.jpg\" \/>\n\t<meta property=\"og:image:width\" content=\"2560\" \/>\n\t<meta property=\"og:image:height\" content=\"1707\" \/>\n\t<meta property=\"og:image:type\" content=\"image\/jpeg\" \/>\n<meta name=\"twitter:label1\" content=\"Est. reading time\" \/>\n\t<meta name=\"twitter:data1\" content=\"2 minutes\" \/>\n<script type=\"application\/ld+json\" class=\"yoast-schema-graph\">{\"@context\":\"https:\/\/schema.org\",\"@graph\":[{\"@type\":\"WebSite\",\"@id\":\"https:\/\/vasontode.hu\/#website\",\"url\":\"https:\/\/vasontode.hu\/\",\"name\":\"Moh\u00e1csi Vas\u00f6nt\u00f6de\",\"description\":\"Egyedi \u00f6ntv\u00e9ny, kettlebell, szerelv\u00e9nyek, t\u0171zcsapok\",\"potentialAction\":[{\"@type\":\"SearchAction\",\"target\":{\"@type\":\"EntryPoint\",\"urlTemplate\":\"https:\/\/vasontode.hu\/?s={search_term_string}\"},\"query-input\":\"required name=search_term_string\"}],\"inLanguage\":\"en-US\"},{\"@type\":\"ImageObject\",\"inLanguage\":\"en-US\",\"@id\":\"https:\/\/vasontode.hu\/en\/product\/aknafedolapok\/#primaryimage\",\"url\":\"https:\/\/vasontode.hu\/app\/uploads\/IMG_0166jj-scaled.jpg\",\"contentUrl\":\"https:\/\/vasontode.hu\/app\/uploads\/IMG_0166jj-scaled.jpg\",\"width\":2560,\"height\":1707},{\"@type\":\"WebPage\",\"@id\":\"https:\/\/vasontode.hu\/en\/product\/aknafedolapok\/#webpage\",\"url\":\"https:\/\/vasontode.hu\/en\/product\/aknafedolapok\/\",\"name\":\"Manhole frame and cover | Moh\u00e1csi Vas\u00f6nt\u00f6de\",\"isPartOf\":{\"@id\":\"https:\/\/vasontode.hu\/#website\"},\"primaryImageOfPage\":{\"@id\":\"https:\/\/vasontode.hu\/en\/product\/aknafedolapok\/#primaryimage\"},\"datePublished\":\"2016-04-08T09:20:06+00:00\",\"dateModified\":\"2016-06-14T12:58:04+00:00\",\"description\":\"Cast iron manhole frame and cover. A-D load classes. In unique, decorative designe. More than 100 years of experience. Buy it from the manufacturer!\",\"breadcrumb\":{\"@id\":\"https:\/\/vasontode.hu\/en\/product\/aknafedolapok\/#breadcrumb\"},\"inLanguage\":\"en-US\",\"potentialAction\":[{\"@type\":\"ReadAction\",\"target\":[\"https:\/\/vasontode.hu\/en\/product\/aknafedolapok\/\"]}]},{\"@type\":\"BreadcrumbList\",\"@id\":\"https:\/\/vasontode.hu\/en\/product\/aknafedolapok\/#breadcrumb\",\"itemListElement\":[{\"@type\":\"ListItem\",\"position\":1,\"name\":\"Kezd\u0151lap\",\"item\":\"https:\/\/vasontode.hu\/en\/\"},{\"@type\":\"ListItem\",\"position\":2,\"name\":\"Term\u00e9kek\",\"item\":\"https:\/\/vasontode.hu\/termekek\/\"},{\"@type\":\"ListItem\",\"position\":3,\"name\":\"Manhole frame and cover\"}]}]}<\/script>\n<!-- \/ Yoast SEO plugin. -->","yoast_head_json":{"title":"Manhole frame and cover | Moh\u00e1csi Vas\u00f6nt\u00f6de","description":"Cast iron manhole frame and cover. A-D load classes. In unique, decorative designe. More than 100 years of experience. Buy it from the manufacturer!","robots":{"index":"index","follow":"follow","max-snippet":"max-snippet:-1","max-image-preview":"max-image-preview:large","max-video-preview":"max-video-preview:-1"},"canonical":"https:\/\/vasontode.hu\/en\/product\/aknafedolapok\/","og_locale":"en_US","og_type":"article","og_title":"Manhole frame and cover | Moh\u00e1csi Vas\u00f6nt\u00f6de","og_description":"Cast iron manhole frame and cover. A-D load classes. In unique, decorative designe. More than 100 years of experience. Buy it from the manufacturer!","og_url":"https:\/\/vasontode.hu\/en\/product\/aknafedolapok\/","og_site_name":"Moh\u00e1csi Vas\u00f6nt\u00f6de","article_modified_time":"2016-06-14T12:58:04+00:00","og_image":[{"width":2560,"height":1707,"url":"https:\/\/vasontode.hu\/app\/uploads\/IMG_0166jj-scaled.jpg","type":"image\/jpeg"}],"twitter_misc":{"Est. reading time":"2 minutes"},"schema":{"@context":"https:\/\/schema.org","@graph":[{"@type":"WebSite","@id":"https:\/\/vasontode.hu\/#website","url":"https:\/\/vasontode.hu\/","name":"Moh\u00e1csi Vas\u00f6nt\u00f6de","description":"Egyedi \u00f6ntv\u00e9ny, kettlebell, szerelv\u00e9nyek, t\u0171zcsapok","potentialAction":[{"@type":"SearchAction","target":{"@type":"EntryPoint","urlTemplate":"https:\/\/vasontode.hu\/?s={search_term_string}"},"query-input":"required name=search_term_string"}],"inLanguage":"en-US"},{"@type":"ImageObject","inLanguage":"en-US","@id":"https:\/\/vasontode.hu\/en\/product\/aknafedolapok\/#primaryimage","url":"https:\/\/vasontode.hu\/app\/uploads\/IMG_0166jj-scaled.jpg","contentUrl":"https:\/\/vasontode.hu\/app\/uploads\/IMG_0166jj-scaled.jpg","width":2560,"height":1707},{"@type":"WebPage","@id":"https:\/\/vasontode.hu\/en\/product\/aknafedolapok\/#webpage","url":"https:\/\/vasontode.hu\/en\/product\/aknafedolapok\/","name":"Manhole frame and cover | Moh\u00e1csi Vas\u00f6nt\u00f6de","isPartOf":{"@id":"https:\/\/vasontode.hu\/#website"},"primaryImageOfPage":{"@id":"https:\/\/vasontode.hu\/en\/product\/aknafedolapok\/#primaryimage"},"datePublished":"2016-04-08T09:20:06+00:00","dateModified":"2016-06-14T12:58:04+00:00","description":"Cast iron manhole frame and cover. A-D load classes. In unique, decorative designe. More than 100 years of experience. Buy it from the manufacturer!","breadcrumb":{"@id":"https:\/\/vasontode.hu\/en\/product\/aknafedolapok\/#breadcrumb"},"inLanguage":"en-US","potentialAction":[{"@type":"ReadAction","target":["https:\/\/vasontode.hu\/en\/product\/aknafedolapok\/"]}]},{"@type":"BreadcrumbList","@id":"https:\/\/vasontode.hu\/en\/product\/aknafedolapok\/#breadcrumb","itemListElement":[{"@type":"ListItem","position":1,"name":"Kezd\u0151lap","item":"https:\/\/vasontode.hu\/en\/"},{"@type":"ListItem","position":2,"name":"Term\u00e9kek","item":"https:\/\/vasontode.hu\/termekek\/"},{"@type":"ListItem","position":3,"name":"Manhole frame and cover"}]}]}},"_links":{"self":[{"href":"https:\/\/vasontode.hu\/en\/wp-json\/wp\/v2\/product\/3319"}],"collection":[{"href":"https:\/\/vasontode.hu\/en\/wp-json\/wp\/v2\/product"}],"about":[{"href":"https:\/\/vasontode.hu\/en\/wp-json\/wp\/v2\/types\/product"}],"replies":[{"embeddable":true,"href":"https:\/\/vasontode.hu\/en\/wp-json\/wp\/v2\/comments?post=3319"}],"wp:featuredmedia":[{"embeddable":true,"href":"https:\/\/vasontode.hu\/en\/wp-json\/wp\/v2\/media\/2591"}],"wp:attachment":[{"href":"https:\/\/vasontode.hu\/en\/wp-json\/wp\/v2\/media?parent=3319"}],"wp:term":[{"taxonomy":"product_cat","embeddable":true,"href":"https:\/\/vasontode.hu\/en\/wp-json\/wp\/v2\/product_cat?post=3319"},{"taxonomy":"product_tag","embeddable":true,"href":"https:\/\/vasontode.hu\/en\/wp-json\/wp\/v2\/product_tag?post=3319"}],"curies":[{"name":"wp","href":"https:\/\/api.w.org\/{rel}","templated":true}]}}