{"id":3321,"date":"2016-04-08T11:18:56","date_gmt":"2016-04-08T09:18:56","guid":{"rendered":"https:\/\/vasontode.hu\/en\/product\/viznyelo-racsok\/"},"modified":"2016-06-14T15:12:30","modified_gmt":"2016-06-14T13:12:30","slug":"viznyelo-racsok","status":"publish","type":"product","link":"https:\/\/vasontode.hu\/en\/product\/viznyelo-racsok\/","title":{"rendered":"Gully gratings"},"content":{"rendered":"<h3><em><strong>C250 load class<\/strong><\/em><\/h3>\n<h4><em>Description: C250-VNY-300; C250-VNY-500; 674-316; 674-470<\/em><\/h4>\n<h4><strong>Area of application:<\/strong><\/h4>\n<h5>Compatible with the surface of any carriageways of roads used for motor vehicle traffic, as well as side lanes or emergency lanes (compliant with MSZ EN 124, loading class C 250), these gully gratings shall be installed within a 0.5m-distance from the kerbside. It ensures controlled rainwater drainage from roads or other surfaces to the channel, as well as the ventilation of the water supply system.<\/h5>\n<h4><strong>Technical features:<\/strong><\/h4>\n<h5>The removal of the grate by unauthorised persons is not possible The system fixing the grate to the frame does not take part in the load bearing If needed, the grate can be replaced by a competent professional without removing the frame from the carriageway. Our grates are interchangeable Gratings can be opened without damaging the surface of the carriageway Upon the request of the operator, dirt collectors fitted under the grates are also available Our gully gratings have a gutter-type inlet. They must be installed on the same level as those of the surface of the carriageways or the road gutter. The inlet bars must be perpendicular to the direction of traffic and must be openable in the direction of the kerbside. Other options available to order: we can provide the gratings with any inscriptions, or firm logo requested by our client.<\/h5>\n<h3><em><b>D400 load class<\/b><\/em><\/h3>\n<h4><em>Description: D400-VNY-300; D400-VNY-500<\/em><\/h4>\n<h4><strong>Area of application:<\/strong><\/h4>\n<h5>It is compatible with the surface of any carriageways of roads used for motor vehicle traffic (compliant with MSZ EN 124, loading class D 400). It is suitable for draining rainwater from roads or other surfaces to the channel, and ensures the ventilation of the water supply system.<\/h5>\n<h4><strong>Technical features:<\/strong><\/h4>\n<h5>Machined bearing surfaces prevent them from tilting The removal of the grate from the frame by unauthorised persons is not possible The system fixing the grate to the frame does not take part in the load bearing If needed, the grate can be replaced by a competent professional without removing the frame from the carriageway. Our grates are interchangeable Gratings can be opened without damaging the surface of the carriageway Upon the request of the operator, dirt collectors fitted under the gratings are also available Our gully gratings have a gutter-type inlet. They must be installed on the same level as those of the surface of the carriageways or the road gutter. The inlet bars must be perpendicular to the direction of traffic and must be openable in the direction of the kerbside. Other options available to order: we can provide the gratings with any inscriptions, or firm logo requested by our client.<\/h5>\n<h3><strong>Note:<\/strong><\/h3>\n<ul>\n<li>\n<h5>We offer mould pattern production, as well as hand-casting, and satisfy client demands irrespective of how small quantities or unique products they require.<\/h5>\n<\/li>\n<li>\n<h5>In case you are looking for a unique item, we can help you with planning, with preparing patterns and the production itself.<\/h5>\n<\/li>\n<\/ul>\n<p style=\"text-align: center;\">\n","protected":false},"excerpt":{"rendered":"<h5>Cast iron gully gratings. C250-D400 load classes.\u00a0They come out in unique, decorative designe.\u00a0More than 100 years of experience.<\/h5>\n<h5><strong>Buy it directly from the manufacturer!<\/strong><\/h5>\n","protected":false},"featured_media":2595,"comment_status":"open","ping_status":"closed","template":"","meta":{"_monsterinsights_skip_tracking":false,"_monsterinsights_sitenote_active":false,"_monsterinsights_sitenote_note":"","_monsterinsights_sitenote_category":0},"product_cat":[161],"product_tag":[],"acf":[],"yoast_head":"<!-- This site is optimized with the Yoast SEO plugin v18.9 - https:\/\/yoast.com\/wordpress\/plugins\/seo\/ -->\n<title>Gully gratings | Moh\u00e1csi Vas\u00f6nt\u00f6de<\/title>\n<meta name=\"description\" content=\"Cast iron gully gratings. C250-D400 load classes. Buy it directly from the manufacturer! In unique, decorative designe. More than 100 years of experience.\" \/>\n<meta name=\"robots\" content=\"index, follow, max-snippet:-1, max-image-preview:large, max-video-preview:-1\" \/>\n<link rel=\"canonical\" href=\"https:\/\/vasontode.hu\/en\/product\/viznyelo-racsok\/\" \/>\n<meta property=\"og:locale\" content=\"en_US\" \/>\n<meta property=\"og:type\" content=\"article\" \/>\n<meta property=\"og:title\" content=\"Gully gratings | Moh\u00e1csi Vas\u00f6nt\u00f6de\" \/>\n<meta property=\"og:description\" content=\"Cast iron gully gratings. C250-D400 load classes. Buy it directly from the manufacturer! In unique, decorative designe. More than 100 years of experience.\" \/>\n<meta property=\"og:url\" content=\"https:\/\/vasontode.hu\/en\/product\/viznyelo-racsok\/\" \/>\n<meta property=\"og:site_name\" content=\"Moh\u00e1csi Vas\u00f6nt\u00f6de\" \/>\n<meta property=\"article:modified_time\" content=\"2016-06-14T13:12:30+00:00\" \/>\n<meta property=\"og:image\" content=\"https:\/\/vasontode.hu\/app\/uploads\/IMG_0173jj.jpg\" \/>\n\t<meta property=\"og:image:width\" content=\"2433\" \/>\n\t<meta property=\"og:image:height\" content=\"1491\" \/>\n\t<meta property=\"og:image:type\" content=\"image\/jpeg\" \/>\n<meta name=\"twitter:label1\" content=\"Est. reading time\" \/>\n\t<meta name=\"twitter:data1\" content=\"2 minutes\" \/>\n<script type=\"application\/ld+json\" class=\"yoast-schema-graph\">{\"@context\":\"https:\/\/schema.org\",\"@graph\":[{\"@type\":\"WebSite\",\"@id\":\"https:\/\/vasontode.hu\/#website\",\"url\":\"https:\/\/vasontode.hu\/\",\"name\":\"Moh\u00e1csi Vas\u00f6nt\u00f6de\",\"description\":\"Egyedi \u00f6ntv\u00e9ny, kettlebell, szerelv\u00e9nyek, t\u0171zcsapok\",\"potentialAction\":[{\"@type\":\"SearchAction\",\"target\":{\"@type\":\"EntryPoint\",\"urlTemplate\":\"https:\/\/vasontode.hu\/?s={search_term_string}\"},\"query-input\":\"required name=search_term_string\"}],\"inLanguage\":\"en-US\"},{\"@type\":\"ImageObject\",\"inLanguage\":\"en-US\",\"@id\":\"https:\/\/vasontode.hu\/en\/product\/viznyelo-racsok\/#primaryimage\",\"url\":\"https:\/\/vasontode.hu\/app\/uploads\/IMG_0173jj.jpg\",\"contentUrl\":\"https:\/\/vasontode.hu\/app\/uploads\/IMG_0173jj.jpg\",\"width\":2433,\"height\":1491},{\"@type\":\"WebPage\",\"@id\":\"https:\/\/vasontode.hu\/en\/product\/viznyelo-racsok\/#webpage\",\"url\":\"https:\/\/vasontode.hu\/en\/product\/viznyelo-racsok\/\",\"name\":\"Gully gratings | Moh\u00e1csi Vas\u00f6nt\u00f6de\",\"isPartOf\":{\"@id\":\"https:\/\/vasontode.hu\/#website\"},\"primaryImageOfPage\":{\"@id\":\"https:\/\/vasontode.hu\/en\/product\/viznyelo-racsok\/#primaryimage\"},\"datePublished\":\"2016-04-08T09:18:56+00:00\",\"dateModified\":\"2016-06-14T13:12:30+00:00\",\"description\":\"Cast iron gully gratings. C250-D400 load classes. Buy it directly from the manufacturer! In unique, decorative designe. More than 100 years of experience.\",\"breadcrumb\":{\"@id\":\"https:\/\/vasontode.hu\/en\/product\/viznyelo-racsok\/#breadcrumb\"},\"inLanguage\":\"en-US\",\"potentialAction\":[{\"@type\":\"ReadAction\",\"target\":[\"https:\/\/vasontode.hu\/en\/product\/viznyelo-racsok\/\"]}]},{\"@type\":\"BreadcrumbList\",\"@id\":\"https:\/\/vasontode.hu\/en\/product\/viznyelo-racsok\/#breadcrumb\",\"itemListElement\":[{\"@type\":\"ListItem\",\"position\":1,\"name\":\"Kezd\u0151lap\",\"item\":\"https:\/\/vasontode.hu\/en\/\"},{\"@type\":\"ListItem\",\"position\":2,\"name\":\"Term\u00e9kek\",\"item\":\"https:\/\/vasontode.hu\/termekek\/\"},{\"@type\":\"ListItem\",\"position\":3,\"name\":\"Gully gratings\"}]}]}<\/script>\n<!-- \/ Yoast SEO plugin. -->","yoast_head_json":{"title":"Gully gratings | Moh\u00e1csi Vas\u00f6nt\u00f6de","description":"Cast iron gully gratings. C250-D400 load classes. Buy it directly from the manufacturer! In unique, decorative designe. More than 100 years of experience.","robots":{"index":"index","follow":"follow","max-snippet":"max-snippet:-1","max-image-preview":"max-image-preview:large","max-video-preview":"max-video-preview:-1"},"canonical":"https:\/\/vasontode.hu\/en\/product\/viznyelo-racsok\/","og_locale":"en_US","og_type":"article","og_title":"Gully gratings | Moh\u00e1csi Vas\u00f6nt\u00f6de","og_description":"Cast iron gully gratings. C250-D400 load classes. Buy it directly from the manufacturer! In unique, decorative designe. More than 100 years of experience.","og_url":"https:\/\/vasontode.hu\/en\/product\/viznyelo-racsok\/","og_site_name":"Moh\u00e1csi Vas\u00f6nt\u00f6de","article_modified_time":"2016-06-14T13:12:30+00:00","og_image":[{"width":2433,"height":1491,"url":"https:\/\/vasontode.hu\/app\/uploads\/IMG_0173jj.jpg","type":"image\/jpeg"}],"twitter_misc":{"Est. reading time":"2 minutes"},"schema":{"@context":"https:\/\/schema.org","@graph":[{"@type":"WebSite","@id":"https:\/\/vasontode.hu\/#website","url":"https:\/\/vasontode.hu\/","name":"Moh\u00e1csi Vas\u00f6nt\u00f6de","description":"Egyedi \u00f6ntv\u00e9ny, kettlebell, szerelv\u00e9nyek, t\u0171zcsapok","potentialAction":[{"@type":"SearchAction","target":{"@type":"EntryPoint","urlTemplate":"https:\/\/vasontode.hu\/?s={search_term_string}"},"query-input":"required name=search_term_string"}],"inLanguage":"en-US"},{"@type":"ImageObject","inLanguage":"en-US","@id":"https:\/\/vasontode.hu\/en\/product\/viznyelo-racsok\/#primaryimage","url":"https:\/\/vasontode.hu\/app\/uploads\/IMG_0173jj.jpg","contentUrl":"https:\/\/vasontode.hu\/app\/uploads\/IMG_0173jj.jpg","width":2433,"height":1491},{"@type":"WebPage","@id":"https:\/\/vasontode.hu\/en\/product\/viznyelo-racsok\/#webpage","url":"https:\/\/vasontode.hu\/en\/product\/viznyelo-racsok\/","name":"Gully gratings | Moh\u00e1csi Vas\u00f6nt\u00f6de","isPartOf":{"@id":"https:\/\/vasontode.hu\/#website"},"primaryImageOfPage":{"@id":"https:\/\/vasontode.hu\/en\/product\/viznyelo-racsok\/#primaryimage"},"datePublished":"2016-04-08T09:18:56+00:00","dateModified":"2016-06-14T13:12:30+00:00","description":"Cast iron gully gratings. C250-D400 load classes. Buy it directly from the manufacturer! In unique, decorative designe. More than 100 years of experience.","breadcrumb":{"@id":"https:\/\/vasontode.hu\/en\/product\/viznyelo-racsok\/#breadcrumb"},"inLanguage":"en-US","potentialAction":[{"@type":"ReadAction","target":["https:\/\/vasontode.hu\/en\/product\/viznyelo-racsok\/"]}]},{"@type":"BreadcrumbList","@id":"https:\/\/vasontode.hu\/en\/product\/viznyelo-racsok\/#breadcrumb","itemListElement":[{"@type":"ListItem","position":1,"name":"Kezd\u0151lap","item":"https:\/\/vasontode.hu\/en\/"},{"@type":"ListItem","position":2,"name":"Term\u00e9kek","item":"https:\/\/vasontode.hu\/termekek\/"},{"@type":"ListItem","position":3,"name":"Gully gratings"}]}]}},"_links":{"self":[{"href":"https:\/\/vasontode.hu\/en\/wp-json\/wp\/v2\/product\/3321"}],"collection":[{"href":"https:\/\/vasontode.hu\/en\/wp-json\/wp\/v2\/product"}],"about":[{"href":"https:\/\/vasontode.hu\/en\/wp-json\/wp\/v2\/types\/product"}],"replies":[{"embeddable":true,"href":"https:\/\/vasontode.hu\/en\/wp-json\/wp\/v2\/comments?post=3321"}],"wp:featuredmedia":[{"embeddable":true,"href":"https:\/\/vasontode.hu\/en\/wp-json\/wp\/v2\/media\/2595"}],"wp:attachment":[{"href":"https:\/\/vasontode.hu\/en\/wp-json\/wp\/v2\/media?parent=3321"}],"wp:term":[{"taxonomy":"product_cat","embeddable":true,"href":"https:\/\/vasontode.hu\/en\/wp-json\/wp\/v2\/product_cat?post=3321"},{"taxonomy":"product_tag","embeddable":true,"href":"https:\/\/vasontode.hu\/en\/wp-json\/wp\/v2\/product_tag?post=3321"}],"curies":[{"name":"wp","href":"https:\/\/api.w.org\/{rel}","templated":true}]}}