{"id":3323,"date":"2016-04-08T11:18:22","date_gmt":"2016-04-08T09:18:22","guid":{"rendered":"https:\/\/vasontode.hu\/en\/product\/csapszekrenyek-3\/"},"modified":"2016-06-27T07:20:57","modified_gmt":"2016-06-27T05:20:57","slug":"csapszekrenyek","status":"publish","type":"product","link":"https:\/\/vasontode.hu\/en\/product\/csapszekrenyek\/","title":{"rendered":"Surface boxes"},"content":{"rendered":"<h3 class=\"wp-image-wrapper product-cover-image\"><em><strong>\u00a0Surface boxes<\/strong><\/em><\/h3>\n<p>&nbsp;<\/p>\n<div>\n<h4><strong><u>Water meter boxes<\/u><\/strong><\/h4>\n<h4><strong>Description:<\/strong> 614\/A; CS-150; CS-200<\/h4>\n<h4><strong>Area of application:<\/strong><\/h4>\n<h5>Suitable for covering and protecting the connection parts of taps, valves, or valve extensions connected to the public water supply system below ground level.<\/h5>\n<h4><strong>Technical features:<\/strong><\/h4>\n<h5>The lid is easily removable by using the fitted lug. Anti-slip pattern incorporated in the upper plane. Anti-theft protection provided by screws which secure the lid to the chamber.<\/h5>\n<p>&nbsp;<\/p>\n<h4><strong><u>Fire hydrant covers<\/u><\/strong><\/h4>\n<h4><strong>Description: <\/strong>CSN-79; FCSSZ; 480&#215;320<\/h4>\n<h4><strong>Area of application:<\/strong><\/h4>\n<h5>Suitable for covering and protecting the connection parts of underground fire hydrants connected to the public water supply system below ground level. Designed for use on public roads designated to development and any location subject to traffic up to 400 kN load resistance (40t), fixed to an appropriate concrete surface.<\/h5>\n<h4><strong>Technical features:<\/strong><\/h4>\n<h5>The lid is easily removable by using the hydrant wrench. Anti-slip pattern incorporated in the upper plane. Anti-theft protection provided by a chain which secures the lid to the chamber.<\/h5>\n<p>&nbsp;<\/p>\n<h4><em><strong><u>Valve boxes<\/u><\/strong><\/em><\/h4>\n<h4><strong><u>Description: <\/u><\/strong>DIN4055; DIN4056; DIN4057;<\/h4>\n<h4><strong>Area of application:<\/strong><\/h4>\n<h5>Suitable for covering and protecting the connection parts of taps, valves, or valve extensions connected to the public water supply system below ground level.<\/h5>\n<h4><strong>Technical features:<\/strong><\/h4>\n<h5>The lid is easily removable by using the fitted lug. Anti-slip pattern incorporated in the upper plane. Anti-theft protection provided by screws which secure the lid to the chamber.<\/h5>\n<h3><strong>Note:<\/strong><\/h3>\n<ul>\n<li>\n<h5>We offer mould pattern production, as well as hand-casting, and satisfy client demands irrespective of how small quantities or unique products they require.<\/h5>\n<\/li>\n<li>\n<h5>In case you are looking for a unique item, we can help you with planning, with preparing patterns and the production itself.<\/h5>\n<\/li>\n<\/ul>\n<p style=\"text-align: center;\"><span style=\"text-decoration: underline;\"><a href=\"https:\/\/vasontode.hu\/app\/uploads\/T\u0171zcsapszekr\u00e9ny_EN-1.pdf\" target=\"_blank\" rel=\"\">Fire hydrant cover description<\/a><\/span><\/p>\n<p style=\"text-align: center;\"><span style=\"text-decoration: underline;\"><a href=\"https:\/\/vasontode.hu\/app\/uploads\/Tol\u00f3z\u00e1rszekr\u00e9ny_EN-1.pdf\" target=\"_blank\" rel=\"\">Valve boxes description<\/a><\/span><\/p>\n<p style=\"text-align: center;\"><span style=\"text-decoration: underline;\"><a href=\"https:\/\/vasontode.hu\/app\/uploads\/H\u00e1zi-f\u0151elz\u00e1r\u00f3_EN-1.pdf\" target=\"_blank\" rel=\"\">Water meter boxes description<\/a><\/span><\/p>\n<\/div>\n","protected":false},"excerpt":{"rendered":"<h5>Cast iron surface boxes in the following types: water meter boxes, fire hydrant covers, valve boxes. B-D load classes. In unique decorative designe.<\/h5>\n<h5><strong>Buy it from the manufacturer!<\/strong><\/h5>\n","protected":false},"featured_media":2455,"comment_status":"open","ping_status":"closed","template":"","meta":{"_monsterinsights_skip_tracking":false,"_monsterinsights_sitenote_active":false,"_monsterinsights_sitenote_note":"","_monsterinsights_sitenote_category":0},"product_cat":[161],"product_tag":[],"acf":[],"yoast_head":"<!-- This site is optimized with the Yoast SEO plugin v18.9 - https:\/\/yoast.com\/wordpress\/plugins\/seo\/ -->\n<title>Surface boxes | Moh\u00e1csi Vas\u00f6nt\u00f6de<\/title>\n<meta name=\"description\" content=\"Cast iron surface boxes from the manufacturer in the following types: water meter boxes, fire hydrant covers, valve boxes. B-D load classes.\" \/>\n<meta name=\"robots\" content=\"index, follow, max-snippet:-1, max-image-preview:large, max-video-preview:-1\" \/>\n<link rel=\"canonical\" href=\"https:\/\/vasontode.hu\/en\/product\/csapszekrenyek\/\" \/>\n<meta property=\"og:locale\" content=\"en_US\" \/>\n<meta property=\"og:type\" content=\"article\" \/>\n<meta property=\"og:title\" content=\"Surface boxes | Moh\u00e1csi Vas\u00f6nt\u00f6de\" \/>\n<meta property=\"og:description\" content=\"Cast iron surface boxes from the manufacturer in the following types: water meter boxes, fire hydrant covers, valve boxes. B-D load classes.\" \/>\n<meta property=\"og:url\" content=\"https:\/\/vasontode.hu\/en\/product\/csapszekrenyek\/\" \/>\n<meta property=\"og:site_name\" content=\"Moh\u00e1csi Vas\u00f6nt\u00f6de\" \/>\n<meta property=\"article:modified_time\" content=\"2016-06-27T05:20:57+00:00\" \/>\n<meta property=\"og:image\" content=\"https:\/\/vasontode.hu\/app\/uploads\/IMG_8877j-scaled.jpg\" \/>\n\t<meta property=\"og:image:width\" content=\"1707\" \/>\n\t<meta property=\"og:image:height\" content=\"2560\" \/>\n\t<meta property=\"og:image:type\" content=\"image\/jpeg\" \/>\n<meta name=\"twitter:label1\" content=\"Est. reading time\" \/>\n\t<meta name=\"twitter:data1\" content=\"1 minute\" \/>\n<script type=\"application\/ld+json\" class=\"yoast-schema-graph\">{\"@context\":\"https:\/\/schema.org\",\"@graph\":[{\"@type\":\"WebSite\",\"@id\":\"https:\/\/vasontode.hu\/#website\",\"url\":\"https:\/\/vasontode.hu\/\",\"name\":\"Moh\u00e1csi Vas\u00f6nt\u00f6de\",\"description\":\"Egyedi \u00f6ntv\u00e9ny, kettlebell, szerelv\u00e9nyek, t\u0171zcsapok\",\"potentialAction\":[{\"@type\":\"SearchAction\",\"target\":{\"@type\":\"EntryPoint\",\"urlTemplate\":\"https:\/\/vasontode.hu\/?s={search_term_string}\"},\"query-input\":\"required name=search_term_string\"}],\"inLanguage\":\"en-US\"},{\"@type\":\"ImageObject\",\"inLanguage\":\"en-US\",\"@id\":\"https:\/\/vasontode.hu\/en\/product\/csapszekrenyek\/#primaryimage\",\"url\":\"https:\/\/vasontode.hu\/app\/uploads\/IMG_8877j-scaled.jpg\",\"contentUrl\":\"https:\/\/vasontode.hu\/app\/uploads\/IMG_8877j-scaled.jpg\",\"width\":1707,\"height\":2560},{\"@type\":\"WebPage\",\"@id\":\"https:\/\/vasontode.hu\/en\/product\/csapszekrenyek\/#webpage\",\"url\":\"https:\/\/vasontode.hu\/en\/product\/csapszekrenyek\/\",\"name\":\"Surface boxes | Moh\u00e1csi Vas\u00f6nt\u00f6de\",\"isPartOf\":{\"@id\":\"https:\/\/vasontode.hu\/#website\"},\"primaryImageOfPage\":{\"@id\":\"https:\/\/vasontode.hu\/en\/product\/csapszekrenyek\/#primaryimage\"},\"datePublished\":\"2016-04-08T09:18:22+00:00\",\"dateModified\":\"2016-06-27T05:20:57+00:00\",\"description\":\"Cast iron surface boxes from the manufacturer in the following types: water meter boxes, fire hydrant covers, valve boxes. B-D load classes.\",\"breadcrumb\":{\"@id\":\"https:\/\/vasontode.hu\/en\/product\/csapszekrenyek\/#breadcrumb\"},\"inLanguage\":\"en-US\",\"potentialAction\":[{\"@type\":\"ReadAction\",\"target\":[\"https:\/\/vasontode.hu\/en\/product\/csapszekrenyek\/\"]}]},{\"@type\":\"BreadcrumbList\",\"@id\":\"https:\/\/vasontode.hu\/en\/product\/csapszekrenyek\/#breadcrumb\",\"itemListElement\":[{\"@type\":\"ListItem\",\"position\":1,\"name\":\"Kezd\u0151lap\",\"item\":\"https:\/\/vasontode.hu\/en\/\"},{\"@type\":\"ListItem\",\"position\":2,\"name\":\"Term\u00e9kek\",\"item\":\"https:\/\/vasontode.hu\/termekek\/\"},{\"@type\":\"ListItem\",\"position\":3,\"name\":\"Surface boxes\"}]}]}<\/script>\n<!-- \/ Yoast SEO plugin. -->","yoast_head_json":{"title":"Surface boxes | Moh\u00e1csi Vas\u00f6nt\u00f6de","description":"Cast iron surface boxes from the manufacturer in the following types: water meter boxes, fire hydrant covers, valve boxes. B-D load classes.","robots":{"index":"index","follow":"follow","max-snippet":"max-snippet:-1","max-image-preview":"max-image-preview:large","max-video-preview":"max-video-preview:-1"},"canonical":"https:\/\/vasontode.hu\/en\/product\/csapszekrenyek\/","og_locale":"en_US","og_type":"article","og_title":"Surface boxes | Moh\u00e1csi Vas\u00f6nt\u00f6de","og_description":"Cast iron surface boxes from the manufacturer in the following types: water meter boxes, fire hydrant covers, valve boxes. B-D load classes.","og_url":"https:\/\/vasontode.hu\/en\/product\/csapszekrenyek\/","og_site_name":"Moh\u00e1csi Vas\u00f6nt\u00f6de","article_modified_time":"2016-06-27T05:20:57+00:00","og_image":[{"width":1707,"height":2560,"url":"https:\/\/vasontode.hu\/app\/uploads\/IMG_8877j-scaled.jpg","type":"image\/jpeg"}],"twitter_misc":{"Est. reading time":"1 minute"},"schema":{"@context":"https:\/\/schema.org","@graph":[{"@type":"WebSite","@id":"https:\/\/vasontode.hu\/#website","url":"https:\/\/vasontode.hu\/","name":"Moh\u00e1csi Vas\u00f6nt\u00f6de","description":"Egyedi \u00f6ntv\u00e9ny, kettlebell, szerelv\u00e9nyek, t\u0171zcsapok","potentialAction":[{"@type":"SearchAction","target":{"@type":"EntryPoint","urlTemplate":"https:\/\/vasontode.hu\/?s={search_term_string}"},"query-input":"required name=search_term_string"}],"inLanguage":"en-US"},{"@type":"ImageObject","inLanguage":"en-US","@id":"https:\/\/vasontode.hu\/en\/product\/csapszekrenyek\/#primaryimage","url":"https:\/\/vasontode.hu\/app\/uploads\/IMG_8877j-scaled.jpg","contentUrl":"https:\/\/vasontode.hu\/app\/uploads\/IMG_8877j-scaled.jpg","width":1707,"height":2560},{"@type":"WebPage","@id":"https:\/\/vasontode.hu\/en\/product\/csapszekrenyek\/#webpage","url":"https:\/\/vasontode.hu\/en\/product\/csapszekrenyek\/","name":"Surface boxes | Moh\u00e1csi Vas\u00f6nt\u00f6de","isPartOf":{"@id":"https:\/\/vasontode.hu\/#website"},"primaryImageOfPage":{"@id":"https:\/\/vasontode.hu\/en\/product\/csapszekrenyek\/#primaryimage"},"datePublished":"2016-04-08T09:18:22+00:00","dateModified":"2016-06-27T05:20:57+00:00","description":"Cast iron surface boxes from the manufacturer in the following types: water meter boxes, fire hydrant covers, valve boxes. B-D load classes.","breadcrumb":{"@id":"https:\/\/vasontode.hu\/en\/product\/csapszekrenyek\/#breadcrumb"},"inLanguage":"en-US","potentialAction":[{"@type":"ReadAction","target":["https:\/\/vasontode.hu\/en\/product\/csapszekrenyek\/"]}]},{"@type":"BreadcrumbList","@id":"https:\/\/vasontode.hu\/en\/product\/csapszekrenyek\/#breadcrumb","itemListElement":[{"@type":"ListItem","position":1,"name":"Kezd\u0151lap","item":"https:\/\/vasontode.hu\/en\/"},{"@type":"ListItem","position":2,"name":"Term\u00e9kek","item":"https:\/\/vasontode.hu\/termekek\/"},{"@type":"ListItem","position":3,"name":"Surface boxes"}]}]}},"_links":{"self":[{"href":"https:\/\/vasontode.hu\/en\/wp-json\/wp\/v2\/product\/3323"}],"collection":[{"href":"https:\/\/vasontode.hu\/en\/wp-json\/wp\/v2\/product"}],"about":[{"href":"https:\/\/vasontode.hu\/en\/wp-json\/wp\/v2\/types\/product"}],"replies":[{"embeddable":true,"href":"https:\/\/vasontode.hu\/en\/wp-json\/wp\/v2\/comments?post=3323"}],"wp:featuredmedia":[{"embeddable":true,"href":"https:\/\/vasontode.hu\/en\/wp-json\/wp\/v2\/media\/2455"}],"wp:attachment":[{"href":"https:\/\/vasontode.hu\/en\/wp-json\/wp\/v2\/media?parent=3323"}],"wp:term":[{"taxonomy":"product_cat","embeddable":true,"href":"https:\/\/vasontode.hu\/en\/wp-json\/wp\/v2\/product_cat?post=3323"},{"taxonomy":"product_tag","embeddable":true,"href":"https:\/\/vasontode.hu\/en\/wp-json\/wp\/v2\/product_tag?post=3323"}],"curies":[{"name":"wp","href":"https:\/\/api.w.org\/{rel}","templated":true}]}}