{"id":3324,"date":"2016-04-08T11:14:57","date_gmt":"2016-04-08T09:14:57","guid":{"rendered":"https:\/\/vasontode.hu\/en\/product\/fold-alatti-tuzcsap\/"},"modified":"2016-06-27T07:46:25","modified_gmt":"2016-06-27T05:46:25","slug":"fold-alatti-tuzcsap","status":"publish","type":"product","link":"https:\/\/vasontode.hu\/en\/product\/fold-alatti-tuzcsap\/","title":{"rendered":"Underground fire hydrant"},"content":{"rendered":"<h4><strong>Area of application:<\/strong><\/h4>\n<h5>Connected to the public water main of municipalities, hydrants are used primarily for firefighting. They can also be used to obtain water supplies as well as to drain off water or bleed air.<\/h5>\n<h4><strong>Installation:<\/strong><\/h4>\n<h5>Its connection to the public water system is made possible through the intermediary of a cast iron double-flanged bend (DN80 QN fitting). It is advisable to install a suitable wedge gate valve in front of fire hydrants supplied from the water main pipe. The hydrant key and outlet are safely hidden in a surface box below ground level.<\/h5>\n<h4><strong>Options:<\/strong><\/h4>\n<h5><strong>\u00a0 \u00a0 \u00a0 \u00a0 \u00a0 \u00a0 \u00a0 \u00a0 \u00a0 \u00a0 \u00a0 \u00a0 \u00a0 \u00a0 \u00a0 \u00a0 \u00a0Name<\/strong>\u00a0 \u00a0 \u00a0 \u00a0 \u00a0 \u00a0 \u00a0 \u00a0 \u00a0 \u00a0 \u00a0 \u00a0 \u00a0 \u00a0 \u00a0 \u00a0 \u00a0 \u00a0 \u00a0 \u00a0 \u00a0 \u00a0 \u00a0 \u00a0 \u00a0 \u00a0 \u00a0 \u00a0 \u00a0 \u00a0 \u00a0 \u00a0 \u00a0 \u00a0<strong>Product nr\u00a0<\/strong><\/h5>\n<ul>\n<li>\n<h5>UNDERGROUND HYDRANT CAST CAP \u00a0 \u00a0 \u00a0 \u00a0 \u00a0 \u00a0 \u00a0 \u00a0 \u00a0 \u00a0 \u00a0 \u00a0 \u00a0 \u00a0 \u00a0 M21-80-00A 1 m<\/h5>\n<\/li>\n<li>\n<h5>UNDERGROUND HYDRANT CAST CAP \u00a0 \u00a0 \u00a0 \u00a0 \u00a0 \u00a0 \u00a0 \u00a0 \u00a0 \u00a0 \u00a0 \u00a0 \u00a0 \u00a0 \u00a0 M21-80-00A 1.25 m<\/h5>\n<\/li>\n<li>\n<h5>UNDERGROUND HYDRANT CAST CAP \u00a0 \u00a0 \u00a0 \u00a0 \u00a0 \u00a0 \u00a0 \u00a0 \u00a0 \u00a0 \u00a0 \u00a0 \u00a0 \u00a0 \u00a0 M21-80-00A 1.5 m<\/h5>\n<\/li>\n<li>\n<h5>UNDERGROUND HYDRANT TECHNICAL RUBBER CAP \u00a0 \u00a0 M21-80-00A 1 m<\/h5>\n<\/li>\n<li>\n<h5>UNDERGROUND HYDRANT TECHNICAL RUBBER CAP \u00a0 \u00a0 M21-80-00A 1.25 m<\/h5>\n<\/li>\n<li>\n<h5>UNDERGROUND HYDRANT TECHNICAL RUBBER CAP \u00a0 \u00a0 M21-80-00A 1.5 m<\/h5>\n<\/li>\n<\/ul>\n<h4><strong>Connections:<\/strong><\/h4>\n<h5>Joining flange dimensions: in conformity with EN 1092:2000, DN 80-PN 16; and DN 100-PN 16. Water outlet &#8211; diameter: 80mm &#8211; connection: special trapezoidal thread, Tr 105x6d2, (MSZ 9772)<\/h5>\n<h4><strong>Operation:<\/strong><\/h4>\n<h5>With a square, 27 mm wrench (MSZ 9771\/3), turning counter-clockwise: open position, turning clockwise: close position. An internal shut-off valve system prevents water hammers during the opening or closing operations. DN 80 flow capacity is only reached when positioned fully opened. The hydrant is equipped with an automatic drain system. The special drain holes allow any water left inside the hydrant case to drain away into the bed of gravel to be created when installing the hydrant. Since it is protected from frosting in winter, it does not require any thawing-out. The drainage period is 2 to 4.5 minutes, depending on the tightness of the soil and the gravel. <strong>WARNING: the drain holes are closed only when the hydrant is in full open position!<\/strong><\/h5>\n<h4><strong>Hydraulic characteristics<\/strong><\/h4>\n<h5>Complies with standard MSZ EN 14339: DN 80: Kv = 85.6 on 1&#215;65 mm outlet If the pressure difference between the input and output is more than 1 bar, the values above shall be understood in m3\/h.<\/h5>\n<h4><strong>Material of the main parts:<\/strong><\/h4>\n<h5><strong>Cast iron<\/strong> (EN-GJL-200 MSZ EN 1560:2000): hydrant box, valve box, valve body, cap, cover, key, retainer plate, wing nut housing, iron connection. <strong>Brass:<\/strong> spindle, threaded bush. <strong>Red brass CDA 836:<\/strong> outlet. <strong>Rubber:<\/strong> seals, ring sealing. <strong>Plastic:<\/strong> valve bush, flanged bush, end plate.<\/h5>\n<h4>Withdrawal of water:<\/h4>\n<h5>Through a stand pipe fitted to the nozzle and suitable to be connected to a fire hose socket (MSZ 9772).<\/h5>\n<h4><strong>Instructions for maintenance:<\/strong><\/h4>\n<h5>As part of the mandatory maintenance specified by the National Fire Safety Regulations, during the operational test, water tightness and complete draining have to be checked. After removing the lid, the entire inside structure of the fire hydrant can be taken out in one piece without having to excavate the column pipe.<\/h5>\n<h4><strong>Finish:<\/strong><\/h4>\n<h5>Components protected by an epoxy-based multilayer weatherproof coating system according to the requirements of the National Fire Safety Regulations. The surface of inside castings are treated with bicomponent epoxy coating, tested and certified by the National Public Health and Medical Officer Service.<\/h5>\n<h4><strong>Note:<\/strong><\/h4>\n<ul>\n<li>\n<h5>We offer mould pattern production, as well as hand-casting, and satisfy client demands irrespective of how small quantities or unique products they require.<\/h5>\n<\/li>\n<li>\n<h5>In case you are looking for a unique item, we can help you with planning, with preparing patterns and the production itself.<\/h5>\n<\/li>\n<\/ul>\n<h5 style=\"text-align: center;\"><\/h5>\n","protected":false},"excerpt":{"rendered":"<h5>Underground fire hydrant with cast body for a reasonable\u00a0price. We supply various fire hydrant spare parts.\u00a0More than 100 years of experience.<\/h5>\n<h5><strong>Buy it directly from the manufacturer!<\/strong><\/h5>\n","protected":false},"featured_media":3093,"comment_status":"open","ping_status":"closed","template":"","meta":{"_monsterinsights_skip_tracking":false,"_monsterinsights_sitenote_active":false,"_monsterinsights_sitenote_note":"","_monsterinsights_sitenote_category":0},"product_cat":[180],"product_tag":[],"acf":[],"yoast_head":"<!-- This site is optimized with the Yoast SEO plugin v18.9 - https:\/\/yoast.com\/wordpress\/plugins\/seo\/ -->\n<title>Underground fire hydrant | Moh\u00e1csi Vas\u00f6nt\u00f6de<\/title>\n<meta name=\"description\" content=\"Underground fire hydrant with cast body for a reasonable price. Spare parts supply. More than 100 years of experience. Buy it directly from the manufacturer\" \/>\n<meta name=\"robots\" content=\"index, follow, max-snippet:-1, max-image-preview:large, max-video-preview:-1\" \/>\n<link rel=\"canonical\" href=\"https:\/\/vasontode.hu\/en\/product\/fold-alatti-tuzcsap\/\" \/>\n<meta property=\"og:locale\" content=\"en_US\" \/>\n<meta property=\"og:type\" content=\"article\" \/>\n<meta property=\"og:title\" content=\"Underground fire hydrant | Moh\u00e1csi Vas\u00f6nt\u00f6de\" \/>\n<meta property=\"og:description\" content=\"Underground fire hydrant with cast body for a reasonable price. Spare parts supply. More than 100 years of experience. Buy it directly from the manufacturer\" \/>\n<meta property=\"og:url\" content=\"https:\/\/vasontode.hu\/en\/product\/fold-alatti-tuzcsap\/\" \/>\n<meta property=\"og:site_name\" content=\"Moh\u00e1csi Vas\u00f6nt\u00f6de\" \/>\n<meta property=\"article:modified_time\" content=\"2016-06-27T05:46:25+00:00\" \/>\n<meta property=\"og:image\" content=\"https:\/\/vasontode.hu\/app\/uploads\/F\u00f6ldalatti-t\u0171zcsapokj.jpg\" \/>\n\t<meta property=\"og:image:width\" content=\"2043\" \/>\n\t<meta property=\"og:image:height\" content=\"1623\" \/>\n\t<meta property=\"og:image:type\" content=\"image\/jpeg\" \/>\n<meta name=\"twitter:label1\" content=\"Est. reading time\" \/>\n\t<meta name=\"twitter:data1\" content=\"3 minutes\" \/>\n<script type=\"application\/ld+json\" class=\"yoast-schema-graph\">{\"@context\":\"https:\/\/schema.org\",\"@graph\":[{\"@type\":\"WebSite\",\"@id\":\"https:\/\/vasontode.hu\/#website\",\"url\":\"https:\/\/vasontode.hu\/\",\"name\":\"Moh\u00e1csi Vas\u00f6nt\u00f6de\",\"description\":\"Egyedi \u00f6ntv\u00e9ny, kettlebell, szerelv\u00e9nyek, t\u0171zcsapok\",\"potentialAction\":[{\"@type\":\"SearchAction\",\"target\":{\"@type\":\"EntryPoint\",\"urlTemplate\":\"https:\/\/vasontode.hu\/?s={search_term_string}\"},\"query-input\":\"required name=search_term_string\"}],\"inLanguage\":\"en-US\"},{\"@type\":\"ImageObject\",\"inLanguage\":\"en-US\",\"@id\":\"https:\/\/vasontode.hu\/en\/product\/fold-alatti-tuzcsap\/#primaryimage\",\"url\":\"https:\/\/vasontode.hu\/app\/uploads\/F\u00f6ldalatti-t\u0171zcsapokj.jpg\",\"contentUrl\":\"https:\/\/vasontode.hu\/app\/uploads\/F\u00f6ldalatti-t\u0171zcsapokj.jpg\",\"width\":2043,\"height\":1623},{\"@type\":\"WebPage\",\"@id\":\"https:\/\/vasontode.hu\/en\/product\/fold-alatti-tuzcsap\/#webpage\",\"url\":\"https:\/\/vasontode.hu\/en\/product\/fold-alatti-tuzcsap\/\",\"name\":\"Underground fire hydrant | Moh\u00e1csi Vas\u00f6nt\u00f6de\",\"isPartOf\":{\"@id\":\"https:\/\/vasontode.hu\/#website\"},\"primaryImageOfPage\":{\"@id\":\"https:\/\/vasontode.hu\/en\/product\/fold-alatti-tuzcsap\/#primaryimage\"},\"datePublished\":\"2016-04-08T09:14:57+00:00\",\"dateModified\":\"2016-06-27T05:46:25+00:00\",\"description\":\"Underground fire hydrant with cast body for a reasonable price. Spare parts supply. More than 100 years of experience. Buy it directly from the manufacturer\",\"breadcrumb\":{\"@id\":\"https:\/\/vasontode.hu\/en\/product\/fold-alatti-tuzcsap\/#breadcrumb\"},\"inLanguage\":\"en-US\",\"potentialAction\":[{\"@type\":\"ReadAction\",\"target\":[\"https:\/\/vasontode.hu\/en\/product\/fold-alatti-tuzcsap\/\"]}]},{\"@type\":\"BreadcrumbList\",\"@id\":\"https:\/\/vasontode.hu\/en\/product\/fold-alatti-tuzcsap\/#breadcrumb\",\"itemListElement\":[{\"@type\":\"ListItem\",\"position\":1,\"name\":\"Kezd\u0151lap\",\"item\":\"https:\/\/vasontode.hu\/en\/\"},{\"@type\":\"ListItem\",\"position\":2,\"name\":\"Term\u00e9kek\",\"item\":\"https:\/\/vasontode.hu\/termekek\/\"},{\"@type\":\"ListItem\",\"position\":3,\"name\":\"Underground fire hydrant\"}]}]}<\/script>\n<!-- \/ Yoast SEO plugin. -->","yoast_head_json":{"title":"Underground fire hydrant | Moh\u00e1csi Vas\u00f6nt\u00f6de","description":"Underground fire hydrant with cast body for a reasonable price. Spare parts supply. More than 100 years of experience. Buy it directly from the manufacturer","robots":{"index":"index","follow":"follow","max-snippet":"max-snippet:-1","max-image-preview":"max-image-preview:large","max-video-preview":"max-video-preview:-1"},"canonical":"https:\/\/vasontode.hu\/en\/product\/fold-alatti-tuzcsap\/","og_locale":"en_US","og_type":"article","og_title":"Underground fire hydrant | Moh\u00e1csi Vas\u00f6nt\u00f6de","og_description":"Underground fire hydrant with cast body for a reasonable price. Spare parts supply. More than 100 years of experience. Buy it directly from the manufacturer","og_url":"https:\/\/vasontode.hu\/en\/product\/fold-alatti-tuzcsap\/","og_site_name":"Moh\u00e1csi Vas\u00f6nt\u00f6de","article_modified_time":"2016-06-27T05:46:25+00:00","og_image":[{"width":2043,"height":1623,"url":"https:\/\/vasontode.hu\/app\/uploads\/F\u00f6ldalatti-t\u0171zcsapokj.jpg","type":"image\/jpeg"}],"twitter_misc":{"Est. reading time":"3 minutes"},"schema":{"@context":"https:\/\/schema.org","@graph":[{"@type":"WebSite","@id":"https:\/\/vasontode.hu\/#website","url":"https:\/\/vasontode.hu\/","name":"Moh\u00e1csi Vas\u00f6nt\u00f6de","description":"Egyedi \u00f6ntv\u00e9ny, kettlebell, szerelv\u00e9nyek, t\u0171zcsapok","potentialAction":[{"@type":"SearchAction","target":{"@type":"EntryPoint","urlTemplate":"https:\/\/vasontode.hu\/?s={search_term_string}"},"query-input":"required name=search_term_string"}],"inLanguage":"en-US"},{"@type":"ImageObject","inLanguage":"en-US","@id":"https:\/\/vasontode.hu\/en\/product\/fold-alatti-tuzcsap\/#primaryimage","url":"https:\/\/vasontode.hu\/app\/uploads\/F\u00f6ldalatti-t\u0171zcsapokj.jpg","contentUrl":"https:\/\/vasontode.hu\/app\/uploads\/F\u00f6ldalatti-t\u0171zcsapokj.jpg","width":2043,"height":1623},{"@type":"WebPage","@id":"https:\/\/vasontode.hu\/en\/product\/fold-alatti-tuzcsap\/#webpage","url":"https:\/\/vasontode.hu\/en\/product\/fold-alatti-tuzcsap\/","name":"Underground fire hydrant | Moh\u00e1csi Vas\u00f6nt\u00f6de","isPartOf":{"@id":"https:\/\/vasontode.hu\/#website"},"primaryImageOfPage":{"@id":"https:\/\/vasontode.hu\/en\/product\/fold-alatti-tuzcsap\/#primaryimage"},"datePublished":"2016-04-08T09:14:57+00:00","dateModified":"2016-06-27T05:46:25+00:00","description":"Underground fire hydrant with cast body for a reasonable price. Spare parts supply. More than 100 years of experience. Buy it directly from the manufacturer","breadcrumb":{"@id":"https:\/\/vasontode.hu\/en\/product\/fold-alatti-tuzcsap\/#breadcrumb"},"inLanguage":"en-US","potentialAction":[{"@type":"ReadAction","target":["https:\/\/vasontode.hu\/en\/product\/fold-alatti-tuzcsap\/"]}]},{"@type":"BreadcrumbList","@id":"https:\/\/vasontode.hu\/en\/product\/fold-alatti-tuzcsap\/#breadcrumb","itemListElement":[{"@type":"ListItem","position":1,"name":"Kezd\u0151lap","item":"https:\/\/vasontode.hu\/en\/"},{"@type":"ListItem","position":2,"name":"Term\u00e9kek","item":"https:\/\/vasontode.hu\/termekek\/"},{"@type":"ListItem","position":3,"name":"Underground fire hydrant"}]}]}},"_links":{"self":[{"href":"https:\/\/vasontode.hu\/en\/wp-json\/wp\/v2\/product\/3324"}],"collection":[{"href":"https:\/\/vasontode.hu\/en\/wp-json\/wp\/v2\/product"}],"about":[{"href":"https:\/\/vasontode.hu\/en\/wp-json\/wp\/v2\/types\/product"}],"replies":[{"embeddable":true,"href":"https:\/\/vasontode.hu\/en\/wp-json\/wp\/v2\/comments?post=3324"}],"wp:featuredmedia":[{"embeddable":true,"href":"https:\/\/vasontode.hu\/en\/wp-json\/wp\/v2\/media\/3093"}],"wp:attachment":[{"href":"https:\/\/vasontode.hu\/en\/wp-json\/wp\/v2\/media?parent=3324"}],"wp:term":[{"taxonomy":"product_cat","embeddable":true,"href":"https:\/\/vasontode.hu\/en\/wp-json\/wp\/v2\/product_cat?post=3324"},{"taxonomy":"product_tag","embeddable":true,"href":"https:\/\/vasontode.hu\/en\/wp-json\/wp\/v2\/product_tag?post=3324"}],"curies":[{"name":"wp","href":"https:\/\/api.w.org\/{rel}","templated":true}]}}