{"id":3326,"date":"2016-04-11T15:12:01","date_gmt":"2016-04-11T13:12:01","guid":{"rendered":"https:\/\/vasontode.hu\/en\/product\/korlat-es-keriteselemek\/"},"modified":"2016-06-14T09:14:58","modified_gmt":"2016-06-14T07:14:58","slug":"korlat-es-keriteselemek","status":"publish","type":"product","link":"https:\/\/vasontode.hu\/en\/product\/korlat-es-keriteselemek\/","title":{"rendered":"Bar and fence elements"},"content":{"rendered":"<h3><em><strong>Cast iron bar and fence elements<\/strong><\/em><\/h3>\n<p>&nbsp;<\/p>\n<h4><strong>Fields of application:<\/strong><\/h4>\n<h5>High quality cast iron bar and fence elements. They can be used as perfect decoration of parks, streets, private gardens, institutes, around monuments and buildings.<\/h5>\n<h4><strong>Technical data:<\/strong><\/h4>\n<ul>\n<li>\n<h5><span style=\"text-decoration: underline;\">Material quality:<\/span> EN-GJL-200 (grey cast iron)<\/h5>\n<\/li>\n<li>\n<h5><span style=\"text-decoration: underline;\">Sizes:<\/span><\/h5>\n<ul>\n<li>\n<h5>KO-01 bar element: 720 x \u00d860 mm<\/h5>\n<\/li>\n<li>\n<h5>KO-02 bar element: 720 x \u00d860 mm<\/h5>\n<\/li>\n<li>\n<h5>KE-01 fence element: 1025 x 165 mm<\/h5>\n<\/li>\n<li>\n<h5>KE-02 fence element: 920 x 270 mm<\/h5>\n<\/li>\n<li>\n<h5>KE-03 fence element: 920 x 270 mm<\/h5>\n<\/li>\n<li>\n<h5>KE-04 fence element: 385 x 880 mm<\/h5>\n<\/li>\n<li>\n<h5>Bird of paradise arms: \u00d8570 mm<\/h5>\n<\/li>\n<\/ul>\n<\/li>\n<li>\n<h5><span style=\"text-decoration: underline;\">Unit weight:\u00a0<\/span><\/h5>\n<ul>\n<li>\n<h5>KO-01 bar element: 4,4 kg<\/h5>\n<\/li>\n<li>\n<h5>KO-02 bar element: 1,85 kg<\/h5>\n<\/li>\n<li>\n<h5>KE-01 fence element: 5,1 kg<\/h5>\n<\/li>\n<li>\n<h5>KE-02 fence element: 5,8 kg<\/h5>\n<\/li>\n<li>\n<h5>KE-03 fence element: 5,8 kg<\/h5>\n<\/li>\n<li>\n<h5>KE-04 fence element: 10 kg<\/h5>\n<\/li>\n<li>\n<h5>Bird of paradise arms: 13,7 kg<\/h5>\n<\/li>\n<\/ul>\n<\/li>\n<\/ul>\n<h4><strong>Note: <\/strong><\/h4>\n<ul>\n<li>\n<h5>Upon request we can provide them in painted desgine to your choice of RAL colour.<\/h5>\n<\/li>\n<li>\n<h5>In case you are looking for a unique item, we can help you with planning, with preparing patterns and the production itself.<\/h5>\n<\/li>\n<li>\n<h5>We offer mould pattern production, as well as hand-casting, and satisfy client demands irrespective of how small quantities or unique products they require.<\/h5>\n<\/li>\n<\/ul>\n<p>&nbsp;<\/p>\n<h5 style=\"text-align: center;\"><\/h5>\n","protected":false},"excerpt":{"rendered":"<h5>High quality cast iron bar and fence elements directly from the manufacturer. They can be used as perfect decoration of parks, streets, around monuments and buildings.<\/h5>\n<h5><strong>Buy it from the manufacturer.<\/strong><\/h5>\n","protected":false},"featured_media":3185,"comment_status":"open","ping_status":"closed","template":"","meta":{"_monsterinsights_skip_tracking":false,"_monsterinsights_sitenote_active":false,"_monsterinsights_sitenote_note":"","_monsterinsights_sitenote_category":0},"product_cat":[163],"product_tag":[],"acf":[],"yoast_head":"<!-- This site is optimized with the Yoast SEO plugin v18.9 - https:\/\/yoast.com\/wordpress\/plugins\/seo\/ -->\n<title>Bar and fence elements | Iron foundry<\/title>\n<meta name=\"description\" content=\"High quality cast iron bar and fence elements directly from the manufacturer, into parks and streets. We also offer unique castings for low volume.\" \/>\n<meta name=\"robots\" content=\"index, follow, max-snippet:-1, max-image-preview:large, max-video-preview:-1\" \/>\n<link rel=\"canonical\" href=\"https:\/\/vasontode.hu\/en\/product\/korlat-es-keriteselemek\/\" \/>\n<meta property=\"og:locale\" content=\"en_US\" \/>\n<meta property=\"og:type\" content=\"article\" \/>\n<meta property=\"og:title\" content=\"Bar and fence elements | Iron foundry\" \/>\n<meta property=\"og:description\" content=\"High quality cast iron bar and fence elements directly from the manufacturer, into parks and streets. We also offer unique castings for low volume.\" \/>\n<meta property=\"og:url\" content=\"https:\/\/vasontode.hu\/en\/product\/korlat-es-keriteselemek\/\" \/>\n<meta property=\"og:site_name\" content=\"Moh\u00e1csi Vas\u00f6nt\u00f6de\" \/>\n<meta property=\"article:modified_time\" content=\"2016-06-14T07:14:58+00:00\" \/>\n<meta property=\"og:image\" content=\"https:\/\/vasontode.hu\/app\/uploads\/IMG_1010.jpg\" \/>\n\t<meta property=\"og:image:width\" content=\"800\" \/>\n\t<meta property=\"og:image:height\" content=\"533\" \/>\n\t<meta property=\"og:image:type\" content=\"image\/jpeg\" \/>\n<meta name=\"twitter:label1\" content=\"Est. reading time\" \/>\n\t<meta name=\"twitter:data1\" content=\"1 minute\" \/>\n<script type=\"application\/ld+json\" class=\"yoast-schema-graph\">{\"@context\":\"https:\/\/schema.org\",\"@graph\":[{\"@type\":\"WebSite\",\"@id\":\"https:\/\/vasontode.hu\/#website\",\"url\":\"https:\/\/vasontode.hu\/\",\"name\":\"Moh\u00e1csi Vas\u00f6nt\u00f6de\",\"description\":\"Egyedi \u00f6ntv\u00e9ny, kettlebell, szerelv\u00e9nyek, t\u0171zcsapok\",\"potentialAction\":[{\"@type\":\"SearchAction\",\"target\":{\"@type\":\"EntryPoint\",\"urlTemplate\":\"https:\/\/vasontode.hu\/?s={search_term_string}\"},\"query-input\":\"required name=search_term_string\"}],\"inLanguage\":\"en-US\"},{\"@type\":\"ImageObject\",\"inLanguage\":\"en-US\",\"@id\":\"https:\/\/vasontode.hu\/en\/product\/korlat-es-keriteselemek\/#primaryimage\",\"url\":\"https:\/\/vasontode.hu\/app\/uploads\/IMG_1010.jpg\",\"contentUrl\":\"https:\/\/vasontode.hu\/app\/uploads\/IMG_1010.jpg\",\"width\":800,\"height\":533},{\"@type\":\"WebPage\",\"@id\":\"https:\/\/vasontode.hu\/en\/product\/korlat-es-keriteselemek\/#webpage\",\"url\":\"https:\/\/vasontode.hu\/en\/product\/korlat-es-keriteselemek\/\",\"name\":\"Bar and fence elements | Iron foundry\",\"isPartOf\":{\"@id\":\"https:\/\/vasontode.hu\/#website\"},\"primaryImageOfPage\":{\"@id\":\"https:\/\/vasontode.hu\/en\/product\/korlat-es-keriteselemek\/#primaryimage\"},\"datePublished\":\"2016-04-11T13:12:01+00:00\",\"dateModified\":\"2016-06-14T07:14:58+00:00\",\"description\":\"High quality cast iron bar and fence elements directly from the manufacturer, into parks and streets. We also offer unique castings for low volume.\",\"breadcrumb\":{\"@id\":\"https:\/\/vasontode.hu\/en\/product\/korlat-es-keriteselemek\/#breadcrumb\"},\"inLanguage\":\"en-US\",\"potentialAction\":[{\"@type\":\"ReadAction\",\"target\":[\"https:\/\/vasontode.hu\/en\/product\/korlat-es-keriteselemek\/\"]}]},{\"@type\":\"BreadcrumbList\",\"@id\":\"https:\/\/vasontode.hu\/en\/product\/korlat-es-keriteselemek\/#breadcrumb\",\"itemListElement\":[{\"@type\":\"ListItem\",\"position\":1,\"name\":\"Kezd\u0151lap\",\"item\":\"https:\/\/vasontode.hu\/en\/\"},{\"@type\":\"ListItem\",\"position\":2,\"name\":\"Term\u00e9kek\",\"item\":\"https:\/\/vasontode.hu\/termekek\/\"},{\"@type\":\"ListItem\",\"position\":3,\"name\":\"Bar and fence elements\"}]}]}<\/script>\n<!-- \/ Yoast SEO plugin. -->","yoast_head_json":{"title":"Bar and fence elements | Iron foundry","description":"High quality cast iron bar and fence elements directly from the manufacturer, into parks and streets. We also offer unique castings for low volume.","robots":{"index":"index","follow":"follow","max-snippet":"max-snippet:-1","max-image-preview":"max-image-preview:large","max-video-preview":"max-video-preview:-1"},"canonical":"https:\/\/vasontode.hu\/en\/product\/korlat-es-keriteselemek\/","og_locale":"en_US","og_type":"article","og_title":"Bar and fence elements | Iron foundry","og_description":"High quality cast iron bar and fence elements directly from the manufacturer, into parks and streets. We also offer unique castings for low volume.","og_url":"https:\/\/vasontode.hu\/en\/product\/korlat-es-keriteselemek\/","og_site_name":"Moh\u00e1csi Vas\u00f6nt\u00f6de","article_modified_time":"2016-06-14T07:14:58+00:00","og_image":[{"width":800,"height":533,"url":"https:\/\/vasontode.hu\/app\/uploads\/IMG_1010.jpg","type":"image\/jpeg"}],"twitter_misc":{"Est. reading time":"1 minute"},"schema":{"@context":"https:\/\/schema.org","@graph":[{"@type":"WebSite","@id":"https:\/\/vasontode.hu\/#website","url":"https:\/\/vasontode.hu\/","name":"Moh\u00e1csi Vas\u00f6nt\u00f6de","description":"Egyedi \u00f6ntv\u00e9ny, kettlebell, szerelv\u00e9nyek, t\u0171zcsapok","potentialAction":[{"@type":"SearchAction","target":{"@type":"EntryPoint","urlTemplate":"https:\/\/vasontode.hu\/?s={search_term_string}"},"query-input":"required name=search_term_string"}],"inLanguage":"en-US"},{"@type":"ImageObject","inLanguage":"en-US","@id":"https:\/\/vasontode.hu\/en\/product\/korlat-es-keriteselemek\/#primaryimage","url":"https:\/\/vasontode.hu\/app\/uploads\/IMG_1010.jpg","contentUrl":"https:\/\/vasontode.hu\/app\/uploads\/IMG_1010.jpg","width":800,"height":533},{"@type":"WebPage","@id":"https:\/\/vasontode.hu\/en\/product\/korlat-es-keriteselemek\/#webpage","url":"https:\/\/vasontode.hu\/en\/product\/korlat-es-keriteselemek\/","name":"Bar and fence elements | Iron foundry","isPartOf":{"@id":"https:\/\/vasontode.hu\/#website"},"primaryImageOfPage":{"@id":"https:\/\/vasontode.hu\/en\/product\/korlat-es-keriteselemek\/#primaryimage"},"datePublished":"2016-04-11T13:12:01+00:00","dateModified":"2016-06-14T07:14:58+00:00","description":"High quality cast iron bar and fence elements directly from the manufacturer, into parks and streets. We also offer unique castings for low volume.","breadcrumb":{"@id":"https:\/\/vasontode.hu\/en\/product\/korlat-es-keriteselemek\/#breadcrumb"},"inLanguage":"en-US","potentialAction":[{"@type":"ReadAction","target":["https:\/\/vasontode.hu\/en\/product\/korlat-es-keriteselemek\/"]}]},{"@type":"BreadcrumbList","@id":"https:\/\/vasontode.hu\/en\/product\/korlat-es-keriteselemek\/#breadcrumb","itemListElement":[{"@type":"ListItem","position":1,"name":"Kezd\u0151lap","item":"https:\/\/vasontode.hu\/en\/"},{"@type":"ListItem","position":2,"name":"Term\u00e9kek","item":"https:\/\/vasontode.hu\/termekek\/"},{"@type":"ListItem","position":3,"name":"Bar and fence elements"}]}]}},"_links":{"self":[{"href":"https:\/\/vasontode.hu\/en\/wp-json\/wp\/v2\/product\/3326"}],"collection":[{"href":"https:\/\/vasontode.hu\/en\/wp-json\/wp\/v2\/product"}],"about":[{"href":"https:\/\/vasontode.hu\/en\/wp-json\/wp\/v2\/types\/product"}],"replies":[{"embeddable":true,"href":"https:\/\/vasontode.hu\/en\/wp-json\/wp\/v2\/comments?post=3326"}],"wp:featuredmedia":[{"embeddable":true,"href":"https:\/\/vasontode.hu\/en\/wp-json\/wp\/v2\/media\/3185"}],"wp:attachment":[{"href":"https:\/\/vasontode.hu\/en\/wp-json\/wp\/v2\/media?parent=3326"}],"wp:term":[{"taxonomy":"product_cat","embeddable":true,"href":"https:\/\/vasontode.hu\/en\/wp-json\/wp\/v2\/product_cat?post=3326"},{"taxonomy":"product_tag","embeddable":true,"href":"https:\/\/vasontode.hu\/en\/wp-json\/wp\/v2\/product_tag?post=3326"}],"curies":[{"name":"wp","href":"https:\/\/api.w.org\/{rel}","templated":true}]}}