{"id":3327,"date":"2016-04-08T10:47:06","date_gmt":"2016-04-08T08:47:06","guid":{"rendered":"https:\/\/vasontode.hu\/en\/product\/fold-feletti-tuzcsap\/"},"modified":"2016-06-27T07:48:15","modified_gmt":"2016-06-27T05:48:15","slug":"fold-feletti-tuzcsap","status":"publish","type":"product","link":"https:\/\/vasontode.hu\/en\/product\/fold-feletti-tuzcsap\/","title":{"rendered":"Pillar fire hydrant"},"content":{"rendered":"<h4><strong>Area of application:<\/strong><\/h4>\n<h5>Connected to public water utilities of municipalities, hydrants are used primarily for firefighting. They can also be used to obtain water supplies as well as to drain off water or bleed air.<\/h5>\n<h4><strong>Installation:<\/strong><\/h4>\n<h5>Its connection to the public water system can be made possible through the intermediary of a cast iron double-flanged bend (DN80, or DN100 QN fittings). It is advisable to install a suitable wedge gate valve in front of fire hydrants supplied from the water main pipe. For proper drainage, a gravel bed shall be created below the frost depth. Make sure to choose the appropriate length size: the fire hydrant shall be installed in accordance with the manufacturer\u2019s standards and in such a way that the height of the horizontal centreline of the upper outlets is situated between 650 and 900 mm above ground level.<\/h5>\n<h4><strong>Options:<\/strong><\/h4>\n<h5>Cast body, fix DN80 or DN100 type A \u2013 2B outlets<br \/>\nCast body, fix DN80 or DN100 type B \u2013 2B outlets<br \/>\nCast body, fix DN80 or DN100 type C \u2013 2B outlets<br \/>\nCast body, fix DN100 type A \u2013 2B and 1A outlets<br \/>\nCast body, fix DN100 type B \u2013 2B and 1A outlets<br \/>\nCast body, fix DN100 type C \u2013 2B and 1A outlets<br \/>\nOrnate, cast body, fix DN80 or DN100 type A \u2013 2B outlets<br \/>\nOrnate, cast body, fix DN80 or DN100 type B \u2013 2B outlets<br \/>\nOrnate, cast body, fix DN80 or DN100 type C \u2013 2B outlets<br \/>\nCast body, breakaway DN80 or DN100 type A \u2013 2B outlets<br \/>\nCast body, breakaway DN80 or DN100 type B \u2013 2B outlets<br \/>\nCast body, breakaway DN80 or DN100 type C \u2013 2B outlets<br \/>\nCast body, breakaway DN100 type A \u2013 2B and 1A outlets<br \/>\nCast body, breakaway DN100 type B \u2013 2B and 1A outlets<br \/>\nCast body, breakaway DN100 type C \u2013 2B and 1A outlets<\/h5>\n<h4><strong>Connections:<\/strong><\/h4>\n<ul>\n<li>\n<h5><span style=\"text-decoration: underline;\">Joining flange sizes:<\/span> MSZ EN 1092-2:2000, in conformity with DN 80-PN 16; and DN 100-PN 16.<\/h5>\n<\/li>\n<li>\n<h5><span style=\"text-decoration: underline;\">Outlets:<\/span> comply with the standard MSZ 1057:1989, 2 pieces of B-size buckle bodies, or 1 piece of A size buckle body<\/h5>\n<\/li>\n<\/ul>\n<h4><strong>Functioning and operation:<\/strong><\/h4>\n<h5>With a hydrant wrench used to above-ground fire hydrants, or a universal spanner wrench. Turning counter-clockwise: open position, turning clockwise: close position. The hydrant wrench is also suitable for unlocking the cap as well as the bung. An internal shut-off valve system prevents water hammers during the opening operation. The special drain holes allow any water left inside the hydrant case to drain away into the bed of gravel to be created below the frost depth when installing it. If set correctly, the hydrant is protected from frosting in winter, it does not require any thawing-out. The drainage period is 2 to 5 minutes, depending on the tightness of the soil and the gravel in fully open position! Drainage checks can be performed by screwing off the bung. The cap shall be fastened only after the drainage is completed! Using this same access hole, the water left in the hydrant can be sucked out if the drain holes are clogged. <strong>WARNING: the hydrant operates correctly only when positioned fully opened or fully closed! When withdrawing water in half-opened position, the hydrant is continuously leaking through the drain holes.<\/strong><br \/>\nFor industrial areas, it is recommended to use breakaway or so-called security fire hydrants. To prevent the water from leaking in case of accidents, the predetermined breaking point ensures that the closing system of the hydrant remains intact.<\/h5>\n<h5>We offer hydrants with ornate above-ground sections for decorating squares or any frequently visited locations.<\/h5>\n<h4><strong>Hydraulic characteristics:<\/strong><\/h4>\n<h5><span style=\"text-decoration: underline;\">Complies with MSZ EN 14384:<\/span><\/h5>\n<ul>\n<li>\n<h5>Ff-80-00: Kv = 202.4 on 2&#215;65 mm outlet<\/h5>\n<\/li>\n<li>\n<h5>Ff-100-00: Kv = 172.1 on 2&#215;65 mm outlet<\/h5>\n<\/li>\n<li>\n<h5>BFf-80-00: Kv = 181.1 on 2&#215;65 mm outlet<\/h5>\n<\/li>\n<li>\n<h5>BFf-100-00: Kv = 150.5 on 2&#215;65 mm outlet<\/h5>\n<\/li>\n<li>\n<h5>MFf-80-00: Kv = 202.4 on 2&#215;65 mm outlet<\/h5>\n<\/li>\n<li>\n<h5>MFf-100-00: Kv = 172.1 on 2&#215;65 mm outlet<\/h5>\n<\/li>\n<\/ul>\n<h4><strong>Material of the main parts:<\/strong><\/h4>\n<h5><strong>Cast iron:<\/strong> body upper and lower parts, valve box, valve body, washer, cap, cover, bung, wing nut housing <strong>Brass:<\/strong> spindle, bearing ring, drain bed, threaded bush <strong>Aluminium:<\/strong> buckle body <strong>Rubber:<\/strong> seals <strong>Plastic:<\/strong> washer, fastener ring, packing gland, seal component, closing cap<\/h5>\n<h4><strong>Instructions for maintenance:<\/strong><\/h4>\n<h5>As part of the mandatory maintenance specified by the National Fire Safety Regulations, during the operational test, water tightness and complete draining have to be checked through the access hole located on the side of the hydrant and by screwing off the bung. In case of any anomaly, the inside structure of the hydrant can be taken out in one piece without having to excavate the hydrant.<\/h5>\n<h4><strong>Finish:<\/strong><\/h4>\n<h5>The components above and below the ground are protected by an epoxy-based multilayer weatherproof coating system, according to the requirements of the National Fire Safety Regulations. The surface of inside castings are treated with bicomponent epoxy coating, tested and certified by the National Public Health and Medical Officer Service.<\/h5>\n<h4><strong>Note:<\/strong><\/h4>\n<ul>\n<li>\n<h5>We offer mould pattern production, as well as hand-casting, and satisfy client demands irrespective of how small quantities or unique products they require.<\/h5>\n<\/li>\n<li>\n<h5>In case you are looking for a unique item, we can help you with planning, with preparing patterns and the production itself.<\/h5>\n<\/li>\n<\/ul>\n<h5 style=\"text-align: center;\"><\/h5>\n","protected":false},"excerpt":{"rendered":"<h5>Pillar\u00a0fire hydrant with cast body or steel body for a reasonable\u00a0price. We supply various fire hydrant spare parts.\u00a0More than 100 years of experience.<\/h5>\n<h5><strong>Buy it directly from the manufacturer!<\/strong><\/h5>\n","protected":false},"featured_media":2104,"comment_status":"open","ping_status":"closed","template":"","meta":{"_monsterinsights_skip_tracking":false,"_monsterinsights_sitenote_active":false,"_monsterinsights_sitenote_note":"","_monsterinsights_sitenote_category":0},"product_cat":[180],"product_tag":[],"acf":[],"yoast_head":"<!-- This site is optimized with the Yoast SEO plugin v18.9 - https:\/\/yoast.com\/wordpress\/plugins\/seo\/ -->\n<title>Pillar fire hydrant | Moh\u00e1csi Vas\u00f6nt\u00f6de<\/title>\n<meta name=\"description\" content=\"Pillar fire hydrant with cast body or steel body for a reasonable price. Spare parts supply.More than 100 years of experience.Directly from the manufacturer\" \/>\n<meta name=\"robots\" content=\"index, follow, max-snippet:-1, max-image-preview:large, max-video-preview:-1\" \/>\n<link rel=\"canonical\" href=\"https:\/\/vasontode.hu\/en\/product\/fold-feletti-tuzcsap\/\" \/>\n<meta property=\"og:locale\" content=\"en_US\" \/>\n<meta property=\"og:type\" content=\"article\" \/>\n<meta property=\"og:title\" content=\"Pillar fire hydrant | Moh\u00e1csi Vas\u00f6nt\u00f6de\" \/>\n<meta property=\"og:description\" content=\"Pillar fire hydrant with cast body or steel body for a reasonable price. Spare parts supply.More than 100 years of experience.Directly from the manufacturer\" \/>\n<meta property=\"og:url\" content=\"https:\/\/vasontode.hu\/en\/product\/fold-feletti-tuzcsap\/\" \/>\n<meta property=\"og:site_name\" content=\"Moh\u00e1csi Vas\u00f6nt\u00f6de\" \/>\n<meta property=\"article:modified_time\" content=\"2016-06-27T05:48:15+00:00\" \/>\n<meta property=\"og:image\" content=\"https:\/\/vasontode.hu\/app\/uploads\/foldfeletti7.jpg\" \/>\n\t<meta property=\"og:image:width\" content=\"271\" \/>\n\t<meta property=\"og:image:height\" content=\"271\" \/>\n\t<meta property=\"og:image:type\" content=\"image\/jpeg\" \/>\n<meta name=\"twitter:label1\" content=\"Est. reading time\" \/>\n\t<meta name=\"twitter:data1\" content=\"4 minutes\" \/>\n<script type=\"application\/ld+json\" class=\"yoast-schema-graph\">{\"@context\":\"https:\/\/schema.org\",\"@graph\":[{\"@type\":\"WebSite\",\"@id\":\"https:\/\/vasontode.hu\/#website\",\"url\":\"https:\/\/vasontode.hu\/\",\"name\":\"Moh\u00e1csi Vas\u00f6nt\u00f6de\",\"description\":\"Egyedi \u00f6ntv\u00e9ny, kettlebell, szerelv\u00e9nyek, t\u0171zcsapok\",\"potentialAction\":[{\"@type\":\"SearchAction\",\"target\":{\"@type\":\"EntryPoint\",\"urlTemplate\":\"https:\/\/vasontode.hu\/?s={search_term_string}\"},\"query-input\":\"required name=search_term_string\"}],\"inLanguage\":\"en-US\"},{\"@type\":\"ImageObject\",\"inLanguage\":\"en-US\",\"@id\":\"https:\/\/vasontode.hu\/en\/product\/fold-feletti-tuzcsap\/#primaryimage\",\"url\":\"https:\/\/vasontode.hu\/app\/uploads\/foldfeletti7.jpg\",\"contentUrl\":\"https:\/\/vasontode.hu\/app\/uploads\/foldfeletti7.jpg\",\"width\":271,\"height\":271},{\"@type\":\"WebPage\",\"@id\":\"https:\/\/vasontode.hu\/en\/product\/fold-feletti-tuzcsap\/#webpage\",\"url\":\"https:\/\/vasontode.hu\/en\/product\/fold-feletti-tuzcsap\/\",\"name\":\"Pillar fire hydrant | Moh\u00e1csi Vas\u00f6nt\u00f6de\",\"isPartOf\":{\"@id\":\"https:\/\/vasontode.hu\/#website\"},\"primaryImageOfPage\":{\"@id\":\"https:\/\/vasontode.hu\/en\/product\/fold-feletti-tuzcsap\/#primaryimage\"},\"datePublished\":\"2016-04-08T08:47:06+00:00\",\"dateModified\":\"2016-06-27T05:48:15+00:00\",\"description\":\"Pillar fire hydrant with cast body or steel body for a reasonable price. Spare parts supply.More than 100 years of experience.Directly from the manufacturer\",\"breadcrumb\":{\"@id\":\"https:\/\/vasontode.hu\/en\/product\/fold-feletti-tuzcsap\/#breadcrumb\"},\"inLanguage\":\"en-US\",\"potentialAction\":[{\"@type\":\"ReadAction\",\"target\":[\"https:\/\/vasontode.hu\/en\/product\/fold-feletti-tuzcsap\/\"]}]},{\"@type\":\"BreadcrumbList\",\"@id\":\"https:\/\/vasontode.hu\/en\/product\/fold-feletti-tuzcsap\/#breadcrumb\",\"itemListElement\":[{\"@type\":\"ListItem\",\"position\":1,\"name\":\"Kezd\u0151lap\",\"item\":\"https:\/\/vasontode.hu\/en\/\"},{\"@type\":\"ListItem\",\"position\":2,\"name\":\"Term\u00e9kek\",\"item\":\"https:\/\/vasontode.hu\/termekek\/\"},{\"@type\":\"ListItem\",\"position\":3,\"name\":\"Pillar fire hydrant\"}]}]}<\/script>\n<!-- \/ Yoast SEO plugin. -->","yoast_head_json":{"title":"Pillar fire hydrant | Moh\u00e1csi Vas\u00f6nt\u00f6de","description":"Pillar fire hydrant with cast body or steel body for a reasonable price. Spare parts supply.More than 100 years of experience.Directly from the manufacturer","robots":{"index":"index","follow":"follow","max-snippet":"max-snippet:-1","max-image-preview":"max-image-preview:large","max-video-preview":"max-video-preview:-1"},"canonical":"https:\/\/vasontode.hu\/en\/product\/fold-feletti-tuzcsap\/","og_locale":"en_US","og_type":"article","og_title":"Pillar fire hydrant | Moh\u00e1csi Vas\u00f6nt\u00f6de","og_description":"Pillar fire hydrant with cast body or steel body for a reasonable price. Spare parts supply.More than 100 years of experience.Directly from the manufacturer","og_url":"https:\/\/vasontode.hu\/en\/product\/fold-feletti-tuzcsap\/","og_site_name":"Moh\u00e1csi Vas\u00f6nt\u00f6de","article_modified_time":"2016-06-27T05:48:15+00:00","og_image":[{"width":271,"height":271,"url":"https:\/\/vasontode.hu\/app\/uploads\/foldfeletti7.jpg","type":"image\/jpeg"}],"twitter_misc":{"Est. reading time":"4 minutes"},"schema":{"@context":"https:\/\/schema.org","@graph":[{"@type":"WebSite","@id":"https:\/\/vasontode.hu\/#website","url":"https:\/\/vasontode.hu\/","name":"Moh\u00e1csi Vas\u00f6nt\u00f6de","description":"Egyedi \u00f6ntv\u00e9ny, kettlebell, szerelv\u00e9nyek, t\u0171zcsapok","potentialAction":[{"@type":"SearchAction","target":{"@type":"EntryPoint","urlTemplate":"https:\/\/vasontode.hu\/?s={search_term_string}"},"query-input":"required name=search_term_string"}],"inLanguage":"en-US"},{"@type":"ImageObject","inLanguage":"en-US","@id":"https:\/\/vasontode.hu\/en\/product\/fold-feletti-tuzcsap\/#primaryimage","url":"https:\/\/vasontode.hu\/app\/uploads\/foldfeletti7.jpg","contentUrl":"https:\/\/vasontode.hu\/app\/uploads\/foldfeletti7.jpg","width":271,"height":271},{"@type":"WebPage","@id":"https:\/\/vasontode.hu\/en\/product\/fold-feletti-tuzcsap\/#webpage","url":"https:\/\/vasontode.hu\/en\/product\/fold-feletti-tuzcsap\/","name":"Pillar fire hydrant | Moh\u00e1csi Vas\u00f6nt\u00f6de","isPartOf":{"@id":"https:\/\/vasontode.hu\/#website"},"primaryImageOfPage":{"@id":"https:\/\/vasontode.hu\/en\/product\/fold-feletti-tuzcsap\/#primaryimage"},"datePublished":"2016-04-08T08:47:06+00:00","dateModified":"2016-06-27T05:48:15+00:00","description":"Pillar fire hydrant with cast body or steel body for a reasonable price. Spare parts supply.More than 100 years of experience.Directly from the manufacturer","breadcrumb":{"@id":"https:\/\/vasontode.hu\/en\/product\/fold-feletti-tuzcsap\/#breadcrumb"},"inLanguage":"en-US","potentialAction":[{"@type":"ReadAction","target":["https:\/\/vasontode.hu\/en\/product\/fold-feletti-tuzcsap\/"]}]},{"@type":"BreadcrumbList","@id":"https:\/\/vasontode.hu\/en\/product\/fold-feletti-tuzcsap\/#breadcrumb","itemListElement":[{"@type":"ListItem","position":1,"name":"Kezd\u0151lap","item":"https:\/\/vasontode.hu\/en\/"},{"@type":"ListItem","position":2,"name":"Term\u00e9kek","item":"https:\/\/vasontode.hu\/termekek\/"},{"@type":"ListItem","position":3,"name":"Pillar fire hydrant"}]}]}},"_links":{"self":[{"href":"https:\/\/vasontode.hu\/en\/wp-json\/wp\/v2\/product\/3327"}],"collection":[{"href":"https:\/\/vasontode.hu\/en\/wp-json\/wp\/v2\/product"}],"about":[{"href":"https:\/\/vasontode.hu\/en\/wp-json\/wp\/v2\/types\/product"}],"replies":[{"embeddable":true,"href":"https:\/\/vasontode.hu\/en\/wp-json\/wp\/v2\/comments?post=3327"}],"wp:featuredmedia":[{"embeddable":true,"href":"https:\/\/vasontode.hu\/en\/wp-json\/wp\/v2\/media\/2104"}],"wp:attachment":[{"href":"https:\/\/vasontode.hu\/en\/wp-json\/wp\/v2\/media?parent=3327"}],"wp:term":[{"taxonomy":"product_cat","embeddable":true,"href":"https:\/\/vasontode.hu\/en\/wp-json\/wp\/v2\/product_cat?post=3327"},{"taxonomy":"product_tag","embeddable":true,"href":"https:\/\/vasontode.hu\/en\/wp-json\/wp\/v2\/product_tag?post=3327"}],"curies":[{"name":"wp","href":"https:\/\/api.w.org\/{rel}","templated":true}]}}